{"id":1020,"date":"2021-08-05T16:51:23","date_gmt":"2021-08-05T16:51:23","guid":{"rendered":"https:\/\/staging.lsf-lst.ca\/?page_id=1020"},"modified":"2026-02-23T18:57:22","modified_gmt":"2026-02-23T23:57:22","slug":"trousses-daction","status":"publish","type":"page","link":"https:\/\/lsf-lst.ca\/fr\/ressources\/trousses-daction\/","title":{"rendered":"Trousses d&#8217;action"},"content":{"rendered":"\t\t<div data-elementor-type=\"wp-page\" data-elementor-id=\"1020\" class=\"elementor elementor-1020\" data-elementor-post-type=\"page\">\n\t\t\t\t\t\t<section class=\"has_eae_slider elementor-section elementor-top-section elementor-element elementor-element-95594ea elementor-section-items-bottom elementor-section-height-min-height elementor-section-boxed elementor-section-height-default\" data-eae-slider=\"41479\" data-id=\"95594ea\" data-element_type=\"section\" data-e-type=\"section\" data-settings=\"{&quot;background_background&quot;:&quot;classic&quot;}\">\n\t\t\t\t\t\t\t<div class=\"elementor-background-overlay\"><\/div>\n\t\t\t\t\t\t\t<div class=\"elementor-container elementor-column-gap-default\">\n\t\t\t\t\t<div class=\"has_eae_slider elementor-column elementor-col-100 elementor-top-column elementor-element elementor-element-2b990a5\" data-eae-slider=\"92101\" data-id=\"2b990a5\" data-element_type=\"column\" data-e-type=\"column\">\n\t\t\t<div class=\"elementor-widget-wrap elementor-element-populated\">\n\t\t\t\t\t\t<div class=\"elementor-element elementor-element-5d50876 elementor-widget elementor-widget-spacer\" data-id=\"5d50876\" data-element_type=\"widget\" data-e-type=\"widget\" data-widget_type=\"spacer.default\">\n\t\t\t\t<div class=\"elementor-widget-container\">\n\t\t\t\t\t\t\t<div class=\"elementor-spacer\">\n\t\t\t<div class=\"elementor-spacer-inner\"><\/div>\n\t\t<\/div>\n\t\t\t\t\t\t<\/div>\n\t\t\t\t<\/div>\n\t\t\t\t\t<\/div>\n\t\t<\/div>\n\t\t\t\t\t<\/div>\n\t\t<\/section>\n\t\t\t\t<section class=\"has_eae_slider elementor-section elementor-top-section elementor-element elementor-element-67053c9d elementor-hidden-phone elementor-section-boxed elementor-section-height-default elementor-section-height-default\" data-eae-slider=\"67001\" data-id=\"67053c9d\" data-element_type=\"section\" data-e-type=\"section\">\n\t\t\t\t\t\t<div class=\"elementor-container elementor-column-gap-default\">\n\t\t\t\t\t<div class=\"has_eae_slider elementor-column elementor-col-100 elementor-top-column elementor-element elementor-element-62c54f15\" data-eae-slider=\"71289\" data-id=\"62c54f15\" data-element_type=\"column\" data-e-type=\"column\">\n\t\t\t<div class=\"elementor-widget-wrap elementor-element-populated\">\n\t\t\t\t\t\t<div class=\"elementor-element elementor-element-420a5962 elementor-widget elementor-widget-wp-widget-bcn_widget\" data-id=\"420a5962\" data-element_type=\"widget\" data-e-type=\"widget\" data-widget_type=\"wp-widget-bcn_widget.default\">\n\t\t\t\t<div class=\"elementor-widget-container\">\n\t\t\t\t\t<div class=\"breadcrumbs\" vocab=\"https:\/\/schema.org\/\" typeof=\"BreadcrumbList\"><\/div>\t\t\t\t<\/div>\n\t\t\t\t<\/div>\n\t\t\t\t\t<\/div>\n\t\t<\/div>\n\t\t\t\t\t<\/div>\n\t\t<\/section>\n\t\t\t\t<section class=\"has_eae_slider elementor-section elementor-top-section elementor-element elementor-element-e358044 elementor-section-boxed elementor-section-height-default elementor-section-height-default\" data-eae-slider=\"83480\" data-id=\"e358044\" data-element_type=\"section\" data-e-type=\"section\">\n\t\t\t\t\t\t<div class=\"elementor-container elementor-column-gap-default\">\n\t\t\t\t\t<div class=\"has_eae_slider elementor-column elementor-col-50 elementor-top-column elementor-element elementor-element-1fc5ac8\" data-eae-slider=\"68215\" data-id=\"1fc5ac8\" data-element_type=\"column\" data-e-type=\"column\">\n\t\t\t<div class=\"elementor-widget-wrap elementor-element-populated\">\n\t\t\t\t\t\t<div class=\"elementor-element elementor-element-fa0ffea elementor-widget-divider--view-line elementor-widget elementor-widget-divider\" data-id=\"fa0ffea\" data-element_type=\"widget\" data-e-type=\"widget\" data-widget_type=\"divider.default\">\n\t\t\t\t<div class=\"elementor-widget-container\">\n\t\t\t\t\t\t\t<div class=\"elementor-divider\">\n\t\t\t<span class=\"elementor-divider-separator\">\n\t\t\t\t\t\t<\/span>\n\t\t<\/div>\n\t\t\t\t\t\t<\/div>\n\t\t\t\t<\/div>\n\t\t\t\t<div class=\"elementor-element elementor-element-987190f elementor-widget elementor-widget-heading\" data-id=\"987190f\" data-element_type=\"widget\" data-e-type=\"widget\" data-widget_type=\"heading.default\">\n\t\t\t\t<div class=\"elementor-widget-container\">\n\t\t\t\t\t<h2 class=\"elementor-heading-title elementor-size-default\">Trousses d'Action<\/h2>\t\t\t\t<\/div>\n\t\t\t\t<\/div>\n\t\t\t\t<div class=\"elementor-element elementor-element-adfc079 elementor-widget elementor-widget-spacer\" data-id=\"adfc079\" data-element_type=\"widget\" data-e-type=\"widget\" data-widget_type=\"spacer.default\">\n\t\t\t\t<div class=\"elementor-widget-container\">\n\t\t\t\t\t\t\t<div class=\"elementor-spacer\">\n\t\t\t<div class=\"elementor-spacer-inner\"><\/div>\n\t\t<\/div>\n\t\t\t\t\t\t<\/div>\n\t\t\t\t<\/div>\n\t\t\t\t<div class=\"elementor-element elementor-element-2709008 elementor-widget elementor-widget-text-editor\" data-id=\"2709008\" data-element_type=\"widget\" data-e-type=\"widget\" data-widget_type=\"text-editor.default\">\n\t\t\t\t<div class=\"elementor-widget-container\">\n\t\t\t\t\t\t\t\t\t<p>Les projets d\u2019action aident les jeunes \u00e0 mieux saisir l\u2019interd\u00e9pendance des questions environnementales, \u00e9conomiques et sociales dans leur collectivit\u00e9. Les projets d\u2019action leur permettent de mieux comprendre les enjeux auxquels est confront\u00e9e la collectivit\u00e9. En concevant des projets d\u2019action et en les mettant en pratique, les jeunes parviennent \u00e0 comprendre qu\u2019elles ou ils ont bel et bien le pouvoir d\u2019implanter des changements r\u00e9els et constructifs dans leurs \u00e9coles et leurs communaut\u00e9s.<\/p><p>Vous recevrez une trousse d\u2019action compl\u00e8te pour un projet particulier, qui inclura des id\u00e9es d\u2019activit\u00e9s en classe, le d\u00e9roulement \u00e9tape par \u00e9tape de la journ\u00e9e d\u2019action, des activit\u00e9s de suivi et des id\u00e9es de recherche ult\u00e9rieur.<\/p><p>Vous cherchez des liens avec le curriculum! Consultez les trousses d&#8217;action sur <a href=\"https:\/\/resources4rethinking.ca\/fr\/search\/?c=861&amp;search=1\">Ressources pour repenser<\/a>!<\/p>\t\t\t\t\t\t\t\t<\/div>\n\t\t\t\t<\/div>\n\t\t\t\t<div class=\"elementor-element elementor-element-73631d6 elementor-widget elementor-widget-heading\" data-id=\"73631d6\" data-element_type=\"widget\" data-e-type=\"widget\" data-widget_type=\"heading.default\">\n\t\t\t\t<div class=\"elementor-widget-container\">\n\t\t\t\t\t<h2 class=\"elementor-heading-title elementor-size-default\">Trousses d'Action Disponibles<\/h2>\t\t\t\t<\/div>\n\t\t\t\t<\/div>\n\t\t\t\t<div class=\"elementor-element elementor-element-0f7031c elementor-widget elementor-widget-eael-adv-accordion\" data-id=\"0f7031c\" data-element_type=\"widget\" data-e-type=\"widget\" data-widget_type=\"eael-adv-accordion.default\">\n\t\t\t\t<div class=\"elementor-widget-container\">\n\t\t\t\t\t            <div class=\"eael-adv-accordion\" id=\"eael-adv-accordion-0f7031c\" data-scroll-on-click=\"no\" data-scroll-speed=\"300\" data-accordion-id=\"0f7031c\" data-accordion-type=\"accordion\" data-toogle-speed=\"300\">\n            <div class=\"eael-accordion-list\">\n\t\t\t\t\t<div id=\"construction-dun-lombricomposteur-lmentaireintermdiaire\" class=\"elementor-tab-title eael-accordion-header\" tabindex=\"0\" data-tab=\"1\" aria-controls=\"elementor-tab-content-1611\"><span class=\"eael-accordion-tab-title\">Construction d'un lombricomposteur (\u00c9l\u00e9mentaire\/Interm\u00e9diaire)<\/span><i aria-hidden=\"true\" class=\"fa-toggle fas fa-angle-right\"><\/i><\/div><div id=\"elementor-tab-content-1611\" class=\"eael-accordion-content clearfix\" data-tab=\"1\" aria-labelledby=\"construction-dun-lombricomposteur-lmentaireintermdiaire\"><h4><strong>Introduction<\/strong><\/h4><p>Votre \u00e9quipe d\u2019action et vous-m\u00eame devenez dans ce projet les ma\u00eetres d\u2019\u0153uvre d\u2019une machine innovatrice \u00e0 d\u00e9vorer les d\u00e9chets, qui mange, respire et se tortille\u00a0\u2013 un vermicomposteur!<\/p><p>Vous allez b\u00e2tir un vermicomposteur qui utilise le ver rouge du fumier pour transformer vos d\u00e9chets organiques, qui aboutiraient normalement au d\u00e9potoir, en un fertilisant naturel qui nous aide \u00e0 faire pousser toutes sortes de petits d\u00e9lices.<\/p><p>Consultez notre revue compl\u00e8te (y compris les liens avec les programmes scolaires !) sur <a href=\"https:\/\/resources4rethinking.ca\/fr\/resource\/construction-dun-lombricomposteur-elementaireintermediaire\">Ressources pour repenser<\/a>.<\/p><h4><strong>Trousse d&#8217;action pour Construction d&#8217;un Lombricomposteur<\/strong><\/h4><figure id=\"attachment_12871\" aria-describedby=\"caption-attachment-12871\" style=\"width: 232px\" class=\"wp-caption alignleft\"><a href=\"https:\/\/lsf-lst.ca\/wp-content\/uploads\/LST-trousse-daction-Lombricompostage-7eme-et-8eme-FR.pdf\" target=\"_blank\" rel=\"noopener\"><img fetchpriority=\"high\" decoding=\"async\" class=\"wp-image-12871 size-medium\" src=\"https:\/\/lsf-lst.ca\/fr\/wp-content\/uploads\/2.png\" alt=\"\" width=\"232\" height=\"300\" \/><\/a><figcaption id=\"caption-attachment-12871\" class=\"wp-caption-text\">\u00c9l\u00e9mentaire et Interm\u00e9diaire<\/figcaption><\/figure><figure style=\"width: 232px\" class=\"wp-caption alignleft\"><a href=\"https:\/\/lsf-lst.ca\/fr\/wp-content\/uploads\/LST-Trousse-DAction-Lombricomposteur-Secondaire-FR.pdf\" target=\"_blank\" rel=\"noopener\"><img decoding=\"async\" src=\"https:\/\/lsf-lst.ca\/fr\/wp-content\/uploads\/Extra-band-Action-Toolkit-Covers-2024-9-x-11-in-2.png\" alt=\"\" width=\"232\" height=\"300\" \/><\/a><figcaption class=\"wp-caption-text\">Secondaire<\/figcaption><\/figure><\/div>\n\t\t\t\t\t<\/div><div class=\"eael-accordion-list\">\n\t\t\t\t\t<div id=\"campagne-contre-la-marche-au-ralenti-intermdiairesecondaire\" class=\"elementor-tab-title eael-accordion-header\" tabindex=\"0\" data-tab=\"2\" aria-controls=\"elementor-tab-content-1612\"><span class=\"eael-accordion-tab-title\">Campagne contre la marche au ralenti (Interm\u00e9diaire\/Secondaire)<\/span><i aria-hidden=\"true\" class=\"fa-toggle fas fa-angle-right\"><\/i><\/div><div id=\"elementor-tab-content-1612\" class=\"eael-accordion-content clearfix\" data-tab=\"2\" aria-labelledby=\"campagne-contre-la-marche-au-ralenti-intermdiairesecondaire\"><h4><strong>Introduction<\/strong><\/h4><p>Gr\u00e2ce \u00e0 ce projet, votre \u00e9quipe d\u2019action et vous-m\u00eame allez approfondir votre compr\u00e9hension des questions reli\u00e9es au changement climatique.<\/p><p>Vous allez \u00e9laborer \u00e0 votre \u00e9cole une campagne contre la pratique qui consiste \u00e0 laisser tourner les moteurs au ralenti, cr\u00e9er des affiches et des feuillets de renseignements \u00e0 distribuer sur les effets n\u00e9gatifs des moteurs qui tournent au ralenti et demander aux automobilistes de s\u2019engager \u00e0 ne pas laisser leur voiture tourner au ralenti et \u00e0 prendre conscience que les \u00e9coles ne sont pas une zone de moteurs qui tournent au ralenti!<\/p><p>Consultez notre revue compl\u00e8te (y compris les liens avec les programmes scolaires !) sur <a href=\"https:\/\/resources4rethinking.ca\/fr\/resource\/campagne-contre-la-marche-au-ralenti-elementaireintermediaire\">Ressources pour repenser<\/a>.<\/p><h4><strong>Trousse d&#8217;action pour Campagne Contre la Marche au Ralenti<\/strong><\/h4><figure id=\"attachment_12852\" aria-describedby=\"caption-attachment-12852\" style=\"width: 232px\" class=\"wp-caption alignnone\"><a href=\"https:\/\/lsf-lst.ca\/wp-content\/uploads\/LST-trousse-daction-Campagne-contre-ralenti-Secondaire-FR.pdf\" target=\"_blank\" rel=\"noopener\"><img decoding=\"async\" class=\"wp-image-12852 size-medium\" src=\"https:\/\/lsf-lst.ca\/fr\/wp-content\/uploads\/Extra-band-Action-Toolkit-Covers-2024-9-x-11-in.png\" alt=\"\" width=\"232\" height=\"300\" \/><\/a><figcaption id=\"caption-attachment-12852\" class=\"wp-caption-text\">Interm\u00e9diaire et Secondaire<\/figcaption><\/figure><\/div>\n\t\t\t\t\t<\/div><div class=\"eael-accordion-list\">\n\t\t\t\t\t<div id=\"sacs-rutilisables-lmentaireintermdiaire\" class=\"elementor-tab-title eael-accordion-header\" tabindex=\"0\" data-tab=\"3\" aria-controls=\"elementor-tab-content-1613\"><span class=\"eael-accordion-tab-title\">Sacs r\u00e9utilisables (\u00c9l\u00e9mentaire\/Interm\u00e9diaire)<\/span><i aria-hidden=\"true\" class=\"fa-toggle fas fa-angle-right\"><\/i><\/div><div id=\"elementor-tab-content-1613\" class=\"eael-accordion-content clearfix\" data-tab=\"3\" aria-labelledby=\"sacs-rutilisables-lmentaireintermdiaire\"><h4><strong>Introduction<\/strong><\/h4><p>En participant \u00e0 ce projet, votre \u00e9quipe d\u2019action et vous-m\u00eame allez concevoir des sacs d\u2019\u00e9picerie \u00e0 partir de vieux mat\u00e9riaux pris chez vous pour faire des sacs d\u2019\u00e9picerie cools et rigolos. Il y a toute une foule de moyens innovateurs de r\u00e9utiliser des produits domestiques d\u2019usage courant et d\u2019apprendre comment le faire.<\/p><p>C\u2019est cela l\u2019id\u00e9e du projet.\u00a0 Plus pr\u00e9cis\u00e9ment, nous visons, avant la fin du projet, \u00e0 aplatir votre pile de sacs \u00e0 provisions en plastique, \u00e0 faire de votre classe des super h\u00e9ros du recyclage \u2013 et ainsi \u00e9pargner votre argent et notre plan\u00e8te.<\/p><p>Consultez notre revue compl\u00e8te (y compris les liens avec les programmes scolaires !) sur <a href=\"https:\/\/resources4rethinking.ca\/fr\/resource\/trousse-daction-sacs-reutilisables-de-lst-pour-les\">Ressources pour repenser<\/a>.<\/p><h4><strong>Trousse d&#8217;action pour Sacs R\u00e9utilisables<\/strong><\/h4><figure id=\"attachment_12857\" aria-describedby=\"caption-attachment-12857\" style=\"width: 232px\" class=\"wp-caption alignleft\"><a href=\"https:\/\/lsf-lst.ca\/wp-content\/uploads\/LST-trousse-daction-Sacs-reutilisables-Elementaire-FR.pdf\" target=\"_blank\" rel=\"noopener\"><img loading=\"lazy\" decoding=\"async\" class=\"wp-image-12857 size-medium\" src=\"https:\/\/lsf-lst.ca\/fr\/wp-content\/uploads\/10.png\" alt=\"\" width=\"232\" height=\"300\" \/><\/a><figcaption id=\"caption-attachment-12857\" class=\"wp-caption-text\">\u00c9l\u00e9mentaire et Interm\u00e9diaire<\/figcaption><\/figure><figure style=\"width: 232px\" class=\"wp-caption alignleft\"><a href=\"https:\/\/lsf-lst.ca\/wp-content\/uploads\/LST-trousse-daction-Sacs-reutilisables-Secondaire-FR.pdf\" target=\"_blank\" rel=\"noopener\"><img loading=\"lazy\" decoding=\"async\" src=\"https:\/\/lsf-lst.ca\/fr\/wp-content\/uploads\/Extra-band-Action-Toolkit-Covers-2024-9-x-11-in-1.png\" alt=\"\" width=\"232\" height=\"300\" \/><\/a><figcaption class=\"wp-caption-text\">Secondaire<\/figcaption><\/figure><\/div>\n\t\t\t\t\t<\/div><div class=\"eael-accordion-list\">\n\t\t\t\t\t<div id=\"de-quoi-alimenter-votre-rflexion-secondaire\" class=\"elementor-tab-title eael-accordion-header\" tabindex=\"0\" data-tab=\"4\" aria-controls=\"elementor-tab-content-1614\"><span class=\"eael-accordion-tab-title\">De quoi alimenter votre r\u00e9flexion (Secondaire)<\/span><i aria-hidden=\"true\" class=\"fa-toggle fas fa-angle-right\"><\/i><\/div><div id=\"elementor-tab-content-1614\" class=\"eael-accordion-content clearfix\" data-tab=\"4\" aria-labelledby=\"de-quoi-alimenter-votre-rflexion-secondaire\"><h4><strong>Introduction<\/strong><\/h4><p>Savez-vous d&#8217;o\u00f9 vient votre nourriture ? Vous vous demandez peut-\u00eatre pourquoi l&#8217;origine de vos aliments a de l&#8217;importance ?<\/p><p>Au cours de ce projet, vous participerez \u00e0 des activit\u00e9s qui vous am\u00e8neront \u00e0 r\u00e9fl\u00e9chir \u00e0 ces questions et \u00e0 comprendre pourquoi les r\u00e9ponses sont importantes pour votre sant\u00e9, pour les agriculteurs et les communaut\u00e9s rurales, ainsi que pour l&#8217;environnement.<\/p><p>Il y a beaucoup plus \u00e0 savoir sur ce que vous mettez dans votre corps que ce qui appara\u00eet au premier coup d&#8217;\u0153il \u00e0 l&#8217;\u00e9picerie, au restaurant ou dans votre r\u00e9frig\u00e9rateur. Dans le cadre de ce projet, vous et votre \u00e9quipe d&#8217;action planterez et prendrez soin de votre propre nourriture, de la semence \u00e0 la r\u00e9colte !<\/p><p><em>Consultez notre critique compl\u00e8te (y compris les liens avec le programme scolaire !) sur <a href=\"https:\/\/resources4rethinking.ca\/fr\/search\/?p=&amp;sdg=&amp;indigenous=&amp;o=110&amp;qt=De+quoi+alimenter+votre+r%C3%A9flexion&amp;search=1\">Ressources pour repenser<\/a><\/em><\/p><h4><strong>Trousse d&#8217;action pour De quoi alimenter votre r\u00e9flexion<\/strong><\/h4><div class=\"row\"><div class=\"column\"><figure style=\"width: 232px\" class=\"wp-caption alignleft\"><a href=\"https:\/\/lsf-lst.ca\/fr\/wp-content\/uploads\/LST-Trousse-daction-De-quoi-alimenter-votre-reflexion-Intermediaire-FR.pdf\" target=\"_blank\" rel=\"noopener\"><img loading=\"lazy\" decoding=\"async\" src=\"https:\/\/lsf-lst.ca\/fr\/wp-content\/uploads\/Extra-band-Action-Toolkit-Covers-2024-9-x-11-in-3.png\" alt=\"\" width=\"232\" height=\"300\" \/><\/a><figcaption class=\"wp-caption-text\">Interm\u00e9diaire<\/figcaption><\/figure><figure style=\"width: 232px\" class=\"wp-caption alignleft\"><a href=\"https:\/\/lsf-lst.ca\/fr\/wp-content\/uploads\/LST-Trousse-daction-De-quoi-alimenter-votre-reflexion-Secondaire-FR.pdf\" target=\"_blank\" rel=\"noopener\"><img loading=\"lazy\" decoding=\"async\" src=\"https:\/\/lsf-lst.ca\/fr\/wp-content\/uploads\/Extra-band-Action-Toolkit-Covers-2024-9-x-11-in-1-1.png\" alt=\"\" width=\"232\" height=\"300\" \/><\/a><figcaption class=\"wp-caption-text\">Secondaire<\/figcaption><\/figure><\/div><\/div><\/div>\n\t\t\t\t\t<\/div><\/div>\t\t\t\t<\/div>\n\t\t\t\t<\/div>\n\t\t\t\t\t<\/div>\n\t\t<\/div>\n\t\t\t\t<div class=\"has_eae_slider elementor-column elementor-col-50 elementor-top-column elementor-element elementor-element-6a01808\" data-eae-slider=\"10770\" data-id=\"6a01808\" data-element_type=\"column\" data-e-type=\"column\">\n\t\t\t<div class=\"elementor-widget-wrap elementor-element-populated\">\n\t\t\t\t\t\t<div class=\"elementor-element elementor-element-971316e elementor-widget elementor-widget-image\" data-id=\"971316e\" data-element_type=\"widget\" data-e-type=\"widget\" data-widget_type=\"image.default\">\n\t\t\t\t<div class=\"elementor-widget-container\">\n\t\t\t\t\t\t\t\t\t\t\t\t\t\t\t<img loading=\"lazy\" decoding=\"async\" width=\"2048\" height=\"1536\" src=\"https:\/\/lsf-lst.ca\/fr\/wp-content\/uploads\/2023\/10\/Christ-the-King-Catholic-School-Richmond-Hill-ON-Native-Plants1.jpg\" class=\"attachment-full size-full wp-image-12901\" alt=\"\" srcset=\"https:\/\/lsf-lst.ca\/fr\/wp-content\/uploads\/2023\/10\/Christ-the-King-Catholic-School-Richmond-Hill-ON-Native-Plants1.jpg 2048w, https:\/\/lsf-lst.ca\/fr\/wp-content\/uploads\/2023\/10\/Christ-the-King-Catholic-School-Richmond-Hill-ON-Native-Plants1-300x225.jpg 300w, https:\/\/lsf-lst.ca\/fr\/wp-content\/uploads\/2023\/10\/Christ-the-King-Catholic-School-Richmond-Hill-ON-Native-Plants1-1024x768.jpg 1024w, https:\/\/lsf-lst.ca\/fr\/wp-content\/uploads\/2023\/10\/Christ-the-King-Catholic-School-Richmond-Hill-ON-Native-Plants1-768x576.jpg 768w, https:\/\/lsf-lst.ca\/fr\/wp-content\/uploads\/2023\/10\/Christ-the-King-Catholic-School-Richmond-Hill-ON-Native-Plants1-1536x1152.jpg 1536w\" sizes=\"(max-width: 2048px) 100vw, 2048px\" \/>\t\t\t\t\t\t\t\t\t\t\t\t\t\t\t<\/div>\n\t\t\t\t<\/div>\n\t\t\t\t<div class=\"elementor-element elementor-element-19b2d6f elementor-widget elementor-widget-spacer\" data-id=\"19b2d6f\" data-element_type=\"widget\" data-e-type=\"widget\" data-widget_type=\"spacer.default\">\n\t\t\t\t<div class=\"elementor-widget-container\">\n\t\t\t\t\t\t\t<div class=\"elementor-spacer\">\n\t\t\t<div class=\"elementor-spacer-inner\"><\/div>\n\t\t<\/div>\n\t\t\t\t\t\t<\/div>\n\t\t\t\t<\/div>\n\t\t\t\t<div class=\"elementor-element elementor-element-f6bb078 elementor-widget elementor-widget-image\" data-id=\"f6bb078\" data-element_type=\"widget\" data-e-type=\"widget\" data-widget_type=\"image.default\">\n\t\t\t\t<div class=\"elementor-widget-container\">\n\t\t\t\t\t\t\t\t\t\t\t\t\t\t\t<img loading=\"lazy\" decoding=\"async\" width=\"1920\" height=\"2560\" src=\"https:\/\/lsf-lst.ca\/fr\/wp-content\/uploads\/2023\/10\/Crowther-Memorial-Junior-High-School-Strathmore-AB-vermicompost-2-scaled-1.jpg\" class=\"attachment-full size-full wp-image-12902\" alt=\"\" srcset=\"https:\/\/lsf-lst.ca\/fr\/wp-content\/uploads\/2023\/10\/Crowther-Memorial-Junior-High-School-Strathmore-AB-vermicompost-2-scaled-1.jpg 1920w, https:\/\/lsf-lst.ca\/fr\/wp-content\/uploads\/2023\/10\/Crowther-Memorial-Junior-High-School-Strathmore-AB-vermicompost-2-scaled-1-225x300.jpg 225w, https:\/\/lsf-lst.ca\/fr\/wp-content\/uploads\/2023\/10\/Crowther-Memorial-Junior-High-School-Strathmore-AB-vermicompost-2-scaled-1-768x1024.jpg 768w, https:\/\/lsf-lst.ca\/fr\/wp-content\/uploads\/2023\/10\/Crowther-Memorial-Junior-High-School-Strathmore-AB-vermicompost-2-scaled-1-1152x1536.jpg 1152w, https:\/\/lsf-lst.ca\/fr\/wp-content\/uploads\/2023\/10\/Crowther-Memorial-Junior-High-School-Strathmore-AB-vermicompost-2-scaled-1-1536x2048.jpg 1536w\" sizes=\"(max-width: 1920px) 100vw, 1920px\" \/>\t\t\t\t\t\t\t\t\t\t\t\t\t\t\t<\/div>\n\t\t\t\t<\/div>\n\t\t\t\t\t<\/div>\n\t\t<\/div>\n\t\t\t\t\t<\/div>\n\t\t<\/section>\n\t\t\t\t<\/div>\n\t\t","protected":false},"excerpt":{"rendered":"<p>Trousses d&#8217;Action Les projets d\u2019action aident les jeunes \u00e0 mieux saisir l\u2019interd\u00e9pendance des questions environnementales, \u00e9conomiques et sociales dans leur collectivit\u00e9. Les projets d\u2019action leur permettent de mieux comprendre les enjeux auxquels est confront\u00e9e la collectivit\u00e9. En concevant des projets d\u2019action et en les mettant en pratique, les jeunes parviennent \u00e0 comprendre qu\u2019elles ou ils [&hellip;]<\/p>\n","protected":false},"author":1,"featured_media":0,"parent":457,"menu_order":0,"comment_status":"closed","ping_status":"closed","template":"elementor_header_footer","meta":{"site-sidebar-layout":"no-sidebar","site-content-layout":"page-builder","ast-site-content-layout":"default","site-content-style":"default","site-sidebar-style":"default","ast-global-header-display":"","ast-banner-title-visibility":"","ast-main-header-display":"disabled","ast-hfb-above-header-display":"","ast-hfb-below-header-display":"","ast-hfb-mobile-header-display":"disabled","site-post-title":"disabled","ast-breadcrumbs-content":"disabled","ast-featured-img":"disabled","footer-sml-layout":"disabled","ast-disable-related-posts":"","theme-transparent-header-meta":"default","adv-header-id-meta":"","stick-header-meta":"","header-above-stick-meta":"","header-main-stick-meta":"","header-below-stick-meta":"","astra-migrate-meta-layouts":"default","ast-page-background-enabled":"default","ast-page-background-meta":{"desktop":{"background-color":"","background-image":"","background-repeat":"repeat","background-position":"center center","background-size":"auto","background-attachment":"scroll","background-type":"","background-media":"","overlay-type":"","overlay-color":"","overlay-opacity":"","overlay-gradient":""},"tablet":{"background-color":"","background-image":"","background-repeat":"repeat","background-position":"center center","background-size":"auto","background-attachment":"scroll","background-type":"","background-media":"","overlay-type":"","overlay-color":"","overlay-opacity":"","overlay-gradient":""},"mobile":{"background-color":"","background-image":"","background-repeat":"repeat","background-position":"center center","background-size":"auto","background-attachment":"scroll","background-type":"","background-media":"","overlay-type":"","overlay-color":"","overlay-opacity":"","overlay-gradient":""}},"ast-content-background-meta":{"desktop":{"background-color":"var(--ast-global-color-5)","background-image":"","background-repeat":"repeat","background-position":"center center","background-size":"auto","background-attachment":"scroll","background-type":"","background-media":"","overlay-type":"","overlay-color":"","overlay-opacity":"","overlay-gradient":""},"tablet":{"background-color":"var(--ast-global-color-5)","background-image":"","background-repeat":"repeat","background-position":"center center","background-size":"auto","background-attachment":"scroll","background-type":"","background-media":"","overlay-type":"","overlay-color":"","overlay-opacity":"","overlay-gradient":""},"mobile":{"background-color":"var(--ast-global-color-5)","background-image":"","background-repeat":"repeat","background-position":"center center","background-size":"auto","background-attachment":"scroll","background-type":"","background-media":"","overlay-type":"","overlay-color":"","overlay-opacity":"","overlay-gradient":""}},"footnotes":""},"class_list":["post-1020","page","type-page","status-publish","hentry"],"_links":{"self":[{"href":"https:\/\/lsf-lst.ca\/fr\/wp-json\/wp\/v2\/pages\/1020","targetHints":{"allow":["GET"]}}],"collection":[{"href":"https:\/\/lsf-lst.ca\/fr\/wp-json\/wp\/v2\/pages"}],"about":[{"href":"https:\/\/lsf-lst.ca\/fr\/wp-json\/wp\/v2\/types\/page"}],"author":[{"embeddable":true,"href":"https:\/\/lsf-lst.ca\/fr\/wp-json\/wp\/v2\/users\/1"}],"replies":[{"embeddable":true,"href":"https:\/\/lsf-lst.ca\/fr\/wp-json\/wp\/v2\/comments?post=1020"}],"version-history":[{"count":242,"href":"https:\/\/lsf-lst.ca\/fr\/wp-json\/wp\/v2\/pages\/1020\/revisions"}],"predecessor-version":[{"id":16627,"href":"https:\/\/lsf-lst.ca\/fr\/wp-json\/wp\/v2\/pages\/1020\/revisions\/16627"}],"up":[{"embeddable":true,"href":"https:\/\/lsf-lst.ca\/fr\/wp-json\/wp\/v2\/pages\/457"}],"wp:attachment":[{"href":"https:\/\/lsf-lst.ca\/fr\/wp-json\/wp\/v2\/media?parent=1020"}],"curies":[{"name":"wp","href":"https:\/\/api.w.org\/{rel}","templated":true}]}}