{"id":1026,"date":"2021-08-05T16:55:40","date_gmt":"2021-08-05T16:55:40","guid":{"rendered":"https:\/\/staging.lsf-lst.ca\/?page_id=1026"},"modified":"2021-09-01T19:01:34","modified_gmt":"2021-09-01T19:01:34","slug":"enseigner-geographie-9-sous-langle-de-la-durabilite","status":"publish","type":"page","link":"https:\/\/lsf-lst.ca\/fr\/ressources\/enseigner-geographie-9-sous-langle-de-la-durabilite\/","title":{"rendered":"Enseigner G\u00e9ographie 9 Sous L&#8217;angle de la Durabilit\u00e9"},"content":{"rendered":"\t\t<div data-elementor-type=\"wp-page\" data-elementor-id=\"1026\" class=\"elementor elementor-1026\" data-elementor-post-type=\"page\">\n\t\t\t\t\t\t<section class=\"has_eae_slider elementor-section elementor-top-section elementor-element elementor-element-95594ea elementor-section-items-bottom elementor-section-height-min-height elementor-section-boxed elementor-section-height-default\" data-eae-slider=\"87621\" data-id=\"95594ea\" data-element_type=\"section\" data-e-type=\"section\" data-settings=\"{&quot;background_background&quot;:&quot;classic&quot;}\">\n\t\t\t\t\t\t\t<div class=\"elementor-background-overlay\"><\/div>\n\t\t\t\t\t\t\t<div class=\"elementor-container elementor-column-gap-default\">\n\t\t\t\t\t<div class=\"has_eae_slider elementor-column elementor-col-100 elementor-top-column elementor-element elementor-element-2b990a5\" data-eae-slider=\"72316\" data-id=\"2b990a5\" data-element_type=\"column\" data-e-type=\"column\">\n\t\t\t<div class=\"elementor-widget-wrap elementor-element-populated\">\n\t\t\t\t\t\t<div class=\"elementor-element elementor-element-5d50876 elementor-widget elementor-widget-spacer\" data-id=\"5d50876\" data-element_type=\"widget\" data-e-type=\"widget\" data-widget_type=\"spacer.default\">\n\t\t\t\t<div class=\"elementor-widget-container\">\n\t\t\t\t\t\t\t<div class=\"elementor-spacer\">\n\t\t\t<div class=\"elementor-spacer-inner\"><\/div>\n\t\t<\/div>\n\t\t\t\t\t\t<\/div>\n\t\t\t\t<\/div>\n\t\t\t\t\t<\/div>\n\t\t<\/div>\n\t\t\t\t\t<\/div>\n\t\t<\/section>\n\t\t\t\t<section class=\"has_eae_slider elementor-section elementor-top-section elementor-element elementor-element-1bfcbc22 elementor-hidden-phone elementor-section-boxed elementor-section-height-default elementor-section-height-default\" data-eae-slider=\"79397\" data-id=\"1bfcbc22\" data-element_type=\"section\" data-e-type=\"section\">\n\t\t\t\t\t\t<div class=\"elementor-container elementor-column-gap-default\">\n\t\t\t\t\t<div class=\"has_eae_slider elementor-column elementor-col-100 elementor-top-column elementor-element elementor-element-31b3ebbf\" data-eae-slider=\"70560\" data-id=\"31b3ebbf\" data-element_type=\"column\" data-e-type=\"column\">\n\t\t\t<div class=\"elementor-widget-wrap elementor-element-populated\">\n\t\t\t\t\t\t<div class=\"elementor-element elementor-element-56b1c795 elementor-widget elementor-widget-wp-widget-bcn_widget\" data-id=\"56b1c795\" data-element_type=\"widget\" data-e-type=\"widget\" data-widget_type=\"wp-widget-bcn_widget.default\">\n\t\t\t\t<div class=\"elementor-widget-container\">\n\t\t\t\t\t<div class=\"breadcrumbs\" vocab=\"https:\/\/schema.org\/\" typeof=\"BreadcrumbList\"><\/div>\t\t\t\t<\/div>\n\t\t\t\t<\/div>\n\t\t\t\t\t<\/div>\n\t\t<\/div>\n\t\t\t\t\t<\/div>\n\t\t<\/section>\n\t\t\t\t<section class=\"has_eae_slider elementor-section elementor-top-section elementor-element elementor-element-e358044 elementor-section-boxed elementor-section-height-default elementor-section-height-default\" data-eae-slider=\"96600\" data-id=\"e358044\" data-element_type=\"section\" data-e-type=\"section\">\n\t\t\t\t\t\t<div class=\"elementor-container elementor-column-gap-default\">\n\t\t\t\t\t<div class=\"has_eae_slider elementor-column elementor-col-50 elementor-top-column elementor-element elementor-element-1fc5ac8\" data-eae-slider=\"76862\" data-id=\"1fc5ac8\" data-element_type=\"column\" data-e-type=\"column\">\n\t\t\t<div class=\"elementor-widget-wrap elementor-element-populated\">\n\t\t\t\t\t\t<div class=\"elementor-element elementor-element-fa0ffea elementor-widget-divider--view-line elementor-widget elementor-widget-divider\" data-id=\"fa0ffea\" data-element_type=\"widget\" data-e-type=\"widget\" data-widget_type=\"divider.default\">\n\t\t\t\t<div class=\"elementor-widget-container\">\n\t\t\t\t\t\t\t<div class=\"elementor-divider\">\n\t\t\t<span class=\"elementor-divider-separator\">\n\t\t\t\t\t\t<\/span>\n\t\t<\/div>\n\t\t\t\t\t\t<\/div>\n\t\t\t\t<\/div>\n\t\t\t\t<div class=\"elementor-element elementor-element-987190f elementor-widget elementor-widget-heading\" data-id=\"987190f\" data-element_type=\"widget\" data-e-type=\"widget\" data-widget_type=\"heading.default\">\n\t\t\t\t<div class=\"elementor-widget-container\">\n\t\t\t\t\t<h2 class=\"elementor-heading-title elementor-size-default\">Enseigner G\u00e9ographie 9 Sous l'Angle de la Durabilit\u00e9<\/h2>\t\t\t\t<\/div>\n\t\t\t\t<\/div>\n\t\t\t\t<div class=\"elementor-element elementor-element-adfc079 elementor-widget elementor-widget-spacer\" data-id=\"adfc079\" data-element_type=\"widget\" data-e-type=\"widget\" data-widget_type=\"spacer.default\">\n\t\t\t\t<div class=\"elementor-widget-container\">\n\t\t\t\t\t\t\t<div class=\"elementor-spacer\">\n\t\t\t<div class=\"elementor-spacer-inner\"><\/div>\n\t\t<\/div>\n\t\t\t\t\t\t<\/div>\n\t\t\t\t<\/div>\n\t\t\t\t<div class=\"elementor-element elementor-element-2709008 elementor-widget elementor-widget-text-editor\" data-id=\"2709008\" data-element_type=\"widget\" data-e-type=\"widget\" data-widget_type=\"text-editor.default\">\n\t\t\t\t<div class=\"elementor-widget-container\">\n\t\t\t\t\t\t\t\t\t<p>Gr\u00e2ce \u00e0 un projet collaboratif men\u00e9 par le Conseil scolaire du district de York (YRDSB \u2013 York Region District School Board) et L\u2019\u00e9ducation au service de la Terre (LST), une \u00e9quipe de g\u00e9ographes du YRDSB et une animatrice de LST se sont rassembl\u00e9s pour cr\u00e9er des ressources qui aideront les \u00e9l\u00e8ves \u00e0 utiliser une optique de durabilit\u00e9 pour examiner les concepts cl\u00e9s ordonn\u00e9s par le minist\u00e8re pour le cours de g\u00e9ographie 9.<\/p><p>Voici le guide de ressources, avec des activit\u00e9s p\u00e9dagogiques de valeur et pr\u00eates \u00e0 utiliser.<\/p>\t\t\t\t\t\t\t\t<\/div>\n\t\t\t\t<\/div>\n\t\t\t\t<div class=\"elementor-element elementor-element-d8039bb elementor-widget elementor-widget-image\" data-id=\"d8039bb\" data-element_type=\"widget\" data-e-type=\"widget\" data-widget_type=\"image.default\">\n\t\t\t\t<div class=\"elementor-widget-container\">\n\t\t\t\t\t\t\t\t\t\t\t\t\t\t\t<img fetchpriority=\"high\" decoding=\"async\" width=\"480\" height=\"360\" src=\"https:\/\/lsf-lst.ca\/fr\/wp-content\/uploads\/2021\/08\/dev.jpeg\" class=\"attachment-large size-large wp-image-1031\" alt=\"\" srcset=\"https:\/\/lsf-lst.ca\/fr\/wp-content\/uploads\/2021\/08\/dev.jpeg 480w, https:\/\/lsf-lst.ca\/fr\/wp-content\/uploads\/2021\/08\/dev-300x225.jpeg 300w\" sizes=\"(max-width: 480px) 100vw, 480px\" \/>\t\t\t\t\t\t\t\t\t\t\t\t\t\t\t<\/div>\n\t\t\t\t<\/div>\n\t\t\t\t<div class=\"elementor-element elementor-element-a06f6dc elementor-widget elementor-widget-spacer\" data-id=\"a06f6dc\" data-element_type=\"widget\" data-e-type=\"widget\" data-widget_type=\"spacer.default\">\n\t\t\t\t<div class=\"elementor-widget-container\">\n\t\t\t\t\t\t\t<div class=\"elementor-spacer\">\n\t\t\t<div class=\"elementor-spacer-inner\"><\/div>\n\t\t<\/div>\n\t\t\t\t\t\t<\/div>\n\t\t\t\t<\/div>\n\t\t\t\t<div class=\"elementor-element elementor-element-8a8fb1b elementor-widget elementor-widget-heading\" data-id=\"8a8fb1b\" data-element_type=\"widget\" data-e-type=\"widget\" data-widget_type=\"heading.default\">\n\t\t\t\t<div class=\"elementor-widget-container\">\n\t\t\t\t\t<h2 class=\"elementor-heading-title elementor-size-default\">Guiding questions include:<\/h2>\t\t\t\t<\/div>\n\t\t\t\t<\/div>\n\t\t\t\t<div class=\"elementor-element elementor-element-c7ef1e4 elementor-widget elementor-widget-spacer\" data-id=\"c7ef1e4\" data-element_type=\"widget\" data-e-type=\"widget\" data-widget_type=\"spacer.default\">\n\t\t\t\t<div class=\"elementor-widget-container\">\n\t\t\t\t\t\t\t<div class=\"elementor-spacer\">\n\t\t\t<div class=\"elementor-spacer-inner\"><\/div>\n\t\t<\/div>\n\t\t\t\t\t\t<\/div>\n\t\t\t\t<\/div>\n\t\t\t\t<div class=\"elementor-element elementor-element-50a74d5 elementor-widget elementor-widget-text-editor\" data-id=\"50a74d5\" data-element_type=\"widget\" data-e-type=\"widget\" data-widget_type=\"text-editor.default\">\n\t\t\t\t<div class=\"elementor-widget-container\">\n\t\t\t\t\t\t\t\t\t<ul><li>How is everything interconnected?<\/li><li>Should you care about others and\/or your place?<\/li><li>Are the current \u2018relationships\u2019 (between humans, between humans and the \u2018environment\u2019, etc.) \u2018continue-able\u2019? i.e. able to persist?<\/li><li>Are the \u2018relationships\u2019 fair?<\/li><li>Can you change the \u2018relationships\u2019?<\/li><\/ul>\t\t\t\t\t\t\t\t<\/div>\n\t\t\t\t<\/div>\n\t\t\t\t\t<\/div>\n\t\t<\/div>\n\t\t\t\t<div class=\"has_eae_slider elementor-column elementor-col-50 elementor-top-column elementor-element elementor-element-6a01808\" data-eae-slider=\"31102\" data-id=\"6a01808\" data-element_type=\"column\" data-e-type=\"column\">\n\t\t\t<div class=\"elementor-widget-wrap elementor-element-populated\">\n\t\t\t\t\t\t<div class=\"elementor-element elementor-element-220c1aa elementor-widget elementor-widget-heading\" data-id=\"220c1aa\" data-element_type=\"widget\" data-e-type=\"widget\" data-widget_type=\"heading.default\">\n\t\t\t\t<div class=\"elementor-widget-container\">\n\t\t\t\t\t<h2 class=\"elementor-heading-title elementor-size-default\">Le guide de ressources<\/h2>\t\t\t\t<\/div>\n\t\t\t\t<\/div>\n\t\t\t\t<div class=\"elementor-element elementor-element-c957780 elementor-widget elementor-widget-spacer\" data-id=\"c957780\" data-element_type=\"widget\" data-e-type=\"widget\" data-widget_type=\"spacer.default\">\n\t\t\t\t<div class=\"elementor-widget-container\">\n\t\t\t\t\t\t\t<div class=\"elementor-spacer\">\n\t\t\t<div class=\"elementor-spacer-inner\"><\/div>\n\t\t<\/div>\n\t\t\t\t\t\t<\/div>\n\t\t\t\t<\/div>\n\t\t\t\t<div class=\"elementor-element elementor-element-9797bd6 elementor-widget elementor-widget-text-editor\" data-id=\"9797bd6\" data-element_type=\"widget\" data-e-type=\"widget\" data-widget_type=\"text-editor.default\">\n\t\t\t\t<div class=\"elementor-widget-container\">\n\t\t\t\t\t\t\t\t\t<ul>\n \t<li><a href=\"http:\/\/www.lsf-lst.ca\/fr\/resource-register\/document:58\/\" target=\"_blank\" rel=\"noopener\">Enseigner G\u00e9ographie 9 sous l&#8217;angle de la durabilit\u00e9<\/a> (2009)<\/li>\n<\/ul>\nLes modules dans ce guide de ressources aident les \u00e9l\u00e8ves \u00e0 atteindre les \u00ab r\u00e9sultats \u00bb du minist\u00e8re (c.-\u00e0-d. les objectifs du programme d\u2019\u00e9tudes). Chaque module (de 3 \u00e0 5 jours) s\u2019int\u00e8gre \u00e0 une unit\u00e9 traditionnelle du cours de g\u00e9ographie 9, afin d\u2019encourager l\u2019\u00e9tude du contenu de l\u2019unit\u00e9 dans une optique de la durabilit\u00e9. Les modules sont con\u00e7us pour s\u2019\u00e9tayer les uns sur les autres. Les enseignants ont aussi la possibilit\u00e9 de n\u2019utiliser que ceux qu\u2019ils ont le temps de compl\u00e9ter, parce que les modules ont aussi \u00e9t\u00e9 con\u00e7us pour \u00eatre employ\u00e9s seuls. \t\t\t\t\t\t\t\t<\/div>\n\t\t\t\t<\/div>\n\t\t\t\t<div class=\"elementor-element elementor-element-eb58863 elementor-widget elementor-widget-spacer\" data-id=\"eb58863\" data-element_type=\"widget\" data-e-type=\"widget\" data-widget_type=\"spacer.default\">\n\t\t\t\t<div class=\"elementor-widget-container\">\n\t\t\t\t\t\t\t<div class=\"elementor-spacer\">\n\t\t\t<div class=\"elementor-spacer-inner\"><\/div>\n\t\t<\/div>\n\t\t\t\t\t\t<\/div>\n\t\t\t\t<\/div>\n\t\t\t\t<div class=\"elementor-element elementor-element-32e643d elementor-widget elementor-widget-heading\" data-id=\"32e643d\" data-element_type=\"widget\" data-e-type=\"widget\" data-widget_type=\"heading.default\">\n\t\t\t\t<div class=\"elementor-widget-container\">\n\t\t\t\t\t<h2 class=\"elementor-heading-title elementor-size-default\">Modules:<\/h2>\t\t\t\t<\/div>\n\t\t\t\t<\/div>\n\t\t\t\t<div class=\"elementor-element elementor-element-8610acd elementor-widget elementor-widget-spacer\" data-id=\"8610acd\" data-element_type=\"widget\" data-e-type=\"widget\" data-widget_type=\"spacer.default\">\n\t\t\t\t<div class=\"elementor-widget-container\">\n\t\t\t\t\t\t\t<div class=\"elementor-spacer\">\n\t\t\t<div class=\"elementor-spacer-inner\"><\/div>\n\t\t<\/div>\n\t\t\t\t\t\t<\/div>\n\t\t\t\t<\/div>\n\t\t\t\t<div class=\"elementor-element elementor-element-8534c13 elementor-widget elementor-widget-text-editor\" data-id=\"8534c13\" data-element_type=\"widget\" data-e-type=\"widget\" data-widget_type=\"text-editor.default\">\n\t\t\t\t<div class=\"elementor-widget-container\">\n\t\t\t\t\t\t\t\t\t<ul><li><div>Qu\u2019est-ce que\u00a0\u00ab\u00a0juste\u00a0\u00bb veut dire?<\/div><\/li><li><div>Module sur le\u00a0\u00ab\u00a0sens du lieu\u00a0\u00bb<\/div><\/li><li><div>Activit\u00e9 sur les optiques<\/div><\/li><li><div>Module pour l\u2019unit\u00e9 sur le milieu physique<\/div><\/li><li><div>Module pour l\u2019unit\u00e9 sur le milieu humain<\/div><\/li><li><div>Module pour l\u2019unit\u00e9 sur les interactions humaines et environnementales<\/div><\/li><li><div>Module pour l\u2019unit\u00e9 sur les enjeux mondiaux<\/div><\/li><\/ul><p>La mise au point des ressources dans ce guide a \u00e9t\u00e9 guid\u00e9e par les cinq \u00ab grandes questions \u00bb auxquelles les \u00e9l\u00e8ves devraient r\u00e9fl\u00e9chir tout au long du cours de g\u00e9ographie 9 afin d\u2019encourager la citoyennet\u00e9 responsable. On revisite les deux modules de fondement, Qu\u2019est-ce que \u00ab juste \u00bb veut dire? et l\u2019Activit\u00e9 sur les optiques, \u00e0 plusieurs reprises par le biais de ces cinq grandes questions. Ceci aide les \u00e9l\u00e8ves \u00e0 aborder tous les enjeux examin\u00e9s dans le cours depuis une perspective critique \u2013 leur permettant ainsi d\u2019imaginer des possibilit\u00e9s au-del\u00e0 du statu quo.<\/p><p>La force de ce projet ne se trouve pas juste dans les modules individuels (bien qu\u2019ils soient bien d\u00e9velopp\u00e9s et pr\u00eats \u00e0 utiliser), mais aussi dans l\u2019effort consacr\u00e9 \u00e0 int\u00e9grer les cinq questions directrices tout au long du cours afin d\u2019enrichir toutes les activit\u00e9s dans le cours et d\u2019aider les \u00e9l\u00e8ves \u00e0 comprendre le but du cours.<\/p>\t\t\t\t\t\t\t\t<\/div>\n\t\t\t\t<\/div>\n\t\t\t\t<div class=\"elementor-element elementor-element-7f1a3ab elementor-widget elementor-widget-heading\" data-id=\"7f1a3ab\" data-element_type=\"widget\" data-e-type=\"widget\" data-widget_type=\"heading.default\">\n\t\t\t\t<div class=\"elementor-widget-container\">\n\t\t\t\t\t<h2 class=\"elementor-heading-title elementor-size-default\"> Les questions directrices incluent:<\/h2>\t\t\t\t<\/div>\n\t\t\t\t<\/div>\n\t\t\t\t<div class=\"elementor-element elementor-element-91e0bc0 elementor-widget elementor-widget-text-editor\" data-id=\"91e0bc0\" data-element_type=\"widget\" data-e-type=\"widget\" data-widget_type=\"text-editor.default\">\n\t\t\t\t<div class=\"elementor-widget-container\">\n\t\t\t\t\t\t\t\t\t<ul><li>Dans quelle mesure vivons-nous dans un monde interd\u00e9pendant?<\/li><li>Est-ce que nous devrions nous soucier du bien-\u00eatre des autres et (ou) de notre milieu?<\/li><li>Est-ce que les \u00ab\u00a0relations\u00a0\u00bb actuelles (entre humains, entre les humains et l\u2019environnement, etc.) sont \u00ab\u00a0viables\u00a0\u00bb?<\/li><li>Est-ce que les \u00ab\u00a0relations\u00a0\u00bb sont justes?<\/li><li>Est-ce que nous pouvons changer les \u00ab\u00a0relations\u00a0\u00bb?\u00a0<\/li><\/ul><p><strong>Pour en savoir plus, veuillez contacter :\u00a0<br \/><br \/><\/strong><strong>Pam Schwartzberg<br \/><\/strong>Directrice g\u00e9n\u00e9rale<br \/>T\u00e9l\u00e9phone\u00a0: 416-327-2149<br \/>Courriel\u00a0:\u00a0<a href=\"mailto:pam@lsf-lst.ca\">pam@lsf-lst.ca<\/a><\/p>\t\t\t\t\t\t\t\t<\/div>\n\t\t\t\t<\/div>\n\t\t\t\t<div class=\"elementor-element elementor-element-428ece1 elementor-widget elementor-widget-spacer\" data-id=\"428ece1\" data-element_type=\"widget\" data-e-type=\"widget\" data-widget_type=\"spacer.default\">\n\t\t\t\t<div class=\"elementor-widget-container\">\n\t\t\t\t\t\t\t<div class=\"elementor-spacer\">\n\t\t\t<div class=\"elementor-spacer-inner\"><\/div>\n\t\t<\/div>\n\t\t\t\t\t\t<\/div>\n\t\t\t\t<\/div>\n\t\t\t\t\t<\/div>\n\t\t<\/div>\n\t\t\t\t\t<\/div>\n\t\t<\/section>\n\t\t\t\t<\/div>\n\t\t","protected":false},"excerpt":{"rendered":"<p>Enseigner G\u00e9ographie 9 Sous l&#8217;Angle de la Durabilit\u00e9 Gr\u00e2ce \u00e0 un projet collaboratif men\u00e9 par le Conseil scolaire du district de York (YRDSB \u2013 York Region District School Board) et L\u2019\u00e9ducation au service de la Terre (LST), une \u00e9quipe de g\u00e9ographes du YRDSB et une animatrice de LST se sont rassembl\u00e9s pour cr\u00e9er des ressources [&hellip;]<\/p>\n","protected":false},"author":1,"featured_media":0,"parent":457,"menu_order":0,"comment_status":"closed","ping_status":"closed","template":"elementor_header_footer","meta":{"site-sidebar-layout":"no-sidebar","site-content-layout":"page-builder","ast-site-content-layout":"default","site-content-style":"default","site-sidebar-style":"default","ast-global-header-display":"","ast-banner-title-visibility":"","ast-main-header-display":"disabled","ast-hfb-above-header-display":"","ast-hfb-below-header-display":"","ast-hfb-mobile-header-display":"disabled","site-post-title":"disabled","ast-breadcrumbs-content":"disabled","ast-featured-img":"disabled","footer-sml-layout":"disabled","ast-disable-related-posts":"","theme-transparent-header-meta":"default","adv-header-id-meta":"","stick-header-meta":"","header-above-stick-meta":"","header-main-stick-meta":"","header-below-stick-meta":"","astra-migrate-meta-layouts":"default","ast-page-background-enabled":"default","ast-page-background-meta":{"desktop":{"background-color":"","background-image":"","background-repeat":"repeat","background-position":"center center","background-size":"auto","background-attachment":"scroll","background-type":"","background-media":"","overlay-type":"","overlay-color":"","overlay-opacity":"","overlay-gradient":""},"tablet":{"background-color":"","background-image":"","background-repeat":"repeat","background-position":"center center","background-size":"auto","background-attachment":"scroll","background-type":"","background-media":"","overlay-type":"","overlay-color":"","overlay-opacity":"","overlay-gradient":""},"mobile":{"background-color":"","background-image":"","background-repeat":"repeat","background-position":"center center","background-size":"auto","background-attachment":"scroll","background-type":"","background-media":"","overlay-type":"","overlay-color":"","overlay-opacity":"","overlay-gradient":""}},"ast-content-background-meta":{"desktop":{"background-color":"var(--ast-global-color-5)","background-image":"","background-repeat":"repeat","background-position":"center center","background-size":"auto","background-attachment":"scroll","background-type":"","background-media":"","overlay-type":"","overlay-color":"","overlay-opacity":"","overlay-gradient":""},"tablet":{"background-color":"var(--ast-global-color-5)","background-image":"","background-repeat":"repeat","background-position":"center center","background-size":"auto","background-attachment":"scroll","background-type":"","background-media":"","overlay-type":"","overlay-color":"","overlay-opacity":"","overlay-gradient":""},"mobile":{"background-color":"var(--ast-global-color-5)","background-image":"","background-repeat":"repeat","background-position":"center center","background-size":"auto","background-attachment":"scroll","background-type":"","background-media":"","overlay-type":"","overlay-color":"","overlay-opacity":"","overlay-gradient":""}},"footnotes":""},"class_list":["post-1026","page","type-page","status-publish","hentry"],"_links":{"self":[{"href":"https:\/\/lsf-lst.ca\/fr\/wp-json\/wp\/v2\/pages\/1026","targetHints":{"allow":["GET"]}}],"collection":[{"href":"https:\/\/lsf-lst.ca\/fr\/wp-json\/wp\/v2\/pages"}],"about":[{"href":"https:\/\/lsf-lst.ca\/fr\/wp-json\/wp\/v2\/types\/page"}],"author":[{"embeddable":true,"href":"https:\/\/lsf-lst.ca\/fr\/wp-json\/wp\/v2\/users\/1"}],"replies":[{"embeddable":true,"href":"https:\/\/lsf-lst.ca\/fr\/wp-json\/wp\/v2\/comments?post=1026"}],"version-history":[{"count":42,"href":"https:\/\/lsf-lst.ca\/fr\/wp-json\/wp\/v2\/pages\/1026\/revisions"}],"predecessor-version":[{"id":4140,"href":"https:\/\/lsf-lst.ca\/fr\/wp-json\/wp\/v2\/pages\/1026\/revisions\/4140"}],"up":[{"embeddable":true,"href":"https:\/\/lsf-lst.ca\/fr\/wp-json\/wp\/v2\/pages\/457"}],"wp:attachment":[{"href":"https:\/\/lsf-lst.ca\/fr\/wp-json\/wp\/v2\/media?parent=1026"}],"curies":[{"name":"wp","href":"https:\/\/api.w.org\/{rel}","templated":true}]}}