{"id":1041,"date":"2021-08-05T17:02:54","date_gmt":"2021-08-05T17:02:54","guid":{"rendered":"https:\/\/staging.lsf-lst.ca\/?page_id=1041"},"modified":"2026-04-12T16:02:12","modified_gmt":"2026-04-12T21:02:12","slug":"lapprentissage-tous-azimuts","status":"publish","type":"page","link":"https:\/\/lsf-lst.ca\/fr\/ressources\/lapprentissage-tous-azimuts\/","title":{"rendered":"L\u2019Apprentissage tous azimuts"},"content":{"rendered":"\t\t<div data-elementor-type=\"wp-page\" data-elementor-id=\"1041\" class=\"elementor elementor-1041\" data-elementor-post-type=\"page\">\n\t\t\t\t\t\t<section class=\"has_eae_slider elementor-section elementor-top-section elementor-element elementor-element-95594ea elementor-section-items-bottom elementor-section-height-min-height elementor-section-boxed elementor-section-height-default\" data-eae-slider=\"2082\" data-id=\"95594ea\" data-element_type=\"section\" data-e-type=\"section\" data-settings=\"{&quot;background_background&quot;:&quot;classic&quot;}\">\n\t\t\t\t\t\t\t<div class=\"elementor-background-overlay\"><\/div>\n\t\t\t\t\t\t\t<div class=\"elementor-container elementor-column-gap-default\">\n\t\t\t\t\t<div class=\"has_eae_slider elementor-column elementor-col-100 elementor-top-column elementor-element elementor-element-2b990a5\" data-eae-slider=\"698\" data-id=\"2b990a5\" data-element_type=\"column\" data-e-type=\"column\">\n\t\t\t<div class=\"elementor-widget-wrap elementor-element-populated\">\n\t\t\t\t\t\t<div class=\"elementor-element elementor-element-5d50876 elementor-widget elementor-widget-spacer\" data-id=\"5d50876\" data-element_type=\"widget\" data-e-type=\"widget\" data-widget_type=\"spacer.default\">\n\t\t\t\t<div class=\"elementor-widget-container\">\n\t\t\t\t\t\t\t<div class=\"elementor-spacer\">\n\t\t\t<div class=\"elementor-spacer-inner\"><\/div>\n\t\t<\/div>\n\t\t\t\t\t\t<\/div>\n\t\t\t\t<\/div>\n\t\t\t\t\t<\/div>\n\t\t<\/div>\n\t\t\t\t\t<\/div>\n\t\t<\/section>\n\t\t\t\t<section class=\"has_eae_slider elementor-section elementor-top-section elementor-element elementor-element-2e764596 elementor-hidden-phone elementor-section-boxed elementor-section-height-default elementor-section-height-default\" data-eae-slider=\"12400\" data-id=\"2e764596\" data-element_type=\"section\" data-e-type=\"section\">\n\t\t\t\t\t\t<div class=\"elementor-container elementor-column-gap-default\">\n\t\t\t\t\t<div class=\"has_eae_slider elementor-column elementor-col-100 elementor-top-column elementor-element elementor-element-7138d50e\" data-eae-slider=\"36022\" data-id=\"7138d50e\" data-element_type=\"column\" data-e-type=\"column\">\n\t\t\t<div class=\"elementor-widget-wrap\">\n\t\t\t\t\t\t\t<\/div>\n\t\t<\/div>\n\t\t\t\t\t<\/div>\n\t\t<\/section>\n\t\t\t\t<section class=\"has_eae_slider elementor-section elementor-top-section elementor-element elementor-element-e358044 elementor-section-boxed elementor-section-height-default elementor-section-height-default\" data-eae-slider=\"64448\" data-id=\"e358044\" data-element_type=\"section\" data-e-type=\"section\">\n\t\t\t\t\t\t<div class=\"elementor-container elementor-column-gap-default\">\n\t\t\t\t\t<div class=\"has_eae_slider elementor-column elementor-col-50 elementor-top-column elementor-element elementor-element-1fc5ac8\" data-eae-slider=\"68441\" data-id=\"1fc5ac8\" data-element_type=\"column\" data-e-type=\"column\">\n\t\t\t<div class=\"elementor-widget-wrap elementor-element-populated\">\n\t\t\t\t\t\t<div class=\"elementor-element elementor-element-fa0ffea elementor-widget-divider--view-line elementor-widget elementor-widget-divider\" data-id=\"fa0ffea\" data-element_type=\"widget\" data-e-type=\"widget\" data-widget_type=\"divider.default\">\n\t\t\t\t<div class=\"elementor-widget-container\">\n\t\t\t\t\t\t\t<div class=\"elementor-divider\">\n\t\t\t<span class=\"elementor-divider-separator\">\n\t\t\t\t\t\t<\/span>\n\t\t<\/div>\n\t\t\t\t\t\t<\/div>\n\t\t\t\t<\/div>\n\t\t\t\t<div class=\"elementor-element elementor-element-987190f elementor-widget elementor-widget-heading\" data-id=\"987190f\" data-element_type=\"widget\" data-e-type=\"widget\" data-widget_type=\"heading.default\">\n\t\t\t\t<div class=\"elementor-widget-container\">\n\t\t\t\t\t<h2 class=\"elementor-heading-title elementor-size-default\">L' apprentissage tous azimuts<\/h2>\t\t\t\t<\/div>\n\t\t\t\t<\/div>\n\t\t\t\t<div class=\"elementor-element elementor-element-adfc079 elementor-widget elementor-widget-spacer\" data-id=\"adfc079\" data-element_type=\"widget\" data-e-type=\"widget\" data-widget_type=\"spacer.default\">\n\t\t\t\t<div class=\"elementor-widget-container\">\n\t\t\t\t\t\t\t<div class=\"elementor-spacer\">\n\t\t\t<div class=\"elementor-spacer-inner\"><\/div>\n\t\t<\/div>\n\t\t\t\t\t\t<\/div>\n\t\t\t\t<\/div>\n\t\t\t\t<div class=\"elementor-element elementor-element-2709008 elementor-widget elementor-widget-text-editor\" data-id=\"2709008\" data-element_type=\"widget\" data-e-type=\"widget\" data-widget_type=\"text-editor.default\">\n\t\t\t\t<div class=\"elementor-widget-container\">\n\t\t\t\t\t\t\t\t\t<p><strong>Ressources \u00e9ducatives \u00e0 la maison et \u00e0 l&#8217;\u00e9cole pour les parents et les enseignants<\/strong><\/p><p>LSF a commenc\u00e9 \u00e0 organiser cette collection hebdomadaire d&#8217;activit\u00e9s pendant les fermetures de COVID-19, lorsque tout le monde apprenait \u00e0 la maison et que les enseignants et les parents faisaient des pieds et des mains pour maintenir l&#8217;int\u00e9r\u00eat des enfants &#8211; et voil\u00e0 l&#8217;apprentissage tous azimuts !\u00a0<\/p><p>Les guides ont \u00e9t\u00e9 si populaires que nous avons d\u00e9cid\u00e9 de les continuer ! Nos experts s\u00e9lectionnent les ressources et les activit\u00e9s hebdomadaires dans notre base de donn\u00e9es <a href=\"http:\/\/r4r.ca\/fr\">Ressources pour repenser (R4R)<\/a>, de sorte que vous pouvez \u00eatre certain qu&#8217;elles ont \u00e9t\u00e9 approuv\u00e9es par des enseignants et qu&#8217;elles sont li\u00e9es aux r\u00e9sultats de l&#8217;\u00e9ducation au Canada, o\u00f9 que vous soyez.<\/p><p>Chaque semaine a un th\u00e8me diff\u00e9rent bas\u00e9 sur :<\/p><div><p>Toutes les semaines, nous alternerons entre les th\u00e8mes suivants:\u00a0<\/p><\/div><div><ul><li><a href=\"http:\/\/resources4rethinking.ca\/fr\/step-outside\" target=\"_blank\" rel=\"noopener\">Les guide des merveilles naturelles Sortez dehors<\/a>, ax\u00e9s sur les ph\u00e9nom\u00e8nes saisonniers\u00a0<\/li><li><a href=\"https:\/\/resources4rethinking.ca\/fr\/theme\/hot-topics-calendar\">Les guides des sujets populaires de LST sur R4R<\/a>, qui suivent les campagnes et les \u00e9v\u00e9nements majeurs<\/li><li><a href=\"https:\/\/www.un.org\/sustainabledevelopment\/fr\/objectifs-de-developpement-durable\/\" target=\"_blank\" rel=\"noopener\">Les Objectifs de d\u00e9veloppement durable (ODD) de l\u2019ONU<\/a>, qui portent sur divers d\u00e9fis, des changements climatiques \u00e0 l\u2019\u00e9quit\u00e9\u00a0<\/li><\/ul><p>Nous mettons \u00e9galement l&#8217;accent sur l&#8217;apprentissage en plein air &#8211; nous recommandons toujours de faire passer l&#8217;apprentissage de l&#8217;int\u00e9rieur \u00e0 l&#8217;ext\u00e9rieur !<\/p><\/div>\t\t\t\t\t\t\t\t<\/div>\n\t\t\t\t<\/div>\n\t\t\t\t<div class=\"elementor-element elementor-element-a306bb1 elementor-widget elementor-widget-text-editor\" data-id=\"a306bb1\" data-element_type=\"widget\" data-e-type=\"widget\" data-widget_type=\"text-editor.default\">\n\t\t\t\t<div class=\"elementor-widget-container\">\n\t\t\t\t\t\t\t\t\t<p><strong>VOUS POUVEZ VOUS INSCRIRE POUR RECEVOIR CES GUIDES PAR COURRIEL:<\/strong><\/p>\t\t\t\t\t\t\t\t<\/div>\n\t\t\t\t<\/div>\n\t\t\t\t<section class=\"has_eae_slider elementor-section elementor-inner-section elementor-element elementor-element-2dc9239 elementor-section-boxed elementor-section-height-default elementor-section-height-default\" data-eae-slider=\"37550\" data-id=\"2dc9239\" data-element_type=\"section\" data-e-type=\"section\">\n\t\t\t\t\t\t<div class=\"elementor-container elementor-column-gap-default\">\n\t\t\t\t\t<div class=\"has_eae_slider elementor-column elementor-col-100 elementor-inner-column elementor-element elementor-element-42defeb\" data-eae-slider=\"3734\" data-id=\"42defeb\" data-element_type=\"column\" data-e-type=\"column\">\n\t\t\t<div class=\"elementor-widget-wrap elementor-element-populated\">\n\t\t\t\t\t\t<div class=\"elementor-element elementor-element-fb3fb06 elementor-align-left elementor-mobile-align-center elementor-widget elementor-widget-button\" data-id=\"fb3fb06\" data-element_type=\"widget\" data-e-type=\"widget\" data-widget_type=\"button.default\">\n\t\t\t\t<div class=\"elementor-widget-container\">\n\t\t\t\t\t\t\t\t\t<div class=\"elementor-button-wrapper\">\n\t\t\t\t\t<a class=\"elementor-button elementor-button-link elementor-size-lg\" href=\"https:\/\/visitor.r20.constantcontact.com\/manage\/optin?v=001cWKZW7QY-wqNbzt2yFE5eBxIBkbL544MVs6Vqxo6juPCGBxRD5CM-_BV_Tl2O4Rk_qv9ZRUbuFqOVyqN2sucB0LRcHkeR3prpdlxs79jHAoLtZveFB0s3WVDj-6VtLMR69Kz51AJGm89Y36xxzs-bg%3D%3D\">\n\t\t\t\t\t\t<span class=\"elementor-button-content-wrapper\">\n\t\t\t\t\t\t\t\t\t<span class=\"elementor-button-text\">S'inscrire aux courriels hebdomadaires<\/span>\n\t\t\t\t\t<\/span>\n\t\t\t\t\t<\/a>\n\t\t\t\t<\/div>\n\t\t\t\t\t\t\t\t<\/div>\n\t\t\t\t<\/div>\n\t\t\t\t\t<\/div>\n\t\t<\/div>\n\t\t\t\t\t<\/div>\n\t\t<\/section>\n\t\t\t\t<section class=\"has_eae_slider elementor-section elementor-inner-section elementor-element elementor-element-c365e28 elementor-section-boxed elementor-section-height-default elementor-section-height-default\" data-eae-slider=\"69338\" data-id=\"c365e28\" data-element_type=\"section\" data-e-type=\"section\">\n\t\t\t\t\t\t<div class=\"elementor-container elementor-column-gap-default\">\n\t\t\t\t\t<div class=\"has_eae_slider elementor-column elementor-col-50 elementor-inner-column elementor-element elementor-element-8bfe5ff\" data-eae-slider=\"83188\" data-id=\"8bfe5ff\" data-element_type=\"column\" data-e-type=\"column\">\n\t\t\t<div class=\"elementor-widget-wrap elementor-element-populated\">\n\t\t\t\t\t\t<div class=\"elementor-element elementor-element-2e40f46 elementor-widget elementor-widget-text-editor\" data-id=\"2e40f46\" data-element_type=\"widget\" data-e-type=\"widget\" data-widget_type=\"text-editor.default\">\n\t\t\t\t<div class=\"elementor-widget-container\">\n\t\t\t\t\t\t\t\t\t<em>Si vous cherchez des produits d&#8217;apprentissage en plein air (par exemple, des \u00e9puisettes, des coussins d&#8217;assise, des guides de terrain, des loupes, etc.) visitez le magasin Non-Lucratif du Canada o\u00f9 une partie du produit des ventes va \u00e0 l&#8217;appui d&#8217;organismes d&#8217;apprentissage en plein air<\/em>\t\t\t\t\t\t\t\t<\/div>\n\t\t\t\t<\/div>\n\t\t\t\t\t<\/div>\n\t\t<\/div>\n\t\t\t\t<div class=\"has_eae_slider elementor-column elementor-col-50 elementor-inner-column elementor-element elementor-element-05b02ad\" data-eae-slider=\"64076\" data-id=\"05b02ad\" data-element_type=\"column\" data-e-type=\"column\">\n\t\t\t<div class=\"elementor-widget-wrap elementor-element-populated\">\n\t\t\t\t\t\t<div class=\"elementor-element elementor-element-d8039bb elementor-widget elementor-widget-image\" data-id=\"d8039bb\" data-element_type=\"widget\" data-e-type=\"widget\" data-widget_type=\"image.default\">\n\t\t\t\t<div class=\"elementor-widget-container\">\n\t\t\t\t\t\t\t\t\t\t\t\t\t\t\t<img fetchpriority=\"high\" decoding=\"async\" width=\"1024\" height=\"819\" src=\"https:\/\/lsf-lst.ca\/fr\/wp-content\/uploads\/2021\/08\/Outdoor-Learning-Canada-1024x819.png\" class=\"attachment-large size-large wp-image-1043\" alt=\"\" srcset=\"https:\/\/lsf-lst.ca\/fr\/wp-content\/uploads\/2021\/08\/Outdoor-Learning-Canada-1024x819.png 1024w, https:\/\/lsf-lst.ca\/fr\/wp-content\/uploads\/2021\/08\/Outdoor-Learning-Canada-300x240.png 300w, https:\/\/lsf-lst.ca\/fr\/wp-content\/uploads\/2021\/08\/Outdoor-Learning-Canada-768x614.png 768w, https:\/\/lsf-lst.ca\/fr\/wp-content\/uploads\/2021\/08\/Outdoor-Learning-Canada.png 1200w\" sizes=\"(max-width: 1024px) 100vw, 1024px\" \/>\t\t\t\t\t\t\t\t\t\t\t\t\t\t\t<\/div>\n\t\t\t\t<\/div>\n\t\t\t\t\t<\/div>\n\t\t<\/div>\n\t\t\t\t\t<\/div>\n\t\t<\/section>\n\t\t\t\t<div class=\"elementor-element elementor-element-c0b5c15 elementor-widget-divider--view-line elementor-widget elementor-widget-divider\" data-id=\"c0b5c15\" data-element_type=\"widget\" data-e-type=\"widget\" data-widget_type=\"divider.default\">\n\t\t\t\t<div class=\"elementor-widget-container\">\n\t\t\t\t\t\t\t<div class=\"elementor-divider\">\n\t\t\t<span class=\"elementor-divider-separator\">\n\t\t\t\t\t\t<\/span>\n\t\t<\/div>\n\t\t\t\t\t\t<\/div>\n\t\t\t\t<\/div>\n\t\t\t\t<section class=\"has_eae_slider elementor-section elementor-inner-section elementor-element elementor-element-d2f47f5 elementor-section-boxed elementor-section-height-default elementor-section-height-default\" data-eae-slider=\"68954\" data-id=\"d2f47f5\" data-element_type=\"section\" data-e-type=\"section\">\n\t\t\t\t\t\t<div class=\"elementor-container elementor-column-gap-default\">\n\t\t\t\t\t<div class=\"has_eae_slider elementor-column elementor-col-100 elementor-inner-column elementor-element elementor-element-da53030\" data-eae-slider=\"92659\" data-id=\"da53030\" data-element_type=\"column\" data-e-type=\"column\">\n\t\t\t<div class=\"elementor-widget-wrap\">\n\t\t\t\t\t\t\t<\/div>\n\t\t<\/div>\n\t\t\t\t\t<\/div>\n\t\t<\/section>\n\t\t\t\t\t<\/div>\n\t\t<\/div>\n\t\t\t\t<div class=\"has_eae_slider elementor-column elementor-col-50 elementor-top-column elementor-element elementor-element-6a01808\" data-eae-slider=\"25269\" data-id=\"6a01808\" data-element_type=\"column\" data-e-type=\"column\">\n\t\t\t<div class=\"elementor-widget-wrap elementor-element-populated\">\n\t\t\t\t\t\t<div class=\"elementor-element elementor-element-b4cb2fa elementor-widget elementor-widget-image\" data-id=\"b4cb2fa\" data-element_type=\"widget\" data-e-type=\"widget\" data-widget_type=\"image.default\">\n\t\t\t\t<div class=\"elementor-widget-container\">\n\t\t\t\t\t\t\t\t\t\t\t\t\t\t\t<img decoding=\"async\" width=\"1024\" height=\"483\" src=\"https:\/\/lsf-lst.ca\/fr\/wp-content\/uploads\/learning-inside-out-fr-colour-1024x483.png\" class=\"attachment-large size-large wp-image-14911\" alt=\"\" \/>\t\t\t\t\t\t\t\t\t\t\t\t\t\t\t<\/div>\n\t\t\t\t<\/div>\n\t\t\t\t<div class=\"elementor-element elementor-element-220c1aa elementor-widget elementor-widget-heading\" data-id=\"220c1aa\" data-element_type=\"widget\" data-e-type=\"widget\" data-widget_type=\"heading.default\">\n\t\t\t\t<div class=\"elementor-widget-container\">\n\t\t\t\t\t<h2 class=\"elementor-heading-title elementor-size-default\">Consultez nos derni\u00e8res ressources:<\/h2>\t\t\t\t<\/div>\n\t\t\t\t<\/div>\n\t\t\t\t<div class=\"elementor-element elementor-element-c957780 elementor-widget elementor-widget-spacer\" data-id=\"c957780\" data-element_type=\"widget\" data-e-type=\"widget\" data-widget_type=\"spacer.default\">\n\t\t\t\t<div class=\"elementor-widget-container\">\n\t\t\t\t\t\t\t<div class=\"elementor-spacer\">\n\t\t\t<div class=\"elementor-spacer-inner\"><\/div>\n\t\t<\/div>\n\t\t\t\t\t\t<\/div>\n\t\t\t\t<\/div>\n\t\t\t\t<div class=\"elementor-element elementor-element-9797bd6 elementor-widget elementor-widget-text-editor\" data-id=\"9797bd6\" data-element_type=\"widget\" data-e-type=\"widget\" data-widget_type=\"text-editor.default\">\n\t\t\t\t<div class=\"elementor-widget-container\">\n\t\t\t\t\t\t\t\t\t<ul><li><a href=\"https:\/\/conta.cc\/45Kwx59\"><strong>Journ\u00e9e internationale de la protection de la couche d&#8217;ozone <\/strong><\/a>(7 sept)<\/li><li><a href=\"https:\/\/conta.cc\/41GvRLH\"><strong>Journ\u00e9e nationale de la v\u00e9rit\u00e9 et de la r\u00e9conciliation <\/strong><\/a>(21 sept.)<\/li><li><a href=\"https:\/\/conta.cc\/3VrGPBy\"><strong>La journ\u00e9e am\u00e8ne-moi dehors <\/strong><\/a>(12 oct.)<\/li><li><a href=\"https:\/\/conta.cc\/470fziL\"><strong>Justice climatique<\/strong><\/a> (26 oct.)<\/li><li><b><a href=\"https:\/\/conta.cc\/4oNk6MM\">Convention cadre des Nations Unies sur les changements climatiques COP 30<\/a> <\/b>(9 nov.)<\/li><li><a href=\"https:\/\/conta.cc\/4nGogFk\"><strong>On se pr\u00e9pare \u00e0 l\u2019hiver <\/strong><\/a>(23 nov.)<\/li><li><a href=\"https:\/\/conta.cc\/43Owd4h\"><b>ODD 11 &#8211; Villes et communaut\u00e9s durable<\/b><\/a> (7 d\u00e9c)<\/li><li><a href=\"https:\/\/conta.cc\/4pQJPo0\"><b>Un appel \u00e0 l\u2019apprentissage du climat\u00a0<\/b><\/a>(11 janv.)<\/li><li><b><a href=\"https:\/\/conta.cc\/4aAEqNv\">Pleins feux sur la vie sous la neige<\/a>\u00a0<\/b>(25 janv.)<\/li><li><a href=\"https:\/\/conta.cc\/4b0aUB4\"><strong>ODD 3 Bonne sant\u00e9 et les changements climatiques<\/strong><\/a> (8 f\u00e9vr)<\/li><li><b><a href=\"https:\/\/conta.cc\/4jLzlV3\">L&#8217;activit\u00e9 hivernale des insectes<\/a>\u00a0<\/b>(22 f\u00e9vr.)<\/li><li><a href=\"https:\/\/conta.cc\/4rswUtt\"><b>Journ\u00e9e mondiale de l&#8217;eau <\/b><\/a>(8 mars)<\/li><li><a href=\"https:\/\/conta.cc\/4s8Gi5U\"><b>\u00c9veils printanier <\/b><\/a>(22 mars)<\/li><li><a href=\"https:\/\/conta.cc\/4suG1KY\"><b><strong>Jour de la terre <\/strong><\/b><\/a>(12 avr.)<\/li><li><strong><b>ODD 12 &#8211; Consommation et production responsables <\/b><\/strong>(26 avr.)<\/li><li><strong>Journ\u00e9e internationale de la diversit\u00e9 biologique<\/strong>\u00a0(10 mai)<\/li><li><strong>Semaine canadienne de l&#8217;environnement<\/strong> (24 mai)<\/li><li><b>Activit\u00e9s du d\u00e9but de juin<\/b> (7 juin)<\/li><li><strong>Journ\u00e9e nationale des peuples autochtones <\/strong>(14 juin)<\/li><\/ul>\t\t\t\t\t\t\t\t<\/div>\n\t\t\t\t<\/div>\n\t\t\t\t<div class=\"elementor-element elementor-element-30a947a elementor-hidden-desktop elementor-hidden-tablet elementor-hidden-mobile elementor-widget elementor-widget-text-editor\" data-id=\"30a947a\" data-element_type=\"widget\" data-e-type=\"widget\" data-widget_type=\"text-editor.default\">\n\t\t\t\t<div class=\"elementor-widget-container\">\n\t\t\t\t\t\t\t\t\t<em>*Si vous rencontrez des difficult\u00e9s pour acc\u00e9der \u00e0 l&#8217;un des liens, c&#8217;est peut-\u00eatre parce que votre organisation bloque des sites externes. Essayez de vous d\u00e9connecter de votre compte gmail affili\u00e9 au forum et r\u00e9essayez!*<\/em>\t\t\t\t\t\t\t\t<\/div>\n\t\t\t\t<\/div>\n\t\t\t\t<div class=\"elementor-element elementor-element-428ece1 elementor-widget elementor-widget-spacer\" data-id=\"428ece1\" data-element_type=\"widget\" data-e-type=\"widget\" data-widget_type=\"spacer.default\">\n\t\t\t\t<div class=\"elementor-widget-container\">\n\t\t\t\t\t\t\t<div class=\"elementor-spacer\">\n\t\t\t<div class=\"elementor-spacer-inner\"><\/div>\n\t\t<\/div>\n\t\t\t\t\t\t<\/div>\n\t\t\t\t<\/div>\n\t\t\t\t<div class=\"elementor-element elementor-element-6e06dc9 elementor-mobile-align-center elementor-align-center elementor-widget elementor-widget-button\" data-id=\"6e06dc9\" data-element_type=\"widget\" data-e-type=\"widget\" data-widget_type=\"button.default\">\n\t\t\t\t<div class=\"elementor-widget-container\">\n\t\t\t\t\t\t\t\t\t<div class=\"elementor-button-wrapper\">\n\t\t\t\t\t<a class=\"elementor-button elementor-button-link elementor-size-sm\" href=\"https:\/\/staging.lsf-lst.ca\/forms\/learning-inside-out-feedback-form-formulaire-de-commentaires-pour-lapprentissage-tous-azimuts\/\">\n\t\t\t\t\t\t<span class=\"elementor-button-content-wrapper\">\n\t\t\t\t\t\t\t\t\t<span class=\"elementor-button-text\">Partager des Commentaires<\/span>\n\t\t\t\t\t<\/span>\n\t\t\t\t\t<\/a>\n\t\t\t\t<\/div>\n\t\t\t\t\t\t\t\t<\/div>\n\t\t\t\t<\/div>\n\t\t\t\t<div class=\"elementor-element elementor-element-246e5e8 elementor-widget elementor-widget-spacer\" data-id=\"246e5e8\" data-element_type=\"widget\" data-e-type=\"widget\" data-widget_type=\"spacer.default\">\n\t\t\t\t<div class=\"elementor-widget-container\">\n\t\t\t\t\t\t\t<div class=\"elementor-spacer\">\n\t\t\t<div class=\"elementor-spacer-inner\"><\/div>\n\t\t<\/div>\n\t\t\t\t\t\t<\/div>\n\t\t\t\t<\/div>\n\t\t\t\t<div class=\"elementor-element elementor-element-080eda2 elementor-widget elementor-widget-heading\" data-id=\"080eda2\" data-element_type=\"widget\" data-e-type=\"widget\" data-widget_type=\"heading.default\">\n\t\t\t\t<div class=\"elementor-widget-container\">\n\t\t\t\t\t<h2 class=\"elementor-heading-title elementor-size-default\">Consultez nos archives d\u2019Apprentissage Tous Azimuts 2024\/2025<\/h2>\t\t\t\t<\/div>\n\t\t\t\t<\/div>\n\t\t\t\t<div class=\"elementor-element elementor-element-76908f5 elementor-widget elementor-widget-spacer\" data-id=\"76908f5\" data-element_type=\"widget\" data-e-type=\"widget\" data-widget_type=\"spacer.default\">\n\t\t\t\t<div class=\"elementor-widget-container\">\n\t\t\t\t\t\t\t<div class=\"elementor-spacer\">\n\t\t\t<div class=\"elementor-spacer-inner\"><\/div>\n\t\t<\/div>\n\t\t\t\t\t\t<\/div>\n\t\t\t\t<\/div>\n\t\t\t\t<div class=\"elementor-element elementor-element-07e0f2a elementor-align-center elementor-widget elementor-widget-button\" data-id=\"07e0f2a\" data-element_type=\"widget\" data-e-type=\"widget\" data-widget_type=\"button.default\">\n\t\t\t\t<div class=\"elementor-widget-container\">\n\t\t\t\t\t\t\t\t\t<div class=\"elementor-button-wrapper\">\n\t\t\t\t\t<a class=\"elementor-button elementor-button-link elementor-size-sm\" href=\"https:\/\/lsf-lst.ca\/fr\/ressources\/lapprentissage-tous-azimuts\/archives-dapprentissage-tous-azimuts\/\">\n\t\t\t\t\t\t<span class=\"elementor-button-content-wrapper\">\n\t\t\t\t\t\t\t\t\t<span class=\"elementor-button-text\">Cliquez ici<\/span>\n\t\t\t\t\t<\/span>\n\t\t\t\t\t<\/a>\n\t\t\t\t<\/div>\n\t\t\t\t\t\t\t\t<\/div>\n\t\t\t\t<\/div>\n\t\t\t\t\t<\/div>\n\t\t<\/div>\n\t\t\t\t\t<\/div>\n\t\t<\/section>\n\t\t\t\t<\/div>\n\t\t","protected":false},"excerpt":{"rendered":"<p>L&#8217; apprentissage tous azimuts Ressources \u00e9ducatives \u00e0 la maison et \u00e0 l&#8217;\u00e9cole pour les parents et les enseignants LSF a commenc\u00e9 \u00e0 organiser cette collection hebdomadaire d&#8217;activit\u00e9s pendant les fermetures de COVID-19, lorsque tout le monde apprenait \u00e0 la maison et que les enseignants et les parents faisaient des pieds et des mains pour maintenir [&hellip;]<\/p>\n","protected":false},"author":1,"featured_media":0,"parent":457,"menu_order":0,"comment_status":"closed","ping_status":"closed","template":"elementor_header_footer","meta":{"site-sidebar-layout":"no-sidebar","site-content-layout":"page-builder","ast-site-content-layout":"full-width-container","site-content-style":"unboxed","site-sidebar-style":"unboxed","ast-global-header-display":"","ast-banner-title-visibility":"","ast-main-header-display":"disabled","ast-hfb-above-header-display":"","ast-hfb-below-header-display":"","ast-hfb-mobile-header-display":"disabled","site-post-title":"disabled","ast-breadcrumbs-content":"disabled","ast-featured-img":"disabled","footer-sml-layout":"disabled","ast-disable-related-posts":"","theme-transparent-header-meta":"default","adv-header-id-meta":"","stick-header-meta":"","header-above-stick-meta":"","header-main-stick-meta":"","header-below-stick-meta":"","astra-migrate-meta-layouts":"set","ast-page-background-enabled":"default","ast-page-background-meta":{"desktop":{"background-color":"","background-image":"","background-repeat":"repeat","background-position":"center center","background-size":"auto","background-attachment":"scroll","background-type":"","background-media":"","overlay-type":"","overlay-color":"","overlay-opacity":"","overlay-gradient":""},"tablet":{"background-color":"","background-image":"","background-repeat":"repeat","background-position":"center center","background-size":"auto","background-attachment":"scroll","background-type":"","background-media":"","overlay-type":"","overlay-color":"","overlay-opacity":"","overlay-gradient":""},"mobile":{"background-color":"","background-image":"","background-repeat":"repeat","background-position":"center center","background-size":"auto","background-attachment":"scroll","background-type":"","background-media":"","overlay-type":"","overlay-color":"","overlay-opacity":"","overlay-gradient":""}},"ast-content-background-meta":{"desktop":{"background-color":"var(--ast-global-color-5)","background-image":"","background-repeat":"repeat","background-position":"center center","background-size":"auto","background-attachment":"scroll","background-type":"","background-media":"","overlay-type":"","overlay-color":"","overlay-opacity":"","overlay-gradient":""},"tablet":{"background-color":"var(--ast-global-color-5)","background-image":"","background-repeat":"repeat","background-position":"center center","background-size":"auto","background-attachment":"scroll","background-type":"","background-media":"","overlay-type":"","overlay-color":"","overlay-opacity":"","overlay-gradient":""},"mobile":{"background-color":"var(--ast-global-color-5)","background-image":"","background-repeat":"repeat","background-position":"center center","background-size":"auto","background-attachment":"scroll","background-type":"","background-media":"","overlay-type":"","overlay-color":"","overlay-opacity":"","overlay-gradient":""}},"footnotes":""},"class_list":["post-1041","page","type-page","status-publish","hentry"],"_links":{"self":[{"href":"https:\/\/lsf-lst.ca\/fr\/wp-json\/wp\/v2\/pages\/1041","targetHints":{"allow":["GET"]}}],"collection":[{"href":"https:\/\/lsf-lst.ca\/fr\/wp-json\/wp\/v2\/pages"}],"about":[{"href":"https:\/\/lsf-lst.ca\/fr\/wp-json\/wp\/v2\/types\/page"}],"author":[{"embeddable":true,"href":"https:\/\/lsf-lst.ca\/fr\/wp-json\/wp\/v2\/users\/1"}],"replies":[{"embeddable":true,"href":"https:\/\/lsf-lst.ca\/fr\/wp-json\/wp\/v2\/comments?post=1041"}],"version-history":[{"count":704,"href":"https:\/\/lsf-lst.ca\/fr\/wp-json\/wp\/v2\/pages\/1041\/revisions"}],"predecessor-version":[{"id":16805,"href":"https:\/\/lsf-lst.ca\/fr\/wp-json\/wp\/v2\/pages\/1041\/revisions\/16805"}],"up":[{"embeddable":true,"href":"https:\/\/lsf-lst.ca\/fr\/wp-json\/wp\/v2\/pages\/457"}],"wp:attachment":[{"href":"https:\/\/lsf-lst.ca\/fr\/wp-json\/wp\/v2\/media?parent=1041"}],"curies":[{"name":"wp","href":"https:\/\/api.w.org\/{rel}","templated":true}]}}