{"id":1069,"date":"2021-08-05T17:34:38","date_gmt":"2021-08-05T17:34:38","guid":{"rendered":"https:\/\/staging.lsf-lst.ca\/?page_id=1069"},"modified":"2024-02-14T15:15:28","modified_gmt":"2024-02-14T15:15:28","slug":"projet-notre-canada","status":"publish","type":"page","link":"https:\/\/lsf-lst.ca\/fr\/programmes\/projet-notre-canada\/","title":{"rendered":"Projet Notre Canada \u200b"},"content":{"rendered":"\t\t<div data-elementor-type=\"wp-page\" data-elementor-id=\"1069\" class=\"elementor elementor-1069\" data-elementor-post-type=\"page\">\n\t\t\t\t\t\t<section class=\"has_eae_slider elementor-section elementor-top-section elementor-element elementor-element-95594ea elementor-section-items-bottom elementor-section-height-min-height elementor-section-boxed elementor-section-height-default\" data-eae-slider=\"29352\" data-id=\"95594ea\" data-element_type=\"section\" data-e-type=\"section\" data-settings=\"{&quot;background_background&quot;:&quot;classic&quot;}\">\n\t\t\t\t\t\t\t<div class=\"elementor-background-overlay\"><\/div>\n\t\t\t\t\t\t\t<div class=\"elementor-container elementor-column-gap-default\">\n\t\t\t\t\t<div class=\"has_eae_slider elementor-column elementor-col-100 elementor-top-column elementor-element elementor-element-2b990a5\" data-eae-slider=\"90003\" data-id=\"2b990a5\" data-element_type=\"column\" data-e-type=\"column\">\n\t\t\t<div class=\"elementor-widget-wrap elementor-element-populated\">\n\t\t\t\t\t\t<div class=\"elementor-element elementor-element-5d50876 elementor-widget elementor-widget-spacer\" data-id=\"5d50876\" data-element_type=\"widget\" data-e-type=\"widget\" data-widget_type=\"spacer.default\">\n\t\t\t\t<div class=\"elementor-widget-container\">\n\t\t\t\t\t\t\t<div class=\"elementor-spacer\">\n\t\t\t<div class=\"elementor-spacer-inner\"><\/div>\n\t\t<\/div>\n\t\t\t\t\t\t<\/div>\n\t\t\t\t<\/div>\n\t\t\t\t\t<\/div>\n\t\t<\/div>\n\t\t\t\t\t<\/div>\n\t\t<\/section>\n\t\t\t\t<section class=\"has_eae_slider elementor-section elementor-top-section elementor-element elementor-element-d68dbda elementor-hidden-phone elementor-section-boxed elementor-section-height-default elementor-section-height-default\" data-eae-slider=\"41807\" data-id=\"d68dbda\" data-element_type=\"section\" data-e-type=\"section\">\n\t\t\t\t\t\t<div class=\"elementor-container elementor-column-gap-default\">\n\t\t\t\t\t<div class=\"has_eae_slider elementor-column elementor-col-100 elementor-top-column elementor-element elementor-element-1b16a89f\" data-eae-slider=\"11097\" data-id=\"1b16a89f\" data-element_type=\"column\" data-e-type=\"column\">\n\t\t\t<div class=\"elementor-widget-wrap elementor-element-populated\">\n\t\t\t\t\t\t<div class=\"elementor-element elementor-element-13ec4371 elementor-widget elementor-widget-wp-widget-bcn_widget\" data-id=\"13ec4371\" data-element_type=\"widget\" data-e-type=\"widget\" data-widget_type=\"wp-widget-bcn_widget.default\">\n\t\t\t\t<div class=\"elementor-widget-container\">\n\t\t\t\t\t<div class=\"breadcrumbs\" vocab=\"https:\/\/schema.org\/\" typeof=\"BreadcrumbList\"><\/div>\t\t\t\t<\/div>\n\t\t\t\t<\/div>\n\t\t\t\t\t<\/div>\n\t\t<\/div>\n\t\t\t\t\t<\/div>\n\t\t<\/section>\n\t\t\t\t<section class=\"has_eae_slider elementor-section elementor-top-section elementor-element elementor-element-e358044 elementor-section-boxed elementor-section-height-default elementor-section-height-default\" data-eae-slider=\"94203\" data-id=\"e358044\" data-element_type=\"section\" data-e-type=\"section\">\n\t\t\t\t\t\t<div class=\"elementor-container elementor-column-gap-default\">\n\t\t\t\t\t<div class=\"has_eae_slider elementor-column elementor-col-50 elementor-top-column elementor-element elementor-element-1fc5ac8\" data-eae-slider=\"67484\" data-id=\"1fc5ac8\" data-element_type=\"column\" data-e-type=\"column\">\n\t\t\t<div class=\"elementor-widget-wrap elementor-element-populated\">\n\t\t\t\t\t\t<div class=\"elementor-element elementor-element-fa0ffea elementor-widget-divider--view-line elementor-widget elementor-widget-divider\" data-id=\"fa0ffea\" data-element_type=\"widget\" data-e-type=\"widget\" data-widget_type=\"divider.default\">\n\t\t\t\t<div class=\"elementor-widget-container\">\n\t\t\t\t\t\t\t<div class=\"elementor-divider\">\n\t\t\t<span class=\"elementor-divider-separator\">\n\t\t\t\t\t\t<\/span>\n\t\t<\/div>\n\t\t\t\t\t\t<\/div>\n\t\t\t\t<\/div>\n\t\t\t\t<div class=\"elementor-element elementor-element-987190f elementor-widget elementor-widget-heading\" data-id=\"987190f\" data-element_type=\"widget\" data-e-type=\"widget\" data-widget_type=\"heading.default\">\n\t\t\t\t<div class=\"elementor-widget-container\">\n\t\t\t\t\t<h2 class=\"elementor-heading-title elementor-size-default\">Projet Notre Canada <\/h2>\t\t\t\t<\/div>\n\t\t\t\t<\/div>\n\t\t\t\t<div class=\"elementor-element elementor-element-adfc079 elementor-widget elementor-widget-spacer\" data-id=\"adfc079\" data-element_type=\"widget\" data-e-type=\"widget\" data-widget_type=\"spacer.default\">\n\t\t\t\t<div class=\"elementor-widget-container\">\n\t\t\t\t\t\t\t<div class=\"elementor-spacer\">\n\t\t\t<div class=\"elementor-spacer-inner\"><\/div>\n\t\t<\/div>\n\t\t\t\t\t\t<\/div>\n\t\t\t\t<\/div>\n\t\t\t\t<div class=\"elementor-element elementor-element-2709008 elementor-widget elementor-widget-text-editor\" data-id=\"2709008\" data-element_type=\"widget\" data-e-type=\"widget\" data-widget_type=\"text-editor.default\">\n\t\t\t\t<div class=\"elementor-widget-container\">\n\t\t\t\t\t\t\t\t\t<p><strong><em>Quelle est votre vision pour un Canada meilleur? Que faites-vous pour la concr\u00e9tiser? Partagez votre r\u00e9cit d\u00e8s aujourd\u2019hui.<\/em><\/strong><\/p><p>Le <em>Projet Notre Canada\u00a0<\/em>(<em>PNC<\/em>) est une plateforme Web que les \u00e9l\u00e8ves d\u2019un bout \u00e0 l\u2019autre du Canada peuvent utiliser pour pr\u00e9senter un projet entier \u2013 comme la vision de la classe, le plan d\u2019action, les photos, les rapports d\u2019\u00e9tape et les r\u00e9ussites en cours de route.<\/p><p>Le PNC est le fruit des r\u00e9flexions d\u2019un groupe de 22 jeunes d\u2019un bout \u00e0 l\u2019autre du pays. Ceux-ci se sont r\u00e9unis pendant 48 heures pour tenter de d\u00e9terminer comment inciter les jeunes de toutes les r\u00e9gions du pays \u00e0 \u00eatre des citoyens plus responsables. La r\u00e9ponse? Donnez aux jeunes la chance de se faire entendre, et ils passeront \u00e0 l\u2019action. C\u2019est ainsi qu\u2019est n\u00e9 le<em>\u00a0Projet Notre Canada<\/em>.<\/p><p>Le PNC peut servir \u00e0 partager avec tous les Canadiens les projets que vous avez entrepris, que ceux-ci soient petits ou gros, individuels ou collectifs, pour faire du Canada un endroit o\u00f9 il fait mieux vivre.<\/p>\t\t\t\t\t\t\t\t<\/div>\n\t\t\t\t<\/div>\n\t\t\t\t<div class=\"elementor-element elementor-element-1bbdf69 elementor-align-left elementor-widget elementor-widget-button\" data-id=\"1bbdf69\" data-element_type=\"widget\" data-e-type=\"widget\" data-widget_type=\"button.default\">\n\t\t\t\t<div class=\"elementor-widget-container\">\n\t\t\t\t\t\t\t\t\t<div class=\"elementor-button-wrapper\">\n\t\t\t\t\t<a class=\"elementor-button elementor-button-link elementor-size-sm\" href=\"http:\/\/ourcanadaproject.ca\/fr\/\" target=\"_blank\">\n\t\t\t\t\t\t<span class=\"elementor-button-content-wrapper\">\n\t\t\t\t\t\t\t\t\t<span class=\"elementor-button-text\">Visitez le site Web Notre Canada<\/span>\n\t\t\t\t\t<\/span>\n\t\t\t\t\t<\/a>\n\t\t\t\t<\/div>\n\t\t\t\t\t\t\t\t<\/div>\n\t\t\t\t<\/div>\n\t\t\t\t<div class=\"elementor-element elementor-element-a3fcb43 elementor-widget elementor-widget-spacer\" data-id=\"a3fcb43\" data-element_type=\"widget\" data-e-type=\"widget\" data-widget_type=\"spacer.default\">\n\t\t\t\t<div class=\"elementor-widget-container\">\n\t\t\t\t\t\t\t<div class=\"elementor-spacer\">\n\t\t\t<div class=\"elementor-spacer-inner\"><\/div>\n\t\t<\/div>\n\t\t\t\t\t\t<\/div>\n\t\t\t\t<\/div>\n\t\t\t\t<div class=\"elementor-element elementor-element-504590f elementor-widget elementor-widget-spacer\" data-id=\"504590f\" data-element_type=\"widget\" data-e-type=\"widget\" data-widget_type=\"spacer.default\">\n\t\t\t\t<div class=\"elementor-widget-container\">\n\t\t\t\t\t\t\t<div class=\"elementor-spacer\">\n\t\t\t<div class=\"elementor-spacer-inner\"><\/div>\n\t\t<\/div>\n\t\t\t\t\t\t<\/div>\n\t\t\t\t<\/div>\n\t\t\t\t<div class=\"elementor-element elementor-element-7da3477 elementor-widget elementor-widget-spacer\" data-id=\"7da3477\" data-element_type=\"widget\" data-e-type=\"widget\" data-widget_type=\"spacer.default\">\n\t\t\t\t<div class=\"elementor-widget-container\">\n\t\t\t\t\t\t\t<div class=\"elementor-spacer\">\n\t\t\t<div class=\"elementor-spacer-inner\"><\/div>\n\t\t<\/div>\n\t\t\t\t\t\t<\/div>\n\t\t\t\t<\/div>\n\t\t\t\t\t<\/div>\n\t\t<\/div>\n\t\t\t\t<div class=\"has_eae_slider elementor-column elementor-col-50 elementor-top-column elementor-element elementor-element-6a01808\" data-eae-slider=\"37786\" data-id=\"6a01808\" data-element_type=\"column\" data-e-type=\"column\">\n\t\t\t<div class=\"elementor-widget-wrap elementor-element-populated\">\n\t\t\t\t\t\t<div class=\"elementor-element elementor-element-fef472e elementor-widget elementor-widget-image\" data-id=\"fef472e\" data-element_type=\"widget\" data-e-type=\"widget\" data-widget_type=\"image.default\">\n\t\t\t\t<div class=\"elementor-widget-container\">\n\t\t\t\t\t\t\t\t\t\t\t\t\t\t\t<img fetchpriority=\"high\" decoding=\"async\" width=\"495\" height=\"322\" src=\"https:\/\/lsf-lst.ca\/fr\/wp-content\/uploads\/2021\/08\/OurCanadaProjectFR2.jpeg\" class=\"attachment-large size-large wp-image-3531\" alt=\"\" srcset=\"https:\/\/lsf-lst.ca\/fr\/wp-content\/uploads\/2021\/08\/OurCanadaProjectFR2.jpeg 495w, https:\/\/lsf-lst.ca\/fr\/wp-content\/uploads\/2021\/08\/OurCanadaProjectFR2-300x195.jpeg 300w\" sizes=\"(max-width: 495px) 100vw, 495px\" \/>\t\t\t\t\t\t\t\t\t\t\t\t\t\t\t<\/div>\n\t\t\t\t<\/div>\n\t\t\t\t<div class=\"elementor-element elementor-element-db104da elementor-widget elementor-widget-spacer\" data-id=\"db104da\" data-element_type=\"widget\" data-e-type=\"widget\" data-widget_type=\"spacer.default\">\n\t\t\t\t<div class=\"elementor-widget-container\">\n\t\t\t\t\t\t\t<div class=\"elementor-spacer\">\n\t\t\t<div class=\"elementor-spacer-inner\"><\/div>\n\t\t<\/div>\n\t\t\t\t\t\t<\/div>\n\t\t\t\t<\/div>\n\t\t\t\t<div class=\"elementor-element elementor-element-dc3fb9a elementor-widget elementor-widget-image\" data-id=\"dc3fb9a\" data-element_type=\"widget\" data-e-type=\"widget\" data-widget_type=\"image.default\">\n\t\t\t\t<div class=\"elementor-widget-container\">\n\t\t\t\t\t\t\t\t\t\t\t\t\t\t\t<img decoding=\"async\" width=\"1024\" height=\"768\" src=\"https:\/\/lsf-lst.ca\/fr\/wp-content\/uploads\/2021\/08\/delegates_YRT-1024x768.jpeg\" class=\"attachment-large size-large wp-image-1078\" alt=\"\" srcset=\"https:\/\/lsf-lst.ca\/fr\/wp-content\/uploads\/2021\/08\/delegates_YRT-1024x768.jpeg 1024w, https:\/\/lsf-lst.ca\/fr\/wp-content\/uploads\/2021\/08\/delegates_YRT-300x225.jpeg 300w, https:\/\/lsf-lst.ca\/fr\/wp-content\/uploads\/2021\/08\/delegates_YRT-768x576.jpeg 768w, https:\/\/lsf-lst.ca\/fr\/wp-content\/uploads\/2021\/08\/delegates_YRT-1536x1152.jpeg 1536w, https:\/\/lsf-lst.ca\/fr\/wp-content\/uploads\/2021\/08\/delegates_YRT-2048x1536.jpeg 2048w\" sizes=\"(max-width: 1024px) 100vw, 1024px\" \/>\t\t\t\t\t\t\t\t\t\t\t\t\t\t\t<\/div>\n\t\t\t\t<\/div>\n\t\t\t\t<section class=\"has_eae_slider elementor-section elementor-inner-section elementor-element elementor-element-80decc5 elementor-section-boxed elementor-section-height-default elementor-section-height-default\" data-eae-slider=\"90218\" data-id=\"80decc5\" data-element_type=\"section\" data-e-type=\"section\">\n\t\t\t\t\t\t<div class=\"elementor-container elementor-column-gap-default\">\n\t\t\t\t\t<div class=\"has_eae_slider elementor-column elementor-col-50 elementor-inner-column elementor-element elementor-element-a5f690b\" data-eae-slider=\"27931\" data-id=\"a5f690b\" data-element_type=\"column\" data-e-type=\"column\">\n\t\t\t<div class=\"elementor-widget-wrap elementor-element-populated\">\n\t\t\t\t\t\t<div class=\"elementor-element elementor-element-ab7e3cb elementor-widget elementor-widget-image\" data-id=\"ab7e3cb\" data-element_type=\"widget\" data-e-type=\"widget\" data-widget_type=\"image.default\">\n\t\t\t\t<div class=\"elementor-widget-container\">\n\t\t\t\t\t\t\t\t\t\t\t\t\t\t\t<img decoding=\"async\" width=\"532\" height=\"140\" src=\"https:\/\/lsf-lst.ca\/fr\/wp-content\/uploads\/2021\/08\/RBCFND_LogoDes_H_rgbP_BiEF.png\" class=\"attachment-large size-large wp-image-1447\" alt=\"\" srcset=\"https:\/\/lsf-lst.ca\/fr\/wp-content\/uploads\/2021\/08\/RBCFND_LogoDes_H_rgbP_BiEF.png 532w, https:\/\/lsf-lst.ca\/fr\/wp-content\/uploads\/2021\/08\/RBCFND_LogoDes_H_rgbP_BiEF-300x79.png 300w\" sizes=\"(max-width: 532px) 100vw, 532px\" \/>\t\t\t\t\t\t\t\t\t\t\t\t\t\t\t<\/div>\n\t\t\t\t<\/div>\n\t\t\t\t\t<\/div>\n\t\t<\/div>\n\t\t\t\t<div class=\"has_eae_slider elementor-column elementor-col-50 elementor-inner-column elementor-element elementor-element-01b5057\" data-eae-slider=\"47675\" data-id=\"01b5057\" data-element_type=\"column\" data-e-type=\"column\">\n\t\t\t<div class=\"elementor-widget-wrap elementor-element-populated\">\n\t\t\t\t\t\t<div class=\"elementor-element elementor-element-d4d8b53 elementor-widget elementor-widget-image\" data-id=\"d4d8b53\" data-element_type=\"widget\" data-e-type=\"widget\" data-widget_type=\"image.default\">\n\t\t\t\t<div class=\"elementor-widget-container\">\n\t\t\t\t\t\t\t\t\t\t\t\t\t\t\t<img loading=\"lazy\" decoding=\"async\" width=\"540\" height=\"130\" src=\"https:\/\/lsf-lst.ca\/fr\/wp-content\/uploads\/2021\/08\/gov_canada_logo.png\" class=\"attachment-large size-large wp-image-1057\" alt=\"\" srcset=\"https:\/\/lsf-lst.ca\/fr\/wp-content\/uploads\/2021\/08\/gov_canada_logo.png 540w, https:\/\/lsf-lst.ca\/fr\/wp-content\/uploads\/2021\/08\/gov_canada_logo-300x72.png 300w\" sizes=\"(max-width: 540px) 100vw, 540px\" \/>\t\t\t\t\t\t\t\t\t\t\t\t\t\t\t<\/div>\n\t\t\t\t<\/div>\n\t\t\t\t\t<\/div>\n\t\t<\/div>\n\t\t\t\t\t<\/div>\n\t\t<\/section>\n\t\t\t\t\t<\/div>\n\t\t<\/div>\n\t\t\t\t\t<\/div>\n\t\t<\/section>\n\t\t\t\t<\/div>\n\t\t","protected":false},"excerpt":{"rendered":"<p>Projet Notre Canada Quelle est votre vision pour un Canada meilleur? Que faites-vous pour la concr\u00e9tiser? Partagez votre r\u00e9cit d\u00e8s aujourd\u2019hui. Le Projet Notre Canada\u00a0(PNC) est une plateforme Web que les \u00e9l\u00e8ves d\u2019un bout \u00e0 l\u2019autre du Canada peuvent utiliser pour pr\u00e9senter un projet entier \u2013 comme la vision de la classe, le plan d\u2019action, [&hellip;]<\/p>\n","protected":false},"author":1,"featured_media":0,"parent":607,"menu_order":0,"comment_status":"closed","ping_status":"closed","template":"elementor_header_footer","meta":{"site-sidebar-layout":"no-sidebar","site-content-layout":"page-builder","ast-site-content-layout":"default","site-content-style":"default","site-sidebar-style":"default","ast-global-header-display":"","ast-banner-title-visibility":"","ast-main-header-display":"disabled","ast-hfb-above-header-display":"","ast-hfb-below-header-display":"","ast-hfb-mobile-header-display":"disabled","site-post-title":"disabled","ast-breadcrumbs-content":"disabled","ast-featured-img":"disabled","footer-sml-layout":"disabled","ast-disable-related-posts":"","theme-transparent-header-meta":"default","adv-header-id-meta":"","stick-header-meta":"","header-above-stick-meta":"","header-main-stick-meta":"","header-below-stick-meta":"","astra-migrate-meta-layouts":"default","ast-page-background-enabled":"default","ast-page-background-meta":{"desktop":{"background-color":"","background-image":"","background-repeat":"repeat","background-position":"center center","background-size":"auto","background-attachment":"scroll","background-type":"","background-media":"","overlay-type":"","overlay-color":"","overlay-opacity":"","overlay-gradient":""},"tablet":{"background-color":"","background-image":"","background-repeat":"repeat","background-position":"center center","background-size":"auto","background-attachment":"scroll","background-type":"","background-media":"","overlay-type":"","overlay-color":"","overlay-opacity":"","overlay-gradient":""},"mobile":{"background-color":"","background-image":"","background-repeat":"repeat","background-position":"center center","background-size":"auto","background-attachment":"scroll","background-type":"","background-media":"","overlay-type":"","overlay-color":"","overlay-opacity":"","overlay-gradient":""}},"ast-content-background-meta":{"desktop":{"background-color":"var(--ast-global-color-5)","background-image":"","background-repeat":"repeat","background-position":"center center","background-size":"auto","background-attachment":"scroll","background-type":"","background-media":"","overlay-type":"","overlay-color":"","overlay-opacity":"","overlay-gradient":""},"tablet":{"background-color":"var(--ast-global-color-5)","background-image":"","background-repeat":"repeat","background-position":"center center","background-size":"auto","background-attachment":"scroll","background-type":"","background-media":"","overlay-type":"","overlay-color":"","overlay-opacity":"","overlay-gradient":""},"mobile":{"background-color":"var(--ast-global-color-5)","background-image":"","background-repeat":"repeat","background-position":"center center","background-size":"auto","background-attachment":"scroll","background-type":"","background-media":"","overlay-type":"","overlay-color":"","overlay-opacity":"","overlay-gradient":""}},"footnotes":""},"class_list":["post-1069","page","type-page","status-publish","hentry"],"_links":{"self":[{"href":"https:\/\/lsf-lst.ca\/fr\/wp-json\/wp\/v2\/pages\/1069","targetHints":{"allow":["GET"]}}],"collection":[{"href":"https:\/\/lsf-lst.ca\/fr\/wp-json\/wp\/v2\/pages"}],"about":[{"href":"https:\/\/lsf-lst.ca\/fr\/wp-json\/wp\/v2\/types\/page"}],"author":[{"embeddable":true,"href":"https:\/\/lsf-lst.ca\/fr\/wp-json\/wp\/v2\/users\/1"}],"replies":[{"embeddable":true,"href":"https:\/\/lsf-lst.ca\/fr\/wp-json\/wp\/v2\/comments?post=1069"}],"version-history":[{"count":56,"href":"https:\/\/lsf-lst.ca\/fr\/wp-json\/wp\/v2\/pages\/1069\/revisions"}],"predecessor-version":[{"id":13660,"href":"https:\/\/lsf-lst.ca\/fr\/wp-json\/wp\/v2\/pages\/1069\/revisions\/13660"}],"up":[{"embeddable":true,"href":"https:\/\/lsf-lst.ca\/fr\/wp-json\/wp\/v2\/pages\/607"}],"wp:attachment":[{"href":"https:\/\/lsf-lst.ca\/fr\/wp-json\/wp\/v2\/media?parent=1069"}],"curies":[{"name":"wp","href":"https:\/\/api.w.org\/{rel}","templated":true}]}}