{"id":1154,"date":"2021-08-12T20:55:21","date_gmt":"2021-08-12T20:55:21","guid":{"rendered":"https:\/\/staging.lsf-lst.ca\/?page_id=1154"},"modified":"2024-10-12T19:39:23","modified_gmt":"2024-10-12T19:39:23","slug":"sortez-dehors","status":"publish","type":"page","link":"https:\/\/lsf-lst.ca\/fr\/ressources\/sortez-dehors\/","title":{"rendered":"Sortez dehors"},"content":{"rendered":"\t\t<div data-elementor-type=\"wp-page\" data-elementor-id=\"1154\" class=\"elementor elementor-1154\" data-elementor-post-type=\"page\">\n\t\t\t\t\t\t<section class=\"has_eae_slider elementor-section elementor-top-section elementor-element elementor-element-95594ea elementor-section-items-bottom elementor-section-height-min-height elementor-section-boxed elementor-section-height-default\" data-eae-slider=\"55550\" data-id=\"95594ea\" data-element_type=\"section\" data-e-type=\"section\" data-settings=\"{&quot;background_background&quot;:&quot;classic&quot;}\">\n\t\t\t\t\t\t\t<div class=\"elementor-background-overlay\"><\/div>\n\t\t\t\t\t\t\t<div class=\"elementor-container elementor-column-gap-default\">\n\t\t\t\t\t<div class=\"has_eae_slider elementor-column elementor-col-100 elementor-top-column elementor-element elementor-element-2b990a5\" data-eae-slider=\"89015\" data-id=\"2b990a5\" data-element_type=\"column\" data-e-type=\"column\">\n\t\t\t<div class=\"elementor-widget-wrap elementor-element-populated\">\n\t\t\t\t\t\t<div class=\"elementor-element elementor-element-5d50876 elementor-widget elementor-widget-spacer\" data-id=\"5d50876\" data-element_type=\"widget\" data-e-type=\"widget\" data-widget_type=\"spacer.default\">\n\t\t\t\t<div class=\"elementor-widget-container\">\n\t\t\t\t\t\t\t<div class=\"elementor-spacer\">\n\t\t\t<div class=\"elementor-spacer-inner\"><\/div>\n\t\t<\/div>\n\t\t\t\t\t\t<\/div>\n\t\t\t\t<\/div>\n\t\t\t\t\t<\/div>\n\t\t<\/div>\n\t\t\t\t\t<\/div>\n\t\t<\/section>\n\t\t\t\t<section class=\"has_eae_slider elementor-section elementor-top-section elementor-element elementor-element-2450023f elementor-hidden-phone elementor-section-boxed elementor-section-height-default elementor-section-height-default\" data-eae-slider=\"44843\" data-id=\"2450023f\" data-element_type=\"section\" data-e-type=\"section\">\n\t\t\t\t\t\t<div class=\"elementor-container elementor-column-gap-default\">\n\t\t\t\t\t<div class=\"has_eae_slider elementor-column elementor-col-100 elementor-top-column elementor-element elementor-element-3d45742f\" data-eae-slider=\"88403\" data-id=\"3d45742f\" data-element_type=\"column\" data-e-type=\"column\">\n\t\t\t<div class=\"elementor-widget-wrap elementor-element-populated\">\n\t\t\t\t\t\t<div class=\"elementor-element elementor-element-d89451a elementor-widget elementor-widget-wp-widget-bcn_widget\" data-id=\"d89451a\" data-element_type=\"widget\" data-e-type=\"widget\" data-widget_type=\"wp-widget-bcn_widget.default\">\n\t\t\t\t<div class=\"elementor-widget-container\">\n\t\t\t\t\t<div class=\"breadcrumbs\" vocab=\"https:\/\/schema.org\/\" typeof=\"BreadcrumbList\"><\/div>\t\t\t\t<\/div>\n\t\t\t\t<\/div>\n\t\t\t\t\t<\/div>\n\t\t<\/div>\n\t\t\t\t\t<\/div>\n\t\t<\/section>\n\t\t\t\t<section class=\"has_eae_slider elementor-section elementor-top-section elementor-element elementor-element-e358044 elementor-section-boxed elementor-section-height-default elementor-section-height-default\" data-eae-slider=\"23672\" data-id=\"e358044\" data-element_type=\"section\" data-e-type=\"section\">\n\t\t\t\t\t\t<div class=\"elementor-container elementor-column-gap-default\">\n\t\t\t\t\t<div class=\"has_eae_slider elementor-column elementor-col-50 elementor-top-column elementor-element elementor-element-1fc5ac8\" data-eae-slider=\"28636\" data-id=\"1fc5ac8\" data-element_type=\"column\" data-e-type=\"column\">\n\t\t\t<div class=\"elementor-widget-wrap elementor-element-populated\">\n\t\t\t\t\t\t<div class=\"elementor-element elementor-element-fa0ffea elementor-widget-divider--view-line elementor-widget elementor-widget-divider\" data-id=\"fa0ffea\" data-element_type=\"widget\" data-e-type=\"widget\" data-widget_type=\"divider.default\">\n\t\t\t\t<div class=\"elementor-widget-container\">\n\t\t\t\t\t\t\t<div class=\"elementor-divider\">\n\t\t\t<span class=\"elementor-divider-separator\">\n\t\t\t\t\t\t<\/span>\n\t\t<\/div>\n\t\t\t\t\t\t<\/div>\n\t\t\t\t<\/div>\n\t\t\t\t<div class=\"elementor-element elementor-element-987190f elementor-widget elementor-widget-heading\" data-id=\"987190f\" data-element_type=\"widget\" data-e-type=\"widget\" data-widget_type=\"heading.default\">\n\t\t\t\t<div class=\"elementor-widget-container\">\n\t\t\t\t\t<h2 class=\"elementor-heading-title elementor-size-default\">Sortez Dehors<\/h2>\t\t\t\t<\/div>\n\t\t\t\t<\/div>\n\t\t\t\t<div class=\"elementor-element elementor-element-adfc079 elementor-widget elementor-widget-spacer\" data-id=\"adfc079\" data-element_type=\"widget\" data-e-type=\"widget\" data-widget_type=\"spacer.default\">\n\t\t\t\t<div class=\"elementor-widget-container\">\n\t\t\t\t\t\t\t<div class=\"elementor-spacer\">\n\t\t\t<div class=\"elementor-spacer-inner\"><\/div>\n\t\t<\/div>\n\t\t\t\t\t\t<\/div>\n\t\t\t\t<\/div>\n\t\t\t\t<div class=\"elementor-element elementor-element-2709008 elementor-widget elementor-widget-text-editor\" data-id=\"2709008\" data-element_type=\"widget\" data-e-type=\"widget\" data-widget_type=\"text-editor.default\">\n\t\t\t\t<div class=\"elementor-widget-container\">\n\t\t\t\t\t\t\t\t\t<p>Bienvenue \u00e0 Sortez dehors &#8211; Le guide des merveilles naturelles, publi\u00e9 deux ou trois fois par mois, est une compilation des \u00e9v\u00e9nements saisonniers dont vous pourrez vous servir pour transmettre \u00e0 vos \u00e9l\u00e8ves une exp\u00e9rience du monde naturel. Les guides d\u00e9taillent les \u00e9v\u00e9nements sp\u00e9cifiques ayant trait \u00e0 la flore, \u00e0 la faune et au climat qui se d\u00e9roulent souvent juste \u00e0 l\u2019ext\u00e9rieur de votre \u00e9cole, bien que ceux-ci puissent survenir t\u00f4t ou tard selon votre endroit.<\/p><p>Le cas \u00e9ch\u00e9ant, des liens directs entre des guides sp\u00e9cifiques et des ressources p\u00e9dagogiques de la base de donn\u00e9es R4R ont \u00e9t\u00e9 \u00e9tablis dans le but de soutenir ou d&#8217;approfondir l&#8217;apprentissage davantage.<\/p><p>Chaque guide sera disponible au fil des saisons sur le <a href=\"https:\/\/resources4rethinking.ca\/fr\/step-outside\">site web de R4R<\/a>. Vous pouvez \u00e9galement vous inscrire pour recevoir les publications Sortez dehors par courriel.<\/p>\t\t\t\t\t\t\t\t<\/div>\n\t\t\t\t<\/div>\n\t\t\t\t<section class=\"has_eae_slider elementor-section elementor-inner-section elementor-element elementor-element-2dc9239 elementor-section-boxed elementor-section-height-default elementor-section-height-default\" data-eae-slider=\"2041\" data-id=\"2dc9239\" data-element_type=\"section\" data-e-type=\"section\">\n\t\t\t\t\t\t<div class=\"elementor-container elementor-column-gap-default\">\n\t\t\t\t\t<div class=\"has_eae_slider elementor-column elementor-col-100 elementor-inner-column elementor-element elementor-element-42defeb\" data-eae-slider=\"7086\" data-id=\"42defeb\" data-element_type=\"column\" data-e-type=\"column\">\n\t\t\t<div class=\"elementor-widget-wrap elementor-element-populated\">\n\t\t\t\t\t\t<div class=\"elementor-element elementor-element-fb3fb06 elementor-widget elementor-widget-button\" data-id=\"fb3fb06\" data-element_type=\"widget\" data-e-type=\"widget\" data-widget_type=\"button.default\">\n\t\t\t\t<div class=\"elementor-widget-container\">\n\t\t\t\t\t\t\t\t\t<div class=\"elementor-button-wrapper\">\n\t\t\t\t\t<a class=\"elementor-button elementor-button-link elementor-size-sm\" href=\"https:\/\/visitor.r20.constantcontact.com\/manage\/optin?v=001cWKZW7QY-wqNbzt2yFE5eBxIBkbL544MVs6Vqxo6juPCGBxRD5CM-_BV_Tl2O4Rk_qv9ZRUbuFqOVyqN2sucB0LRcHkeR3prpdlxs79jHAoLtZveFB0s3WVDj-6VtLMR69Kz51AJGm89Y36xxzs-bg%3D%3D\">\n\t\t\t\t\t\t<span class=\"elementor-button-content-wrapper\">\n\t\t\t\t\t\t\t\t\t<span class=\"elementor-button-text\">Inscrivez vous<\/span>\n\t\t\t\t\t<\/span>\n\t\t\t\t\t<\/a>\n\t\t\t\t<\/div>\n\t\t\t\t\t\t\t\t<\/div>\n\t\t\t\t<\/div>\n\t\t\t\t\t<\/div>\n\t\t<\/div>\n\t\t\t\t\t<\/div>\n\t\t<\/section>\n\t\t\t\t\t<\/div>\n\t\t<\/div>\n\t\t\t\t<div class=\"has_eae_slider elementor-column elementor-col-50 elementor-top-column elementor-element elementor-element-6a01808\" data-eae-slider=\"95206\" data-id=\"6a01808\" data-element_type=\"column\" data-e-type=\"column\">\n\t\t\t<div class=\"elementor-widget-wrap elementor-element-populated\">\n\t\t\t\t\t\t<div class=\"elementor-element elementor-element-16c3fb1 elementor-widget elementor-widget-image\" data-id=\"16c3fb1\" data-element_type=\"widget\" data-e-type=\"widget\" data-widget_type=\"image.default\">\n\t\t\t\t<div class=\"elementor-widget-container\">\n\t\t\t\t\t\t\t\t\t\t\t\t\t\t\t<img fetchpriority=\"high\" decoding=\"async\" width=\"1024\" height=\"406\" src=\"https:\/\/lsf-lst.ca\/fr\/wp-content\/uploads\/step-outside-fr-colour-1024x406.png\" class=\"attachment-large size-large wp-image-14907\" alt=\"\" srcset=\"https:\/\/lsf-lst.ca\/fr\/wp-content\/uploads\/step-outside-fr-colour-1024x406.png 1024w, https:\/\/lsf-lst.ca\/fr\/wp-content\/uploads\/step-outside-fr-colour-300x119.png 300w, https:\/\/lsf-lst.ca\/fr\/wp-content\/uploads\/step-outside-fr-colour-768x304.png 768w, https:\/\/lsf-lst.ca\/fr\/wp-content\/uploads\/step-outside-fr-colour.png 1042w\" sizes=\"(max-width: 1024px) 100vw, 1024px\" \/>\t\t\t\t\t\t\t\t\t\t\t\t\t\t\t<\/div>\n\t\t\t\t<\/div>\n\t\t\t\t<div class=\"elementor-element elementor-element-c957780 elementor-widget elementor-widget-spacer\" data-id=\"c957780\" data-element_type=\"widget\" data-e-type=\"widget\" data-widget_type=\"spacer.default\">\n\t\t\t\t<div class=\"elementor-widget-container\">\n\t\t\t\t\t\t\t<div class=\"elementor-spacer\">\n\t\t\t<div class=\"elementor-spacer-inner\"><\/div>\n\t\t<\/div>\n\t\t\t\t\t\t<\/div>\n\t\t\t\t<\/div>\n\t\t\t\t<div class=\"elementor-element elementor-element-30a947a elementor-widget elementor-widget-text-editor\" data-id=\"30a947a\" data-element_type=\"widget\" data-e-type=\"widget\" data-widget_type=\"text-editor.default\">\n\t\t\t\t<div class=\"elementor-widget-container\">\n\t\t\t\t\t\t\t\t\t<em>*Remarque : nous savons que l\u2019acc\u00e8s au plein air d\u00e9pend fortement des circonstances, et ce, maintenant plus que jamais en raison des pratiques d\u2019\u00e9loignement physique pour COVID-19. Que vous ayez acc\u00e8s \u00e0 un espace vert, \u00e0 votre cour arri\u00e8re ou juste \u00e0 la vue de votre fen\u00eatre, nous esp\u00e9rons que ces activit\u00e9s vous permettront de communier d\u2019une fa\u00e7on ou d\u2019une autre avec la nature, et ce, tout en respectant les pratiques d\u2019\u00e9loignement physique en vigueur dans votre r\u00e9gion!<\/em>\t\t\t\t\t\t\t\t<\/div>\n\t\t\t\t<\/div>\n\t\t\t\t<div class=\"elementor-element elementor-element-428ece1 elementor-widget elementor-widget-spacer\" data-id=\"428ece1\" data-element_type=\"widget\" data-e-type=\"widget\" data-widget_type=\"spacer.default\">\n\t\t\t\t<div class=\"elementor-widget-container\">\n\t\t\t\t\t\t\t<div class=\"elementor-spacer\">\n\t\t\t<div class=\"elementor-spacer-inner\"><\/div>\n\t\t<\/div>\n\t\t\t\t\t\t<\/div>\n\t\t\t\t<\/div>\n\t\t\t\t\t<\/div>\n\t\t<\/div>\n\t\t\t\t\t<\/div>\n\t\t<\/section>\n\t\t\t\t<\/div>\n\t\t","protected":false},"excerpt":{"rendered":"<p>Sortez Dehors Bienvenue \u00e0 Sortez dehors &#8211; Le guide des merveilles naturelles, publi\u00e9 deux ou trois fois par mois, est une compilation des \u00e9v\u00e9nements saisonniers dont vous pourrez vous servir pour transmettre \u00e0 vos \u00e9l\u00e8ves une exp\u00e9rience du monde naturel. Les guides d\u00e9taillent les \u00e9v\u00e9nements sp\u00e9cifiques ayant trait \u00e0 la flore, \u00e0 la faune et [&hellip;]<\/p>\n","protected":false},"author":1,"featured_media":0,"parent":457,"menu_order":0,"comment_status":"closed","ping_status":"closed","template":"elementor_header_footer","meta":{"site-sidebar-layout":"no-sidebar","site-content-layout":"page-builder","ast-site-content-layout":"default","site-content-style":"default","site-sidebar-style":"default","ast-global-header-display":"","ast-banner-title-visibility":"","ast-main-header-display":"disabled","ast-hfb-above-header-display":"","ast-hfb-below-header-display":"","ast-hfb-mobile-header-display":"disabled","site-post-title":"disabled","ast-breadcrumbs-content":"disabled","ast-featured-img":"disabled","footer-sml-layout":"disabled","ast-disable-related-posts":"","theme-transparent-header-meta":"default","adv-header-id-meta":"","stick-header-meta":"","header-above-stick-meta":"","header-main-stick-meta":"","header-below-stick-meta":"","astra-migrate-meta-layouts":"default","ast-page-background-enabled":"default","ast-page-background-meta":{"desktop":{"background-color":"","background-image":"","background-repeat":"repeat","background-position":"center center","background-size":"auto","background-attachment":"scroll","background-type":"","background-media":"","overlay-type":"","overlay-color":"","overlay-opacity":"","overlay-gradient":""},"tablet":{"background-color":"","background-image":"","background-repeat":"repeat","background-position":"center center","background-size":"auto","background-attachment":"scroll","background-type":"","background-media":"","overlay-type":"","overlay-color":"","overlay-opacity":"","overlay-gradient":""},"mobile":{"background-color":"","background-image":"","background-repeat":"repeat","background-position":"center center","background-size":"auto","background-attachment":"scroll","background-type":"","background-media":"","overlay-type":"","overlay-color":"","overlay-opacity":"","overlay-gradient":""}},"ast-content-background-meta":{"desktop":{"background-color":"var(--ast-global-color-5)","background-image":"","background-repeat":"repeat","background-position":"center center","background-size":"auto","background-attachment":"scroll","background-type":"","background-media":"","overlay-type":"","overlay-color":"","overlay-opacity":"","overlay-gradient":""},"tablet":{"background-color":"var(--ast-global-color-5)","background-image":"","background-repeat":"repeat","background-position":"center center","background-size":"auto","background-attachment":"scroll","background-type":"","background-media":"","overlay-type":"","overlay-color":"","overlay-opacity":"","overlay-gradient":""},"mobile":{"background-color":"var(--ast-global-color-5)","background-image":"","background-repeat":"repeat","background-position":"center center","background-size":"auto","background-attachment":"scroll","background-type":"","background-media":"","overlay-type":"","overlay-color":"","overlay-opacity":"","overlay-gradient":""}},"footnotes":""},"class_list":["post-1154","page","type-page","status-publish","hentry"],"_links":{"self":[{"href":"https:\/\/lsf-lst.ca\/fr\/wp-json\/wp\/v2\/pages\/1154","targetHints":{"allow":["GET"]}}],"collection":[{"href":"https:\/\/lsf-lst.ca\/fr\/wp-json\/wp\/v2\/pages"}],"about":[{"href":"https:\/\/lsf-lst.ca\/fr\/wp-json\/wp\/v2\/types\/page"}],"author":[{"embeddable":true,"href":"https:\/\/lsf-lst.ca\/fr\/wp-json\/wp\/v2\/users\/1"}],"replies":[{"embeddable":true,"href":"https:\/\/lsf-lst.ca\/fr\/wp-json\/wp\/v2\/comments?post=1154"}],"version-history":[{"count":61,"href":"https:\/\/lsf-lst.ca\/fr\/wp-json\/wp\/v2\/pages\/1154\/revisions"}],"predecessor-version":[{"id":14910,"href":"https:\/\/lsf-lst.ca\/fr\/wp-json\/wp\/v2\/pages\/1154\/revisions\/14910"}],"up":[{"embeddable":true,"href":"https:\/\/lsf-lst.ca\/fr\/wp-json\/wp\/v2\/pages\/457"}],"wp:attachment":[{"href":"https:\/\/lsf-lst.ca\/fr\/wp-json\/wp\/v2\/media?parent=1154"}],"curies":[{"name":"wp","href":"https:\/\/api.w.org\/{rel}","templated":true}]}}