{"id":1258,"date":"2021-08-15T02:12:06","date_gmt":"2021-08-15T02:12:06","guid":{"rendered":"https:\/\/staging.lsf-lst.ca\/?page_id=1258"},"modified":"2025-02-04T16:35:05","modified_gmt":"2025-02-04T16:35:05","slug":"lst-ecole-pour-un-avenir-durable","status":"publish","type":"page","link":"https:\/\/lsf-lst.ca\/fr\/programmes\/lst-ecole-pour-un-avenir-durable\/","title":{"rendered":"\u00c9coles pour un avenir durable de LST"},"content":{"rendered":"\t\t<div data-elementor-type=\"wp-page\" data-elementor-id=\"1258\" class=\"elementor elementor-1258\" data-elementor-post-type=\"page\">\n\t\t\t\t\t\t<section class=\"has_eae_slider elementor-section elementor-top-section elementor-element elementor-element-95594ea elementor-section-items-bottom elementor-section-height-min-height elementor-section-boxed elementor-section-height-default\" data-eae-slider=\"38629\" data-id=\"95594ea\" data-element_type=\"section\" data-e-type=\"section\" data-settings=\"{&quot;background_background&quot;:&quot;classic&quot;}\">\n\t\t\t\t\t\t\t<div class=\"elementor-background-overlay\"><\/div>\n\t\t\t\t\t\t\t<div class=\"elementor-container elementor-column-gap-default\">\n\t\t\t\t\t<div class=\"has_eae_slider elementor-column elementor-col-100 elementor-top-column elementor-element elementor-element-2b990a5\" data-eae-slider=\"6605\" data-id=\"2b990a5\" data-element_type=\"column\" data-e-type=\"column\">\n\t\t\t<div class=\"elementor-widget-wrap elementor-element-populated\">\n\t\t\t\t\t\t<div class=\"elementor-element elementor-element-5d50876 elementor-widget elementor-widget-spacer\" data-id=\"5d50876\" data-element_type=\"widget\" data-e-type=\"widget\" data-widget_type=\"spacer.default\">\n\t\t\t\t<div class=\"elementor-widget-container\">\n\t\t\t\t\t\t\t<div class=\"elementor-spacer\">\n\t\t\t<div class=\"elementor-spacer-inner\"><\/div>\n\t\t<\/div>\n\t\t\t\t\t\t<\/div>\n\t\t\t\t<\/div>\n\t\t\t\t\t<\/div>\n\t\t<\/div>\n\t\t\t\t\t<\/div>\n\t\t<\/section>\n\t\t\t\t<section class=\"has_eae_slider elementor-section elementor-top-section elementor-element elementor-element-40fb25b5 elementor-hidden-phone elementor-section-boxed elementor-section-height-default elementor-section-height-default\" data-eae-slider=\"9636\" data-id=\"40fb25b5\" data-element_type=\"section\" data-e-type=\"section\">\n\t\t\t\t\t\t<div class=\"elementor-container elementor-column-gap-default\">\n\t\t\t\t\t<div class=\"has_eae_slider elementor-column elementor-col-100 elementor-top-column elementor-element elementor-element-1a8d6c6c\" data-eae-slider=\"40903\" data-id=\"1a8d6c6c\" data-element_type=\"column\" data-e-type=\"column\">\n\t\t\t<div class=\"elementor-widget-wrap elementor-element-populated\">\n\t\t\t\t\t\t<div class=\"elementor-element elementor-element-25379750 elementor-widget elementor-widget-wp-widget-bcn_widget\" data-id=\"25379750\" data-element_type=\"widget\" data-e-type=\"widget\" data-widget_type=\"wp-widget-bcn_widget.default\">\n\t\t\t\t<div class=\"elementor-widget-container\">\n\t\t\t\t\t<div class=\"breadcrumbs\" vocab=\"https:\/\/schema.org\/\" typeof=\"BreadcrumbList\"><\/div>\t\t\t\t<\/div>\n\t\t\t\t<\/div>\n\t\t\t\t\t<\/div>\n\t\t<\/div>\n\t\t\t\t\t<\/div>\n\t\t<\/section>\n\t\t\t\t<section class=\"has_eae_slider elementor-section elementor-top-section elementor-element elementor-element-e358044 elementor-section-boxed elementor-section-height-default elementor-section-height-default\" data-eae-slider=\"61780\" data-id=\"e358044\" data-element_type=\"section\" data-e-type=\"section\">\n\t\t\t\t\t\t<div class=\"elementor-container elementor-column-gap-default\">\n\t\t\t\t\t<div class=\"has_eae_slider elementor-column elementor-col-50 elementor-top-column elementor-element elementor-element-1fc5ac8\" data-eae-slider=\"31636\" data-id=\"1fc5ac8\" data-element_type=\"column\" data-e-type=\"column\">\n\t\t\t<div class=\"elementor-widget-wrap elementor-element-populated\">\n\t\t\t\t\t\t<div class=\"elementor-element elementor-element-fa0ffea elementor-widget-divider--view-line elementor-widget elementor-widget-divider\" data-id=\"fa0ffea\" data-element_type=\"widget\" data-e-type=\"widget\" data-widget_type=\"divider.default\">\n\t\t\t\t<div class=\"elementor-widget-container\">\n\t\t\t\t\t\t\t<div class=\"elementor-divider\">\n\t\t\t<span class=\"elementor-divider-separator\">\n\t\t\t\t\t\t<\/span>\n\t\t<\/div>\n\t\t\t\t\t\t<\/div>\n\t\t\t\t<\/div>\n\t\t\t\t<div class=\"elementor-element elementor-element-987190f elementor-widget elementor-widget-heading\" data-id=\"987190f\" data-element_type=\"widget\" data-e-type=\"widget\" data-widget_type=\"heading.default\">\n\t\t\t\t<div class=\"elementor-widget-container\">\n\t\t\t\t\t<h2 class=\"elementor-heading-title elementor-size-default\"> \u00c9coles pour un avenir durable<\/h2>\t\t\t\t<\/div>\n\t\t\t\t<\/div>\n\t\t\t\t<div class=\"elementor-element elementor-element-adfc079 elementor-widget elementor-widget-spacer\" data-id=\"adfc079\" data-element_type=\"widget\" data-e-type=\"widget\" data-widget_type=\"spacer.default\">\n\t\t\t\t<div class=\"elementor-widget-container\">\n\t\t\t\t\t\t\t<div class=\"elementor-spacer\">\n\t\t\t<div class=\"elementor-spacer-inner\"><\/div>\n\t\t<\/div>\n\t\t\t\t\t\t<\/div>\n\t\t\t\t<\/div>\n\t\t\t\t<div class=\"elementor-element elementor-element-2709008 elementor-widget elementor-widget-text-editor\" data-id=\"2709008\" data-element_type=\"widget\" data-e-type=\"widget\" data-widget_type=\"text-editor.default\">\n\t\t\t\t<div class=\"elementor-widget-container\">\n\t\t\t\t\t\t\t\t\t<p>L\u2019\u00c9ducation au service de la Terre, a lanc\u00e9 le programme \u00c9coles pour un avenir durable (EAD). Reposant sur une d\u00e9marche scolaire globale, ce programme utilise les objectifs de d\u00e9veloppement durable (ODD) des Nations-Unis comme cadres pour aborder la prise de d\u00e9cisions entourant l\u2019enseignement, l\u2019apprentissage, les partenariats, les installations et l\u2019exploitation dans les \u00e9coles canadiennes.<\/p><p><strong>Que sont les ODD?\u00a0<\/strong><\/p>\t\t\t\t\t\t\t\t<\/div>\n\t\t\t\t<\/div>\n\t\t\t\t<div class=\"elementor-element elementor-element-d28e99d elementor-widget elementor-widget-image\" data-id=\"d28e99d\" data-element_type=\"widget\" data-e-type=\"widget\" data-widget_type=\"image.default\">\n\t\t\t\t<div class=\"elementor-widget-container\">\n\t\t\t\t\t\t\t\t\t\t\t\t\t\t\t<img fetchpriority=\"high\" decoding=\"async\" width=\"1024\" height=\"637\" src=\"https:\/\/lsf-lst.ca\/fr\/wp-content\/uploads\/2024\/02\/agenda-programme-fr-1024x637.jpg\" class=\"attachment-large size-large wp-image-13545\" alt=\"\" srcset=\"https:\/\/lsf-lst.ca\/fr\/wp-content\/uploads\/2024\/02\/agenda-programme-fr-1024x637.jpg 1024w, https:\/\/lsf-lst.ca\/fr\/wp-content\/uploads\/2024\/02\/agenda-programme-fr-300x187.jpg 300w, https:\/\/lsf-lst.ca\/fr\/wp-content\/uploads\/2024\/02\/agenda-programme-fr-768x478.jpg 768w, https:\/\/lsf-lst.ca\/fr\/wp-content\/uploads\/2024\/02\/agenda-programme-fr.jpg 1140w\" sizes=\"(max-width: 1024px) 100vw, 1024px\" \/>\t\t\t\t\t\t\t\t\t\t\t\t\t\t\t<\/div>\n\t\t\t\t<\/div>\n\t\t\t\t<div class=\"elementor-element elementor-element-5827f2c elementor-widget elementor-widget-text-editor\" data-id=\"5827f2c\" data-element_type=\"widget\" data-e-type=\"widget\" data-widget_type=\"text-editor.default\">\n\t\t\t\t<div class=\"elementor-widget-container\">\n\t\t\t\t\t\t\t\t\t<p>En 2015, 193 gouvernements mondiaux ont uni leurs forces, par l\u2019interm\u00e9diaire des Nations-Unies, afin de s\u2019engager envers une vision ambitieuse pour la cr\u00e9ation d\u2019un monde plus s\u00fbr, sain et prosp\u00e8re d\u2019ici 2030. Les 17 objectifs de d\u00e9veloppement durable des Nations-Unies relient des dimensions \u00e9conomiques, sociales et environnementales et les organisent autour des .\u00a0<strong>\u00a0<\/strong><a href=\"https:\/\/unfoundation.org\/blog\/post\/the-sustainable-development-goals-in-2019-people-planet-prosperity-in-focus\/\"><strong>\u201c\u00ab 5 piliers : Plan\u00e8te, Peuples, Prosp\u00e9rit\u00e9, Paix et Partenariats \u00bb\u201d<\/strong><\/a><strong>\u00a0.\u00a0<\/strong>Ces 5 piliers d\u00e9montrent que les ODD s\u2019entrecroisent, plut\u00f4t que de repr\u00e9senter des objectifs isol\u00e9s. Les progr\u00e8s r\u00e9alis\u00e9s \u00e0 l\u2019\u00e9gard de l\u2019un des piliers ne doivent pas neutraliser ceux accomplis pour un autre. Le Canada a accept\u00e9 de produire des rapports sur la mise en \u0153uvre des 17 objectifs.<\/p><p><strong>Pourquoi cr\u00e9er des \u00e9coles pour un avenir durable?\u00a0<\/strong><\/p><p>LST s\u2019affaire depuis 1991 \u00e0 promouvoir, par l\u2019\u00e9ducation, les connaissances, les aptitudes, les valeurs, les perspectives et les pratiques essentielles \u00e0 un avenir durable. Notre objectif, depuis le d\u00e9but, consiste \u00e0 collaborer pour int\u00e9grer les notions et les principes du d\u00e9veloppement durable aux politiques, aux curriculums, aux pratiques, aux initiatives de d\u00e9veloppement professionnel et aux programmes de formation permanente.<\/p><p>Le programme \u00c9coles pour un avenir durable offre aux \u00e9coles un cadre leur permettant de tracer leur propre parcours pour int\u00e9grer les ODD d\u2019une fa\u00e7on holistique. Il ne repr\u00e9sente pas un trajet prescrit, mais plut\u00f4t un ensemble d\u2019outils les aidant \u00e0 d\u00e9terminer , de l\u2019angle des ODD, ce qui est enseign\u00e9, pratiqu\u00e9, consid\u00e9r\u00e9, mis en \u0153uvre et mesur\u00e9 dans l\u2019\u00e9cole.<\/p><p><strong>Si vous aimeriez devenir une EAD, veuillez contacter Soraya\u00a0 \u00e0 soraya@LSF-LST.ca<\/strong><\/p>\t\t\t\t\t\t\t\t<\/div>\n\t\t\t\t<\/div>\n\t\t\t\t\t<\/div>\n\t\t<\/div>\n\t\t\t\t<div class=\"has_eae_slider elementor-column elementor-col-50 elementor-top-column elementor-element elementor-element-6a01808\" data-eae-slider=\"9883\" data-id=\"6a01808\" data-element_type=\"column\" data-e-type=\"column\">\n\t\t\t<div class=\"elementor-widget-wrap elementor-element-populated\">\n\t\t\t\t\t\t<div class=\"elementor-element elementor-element-53f7cfd elementor-widget elementor-widget-image\" data-id=\"53f7cfd\" data-element_type=\"widget\" data-e-type=\"widget\" data-widget_type=\"image.default\">\n\t\t\t\t<div class=\"elementor-widget-container\">\n\t\t\t\t\t\t\t\t\t\t\t\t\t\t\t<img decoding=\"async\" width=\"683\" height=\"1024\" src=\"https:\/\/lsf-lst.ca\/fr\/wp-content\/uploads\/2021\/09\/IMG_9163-scaled-1-683x1024.jpg\" class=\"attachment-large size-large wp-image-4659\" alt=\"\" srcset=\"https:\/\/lsf-lst.ca\/fr\/wp-content\/uploads\/2021\/09\/IMG_9163-scaled-1-683x1024.jpg 683w, https:\/\/lsf-lst.ca\/fr\/wp-content\/uploads\/2021\/09\/IMG_9163-scaled-1-200x300.jpg 200w, https:\/\/lsf-lst.ca\/fr\/wp-content\/uploads\/2021\/09\/IMG_9163-scaled-1-768x1152.jpg 768w, https:\/\/lsf-lst.ca\/fr\/wp-content\/uploads\/2021\/09\/IMG_9163-scaled-1-1024x1536.jpg 1024w, https:\/\/lsf-lst.ca\/fr\/wp-content\/uploads\/2021\/09\/IMG_9163-scaled-1-1366x2048.jpg 1366w, https:\/\/lsf-lst.ca\/fr\/wp-content\/uploads\/2021\/09\/IMG_9163-scaled-1.jpg 1707w\" sizes=\"(max-width: 683px) 100vw, 683px\" \/>\t\t\t\t\t\t\t\t\t\t\t\t\t\t\t<\/div>\n\t\t\t\t<\/div>\n\t\t\t\t<div class=\"elementor-element elementor-element-504590f elementor-widget elementor-widget-spacer\" data-id=\"504590f\" data-element_type=\"widget\" data-e-type=\"widget\" data-widget_type=\"spacer.default\">\n\t\t\t\t<div class=\"elementor-widget-container\">\n\t\t\t\t\t\t\t<div class=\"elementor-spacer\">\n\t\t\t<div class=\"elementor-spacer-inner\"><\/div>\n\t\t<\/div>\n\t\t\t\t\t\t<\/div>\n\t\t\t\t<\/div>\n\t\t\t\t<div class=\"elementor-element elementor-element-fb2a9f4 elementor-widget elementor-widget-image\" data-id=\"fb2a9f4\" data-element_type=\"widget\" data-e-type=\"widget\" data-widget_type=\"image.default\">\n\t\t\t\t<div class=\"elementor-widget-container\">\n\t\t\t\t\t\t\t\t\t\t\t\t\t\t\t<img decoding=\"async\" width=\"621\" height=\"619\" src=\"https:\/\/lsf-lst.ca\/fr\/wp-content\/uploads\/2024\/02\/SFS-Colour01_V1-1.png\" class=\"attachment-large size-large wp-image-13541\" alt=\"\" srcset=\"https:\/\/lsf-lst.ca\/fr\/wp-content\/uploads\/2024\/02\/SFS-Colour01_V1-1.png 621w, https:\/\/lsf-lst.ca\/fr\/wp-content\/uploads\/2024\/02\/SFS-Colour01_V1-1-300x300.png 300w, https:\/\/lsf-lst.ca\/fr\/wp-content\/uploads\/2024\/02\/SFS-Colour01_V1-1-150x150.png 150w\" sizes=\"(max-width: 621px) 100vw, 621px\" \/>\t\t\t\t\t\t\t\t\t\t\t\t\t\t\t<\/div>\n\t\t\t\t<\/div>\n\t\t\t\t<div class=\"elementor-element elementor-element-adf869e elementor-widget elementor-widget-spacer\" data-id=\"adf869e\" data-element_type=\"widget\" data-e-type=\"widget\" data-widget_type=\"spacer.default\">\n\t\t\t\t<div class=\"elementor-widget-container\">\n\t\t\t\t\t\t\t<div class=\"elementor-spacer\">\n\t\t\t<div class=\"elementor-spacer-inner\"><\/div>\n\t\t<\/div>\n\t\t\t\t\t\t<\/div>\n\t\t\t\t<\/div>\n\t\t\t\t<div class=\"elementor-element elementor-element-81cb792 elementor-widget elementor-widget-text-editor\" data-id=\"81cb792\" data-element_type=\"widget\" data-e-type=\"widget\" data-widget_type=\"text-editor.default\">\n\t\t\t\t<div class=\"elementor-widget-container\">\n\t\t\t\t\t\t\t\t\t<p><i>Ce projet a \u00e9t\u00e9 entrepris avec le soutien financier de :<\/i><\/p>\t\t\t\t\t\t\t\t<\/div>\n\t\t\t\t<\/div>\n\t\t\t\t<div class=\"elementor-element elementor-element-f36def6 elementor-widget elementor-widget-image\" data-id=\"f36def6\" data-element_type=\"widget\" data-e-type=\"widget\" data-widget_type=\"image.default\">\n\t\t\t\t<div class=\"elementor-widget-container\">\n\t\t\t\t\t\t\t\t\t\t\t\t\t\t\t<img loading=\"lazy\" decoding=\"async\" width=\"532\" height=\"140\" src=\"https:\/\/lsf-lst.ca\/fr\/wp-content\/uploads\/2021\/08\/RBCFND_LogoDes_H_rgbP_BiEF.png\" class=\"attachment-large size-large wp-image-1447\" alt=\"\" srcset=\"https:\/\/lsf-lst.ca\/fr\/wp-content\/uploads\/2021\/08\/RBCFND_LogoDes_H_rgbP_BiEF.png 532w, https:\/\/lsf-lst.ca\/fr\/wp-content\/uploads\/2021\/08\/RBCFND_LogoDes_H_rgbP_BiEF-300x79.png 300w\" sizes=\"(max-width: 532px) 100vw, 532px\" \/>\t\t\t\t\t\t\t\t\t\t\t\t\t\t\t<\/div>\n\t\t\t\t<\/div>\n\t\t\t\t<div class=\"elementor-element elementor-element-9061749 elementor-widget__width-initial elementor-widget elementor-widget-image\" data-id=\"9061749\" data-element_type=\"widget\" data-e-type=\"widget\" data-widget_type=\"image.default\">\n\t\t\t\t<div class=\"elementor-widget-container\">\n\t\t\t\t\t\t\t\t\t\t\t\t\t\t\t<img loading=\"lazy\" decoding=\"async\" width=\"200\" height=\"100\" src=\"https:\/\/lsf-lst.ca\/fr\/wp-content\/uploads\/2022\/03\/Definity_Financial_Corporation_Definity_Financial_Corporation_Fi-1-piym0jlivio2wo2kluytg9g0wpy5t01pgkh6ekucbs.jpg\" class=\"attachment-large size-large wp-image-6448\" alt=\"\" \/>\t\t\t\t\t\t\t\t\t\t\t\t\t\t\t<\/div>\n\t\t\t\t<\/div>\n\t\t\t\t\t<\/div>\n\t\t<\/div>\n\t\t\t\t\t<\/div>\n\t\t<\/section>\n\t\t\t\t<\/div>\n\t\t","protected":false},"excerpt":{"rendered":"<p>\u00c9coles pour un avenir durable L\u2019\u00c9ducation au service de la Terre, a lanc\u00e9 le programme \u00c9coles pour un avenir durable (EAD). Reposant sur une d\u00e9marche scolaire globale, ce programme utilise les objectifs de d\u00e9veloppement durable (ODD) des Nations-Unis comme cadres pour aborder la prise de d\u00e9cisions entourant l\u2019enseignement, l\u2019apprentissage, les partenariats, les installations et l\u2019exploitation [&hellip;]<\/p>\n","protected":false},"author":1,"featured_media":0,"parent":607,"menu_order":0,"comment_status":"closed","ping_status":"closed","template":"elementor_header_footer","meta":{"site-sidebar-layout":"no-sidebar","site-content-layout":"page-builder","ast-site-content-layout":"default","site-content-style":"default","site-sidebar-style":"default","ast-global-header-display":"","ast-banner-title-visibility":"","ast-main-header-display":"disabled","ast-hfb-above-header-display":"","ast-hfb-below-header-display":"","ast-hfb-mobile-header-display":"disabled","site-post-title":"disabled","ast-breadcrumbs-content":"disabled","ast-featured-img":"disabled","footer-sml-layout":"disabled","ast-disable-related-posts":"","theme-transparent-header-meta":"default","adv-header-id-meta":"","stick-header-meta":"","header-above-stick-meta":"","header-main-stick-meta":"","header-below-stick-meta":"","astra-migrate-meta-layouts":"default","ast-page-background-enabled":"default","ast-page-background-meta":{"desktop":{"background-color":"","background-image":"","background-repeat":"repeat","background-position":"center center","background-size":"auto","background-attachment":"scroll","background-type":"","background-media":"","overlay-type":"","overlay-color":"","overlay-opacity":"","overlay-gradient":""},"tablet":{"background-color":"","background-image":"","background-repeat":"repeat","background-position":"center center","background-size":"auto","background-attachment":"scroll","background-type":"","background-media":"","overlay-type":"","overlay-color":"","overlay-opacity":"","overlay-gradient":""},"mobile":{"background-color":"","background-image":"","background-repeat":"repeat","background-position":"center center","background-size":"auto","background-attachment":"scroll","background-type":"","background-media":"","overlay-type":"","overlay-color":"","overlay-opacity":"","overlay-gradient":""}},"ast-content-background-meta":{"desktop":{"background-color":"var(--ast-global-color-5)","background-image":"","background-repeat":"repeat","background-position":"center center","background-size":"auto","background-attachment":"scroll","background-type":"","background-media":"","overlay-type":"","overlay-color":"","overlay-opacity":"","overlay-gradient":""},"tablet":{"background-color":"var(--ast-global-color-5)","background-image":"","background-repeat":"repeat","background-position":"center center","background-size":"auto","background-attachment":"scroll","background-type":"","background-media":"","overlay-type":"","overlay-color":"","overlay-opacity":"","overlay-gradient":""},"mobile":{"background-color":"var(--ast-global-color-5)","background-image":"","background-repeat":"repeat","background-position":"center center","background-size":"auto","background-attachment":"scroll","background-type":"","background-media":"","overlay-type":"","overlay-color":"","overlay-opacity":"","overlay-gradient":""}},"footnotes":""},"class_list":["post-1258","page","type-page","status-publish","hentry"],"_links":{"self":[{"href":"https:\/\/lsf-lst.ca\/fr\/wp-json\/wp\/v2\/pages\/1258","targetHints":{"allow":["GET"]}}],"collection":[{"href":"https:\/\/lsf-lst.ca\/fr\/wp-json\/wp\/v2\/pages"}],"about":[{"href":"https:\/\/lsf-lst.ca\/fr\/wp-json\/wp\/v2\/types\/page"}],"author":[{"embeddable":true,"href":"https:\/\/lsf-lst.ca\/fr\/wp-json\/wp\/v2\/users\/1"}],"replies":[{"embeddable":true,"href":"https:\/\/lsf-lst.ca\/fr\/wp-json\/wp\/v2\/comments?post=1258"}],"version-history":[{"count":105,"href":"https:\/\/lsf-lst.ca\/fr\/wp-json\/wp\/v2\/pages\/1258\/revisions"}],"predecessor-version":[{"id":15474,"href":"https:\/\/lsf-lst.ca\/fr\/wp-json\/wp\/v2\/pages\/1258\/revisions\/15474"}],"up":[{"embeddable":true,"href":"https:\/\/lsf-lst.ca\/fr\/wp-json\/wp\/v2\/pages\/607"}],"wp:attachment":[{"href":"https:\/\/lsf-lst.ca\/fr\/wp-json\/wp\/v2\/media?parent=1258"}],"curies":[{"name":"wp","href":"https:\/\/api.w.org\/{rel}","templated":true}]}}