{"id":1326,"date":"2021-08-17T22:23:49","date_gmt":"2021-08-17T22:23:49","guid":{"rendered":"https:\/\/staging.lsf-lst.ca\/?page_id=1326"},"modified":"2026-01-28T11:00:07","modified_gmt":"2026-01-28T16:00:07","slug":"le-prix-denseignement-gardien-de-la-planete","status":"publish","type":"page","link":"https:\/\/lsf-lst.ca\/fr\/programmes\/le-prix-denseignement-gardien-de-la-planete\/","title":{"rendered":"Le Prix d\u2019enseignement Gardien de la plan\u00e8te de Susan Langley"},"content":{"rendered":"\t\t<div data-elementor-type=\"wp-page\" data-elementor-id=\"1326\" class=\"elementor elementor-1326\" data-elementor-post-type=\"page\">\n\t\t\t\t\t\t<section class=\"has_eae_slider elementor-section elementor-top-section elementor-element elementor-element-95594ea elementor-section-boxed elementor-section-height-default elementor-section-height-default\" data-eae-slider=\"92170\" data-id=\"95594ea\" data-element_type=\"section\" data-e-type=\"section\" data-settings=\"{&quot;background_background&quot;:&quot;classic&quot;}\">\n\t\t\t\t\t\t\t<div class=\"elementor-background-overlay\"><\/div>\n\t\t\t\t\t\t\t<div class=\"elementor-container elementor-column-gap-default\">\n\t\t\t\t\t<div class=\"has_eae_slider elementor-column elementor-col-100 elementor-top-column elementor-element elementor-element-2b990a5\" data-eae-slider=\"92702\" data-id=\"2b990a5\" data-element_type=\"column\" data-e-type=\"column\">\n\t\t\t<div class=\"elementor-widget-wrap elementor-element-populated\">\n\t\t\t\t\t\t<div class=\"elementor-element elementor-element-a287d18 elementor-widget elementor-widget-heading\" data-id=\"a287d18\" data-element_type=\"widget\" data-e-type=\"widget\" data-widget_type=\"heading.default\">\n\t\t\t\t<div class=\"elementor-widget-container\">\n\t\t\t\t\t<h2 class=\"elementor-heading-title elementor-size-default\">Le Prix d\u2019enseignement Gardien de la plan\u00e8te de Susan Langley<\/h2>\t\t\t\t<\/div>\n\t\t\t\t<\/div>\n\t\t\t\t<div class=\"elementor-element elementor-element-a877f6d elementor-widget elementor-widget-text-editor\" data-id=\"a877f6d\" data-element_type=\"widget\" data-e-type=\"widget\" data-widget_type=\"text-editor.default\">\n\t\t\t\t<div class=\"elementor-widget-container\">\n\t\t\t\t\t\t\t\t\t<p>Le Prix d\u2019enseignement Gardien de la plan\u00e8te de Susan Langley cr\u00e9\u00e9 en m\u00e9moire de Susan Langley, ancienne pr\u00e9sidente de L&#8217;\u00e9ducation au service de la Terre, r\u00e9compense les contributions exemplaires des enseignants \u00e0 l&#8217;\u00e9ducation au d\u00e9veloppement durable. Ce prix s&#8217;inscrit dans la continuit\u00e9 de l&#8217;important h\u00e9ritage de Susan, qui consiste \u00e0 &#8220;donner \u00e0 nos enfants les moyens de changer le monde&#8221;.<\/p>\t\t\t\t\t\t\t\t<\/div>\n\t\t\t\t<\/div>\n\t\t\t\t<div class=\"elementor-element elementor-element-5d50876 elementor-widget elementor-widget-spacer\" data-id=\"5d50876\" data-element_type=\"widget\" data-e-type=\"widget\" data-widget_type=\"spacer.default\">\n\t\t\t\t<div class=\"elementor-widget-container\">\n\t\t\t\t\t\t\t<div class=\"elementor-spacer\">\n\t\t\t<div class=\"elementor-spacer-inner\"><\/div>\n\t\t<\/div>\n\t\t\t\t\t\t<\/div>\n\t\t\t\t<\/div>\n\t\t\t\t<div class=\"elementor-element elementor-element-1e5b081 elementor-hidden-desktop elementor-hidden-tablet elementor-hidden-phone elementor-view-default elementor-widget elementor-widget-icon\" data-id=\"1e5b081\" data-element_type=\"widget\" data-e-type=\"widget\" data-widget_type=\"icon.default\">\n\t\t\t\t<div class=\"elementor-widget-container\">\n\t\t\t\t\t\t\t<div class=\"elementor-icon-wrapper\">\n\t\t\t<div class=\"elementor-icon\">\n\t\t\t<i aria-hidden=\"true\" class=\"fas fa-arrow-down\"><\/i>\t\t\t<\/div>\n\t\t<\/div>\n\t\t\t\t\t\t<\/div>\n\t\t\t\t<\/div>\n\t\t\t\t\t<\/div>\n\t\t<\/div>\n\t\t\t\t\t<\/div>\n\t\t<\/section>\n\t\t\t\t<section class=\"has_eae_slider elementor-section elementor-top-section elementor-element elementor-element-1eaa6308 elementor-hidden-phone elementor-section-boxed elementor-section-height-default elementor-section-height-default\" data-eae-slider=\"15235\" data-id=\"1eaa6308\" data-element_type=\"section\" data-e-type=\"section\">\n\t\t\t\t\t\t<div class=\"elementor-container elementor-column-gap-default\">\n\t\t\t\t\t<div class=\"has_eae_slider elementor-column elementor-col-100 elementor-top-column elementor-element elementor-element-6ef6d1e9\" data-eae-slider=\"52397\" data-id=\"6ef6d1e9\" data-element_type=\"column\" data-e-type=\"column\">\n\t\t\t<div class=\"elementor-widget-wrap elementor-element-populated\">\n\t\t\t\t\t\t<div class=\"elementor-element elementor-element-35490456 elementor-widget elementor-widget-wp-widget-bcn_widget\" data-id=\"35490456\" data-element_type=\"widget\" data-e-type=\"widget\" data-widget_type=\"wp-widget-bcn_widget.default\">\n\t\t\t\t<div class=\"elementor-widget-container\">\n\t\t\t\t\t<div class=\"breadcrumbs\" vocab=\"https:\/\/schema.org\/\" typeof=\"BreadcrumbList\"><\/div>\t\t\t\t<\/div>\n\t\t\t\t<\/div>\n\t\t\t\t\t<\/div>\n\t\t<\/div>\n\t\t\t\t\t<\/div>\n\t\t<\/section>\n\t\t\t\t<section class=\"has_eae_slider elementor-section elementor-top-section elementor-element elementor-element-437af0b elementor-section-boxed elementor-section-height-default elementor-section-height-default\" data-eae-slider=\"71235\" data-id=\"437af0b\" data-element_type=\"section\" data-e-type=\"section\" data-settings=\"{&quot;background_background&quot;:&quot;classic&quot;}\">\n\t\t\t\t\t\t<div class=\"elementor-container elementor-column-gap-default\">\n\t\t\t\t\t<div class=\"has_eae_slider elementor-column elementor-col-50 elementor-top-column elementor-element elementor-element-26c2ba7e\" data-eae-slider=\"96662\" data-id=\"26c2ba7e\" data-element_type=\"column\" data-e-type=\"column\">\n\t\t\t<div class=\"elementor-widget-wrap elementor-element-populated\">\n\t\t\t\t\t\t<div class=\"elementor-element elementor-element-760d5f0d elementor-widget elementor-widget-spacer\" data-id=\"760d5f0d\" data-element_type=\"widget\" data-e-type=\"widget\" data-widget_type=\"spacer.default\">\n\t\t\t\t<div class=\"elementor-widget-container\">\n\t\t\t\t\t\t\t<div class=\"elementor-spacer\">\n\t\t\t<div class=\"elementor-spacer-inner\"><\/div>\n\t\t<\/div>\n\t\t\t\t\t\t<\/div>\n\t\t\t\t<\/div>\n\t\t\t\t<div class=\"elementor-element elementor-element-47c0dd2d elementor-widget elementor-widget-image\" data-id=\"47c0dd2d\" data-element_type=\"widget\" data-e-type=\"widget\" data-widget_type=\"image.default\">\n\t\t\t\t<div class=\"elementor-widget-container\">\n\t\t\t\t\t\t\t\t\t\t\t\t\t\t\t<img decoding=\"async\" src=\"https:\/\/lsf-lst.ca\/fr\/wp-content\/uploads\/elementor\/thumbs\/Susan_Langley-q2b0fj882wmi55awbz3w4grtdaqjvosuj35o2kp8kg.jpg\" title=\"Susan_Langley.jpg\" alt=\"Susan_Langley.jpg\" loading=\"lazy\" \/>\t\t\t\t\t\t\t\t\t\t\t\t\t\t\t<\/div>\n\t\t\t\t<\/div>\n\t\t\t\t\t<\/div>\n\t\t<\/div>\n\t\t\t\t<div class=\"has_eae_slider elementor-column elementor-col-50 elementor-top-column elementor-element elementor-element-1df36f39\" data-eae-slider=\"69755\" data-id=\"1df36f39\" data-element_type=\"column\" data-e-type=\"column\">\n\t\t\t<div class=\"elementor-widget-wrap elementor-element-populated\">\n\t\t\t\t\t\t<div class=\"elementor-element elementor-element-4467a3f2 elementor-widget elementor-widget-heading\" data-id=\"4467a3f2\" data-element_type=\"widget\" data-e-type=\"widget\" data-widget_type=\"heading.default\">\n\t\t\t\t<div class=\"elementor-widget-container\">\n\t\t\t\t\t<h2 class=\"elementor-heading-title elementor-size-default\">Le prix<\/h2>\t\t\t\t<\/div>\n\t\t\t\t<\/div>\n\t\t\t\t<div class=\"elementor-element elementor-element-23bb28c4 elementor-widget elementor-widget-text-editor\" data-id=\"23bb28c4\" data-element_type=\"widget\" data-e-type=\"widget\" data-widget_type=\"text-editor.default\">\n\t\t\t\t<div class=\"elementor-widget-container\">\n\t\t\t\t\t\t\t\t\t<p>Connaissez-vous un enseignant canadien qui suscite la passion pour un avenir plus durable ? Ce prix r\u00e9compense les contributions exceptionnelles \u00e0 l&#8217;\u00e9ducation au d\u00e9veloppement durable au Canada.<\/p><ul><li>Le gagnant recevra un prix <strong>de 1 000 $.<\/strong><\/li><li><strong>Les finalistes et les mentions honorables<\/strong> seront \u00e9galement s\u00e9lectionn\u00e9s et c\u00e9l\u00e9br\u00e9s.<\/li><li>Les candidatures sont cl\u00f4tur\u00e9es <strong>le 5 juin<\/strong> <strong>2026<\/strong><\/li><\/ul><p>Remarque : il s&#8217;agit d&#8217;un prix national ouvert aux enseignants de tout le Canada, auquel s&#8217;ajoute un prix sp\u00e9cial pour l&#8217;Ontario, parrain\u00e9 par la FEO.<\/p>\t\t\t\t\t\t\t\t<\/div>\n\t\t\t\t<\/div>\n\t\t\t\t<div class=\"elementor-element elementor-element-4b90178 elementor-align-left elementor-widget elementor-widget-button\" data-id=\"4b90178\" data-element_type=\"widget\" data-e-type=\"widget\" data-widget_type=\"button.default\">\n\t\t\t\t<div class=\"elementor-widget-container\">\n\t\t\t\t\t\t\t\t\t<div class=\"elementor-button-wrapper\">\n\t\t\t\t\t<a class=\"elementor-button elementor-button-link elementor-size-sm\" href=\"https:\/\/lsf-lst.ca\/forms\/susan-langley-award-26\/\">\n\t\t\t\t\t\t<span class=\"elementor-button-content-wrapper\">\n\t\t\t\t\t\t\t\t\t<span class=\"elementor-button-text\">Proposez une candidature !<\/span>\n\t\t\t\t\t<\/span>\n\t\t\t\t\t<\/a>\n\t\t\t\t<\/div>\n\t\t\t\t\t\t\t\t<\/div>\n\t\t\t\t<\/div>\n\t\t\t\t\t<\/div>\n\t\t<\/div>\n\t\t\t\t\t<\/div>\n\t\t<\/section>\n\t\t\t\t<section class=\"has_eae_slider elementor-section elementor-top-section elementor-element elementor-element-e358044 elementor-section-boxed elementor-section-height-default elementor-section-height-default\" data-eae-slider=\"10250\" data-id=\"e358044\" data-element_type=\"section\" data-e-type=\"section\" id=\"nomination\">\n\t\t\t\t\t\t<div class=\"elementor-container elementor-column-gap-default\">\n\t\t\t\t\t<div class=\"has_eae_slider elementor-column elementor-col-50 elementor-top-column elementor-element elementor-element-ef64755\" data-eae-slider=\"68771\" data-id=\"ef64755\" data-element_type=\"column\" data-e-type=\"column\">\n\t\t\t<div class=\"elementor-widget-wrap elementor-element-populated\">\n\t\t\t\t\t\t<div class=\"elementor-element elementor-element-78796e3 elementor-widget elementor-widget-image\" data-id=\"78796e3\" data-element_type=\"widget\" data-e-type=\"widget\" data-widget_type=\"image.default\">\n\t\t\t\t<div class=\"elementor-widget-container\">\n\t\t\t\t\t\t\t\t\t\t\t\t\t\t\t<img fetchpriority=\"high\" decoding=\"async\" width=\"681\" height=\"1024\" src=\"https:\/\/lsf-lst.ca\/fr\/wp-content\/uploads\/2021\/06\/stephanie-ecate-U9EML7wHS7w-unsplash-681x1024.jpg\" class=\"attachment-large size-large wp-image-267\" alt=\"\" srcset=\"https:\/\/lsf-lst.ca\/fr\/wp-content\/uploads\/2021\/06\/stephanie-ecate-U9EML7wHS7w-unsplash-681x1024.jpg 681w, https:\/\/lsf-lst.ca\/fr\/wp-content\/uploads\/2021\/06\/stephanie-ecate-U9EML7wHS7w-unsplash-199x300.jpg 199w, https:\/\/lsf-lst.ca\/fr\/wp-content\/uploads\/2021\/06\/stephanie-ecate-U9EML7wHS7w-unsplash-768x1155.jpg 768w, https:\/\/lsf-lst.ca\/fr\/wp-content\/uploads\/2021\/06\/stephanie-ecate-U9EML7wHS7w-unsplash-1021x1536.jpg 1021w, https:\/\/lsf-lst.ca\/fr\/wp-content\/uploads\/2021\/06\/stephanie-ecate-U9EML7wHS7w-unsplash-1362x2048.jpg 1362w, https:\/\/lsf-lst.ca\/fr\/wp-content\/uploads\/2021\/06\/stephanie-ecate-U9EML7wHS7w-unsplash-scaled.jpg 1702w\" sizes=\"(max-width: 681px) 100vw, 681px\" \/>\t\t\t\t\t\t\t\t\t\t\t\t\t\t\t<\/div>\n\t\t\t\t<\/div>\n\t\t\t\t\t<\/div>\n\t\t<\/div>\n\t\t\t\t<div class=\"has_eae_slider elementor-column elementor-col-50 elementor-top-column elementor-element elementor-element-1fc5ac8\" data-eae-slider=\"90010\" data-id=\"1fc5ac8\" data-element_type=\"column\" data-e-type=\"column\">\n\t\t\t<div class=\"elementor-widget-wrap elementor-element-populated\">\n\t\t\t\t\t\t<div class=\"elementor-element elementor-element-987190f elementor-widget elementor-widget-heading\" data-id=\"987190f\" data-element_type=\"widget\" data-e-type=\"widget\" data-widget_type=\"heading.default\">\n\t\t\t\t<div class=\"elementor-widget-container\">\n\t\t\t\t\t<h2 class=\"elementor-heading-title elementor-size-default\">Crit\u00e8res de mise en candidature<\/h2>\t\t\t\t<\/div>\n\t\t\t\t<\/div>\n\t\t\t\t<div class=\"elementor-element elementor-element-d248716 elementor-widget elementor-widget-spacer\" data-id=\"d248716\" data-element_type=\"widget\" data-e-type=\"widget\" data-widget_type=\"spacer.default\">\n\t\t\t\t<div class=\"elementor-widget-container\">\n\t\t\t\t\t\t\t<div class=\"elementor-spacer\">\n\t\t\t<div class=\"elementor-spacer-inner\"><\/div>\n\t\t<\/div>\n\t\t\t\t\t\t<\/div>\n\t\t\t\t<\/div>\n\t\t\t\t<div class=\"elementor-element elementor-element-dc7307d elementor-widget elementor-widget-text-editor\" data-id=\"dc7307d\" data-element_type=\"widget\" data-e-type=\"widget\" data-widget_type=\"text-editor.default\">\n\t\t\t\t<div class=\"elementor-widget-container\">\n\t\t\t\t\t\t\t\t\t<div><p><strong>Proposez votre candidature ou celle d&#8217;un autre \u00e9ducateur qui, selon vous, apporte une contribution exemplaire \u00e0 l&#8217;\u00e9ducation au d\u00e9veloppement durable en tenant compte des crit\u00e8res de s\u00e9lection suivants :<\/strong><\/p><\/div><p><span style=\"font-size: 16px;\">\u25cf Quelles approches innovantes le candidat utilise-t-il pour cr\u00e9er des opportunit\u00e9s d&#8217;apprentissage passionnantes et engageantes afin de motiver ses \u00e9l\u00e8ves \u00e0 aborder l&#8217;apprentissage de la durabilit\u00e9 et \u00e0 prendre des mesures pour devenir des citoyens locaux et mondiaux responsables ? Dans cette r\u00e9ponse, veuillez vous concentrer sur l&#8217;apprentissage en classe\/au programme plut\u00f4t que sur les clubs ou les activit\u00e9s extrascolaires.<\/span><\/p><div><div>\u25cf Comment le candidat est-il un mod\u00e8le de r\u00f4le et un mentor pour inspirer les \u00e9l\u00e8ves et ses coll\u00e8gues \u00e0 \u00eatre des leaders en mati\u00e8re de d\u00e9veloppement durable \u00e0 l\u2019\u00e9cole et dans la collectivit\u00e9?<\/div><div>\u00a0<\/div><\/div><div><div>\u25cf Comment le candidat s&#8217;engage-t-il avec ses coll\u00e8gues, les \u00e9l\u00e8ves, les parents et les membres de la communaut\u00e9 dans des activit\u00e9s extrascolaires en faveur d&#8217;un avenir plus durable ?<\/div><\/div><div>\u00a0<\/div><div>\u25cf Comment le candidat int\u00e8gre-t-il les modes de connaissance autochtones dans son enseignement ?<\/div><div><div style=\"text-align: center;\">\u00a0<\/div><\/div>\t\t\t\t\t\t\t\t<\/div>\n\t\t\t\t<\/div>\n\t\t\t\t<div class=\"elementor-element elementor-element-c243328 elementor-widget elementor-widget-button\" data-id=\"c243328\" data-element_type=\"widget\" data-e-type=\"widget\" data-widget_type=\"button.default\">\n\t\t\t\t<div class=\"elementor-widget-container\">\n\t\t\t\t\t\t\t\t\t<div class=\"elementor-button-wrapper\">\n\t\t\t\t\t<a class=\"elementor-button elementor-button-link elementor-size-sm\" href=\"https:\/\/lsf-lst.ca\/fr\/programmes\/le-prix-denseignement-gardien-de-la-planete\/recipiendaires-2025\/\">\n\t\t\t\t\t\t<span class=\"elementor-button-content-wrapper\">\n\t\t\t\t\t\t\t\t\t<span class=\"elementor-button-text\">D\u00e9couvrez nos laur\u00e9ats de 2025<\/span>\n\t\t\t\t\t<\/span>\n\t\t\t\t\t<\/a>\n\t\t\t\t<\/div>\n\t\t\t\t\t\t\t\t<\/div>\n\t\t\t\t<\/div>\n\t\t\t\t<div class=\"elementor-element elementor-element-ae4fa99 elementor-widget elementor-widget-text-editor\" data-id=\"ae4fa99\" data-element_type=\"widget\" data-e-type=\"widget\" data-widget_type=\"text-editor.default\">\n\t\t\t\t<div class=\"elementor-widget-container\">\n\t\t\t\t\t\t\t\t\t<p><span style=\"font-size: 1rem;\"><b>Coparrain\u00e9 EN ONTARIO<\/b><\/span><span style=\"font-size: 1rem; font-weight: inherit;\">\u00a0<\/span><strong>par:<\/strong><\/p>\t\t\t\t\t\t\t\t<\/div>\n\t\t\t\t<\/div>\n\t\t\t\t<div class=\"elementor-element elementor-element-533a649 elementor-widget elementor-widget-image\" data-id=\"533a649\" data-element_type=\"widget\" data-e-type=\"widget\" data-widget_type=\"image.default\">\n\t\t\t\t<div class=\"elementor-widget-container\">\n\t\t\t\t\t\t\t\t\t\t\t\t\t\t\t<img decoding=\"async\" width=\"884\" height=\"374\" src=\"https:\/\/lsf-lst.ca\/fr\/wp-content\/uploads\/2023\/02\/otffeo.png\" class=\"attachment-large size-large wp-image-11664\" alt=\"\" srcset=\"https:\/\/lsf-lst.ca\/fr\/wp-content\/uploads\/2023\/02\/otffeo.png 884w, https:\/\/lsf-lst.ca\/fr\/wp-content\/uploads\/2023\/02\/otffeo-300x127.png 300w, https:\/\/lsf-lst.ca\/fr\/wp-content\/uploads\/2023\/02\/otffeo-768x325.png 768w\" sizes=\"(max-width: 884px) 100vw, 884px\" \/>\t\t\t\t\t\t\t\t\t\t\t\t\t\t\t<\/div>\n\t\t\t\t<\/div>\n\t\t\t\t\t<\/div>\n\t\t<\/div>\n\t\t\t\t\t<\/div>\n\t\t<\/section>\n\t\t\t\t<section class=\"has_eae_slider elementor-section elementor-top-section elementor-element elementor-element-97e83f5 elementor-section-boxed elementor-section-height-default elementor-section-height-default\" data-eae-slider=\"58574\" data-id=\"97e83f5\" data-element_type=\"section\" data-e-type=\"section\">\n\t\t\t\t\t\t<div class=\"elementor-container elementor-column-gap-default\">\n\t\t\t\t\t<div class=\"has_eae_slider elementor-column elementor-col-100 elementor-top-column elementor-element elementor-element-72b8555\" data-eae-slider=\"78050\" data-id=\"72b8555\" data-element_type=\"column\" data-e-type=\"column\">\n\t\t\t<div class=\"elementor-widget-wrap elementor-element-populated\">\n\t\t\t\t\t\t<section class=\"has_eae_slider elementor-section elementor-inner-section elementor-element elementor-element-11c3ed2 elementor-section-boxed elementor-section-height-default elementor-section-height-default\" data-eae-slider=\"42784\" data-id=\"11c3ed2\" data-element_type=\"section\" data-e-type=\"section\">\n\t\t\t\t\t\t<div class=\"elementor-container elementor-column-gap-default\">\n\t\t\t\t\t<div class=\"has_eae_slider elementor-column elementor-col-100 elementor-inner-column elementor-element elementor-element-3b31afe\" data-eae-slider=\"52058\" data-id=\"3b31afe\" data-element_type=\"column\" data-e-type=\"column\">\n\t\t\t<div class=\"elementor-widget-wrap elementor-element-populated\">\n\t\t\t\t\t\t<div class=\"elementor-element elementor-element-715acb5 elementor-align-center elementor-hidden-desktop elementor-hidden-tablet elementor-hidden-mobile elementor-widget elementor-widget-button\" data-id=\"715acb5\" data-element_type=\"widget\" data-e-type=\"widget\" data-widget_type=\"button.default\">\n\t\t\t\t<div class=\"elementor-widget-container\">\n\t\t\t\t\t\t\t\t\t<div class=\"elementor-button-wrapper\">\n\t\t\t\t\t<a class=\"elementor-button elementor-size-md\" role=\"button\">\n\t\t\t\t\t\t<span class=\"elementor-button-content-wrapper\">\n\t\t\t\t\t\t\t\t\t<span class=\"elementor-button-text\">D\u00e9couvrez les laur\u00e9ats de notre prix 2025 !<\/span>\n\t\t\t\t\t<\/span>\n\t\t\t\t\t<\/a>\n\t\t\t\t<\/div>\n\t\t\t\t\t\t\t\t<\/div>\n\t\t\t\t<\/div>\n\t\t\t\t\t<\/div>\n\t\t<\/div>\n\t\t\t\t\t<\/div>\n\t\t<\/section>\n\t\t\t\t\t<\/div>\n\t\t<\/div>\n\t\t\t\t\t<\/div>\n\t\t<\/section>\n\t\t\t\t<\/div>\n\t\t","protected":false},"excerpt":{"rendered":"<p>Le Prix d\u2019enseignement Gardien de la plan\u00e8te de Susan Langley Le Prix d\u2019enseignement Gardien de la plan\u00e8te de Susan Langley cr\u00e9\u00e9 en m\u00e9moire de Susan Langley, ancienne pr\u00e9sidente de L&#8217;\u00e9ducation au service de la Terre, r\u00e9compense les contributions exemplaires des enseignants \u00e0 l&#8217;\u00e9ducation au d\u00e9veloppement durable. Ce prix s&#8217;inscrit dans la continuit\u00e9 de l&#8217;important h\u00e9ritage [&hellip;]<\/p>\n","protected":false},"author":1,"featured_media":0,"parent":607,"menu_order":0,"comment_status":"closed","ping_status":"closed","template":"elementor_header_footer","meta":{"site-sidebar-layout":"no-sidebar","site-content-layout":"page-builder","ast-site-content-layout":"default","site-content-style":"default","site-sidebar-style":"default","ast-global-header-display":"","ast-banner-title-visibility":"","ast-main-header-display":"disabled","ast-hfb-above-header-display":"","ast-hfb-below-header-display":"","ast-hfb-mobile-header-display":"disabled","site-post-title":"disabled","ast-breadcrumbs-content":"disabled","ast-featured-img":"disabled","footer-sml-layout":"disabled","ast-disable-related-posts":"","theme-transparent-header-meta":"default","adv-header-id-meta":"","stick-header-meta":"","header-above-stick-meta":"","header-main-stick-meta":"","header-below-stick-meta":"","astra-migrate-meta-layouts":"default","ast-page-background-enabled":"default","ast-page-background-meta":{"desktop":{"background-color":"","background-image":"","background-repeat":"repeat","background-position":"center center","background-size":"auto","background-attachment":"scroll","background-type":"","background-media":"","overlay-type":"","overlay-color":"","overlay-opacity":"","overlay-gradient":""},"tablet":{"background-color":"","background-image":"","background-repeat":"repeat","background-position":"center center","background-size":"auto","background-attachment":"scroll","background-type":"","background-media":"","overlay-type":"","overlay-color":"","overlay-opacity":"","overlay-gradient":""},"mobile":{"background-color":"","background-image":"","background-repeat":"repeat","background-position":"center center","background-size":"auto","background-attachment":"scroll","background-type":"","background-media":"","overlay-type":"","overlay-color":"","overlay-opacity":"","overlay-gradient":""}},"ast-content-background-meta":{"desktop":{"background-color":"var(--ast-global-color-5)","background-image":"","background-repeat":"repeat","background-position":"center center","background-size":"auto","background-attachment":"scroll","background-type":"","background-media":"","overlay-type":"","overlay-color":"","overlay-opacity":"","overlay-gradient":""},"tablet":{"background-color":"var(--ast-global-color-5)","background-image":"","background-repeat":"repeat","background-position":"center center","background-size":"auto","background-attachment":"scroll","background-type":"","background-media":"","overlay-type":"","overlay-color":"","overlay-opacity":"","overlay-gradient":""},"mobile":{"background-color":"var(--ast-global-color-5)","background-image":"","background-repeat":"repeat","background-position":"center center","background-size":"auto","background-attachment":"scroll","background-type":"","background-media":"","overlay-type":"","overlay-color":"","overlay-opacity":"","overlay-gradient":""}},"footnotes":""},"class_list":["post-1326","page","type-page","status-publish","hentry"],"_links":{"self":[{"href":"https:\/\/lsf-lst.ca\/fr\/wp-json\/wp\/v2\/pages\/1326","targetHints":{"allow":["GET"]}}],"collection":[{"href":"https:\/\/lsf-lst.ca\/fr\/wp-json\/wp\/v2\/pages"}],"about":[{"href":"https:\/\/lsf-lst.ca\/fr\/wp-json\/wp\/v2\/types\/page"}],"author":[{"embeddable":true,"href":"https:\/\/lsf-lst.ca\/fr\/wp-json\/wp\/v2\/users\/1"}],"replies":[{"embeddable":true,"href":"https:\/\/lsf-lst.ca\/fr\/wp-json\/wp\/v2\/comments?post=1326"}],"version-history":[{"count":237,"href":"https:\/\/lsf-lst.ca\/fr\/wp-json\/wp\/v2\/pages\/1326\/revisions"}],"predecessor-version":[{"id":16600,"href":"https:\/\/lsf-lst.ca\/fr\/wp-json\/wp\/v2\/pages\/1326\/revisions\/16600"}],"up":[{"embeddable":true,"href":"https:\/\/lsf-lst.ca\/fr\/wp-json\/wp\/v2\/pages\/607"}],"wp:attachment":[{"href":"https:\/\/lsf-lst.ca\/fr\/wp-json\/wp\/v2\/media?parent=1326"}],"curies":[{"name":"wp","href":"https:\/\/api.w.org\/{rel}","templated":true}]}}