{"id":1631,"date":"2021-08-24T18:41:35","date_gmt":"2021-08-24T18:41:35","guid":{"rendered":"https:\/\/staging.lsf-lst.ca\/?page_id=1631"},"modified":"2025-05-07T14:51:13","modified_gmt":"2025-05-07T14:51:13","slug":"la-conference-commemorative-dr-david-v-j-bell","status":"publish","type":"page","link":"https:\/\/lsf-lst.ca\/fr\/recherche-et-politique\/la-conference-commemorative-dr-david-v-j-bell\/","title":{"rendered":"La conf\u00e9rence comm\u00e9morative Dr. David V.J. Bell"},"content":{"rendered":"\t\t<div data-elementor-type=\"wp-page\" data-elementor-id=\"1631\" class=\"elementor elementor-1631\" data-elementor-post-type=\"page\">\n\t\t\t\t\t\t<section class=\"has_eae_slider elementor-section elementor-top-section elementor-element elementor-element-95594ea elementor-section-items-bottom elementor-section-height-min-height elementor-section-boxed elementor-section-height-default\" data-eae-slider=\"46155\" data-id=\"95594ea\" data-element_type=\"section\" data-e-type=\"section\" data-settings=\"{&quot;background_background&quot;:&quot;classic&quot;}\">\n\t\t\t\t\t\t\t<div class=\"elementor-background-overlay\"><\/div>\n\t\t\t\t\t\t\t<div class=\"elementor-container elementor-column-gap-default\">\n\t\t\t\t\t<div class=\"has_eae_slider elementor-column elementor-col-100 elementor-top-column elementor-element elementor-element-2b990a5\" data-eae-slider=\"80592\" data-id=\"2b990a5\" data-element_type=\"column\" data-e-type=\"column\">\n\t\t\t<div class=\"elementor-widget-wrap elementor-element-populated\">\n\t\t\t\t\t\t<div class=\"elementor-element elementor-element-5d50876 elementor-widget elementor-widget-spacer\" data-id=\"5d50876\" data-element_type=\"widget\" data-e-type=\"widget\" data-widget_type=\"spacer.default\">\n\t\t\t\t<div class=\"elementor-widget-container\">\n\t\t\t\t\t\t\t<div class=\"elementor-spacer\">\n\t\t\t<div class=\"elementor-spacer-inner\"><\/div>\n\t\t<\/div>\n\t\t\t\t\t\t<\/div>\n\t\t\t\t<\/div>\n\t\t\t\t\t<\/div>\n\t\t<\/div>\n\t\t\t\t\t<\/div>\n\t\t<\/section>\n\t\t\t\t<section class=\"has_eae_slider elementor-section elementor-top-section elementor-element elementor-element-31d9bf4c elementor-section-boxed elementor-section-height-default elementor-section-height-default\" data-eae-slider=\"72807\" data-id=\"31d9bf4c\" data-element_type=\"section\" data-e-type=\"section\" data-settings=\"{&quot;background_background&quot;:&quot;classic&quot;}\">\n\t\t\t\t\t\t\t<div class=\"elementor-background-overlay\"><\/div>\n\t\t\t\t\t\t\t<div class=\"elementor-container elementor-column-gap-default\">\n\t\t\t\t\t<div class=\"has_eae_slider elementor-column elementor-col-100 elementor-top-column elementor-element elementor-element-742c5e82\" data-eae-slider=\"81901\" data-id=\"742c5e82\" data-element_type=\"column\" data-e-type=\"column\">\n\t\t\t<div class=\"elementor-widget-wrap elementor-element-populated\">\n\t\t\t\t\t\t<div class=\"elementor-element elementor-element-3a2754dc elementor-widget elementor-widget-heading\" data-id=\"3a2754dc\" data-element_type=\"widget\" data-e-type=\"widget\" data-widget_type=\"heading.default\">\n\t\t\t\t<div class=\"elementor-widget-container\">\n\t\t\t\t\t<h2 class=\"elementor-heading-title elementor-size-default\">La Conf\u00e9rence comm\u00e9morative <br>Dr. David V.J. Bell<\/h2>\t\t\t\t<\/div>\n\t\t\t\t<\/div>\n\t\t\t\t<div class=\"elementor-element elementor-element-2ede9e97 elementor-widget elementor-widget-text-editor\" data-id=\"2ede9e97\" data-element_type=\"widget\" data-e-type=\"widget\" data-widget_type=\"text-editor.default\">\n\t\t\t\t<div class=\"elementor-widget-container\">\n\t\t\t\t\t\t\t\t\t<p>Des leaders d&#8217;opinion canadiens comblent l&#8217;\u00e9cart entre la recherche et la pratique.<\/p>\t\t\t\t\t\t\t\t<\/div>\n\t\t\t\t<\/div>\n\t\t\t\t<div class=\"elementor-element elementor-element-6709e025 elementor-widget elementor-widget-spacer\" data-id=\"6709e025\" data-element_type=\"widget\" data-e-type=\"widget\" data-widget_type=\"spacer.default\">\n\t\t\t\t<div class=\"elementor-widget-container\">\n\t\t\t\t\t\t\t<div class=\"elementor-spacer\">\n\t\t\t<div class=\"elementor-spacer-inner\"><\/div>\n\t\t<\/div>\n\t\t\t\t\t\t<\/div>\n\t\t\t\t<\/div>\n\t\t\t\t\t<\/div>\n\t\t<\/div>\n\t\t\t\t\t<\/div>\n\t\t<\/section>\n\t\t\t\t<section class=\"has_eae_slider elementor-section elementor-top-section elementor-element elementor-element-3d244fa1 elementor-hidden-phone elementor-section-boxed elementor-section-height-default elementor-section-height-default\" data-eae-slider=\"25183\" data-id=\"3d244fa1\" data-element_type=\"section\" data-e-type=\"section\">\n\t\t\t\t\t\t<div class=\"elementor-container elementor-column-gap-default\">\n\t\t\t\t\t<div class=\"has_eae_slider elementor-column elementor-col-100 elementor-top-column elementor-element elementor-element-37051590\" data-eae-slider=\"3037\" data-id=\"37051590\" data-element_type=\"column\" data-e-type=\"column\">\n\t\t\t<div class=\"elementor-widget-wrap elementor-element-populated\">\n\t\t\t\t\t\t<div class=\"elementor-element elementor-element-7b6d8c77 elementor-widget elementor-widget-wp-widget-bcn_widget\" data-id=\"7b6d8c77\" data-element_type=\"widget\" data-e-type=\"widget\" data-widget_type=\"wp-widget-bcn_widget.default\">\n\t\t\t\t<div class=\"elementor-widget-container\">\n\t\t\t\t\t<div class=\"breadcrumbs\" vocab=\"https:\/\/schema.org\/\" typeof=\"BreadcrumbList\"><\/div>\t\t\t\t<\/div>\n\t\t\t\t<\/div>\n\t\t\t\t\t<\/div>\n\t\t<\/div>\n\t\t\t\t\t<\/div>\n\t\t<\/section>\n\t\t\t\t<section class=\"has_eae_slider elementor-section elementor-top-section elementor-element elementor-element-635c7752 elementor-section-boxed elementor-section-height-default elementor-section-height-default\" data-eae-slider=\"80813\" data-id=\"635c7752\" data-element_type=\"section\" data-e-type=\"section\">\n\t\t\t\t\t\t<div class=\"elementor-container elementor-column-gap-default\">\n\t\t\t\t\t<div class=\"has_eae_slider elementor-column elementor-col-50 elementor-top-column elementor-element elementor-element-5a89ef77\" data-eae-slider=\"5523\" data-id=\"5a89ef77\" data-element_type=\"column\" data-e-type=\"column\">\n\t\t\t<div class=\"elementor-widget-wrap elementor-element-populated\">\n\t\t\t\t\t\t<div class=\"elementor-element elementor-element-2a9ae1ae elementor-widget elementor-widget-heading\" data-id=\"2a9ae1ae\" data-element_type=\"widget\" data-e-type=\"widget\" data-widget_type=\"heading.default\">\n\t\t\t\t<div class=\"elementor-widget-container\">\n\t\t\t\t\t<h2 class=\"elementor-heading-title elementor-size-default\">La 6e conf\u00e9rence comm\u00e9morative <br>Dr. David V.J. Bell<\/h2>\t\t\t\t<\/div>\n\t\t\t\t<\/div>\n\t\t\t\t<div class=\"elementor-element elementor-element-8b944fe elementor-widget elementor-widget-spacer\" data-id=\"8b944fe\" data-element_type=\"widget\" data-e-type=\"widget\" data-widget_type=\"spacer.default\">\n\t\t\t\t<div class=\"elementor-widget-container\">\n\t\t\t\t\t\t\t<div class=\"elementor-spacer\">\n\t\t\t<div class=\"elementor-spacer-inner\"><\/div>\n\t\t<\/div>\n\t\t\t\t\t\t<\/div>\n\t\t\t\t<\/div>\n\t\t\t\t<section class=\"has_eae_slider elementor-section elementor-inner-section elementor-element elementor-element-aa65224 elementor-section-boxed elementor-section-height-default elementor-section-height-default\" data-eae-slider=\"14995\" data-id=\"aa65224\" data-element_type=\"section\" data-e-type=\"section\">\n\t\t\t\t\t\t<div class=\"elementor-container elementor-column-gap-default\">\n\t\t\t\t\t<div class=\"has_eae_slider elementor-column elementor-col-50 elementor-inner-column elementor-element elementor-element-c24e687\" data-eae-slider=\"63873\" data-id=\"c24e687\" data-element_type=\"column\" data-e-type=\"column\">\n\t\t\t<div class=\"elementor-widget-wrap elementor-element-populated\">\n\t\t\t\t\t\t<div class=\"elementor-element elementor-element-ca54882 elementor-widget elementor-widget-text-editor\" data-id=\"ca54882\" data-element_type=\"widget\" data-e-type=\"widget\" data-widget_type=\"text-editor.default\">\n\t\t\t\t<div class=\"elementor-widget-container\">\n\t\t\t\t\t\t\t\t\t<h3><em><strong>Acc\u00e9l\u00e9rer les solutions climatiques<\/strong><\/em><\/h3><p>\u00a0<\/p><h5><strong>avec Dr. Jonathan Foley, Directeur ex\u00e9cutif au Projet Drawdown<\/strong><\/h5>\t\t\t\t\t\t\t\t<\/div>\n\t\t\t\t<\/div>\n\t\t\t\t\t<\/div>\n\t\t<\/div>\n\t\t\t\t<div class=\"has_eae_slider elementor-column elementor-col-50 elementor-inner-column elementor-element elementor-element-2fb2b70\" data-eae-slider=\"71837\" data-id=\"2fb2b70\" data-element_type=\"column\" data-e-type=\"column\">\n\t\t\t<div class=\"elementor-widget-wrap elementor-element-populated\">\n\t\t\t\t\t\t<div class=\"elementor-element elementor-element-56d9020 elementor-widget elementor-widget-image\" data-id=\"56d9020\" data-element_type=\"widget\" data-e-type=\"widget\" data-widget_type=\"image.default\">\n\t\t\t\t<div class=\"elementor-widget-container\">\n\t\t\t\t\t\t\t\t\t\t\t\t\t\t\t<img fetchpriority=\"high\" decoding=\"async\" width=\"914\" height=\"982\" src=\"https:\/\/lsf-lst.ca\/fr\/wp-content\/uploads\/headshot1_Foley1_cropped.jpg\" class=\"attachment-large size-large wp-image-15700\" alt=\"\" srcset=\"https:\/\/lsf-lst.ca\/fr\/wp-content\/uploads\/headshot1_Foley1_cropped.jpg 914w, https:\/\/lsf-lst.ca\/fr\/wp-content\/uploads\/headshot1_Foley1_cropped-279x300.jpg 279w, https:\/\/lsf-lst.ca\/fr\/wp-content\/uploads\/headshot1_Foley1_cropped-768x825.jpg 768w\" sizes=\"(max-width: 914px) 100vw, 914px\" \/>\t\t\t\t\t\t\t\t\t\t\t\t\t\t\t<\/div>\n\t\t\t\t<\/div>\n\t\t\t\t\t<\/div>\n\t\t<\/div>\n\t\t\t\t\t<\/div>\n\t\t<\/section>\n\t\t\t\t<div class=\"elementor-element elementor-element-4461d5d elementor-widget elementor-widget-spacer\" data-id=\"4461d5d\" data-element_type=\"widget\" data-e-type=\"widget\" data-widget_type=\"spacer.default\">\n\t\t\t\t<div class=\"elementor-widget-container\">\n\t\t\t\t\t\t\t<div class=\"elementor-spacer\">\n\t\t\t<div class=\"elementor-spacer-inner\"><\/div>\n\t\t<\/div>\n\t\t\t\t\t\t<\/div>\n\t\t\t\t<\/div>\n\t\t\t\t<div class=\"elementor-element elementor-element-d2c867f elementor-widget elementor-widget-text-editor\" data-id=\"d2c867f\" data-element_type=\"widget\" data-e-type=\"widget\" data-widget_type=\"text-editor.default\">\n\t\t\t\t<div class=\"elementor-widget-container\">\n\t\t\t\t\t\t\t\t\t<p class=\"\" data-start=\"0\" data-end=\"940\"><strong>Jonathan Foley<\/strong>, Ph. D., est un scientifique de l\u2019environnement de renomm\u00e9e mondiale, expert en d\u00e9veloppement durable, auteur et conf\u00e9rencier public. Son travail porte sur les changements climatiques, les \u00e9cosyst\u00e8mes et la durabilit\u00e9 des ressources. Il est un chercheur tr\u00e8s cit\u00e9 et a conseill\u00e9 des gouvernements, des ONG, des fondations et des leaders du monde des affaires \u00e0 l\u2019\u00e9chelle internationale. Jonathan a pris la parole lors de conf\u00e9rences TED, \u00e0 la Banque mondiale et chez National Geographic, en plus d\u2019avoir \u00e9crit pour le <em data-start=\"533\" data-end=\"549\">New York Times<\/em> et <em data-start=\"553\" data-end=\"574\">Scientific American<\/em>. Il a \u00e9galement \u00e9t\u00e9 interview\u00e9 dans plusieurs grands m\u00e9dias, dont NPR, BBC, CNN et HBO. Sur le plan acad\u00e9mique, Jonathan a enseign\u00e9 et dirig\u00e9 des programmes dans des institutions prestigieuses. Il a fond\u00e9 le Center for Sustainability and the Global Environment (SAGE) \u00e0 l\u2019Universit\u00e9 du Wisconsin et l\u2019Institute on the Environment (IonE) \u00e0 l\u2019Universit\u00e9 du Minnesota.<\/p><p class=\"\" data-start=\"942\" data-end=\"1479\">La conf\u00e9rence comprendra \u00e9galement le lancement exclusif du troisi\u00e8me sondage de LSF sur les changements climatiques et l\u2019\u00e9ducation : <strong data-start=\"1076\" data-end=\"1189\">De la sensibilisation \u00e0 l\u2019action : la perception des Canadiens sur les changements climatiques et l\u2019\u00e9ducation<\/strong>. La pr\u00e9sentation explorera les tendances de l\u2019opinion canadienne sur les changements climatiques, le r\u00f4le de l\u2019\u00e9ducation, les pratiques actuelles en mati\u00e8re d\u2019\u00e9ducation climatique en classe, et comment les \u00e9coles peuvent passer de la sensibilisation \u00e0 une action concr\u00e8te et significative.<\/p>\t\t\t\t\t\t\t\t<\/div>\n\t\t\t\t<\/div>\n\t\t\t\t<section class=\"has_eae_slider elementor-section elementor-inner-section elementor-element elementor-element-f903fce elementor-section-boxed elementor-section-height-default elementor-section-height-default\" data-eae-slider=\"60668\" data-id=\"f903fce\" data-element_type=\"section\" data-e-type=\"section\">\n\t\t\t\t\t\t<div class=\"elementor-container elementor-column-gap-default\">\n\t\t\t\t\t<div class=\"has_eae_slider elementor-column elementor-col-100 elementor-inner-column elementor-element elementor-element-9747f94\" data-eae-slider=\"44903\" data-id=\"9747f94\" data-element_type=\"column\" data-e-type=\"column\">\n\t\t\t<div class=\"elementor-widget-wrap elementor-element-populated\">\n\t\t\t\t\t\t<div class=\"elementor-element elementor-element-ce92037 elementor-widget elementor-widget-text-editor\" data-id=\"ce92037\" data-element_type=\"widget\" data-e-type=\"widget\" data-widget_type=\"text-editor.default\">\n\t\t\t\t<div class=\"elementor-widget-container\">\n\t\t\t\t\t\t\t\t\t<p><b>Rejoignez-nous virtuellement le 18 juin 2025 de 19-20h (HAE).<\/b><\/p>\t\t\t\t\t\t\t\t<\/div>\n\t\t\t\t<\/div>\n\t\t\t\t\t<\/div>\n\t\t<\/div>\n\t\t\t\t\t<\/div>\n\t\t<\/section>\n\t\t\t\t<div class=\"elementor-element elementor-element-1610795 elementor-widget elementor-widget-button\" data-id=\"1610795\" data-element_type=\"widget\" data-e-type=\"widget\" data-widget_type=\"button.default\">\n\t\t\t\t<div class=\"elementor-widget-container\">\n\t\t\t\t\t\t\t\t\t<div class=\"elementor-button-wrapper\">\n\t\t\t\t\t<a class=\"elementor-button elementor-button-link elementor-size-sm\" href=\"https:\/\/docs.google.com\/forms\/d\/e\/1FAIpQLScr0l1GPxmYyp_yf2oLzaO93RJQI7O1_U-pVM5dYO2F9nO34g\/viewform\">\n\t\t\t\t\t\t<span class=\"elementor-button-content-wrapper\">\n\t\t\t\t\t\t\t\t\t<span class=\"elementor-button-text\">Inscrivez-vous ici<\/span>\n\t\t\t\t\t<\/span>\n\t\t\t\t\t<\/a>\n\t\t\t\t<\/div>\n\t\t\t\t\t\t\t\t<\/div>\n\t\t\t\t<\/div>\n\t\t\t\t<div class=\"elementor-element elementor-element-fc07f74 elementor-widget elementor-widget-text-editor\" data-id=\"fc07f74\" data-element_type=\"widget\" data-e-type=\"widget\" data-widget_type=\"text-editor.default\">\n\t\t\t\t<div class=\"elementor-widget-container\">\n\t\t\t\t\t\t\t\t\t<p>Cet \u00e9v\u00e9nement est offert en anglais seulement!<br \/>Pour plus d&#8217;informations, contactez pam@LSF-LST.ca<\/p>\t\t\t\t\t\t\t\t<\/div>\n\t\t\t\t<\/div>\n\t\t\t\t<div class=\"elementor-element elementor-element-153fc06a elementor-widget-divider--view-line elementor-widget elementor-widget-divider\" data-id=\"153fc06a\" data-element_type=\"widget\" data-e-type=\"widget\" data-widget_type=\"divider.default\">\n\t\t\t\t<div class=\"elementor-widget-container\">\n\t\t\t\t\t\t\t<div class=\"elementor-divider\">\n\t\t\t<span class=\"elementor-divider-separator\">\n\t\t\t\t\t\t<\/span>\n\t\t<\/div>\n\t\t\t\t\t\t<\/div>\n\t\t\t\t<\/div>\n\t\t\t\t<div class=\"elementor-element elementor-element-d3b3ff9 elementor-widget elementor-widget-heading\" data-id=\"d3b3ff9\" data-element_type=\"widget\" data-e-type=\"widget\" data-widget_type=\"heading.default\">\n\t\t\t\t<div class=\"elementor-widget-container\">\n\t\t\t\t\t<h2 class=\"elementor-heading-title elementor-size-default\">Au sujet du Dr. Bell et de la conf\u00e9rence comm\u00e9morative<\/h2>\t\t\t\t<\/div>\n\t\t\t\t<\/div>\n\t\t\t\t<div class=\"elementor-element elementor-element-196d2d02 elementor-widget elementor-widget-spacer\" data-id=\"196d2d02\" data-element_type=\"widget\" data-e-type=\"widget\" data-widget_type=\"spacer.default\">\n\t\t\t\t<div class=\"elementor-widget-container\">\n\t\t\t\t\t\t\t<div class=\"elementor-spacer\">\n\t\t\t<div class=\"elementor-spacer-inner\"><\/div>\n\t\t<\/div>\n\t\t\t\t\t\t<\/div>\n\t\t\t\t<\/div>\n\t\t\t\t<div class=\"elementor-element elementor-element-5363292 elementor-widget elementor-widget-text-editor\" data-id=\"5363292\" data-element_type=\"widget\" data-e-type=\"widget\" data-widget_type=\"text-editor.default\">\n\t\t\t\t<div class=\"elementor-widget-container\">\n\t\t\t\t\t\t\t\t\t<p>Dr David V.J. Bell est devenu membre de LST en 1995 et pr\u00e9sident de son conseil en 2006. Il a fait partie int\u00e9grante de notre organisation pendant plus de 22 ans. Sa passion, son engagement et son d\u00e9vouement \u00e0 l\u2019\u00e9gard du d\u00e9veloppement durable ont laiss\u00e9 une marque ind\u00e9l\u00e9bile sur les d\u00e9cisionnaires, les \u00e9ducateurs et les jeunes du Canada et du reste du monde. Dr Bell a laiss\u00e9 un impact inestimable sur LST, et son leadership et ses innombrables contributions lui ont m\u00e9rit\u00e9 de nombreux prix, y compris le Green Toronto Award for Leadership in Sustainability, le Prix de l\u2019EECOM, le Harry Jerome Award, le Clean50 Award de 2017 et le Jackie Robinson Fortitude Award.<\/p><p>La Conf\u00e9rence annuelle Dr David V.J. Bell \u00e0 vise \u00e0 combler l\u2019\u00e9cart entre les recherches et la pratique dans les \u00e9tablissements d\u2019enseignement en d\u00e9signant des leaders \u00e9clair\u00e9s pour partager leurs conclusions sur l\u2019\u00e9ducation au d\u00e9veloppement durable et son lien avec les politiques d\u2019\u00e9ducation, la formation et le travail des enseignants et l\u2019autonomisation des \u00e9l\u00e8ves.<\/p>\t\t\t\t\t\t\t\t<\/div>\n\t\t\t\t<\/div>\n\t\t\t\t<div class=\"elementor-element elementor-element-c10ce65 elementor-widget elementor-widget-spacer\" data-id=\"c10ce65\" data-element_type=\"widget\" data-e-type=\"widget\" data-widget_type=\"spacer.default\">\n\t\t\t\t<div class=\"elementor-widget-container\">\n\t\t\t\t\t\t\t<div class=\"elementor-spacer\">\n\t\t\t<div class=\"elementor-spacer-inner\"><\/div>\n\t\t<\/div>\n\t\t\t\t\t\t<\/div>\n\t\t\t\t<\/div>\n\t\t\t\t<div class=\"elementor-element elementor-element-0ab8314 elementor-widget elementor-widget-spacer\" data-id=\"0ab8314\" data-element_type=\"widget\" data-e-type=\"widget\" data-widget_type=\"spacer.default\">\n\t\t\t\t<div class=\"elementor-widget-container\">\n\t\t\t\t\t\t\t<div class=\"elementor-spacer\">\n\t\t\t<div class=\"elementor-spacer-inner\"><\/div>\n\t\t<\/div>\n\t\t\t\t\t\t<\/div>\n\t\t\t\t<\/div>\n\t\t\t\t\t<\/div>\n\t\t<\/div>\n\t\t\t\t<div class=\"has_eae_slider elementor-column elementor-col-50 elementor-top-column elementor-element elementor-element-2afc8644\" data-eae-slider=\"74125\" data-id=\"2afc8644\" data-element_type=\"column\" data-e-type=\"column\">\n\t\t\t<div class=\"elementor-widget-wrap elementor-element-populated\">\n\t\t\t\t\t\t<div class=\"elementor-element elementor-element-d1362b8 elementor-widget elementor-widget-image\" data-id=\"d1362b8\" data-element_type=\"widget\" data-e-type=\"widget\" data-widget_type=\"image.default\">\n\t\t\t\t<div class=\"elementor-widget-container\">\n\t\t\t\t\t\t\t\t\t\t\t\t\t\t\t<img decoding=\"async\" width=\"887\" height=\"650\" src=\"https:\/\/lsf-lst.ca\/fr\/wp-content\/uploads\/2021\/08\/David_-_bass.jpeg\" class=\"attachment-large size-large wp-image-1643\" alt=\"\" srcset=\"https:\/\/lsf-lst.ca\/fr\/wp-content\/uploads\/2021\/08\/David_-_bass.jpeg 887w, https:\/\/lsf-lst.ca\/fr\/wp-content\/uploads\/2021\/08\/David_-_bass-300x220.jpeg 300w, https:\/\/lsf-lst.ca\/fr\/wp-content\/uploads\/2021\/08\/David_-_bass-768x563.jpeg 768w\" sizes=\"(max-width: 887px) 100vw, 887px\" \/>\t\t\t\t\t\t\t\t\t\t\t\t\t\t\t<\/div>\n\t\t\t\t<\/div>\n\t\t\t\t<div class=\"elementor-element elementor-element-3430862 elementor-widget elementor-widget-text-editor\" data-id=\"3430862\" data-element_type=\"widget\" data-e-type=\"widget\" data-widget_type=\"text-editor.default\">\n\t\t\t\t<div class=\"elementor-widget-container\">\n\t\t\t\t\t\t\t\t\t<p>\u00a0 \u00a0 \u00a0 \u00a0 \u00a0 \u00a0 \u00a0 \u00a0 \u00a0 \u00a0 \u00a0 \u00a0 \u00a0 \u00a0 \u00a0Dr. David V.J. Bell (1944-2017)<\/p>\t\t\t\t\t\t\t\t<\/div>\n\t\t\t\t<\/div>\n\t\t\t\t<div class=\"elementor-element elementor-element-cb18960 elementor-widget elementor-widget-text-editor\" data-id=\"cb18960\" data-element_type=\"widget\" data-e-type=\"widget\" data-widget_type=\"text-editor.default\">\n\t\t\t\t<div class=\"elementor-widget-container\">\n\t\t\t\t\t\t\t\t\tAnn\u00e9es Pr\u00e9c\u00e9dentes\t\t\t\t\t\t\t\t<\/div>\n\t\t\t\t<\/div>\n\t\t\t\t<div class=\"elementor-element elementor-element-f3139a4 elementor-widget elementor-widget-text-editor\" data-id=\"f3139a4\" data-element_type=\"widget\" data-e-type=\"widget\" data-widget_type=\"text-editor.default\">\n\t\t\t\t<div class=\"elementor-widget-container\">\n\t\t\t\t\t\t\t\t\t<ul><li><strong><a href=\"https:\/\/www.youtube.com\/watch?v=JhX4U8fVZDk\">2024 &#8211; Dr. Elin Kelsey<\/a><\/strong><\/li><li><strong><a href=\"https:\/\/www.youtube.com\/watch?v=MQgC3lxB7u4\">2022 &#8211; Dr. Katharine Hayhoe, Naila Moloo et Daniel Sylvestre<\/a><\/strong><\/li><li><strong><a href=\"https:\/\/www.youtube.com\/watch?v=U1XanbAaG0Q&amp;ab_channel=LSFLST\">2021 &#8211; Dr. Ellen Field, Patricia Fuller, Cedric Gray-Lehoux et Barbara Zvan<\/a><\/strong><\/li><li><strong><a href=\"https:\/\/www.youtube.com\/watch?v=aehIMSoyGHU&amp;ab_channel=LSFLST\" target=\"_blank\" rel=\"noopener\">2019 &#8211; Bruce Lourie<\/a><\/strong><\/li><li><strong><a href=\"https:\/\/www.youtube.com\/watch?v=P-cqv1LSh8g&amp;ab_channel=LSFLST\" target=\"_blank\" rel=\"noopener\">2018 &#8211; HH Elizabeth Dowdeswell<\/a><\/strong><\/li><\/ul>\t\t\t\t\t\t\t\t<\/div>\n\t\t\t\t<\/div>\n\t\t\t\t<div class=\"elementor-element elementor-element-06dedd3 elementor-widget elementor-widget-text-editor\" data-id=\"06dedd3\" data-element_type=\"widget\" data-e-type=\"widget\" data-widget_type=\"text-editor.default\">\n\t\t\t\t<div class=\"elementor-widget-container\">\n\t\t\t\t\t\t\t\t\t<p><strong><a href=\"https:\/\/www.canadahelps.org\/en\/dn\/9340\">Faites un don au Fonds comm\u00e9moratif de Dr. David V.J. Bell<\/a><\/strong><\/p>\t\t\t\t\t\t\t\t<\/div>\n\t\t\t\t<\/div>\n\t\t\t\t<div class=\"elementor-element elementor-element-558b5a8f elementor-widget elementor-widget-spacer\" data-id=\"558b5a8f\" data-element_type=\"widget\" data-e-type=\"widget\" data-widget_type=\"spacer.default\">\n\t\t\t\t<div class=\"elementor-widget-container\">\n\t\t\t\t\t\t\t<div class=\"elementor-spacer\">\n\t\t\t<div class=\"elementor-spacer-inner\"><\/div>\n\t\t<\/div>\n\t\t\t\t\t\t<\/div>\n\t\t\t\t<\/div>\n\t\t\t\t\t<\/div>\n\t\t<\/div>\n\t\t\t\t\t<\/div>\n\t\t<\/section>\n\t\t\t\t<\/div>\n\t\t","protected":false},"excerpt":{"rendered":"<p>La Conf\u00e9rence comm\u00e9morative Dr. David V.J. Bell Des leaders d&#8217;opinion canadiens comblent l&#8217;\u00e9cart entre la recherche et la pratique. La 6e conf\u00e9rence comm\u00e9morative Dr. David V.J. Bell Acc\u00e9l\u00e9rer les solutions climatiques \u00a0 avec Dr. Jonathan Foley, Directeur ex\u00e9cutif au Projet Drawdown Jonathan Foley, Ph. D., est un scientifique de l\u2019environnement de renomm\u00e9e mondiale, expert en [&hellip;]<\/p>\n","protected":false},"author":1,"featured_media":0,"parent":462,"menu_order":0,"comment_status":"closed","ping_status":"closed","template":"elementor_header_footer","meta":{"site-sidebar-layout":"no-sidebar","site-content-layout":"page-builder","ast-site-content-layout":"default","site-content-style":"default","site-sidebar-style":"default","ast-global-header-display":"","ast-banner-title-visibility":"","ast-main-header-display":"disabled","ast-hfb-above-header-display":"","ast-hfb-below-header-display":"","ast-hfb-mobile-header-display":"disabled","site-post-title":"disabled","ast-breadcrumbs-content":"disabled","ast-featured-img":"disabled","footer-sml-layout":"disabled","ast-disable-related-posts":"","theme-transparent-header-meta":"default","adv-header-id-meta":"","stick-header-meta":"","header-above-stick-meta":"","header-main-stick-meta":"","header-below-stick-meta":"","astra-migrate-meta-layouts":"default","ast-page-background-enabled":"default","ast-page-background-meta":{"desktop":{"background-color":"","background-image":"","background-repeat":"repeat","background-position":"center center","background-size":"auto","background-attachment":"scroll","background-type":"","background-media":"","overlay-type":"","overlay-color":"","overlay-opacity":"","overlay-gradient":""},"tablet":{"background-color":"","background-image":"","background-repeat":"repeat","background-position":"center center","background-size":"auto","background-attachment":"scroll","background-type":"","background-media":"","overlay-type":"","overlay-color":"","overlay-opacity":"","overlay-gradient":""},"mobile":{"background-color":"","background-image":"","background-repeat":"repeat","background-position":"center center","background-size":"auto","background-attachment":"scroll","background-type":"","background-media":"","overlay-type":"","overlay-color":"","overlay-opacity":"","overlay-gradient":""}},"ast-content-background-meta":{"desktop":{"background-color":"var(--ast-global-color-5)","background-image":"","background-repeat":"repeat","background-position":"center center","background-size":"auto","background-attachment":"scroll","background-type":"","background-media":"","overlay-type":"","overlay-color":"","overlay-opacity":"","overlay-gradient":""},"tablet":{"background-color":"var(--ast-global-color-5)","background-image":"","background-repeat":"repeat","background-position":"center center","background-size":"auto","background-attachment":"scroll","background-type":"","background-media":"","overlay-type":"","overlay-color":"","overlay-opacity":"","overlay-gradient":""},"mobile":{"background-color":"var(--ast-global-color-5)","background-image":"","background-repeat":"repeat","background-position":"center center","background-size":"auto","background-attachment":"scroll","background-type":"","background-media":"","overlay-type":"","overlay-color":"","overlay-opacity":"","overlay-gradient":""}},"footnotes":""},"class_list":["post-1631","page","type-page","status-publish","hentry"],"_links":{"self":[{"href":"https:\/\/lsf-lst.ca\/fr\/wp-json\/wp\/v2\/pages\/1631","targetHints":{"allow":["GET"]}}],"collection":[{"href":"https:\/\/lsf-lst.ca\/fr\/wp-json\/wp\/v2\/pages"}],"about":[{"href":"https:\/\/lsf-lst.ca\/fr\/wp-json\/wp\/v2\/types\/page"}],"author":[{"embeddable":true,"href":"https:\/\/lsf-lst.ca\/fr\/wp-json\/wp\/v2\/users\/1"}],"replies":[{"embeddable":true,"href":"https:\/\/lsf-lst.ca\/fr\/wp-json\/wp\/v2\/comments?post=1631"}],"version-history":[{"count":191,"href":"https:\/\/lsf-lst.ca\/fr\/wp-json\/wp\/v2\/pages\/1631\/revisions"}],"predecessor-version":[{"id":15738,"href":"https:\/\/lsf-lst.ca\/fr\/wp-json\/wp\/v2\/pages\/1631\/revisions\/15738"}],"up":[{"embeddable":true,"href":"https:\/\/lsf-lst.ca\/fr\/wp-json\/wp\/v2\/pages\/462"}],"wp:attachment":[{"href":"https:\/\/lsf-lst.ca\/fr\/wp-json\/wp\/v2\/media?parent=1631"}],"curies":[{"name":"wp","href":"https:\/\/api.w.org\/{rel}","templated":true}]}}