{"id":16671,"date":"2026-04-01T10:52:41","date_gmt":"2026-04-01T15:52:41","guid":{"rendered":"https:\/\/lsf-lst.ca\/fr\/?page_id=16671"},"modified":"2026-04-06T19:30:15","modified_gmt":"2026-04-07T00:30:15","slug":"climat-meteo-toi","status":"publish","type":"page","link":"https:\/\/lsf-lst.ca\/fr\/ressources\/climat-meteo-toi\/","title":{"rendered":"Climat, m\u00e9t\u00e9o &#038; toi"},"content":{"rendered":"\t\t<div data-elementor-type=\"wp-page\" data-elementor-id=\"16671\" class=\"elementor elementor-16671\" data-elementor-post-type=\"page\">\n\t\t\t\t\t\t<section class=\"has_eae_slider elementor-section elementor-top-section elementor-element elementor-element-95594ea elementor-section-items-bottom elementor-section-height-min-height elementor-section-boxed elementor-section-height-default\" data-eae-slider=\"94484\" data-id=\"95594ea\" data-element_type=\"section\" data-e-type=\"section\" data-settings=\"{&quot;background_background&quot;:&quot;classic&quot;}\">\n\t\t\t\t\t\t\t<div class=\"elementor-background-overlay\"><\/div>\n\t\t\t\t\t\t\t<div class=\"elementor-container elementor-column-gap-default\">\n\t\t\t\t\t<div class=\"has_eae_slider elementor-column elementor-col-100 elementor-top-column elementor-element elementor-element-2b990a5\" data-eae-slider=\"70386\" data-id=\"2b990a5\" data-element_type=\"column\" data-e-type=\"column\">\n\t\t\t<div class=\"elementor-widget-wrap elementor-element-populated\">\n\t\t\t\t\t\t<div class=\"elementor-element elementor-element-5d50876 elementor-widget elementor-widget-spacer\" data-id=\"5d50876\" data-element_type=\"widget\" data-e-type=\"widget\" data-widget_type=\"spacer.default\">\n\t\t\t\t<div class=\"elementor-widget-container\">\n\t\t\t\t\t\t\t<div class=\"elementor-spacer\">\n\t\t\t<div class=\"elementor-spacer-inner\"><\/div>\n\t\t<\/div>\n\t\t\t\t\t\t<\/div>\n\t\t\t\t<\/div>\n\t\t\t\t\t<\/div>\n\t\t<\/div>\n\t\t\t\t\t<\/div>\n\t\t<\/section>\n\t\t\t\t<section class=\"has_eae_slider elementor-section elementor-top-section elementor-element elementor-element-5642687d elementor-hidden-phone elementor-section-boxed elementor-section-height-default elementor-section-height-default\" data-eae-slider=\"52000\" data-id=\"5642687d\" data-element_type=\"section\" data-e-type=\"section\">\n\t\t\t\t\t\t<div class=\"elementor-container elementor-column-gap-default\">\n\t\t\t\t\t<div class=\"has_eae_slider elementor-column elementor-col-100 elementor-top-column elementor-element elementor-element-43d1785c\" data-eae-slider=\"15551\" data-id=\"43d1785c\" data-element_type=\"column\" data-e-type=\"column\">\n\t\t\t<div class=\"elementor-widget-wrap elementor-element-populated\">\n\t\t\t\t\t\t<div class=\"elementor-element elementor-element-5eb8c86b elementor-widget elementor-widget-wp-widget-bcn_widget\" data-id=\"5eb8c86b\" data-element_type=\"widget\" data-e-type=\"widget\" data-widget_type=\"wp-widget-bcn_widget.default\">\n\t\t\t\t<div class=\"elementor-widget-container\">\n\t\t\t\t\t<div class=\"breadcrumbs\" vocab=\"https:\/\/schema.org\/\" typeof=\"BreadcrumbList\"><\/div>\t\t\t\t<\/div>\n\t\t\t\t<\/div>\n\t\t\t\t\t<\/div>\n\t\t<\/div>\n\t\t\t\t\t<\/div>\n\t\t<\/section>\n\t\t\t\t<section class=\"has_eae_slider elementor-section elementor-top-section elementor-element elementor-element-b4f5eb3 elementor-section-boxed elementor-section-height-default elementor-section-height-default\" data-eae-slider=\"61453\" data-id=\"b4f5eb3\" data-element_type=\"section\" data-e-type=\"section\">\n\t\t\t\t\t\t<div class=\"elementor-container elementor-column-gap-default\">\n\t\t\t\t\t<div class=\"has_eae_slider elementor-column elementor-col-50 elementor-top-column elementor-element elementor-element-6e4d5f3\" data-eae-slider=\"90303\" data-id=\"6e4d5f3\" data-element_type=\"column\" data-e-type=\"column\">\n\t\t\t<div class=\"elementor-widget-wrap elementor-element-populated\">\n\t\t\t\t\t\t<div class=\"elementor-element elementor-element-d4dd173 elementor-widget-divider--view-line elementor-widget elementor-widget-divider\" data-id=\"d4dd173\" data-element_type=\"widget\" data-e-type=\"widget\" data-widget_type=\"divider.default\">\n\t\t\t\t<div class=\"elementor-widget-container\">\n\t\t\t\t\t\t\t<div class=\"elementor-divider\">\n\t\t\t<span class=\"elementor-divider-separator\">\n\t\t\t\t\t\t<\/span>\n\t\t<\/div>\n\t\t\t\t\t\t<\/div>\n\t\t\t\t<\/div>\n\t\t\t\t<div class=\"elementor-element elementor-element-3319cc5 elementor-widget elementor-widget-heading\" data-id=\"3319cc5\" data-element_type=\"widget\" data-e-type=\"widget\" data-widget_type=\"heading.default\">\n\t\t\t\t<div class=\"elementor-widget-container\">\n\t\t\t\t\t<h2 class=\"elementor-heading-title elementor-size-default\">M\u00e9t\u00e9o, climat et toi : apprendre avec l'app M\u00e9t\u00e9oCAN<\/h2>\t\t\t\t<\/div>\n\t\t\t\t<\/div>\n\t\t\t\t<div class=\"elementor-element elementor-element-eb0c2cd elementor-widget elementor-widget-spacer\" data-id=\"eb0c2cd\" data-element_type=\"widget\" data-e-type=\"widget\" data-widget_type=\"spacer.default\">\n\t\t\t\t<div class=\"elementor-widget-container\">\n\t\t\t\t\t\t\t<div class=\"elementor-spacer\">\n\t\t\t<div class=\"elementor-spacer-inner\"><\/div>\n\t\t<\/div>\n\t\t\t\t\t\t<\/div>\n\t\t\t\t<\/div>\n\t\t\t\t<section class=\"has_eae_slider elementor-section elementor-inner-section elementor-element elementor-element-e5eeac5 elementor-section-boxed elementor-section-height-default elementor-section-height-default\" data-eae-slider=\"99596\" data-id=\"e5eeac5\" data-element_type=\"section\" data-e-type=\"section\">\n\t\t\t\t\t\t<div class=\"elementor-container elementor-column-gap-default\">\n\t\t\t\t\t<div class=\"has_eae_slider elementor-column elementor-col-50 elementor-inner-column elementor-element elementor-element-638b228\" data-eae-slider=\"71884\" data-id=\"638b228\" data-element_type=\"column\" data-e-type=\"column\">\n\t\t\t<div class=\"elementor-widget-wrap elementor-element-populated\">\n\t\t\t\t\t\t<div class=\"elementor-element elementor-element-d6f866b elementor-widget__width-initial elementor-widget elementor-widget-text-editor\" data-id=\"d6f866b\" data-element_type=\"widget\" data-e-type=\"widget\" data-widget_type=\"text-editor.default\">\n\t\t\t\t<div class=\"elementor-widget-container\">\n\t\t\t\t\t\t\t\t\t<p>\u00c0 travers deux plans de cours pratiques, les \u00e9l\u00e8ves de la 6\u00e8me \u00e0 la 3\u00e8me ann\u00e9e d\u00e9couvriront les r\u00e9gimes m\u00e9t\u00e9orologiques canadiens, comment ceux-ci sont affect\u00e9s par le changement climatique et comment nous pouvons nous adapter \u00e0 ces changements. Ces cours s&#8217;appuient sur l&#8217;application <a href=\"https:\/\/www.canada.ca\/fr\/environnement-changement-climatique\/services\/conditions-meteorologiques-ressources-outils-generaux\/meteocan.html\" target=\"_blank\" rel=\"noopener\">M\u00e9t\u00e9oCAN.<\/a><\/p><ul><li>D\u00e9couvrez notre <a href=\"https:\/\/www.resources4rethinking.ca\/fr\/resource\/lapp-meteocan\" target=\"_blank\" rel=\"noopener\">analyse et les liens vers les programmes scolaires concernant l&#8217;application M\u00e9t\u00e9oCAN sur Resources pour repenser !<\/a><\/li><\/ul>\t\t\t\t\t\t\t\t<\/div>\n\t\t\t\t<\/div>\n\t\t\t\t\t<\/div>\n\t\t<\/div>\n\t\t\t\t<div class=\"has_eae_slider elementor-column elementor-col-50 elementor-inner-column elementor-element elementor-element-eef6812\" data-eae-slider=\"95386\" data-id=\"eef6812\" data-element_type=\"column\" data-e-type=\"column\">\n\t\t\t<div class=\"elementor-widget-wrap elementor-element-populated\">\n\t\t\t\t\t\t<div class=\"elementor-element elementor-element-6449afa elementor-widget__width-initial elementor-widget elementor-widget-image\" data-id=\"6449afa\" data-element_type=\"widget\" data-e-type=\"widget\" data-widget_type=\"image.default\">\n\t\t\t\t<div class=\"elementor-widget-container\">\n\t\t\t\t\t\t\t\t\t\t\t\t\t\t\t\t<a href=\"https:\/\/lsf-lst.ca\/fr\/wp-content\/uploads\/Plans-de-lecon-Climat-meteo-toi-Apprendre-avec-lapplication-MeteoCAN.pdf\" target=\"_blank\">\n\t\t\t\t\t\t\t<img fetchpriority=\"high\" decoding=\"async\" width=\"724\" height=\"1024\" src=\"https:\/\/lsf-lst.ca\/fr\/wp-content\/uploads\/Climat-meteo-toi-724x1024.png\" class=\"attachment-large size-large wp-image-16798\" alt=\"\" srcset=\"https:\/\/lsf-lst.ca\/fr\/wp-content\/uploads\/Climat-meteo-toi-724x1024.png 724w, https:\/\/lsf-lst.ca\/fr\/wp-content\/uploads\/Climat-meteo-toi-212x300.png 212w, https:\/\/lsf-lst.ca\/fr\/wp-content\/uploads\/Climat-meteo-toi-768x1086.png 768w, https:\/\/lsf-lst.ca\/fr\/wp-content\/uploads\/Climat-meteo-toi-1086x1536.png 1086w, https:\/\/lsf-lst.ca\/fr\/wp-content\/uploads\/Climat-meteo-toi.png 1414w\" sizes=\"(max-width: 724px) 100vw, 724px\" \/>\t\t\t\t\t\t\t\t<\/a>\n\t\t\t\t\t\t\t\t\t\t\t\t\t\t\t<\/div>\n\t\t\t\t<\/div>\n\t\t\t\t\t<\/div>\n\t\t<\/div>\n\t\t\t\t\t<\/div>\n\t\t<\/section>\n\t\t\t\t<div class=\"elementor-element elementor-element-a22943a elementor-widget elementor-widget-text-editor\" data-id=\"a22943a\" data-element_type=\"widget\" data-e-type=\"widget\" data-widget_type=\"text-editor.default\">\n\t\t\t\t<div class=\"elementor-widget-container\">\n\t\t\t\t\t\t\t\t\t<p><strong>Le\u00e7on 1 : \u00c0 la d\u00e9couverte des tendances m\u00e9t\u00e9orologiques canadiennes et de leurs r\u00e9percussions\u00a0<\/strong><\/p><p>Cette le\u00e7on permettra d&#8217;\u00e9tudier l&#8217;impact des r\u00e9gimes m\u00e9t\u00e9orologiques \u00e0 travers le Canada sur l&#8217;agriculture, les transports, le tourisme et la culture, \u00e0 l&#8217;aide de donn\u00e9es m\u00e9t\u00e9orologiques en temps r\u00e9el et en tenant compte des perspectives autochtones en mati\u00e8re de surveillance environnementale.<\/p><p><strong>Le\u00e7on 2 : Adaptation et r\u00e9silience face aux conditions m\u00e9t\u00e9orologiques et au changement climatique au Canada\u00a0<\/strong><\/p><p>Les \u00e9l\u00e8ves analyseront comment les communaut\u00e9s s&#8217;adaptent aux conditions m\u00e9t\u00e9orologiques et climatiques extr\u00eames, en utilisant les donn\u00e9es m\u00e9t\u00e9orologiques r\u00e9elles de M\u00e9t\u00e9oCAN et en prenant en compte \u00e0 la fois les technologies modernes et les savoirs \u00e9cologiques traditionnels.<\/p>\t\t\t\t\t\t\t\t<\/div>\n\t\t\t\t<\/div>\n\t\t\t\t<section class=\"has_eae_slider elementor-section elementor-inner-section elementor-element elementor-element-20b83fc elementor-section-boxed elementor-section-height-default elementor-section-height-default\" data-eae-slider=\"35783\" data-id=\"20b83fc\" data-element_type=\"section\" data-e-type=\"section\">\n\t\t\t\t\t\t<div class=\"elementor-container elementor-column-gap-default\">\n\t\t\t\t\t<div class=\"has_eae_slider elementor-column elementor-col-50 elementor-inner-column elementor-element elementor-element-7d730bf\" data-eae-slider=\"56845\" data-id=\"7d730bf\" data-element_type=\"column\" data-e-type=\"column\">\n\t\t\t<div class=\"elementor-widget-wrap elementor-element-populated\">\n\t\t\t\t\t\t<div class=\"elementor-element elementor-element-d6d30b0 elementor-widget elementor-widget-text-editor\" data-id=\"d6d30b0\" data-element_type=\"widget\" data-e-type=\"widget\" data-widget_type=\"text-editor.default\">\n\t\t\t\t<div class=\"elementor-widget-container\">\n\t\t\t\t\t\t\t\t\t<p><em>Cet atelier a \u00e9t\u00e9 \u00e9labor\u00e9 par \u00ab Learning for a Sustainable Future \u00bb, avec le soutien d&#8217;Environnement et Changement climatique Canada.<br \/>Les opinions exprim\u00e9es dans cette publication sont celles des auteurs et ne refl\u00e8tent pas n\u00e9cessairement celles du gouvernement du Canada.\u00a0<\/em><\/p>\t\t\t\t\t\t\t\t<\/div>\n\t\t\t\t<\/div>\n\t\t\t\t\t<\/div>\n\t\t<\/div>\n\t\t\t\t<div class=\"has_eae_slider elementor-column elementor-col-50 elementor-inner-column elementor-element elementor-element-b33f6aa\" data-eae-slider=\"99086\" data-id=\"b33f6aa\" data-element_type=\"column\" data-e-type=\"column\">\n\t\t\t<div class=\"elementor-widget-wrap elementor-element-populated\">\n\t\t\t\t\t\t<div class=\"elementor-element elementor-element-be156b2 elementor-widget elementor-widget-image\" data-id=\"be156b2\" data-element_type=\"widget\" data-e-type=\"widget\" data-widget_type=\"image.default\">\n\t\t\t\t<div class=\"elementor-widget-container\">\n\t\t\t\t\t\t\t\t\t\t\t\t\t\t\t<img decoding=\"async\" width=\"500\" height=\"350\" src=\"https:\/\/lsf-lst.ca\/fr\/wp-content\/uploads\/canada-wordmark.jpg\" class=\"attachment-large size-large wp-image-16674\" alt=\"\" srcset=\"https:\/\/lsf-lst.ca\/fr\/wp-content\/uploads\/canada-wordmark.jpg 500w, https:\/\/lsf-lst.ca\/fr\/wp-content\/uploads\/canada-wordmark-300x210.jpg 300w\" sizes=\"(max-width: 500px) 100vw, 500px\" \/>\t\t\t\t\t\t\t\t\t\t\t\t\t\t\t<\/div>\n\t\t\t\t<\/div>\n\t\t\t\t\t<\/div>\n\t\t<\/div>\n\t\t\t\t\t<\/div>\n\t\t<\/section>\n\t\t\t\t\t<\/div>\n\t\t<\/div>\n\t\t\t\t<div class=\"has_eae_slider elementor-column elementor-col-50 elementor-top-column elementor-element elementor-element-e7d0234\" data-eae-slider=\"64607\" data-id=\"e7d0234\" data-element_type=\"column\" data-e-type=\"column\">\n\t\t\t<div class=\"elementor-widget-wrap elementor-element-populated\">\n\t\t\t\t\t\t<div class=\"elementor-element elementor-element-408b8a3 elementor-widget elementor-widget-heading\" data-id=\"408b8a3\" data-element_type=\"widget\" data-e-type=\"widget\" data-widget_type=\"heading.default\">\n\t\t\t\t<div class=\"elementor-widget-container\">\n\t\t\t\t\t<h2 class=\"elementor-heading-title elementor-size-default\">Pour commencer<\/h2>\t\t\t\t<\/div>\n\t\t\t\t<\/div>\n\t\t\t\t<div class=\"elementor-element elementor-element-85f68ba elementor-widget elementor-widget-text-editor\" data-id=\"85f68ba\" data-element_type=\"widget\" data-e-type=\"widget\" data-widget_type=\"text-editor.default\">\n\t\t\t\t<div class=\"elementor-widget-container\">\n\t\t\t\t\t\t\t\t\t<p>T\u00e9l\u00e9chargez gratuitement le guide p\u00e9dagogique <strong><em><a href=\"https:\/\/lsf-lst.ca\/fr\/wp-content\/uploads\/Plans-de-lecon-Climat-meteo-toi-Apprendre-avec-lapplication-MeteoCAN.pdf\" target=\"_blank\" rel=\"noopener\">\u00ab M\u00e9t\u00e9o, climat et toi : apprendre avec l&#8217;application M\u00e9t\u00e9oCAN \u00bb<\/a> <\/em><\/strong>au format PDF.<\/p>\t\t\t\t\t\t\t\t<\/div>\n\t\t\t\t<\/div>\n\t\t\t\t<div class=\"elementor-element elementor-element-6c9065b elementor-widget elementor-widget-heading\" data-id=\"6c9065b\" data-element_type=\"widget\" data-e-type=\"widget\" data-widget_type=\"heading.default\">\n\t\t\t\t<div class=\"elementor-widget-container\">\n\t\t\t\t\t<h2 class=\"elementor-heading-title elementor-size-default\">Suppl\u00e9ments pour l'atelier<\/h2>\t\t\t\t<\/div>\n\t\t\t\t<\/div>\n\t\t\t\t<div class=\"elementor-element elementor-element-5c4748f elementor-widget__width-initial elementor-widget elementor-widget-text-editor\" data-id=\"5c4748f\" data-element_type=\"widget\" data-e-type=\"widget\" data-widget_type=\"text-editor.default\">\n\t\t\t\t<div class=\"elementor-widget-container\">\n\t\t\t\t\t\t\t\t\t<p>Chaque le\u00e7on comprend des activit\u00e9s pratiques qui n\u00e9cessitent du mat\u00e9riel \u00e0 imprimer :<\/p>\t\t\t\t\t\t\t\t<\/div>\n\t\t\t\t<\/div>\n\t\t\t\t<div class=\"elementor-element elementor-element-3c7f125 elementor-widget elementor-widget-text-editor\" data-id=\"3c7f125\" data-element_type=\"widget\" data-e-type=\"widget\" data-widget_type=\"text-editor.default\">\n\t\t\t\t<div class=\"elementor-widget-container\">\n\t\t\t\t\t\t\t\t\t<p><strong>Le\u00e7on 1<\/strong><\/p><p>Mat\u00e9riel et documents \u00e0 imprimer :<\/p><ul><li><strong><a href=\"https:\/\/lsf-lst.ca\/fr\/wp-content\/uploads\/Lecon-1-_-Feuille-de-travail-denquete-MeteoCAN.pdf\" target=\"_blank\" rel=\"noopener\">Feuille de travail d&#8217;enqu\u00eate M\u00e9t\u00e9oCAN<\/a><\/strong><\/li><li>Appareils ou tablettes des \u00e9l\u00e8ves<\/li><li><strong><a href=\"https:\/\/www.canada.ca\/fr\/environnement-changement-climatique\/services\/conditions-meteorologiques-ressources-outils-generaux\/meteocan.html\" target=\"_blank\" rel=\"noopener\">Application M\u00e9t\u00e9oCAN<\/a><\/strong> install\u00e9e<\/li><li>Carte du Canada (version num\u00e9rique ou murale)<\/li><li>Post-it<\/li><li>Papier graphique<\/li><li>Projecteur<\/li><\/ul><p>Groupes\/organisation de la classe :<\/p><ul><li>Par deux ou en petits groupes (2 \u00e0 3 \u00e9l\u00e8ves)<\/li><li>Carte visible \u00e0 l&#8217;avant de la salle<\/li><li>Appareils disponibles pour explorer M\u00e9t\u00e9oCAN.<\/li><\/ul><p><strong>Le\u00e7on 2<\/strong><\/p><p>Mat\u00e9riel et documents \u00e0 imprimer :<\/p><ul><li><a href=\"https:\/\/lsf-lst.ca\/fr\/wp-content\/uploads\/Lecon-2-_-Feuille-de-travail-Adaptation.pdf\" target=\"_blank\" rel=\"noopener\"><strong>Feuille de travail Adaptation<\/strong><\/a><\/li><li><strong><a href=\"https:\/\/lsf-lst.ca\/fr\/wp-content\/uploads\/Lecon-2_-cartes-de-scenarios.pdf\" target=\"_blank\" rel=\"noopener\">Cartes de sc\u00e9narios<\/a><\/strong><\/li><li>Appareils \u00e9quip\u00e9s de l&#8217;application M\u00e9t\u00e9oCAN<\/li><li>Papier graphique<\/li><li>Marqueurs<\/li><li>Carte du Canada (version num\u00e9rique ou murale)<\/li><\/ul><p>Groupes\/organisation de la classe :<\/p><ul><li>Petits groupes de travail<\/li><li>Espace de pr\u00e9sentation \u00e0 l&#8217;avant de la classe<\/li><\/ul>\t\t\t\t\t\t\t\t<\/div>\n\t\t\t\t<\/div>\n\t\t\t\t\t<\/div>\n\t\t<\/div>\n\t\t\t\t\t<\/div>\n\t\t<\/section>\n\t\t\t\t<\/div>\n\t\t","protected":false},"excerpt":{"rendered":"<p>M\u00e9t\u00e9o, climat et toi : apprendre avec l&#8217;app M\u00e9t\u00e9oCAN \u00c0 travers deux plans de cours pratiques, les \u00e9l\u00e8ves de la 6\u00e8me \u00e0 la 3\u00e8me ann\u00e9e d\u00e9couvriront les r\u00e9gimes m\u00e9t\u00e9orologiques canadiens, comment ceux-ci sont affect\u00e9s par le changement climatique et comment nous pouvons nous adapter \u00e0 ces changements. Ces cours s&#8217;appuient sur l&#8217;application M\u00e9t\u00e9oCAN. D\u00e9couvrez notre [&hellip;]<\/p>\n","protected":false},"author":1,"featured_media":0,"parent":457,"menu_order":0,"comment_status":"closed","ping_status":"closed","template":"elementor_header_footer","meta":{"site-sidebar-layout":"no-sidebar","site-content-layout":"page-builder","ast-site-content-layout":"full-width-container","site-content-style":"unboxed","site-sidebar-style":"unboxed","ast-global-header-display":"","ast-banner-title-visibility":"","ast-main-header-display":"disabled","ast-hfb-above-header-display":"","ast-hfb-below-header-display":"","ast-hfb-mobile-header-display":"disabled","site-post-title":"disabled","ast-breadcrumbs-content":"disabled","ast-featured-img":"disabled","footer-sml-layout":"disabled","ast-disable-related-posts":"","theme-transparent-header-meta":"default","adv-header-id-meta":"","stick-header-meta":"","header-above-stick-meta":"","header-main-stick-meta":"","header-below-stick-meta":"","astra-migrate-meta-layouts":"set","ast-page-background-enabled":"default","ast-page-background-meta":{"desktop":{"background-color":"","background-image":"","background-repeat":"repeat","background-position":"center center","background-size":"auto","background-attachment":"scroll","background-type":"","background-media":"","overlay-type":"","overlay-color":"","overlay-opacity":"","overlay-gradient":""},"tablet":{"background-color":"","background-image":"","background-repeat":"repeat","background-position":"center center","background-size":"auto","background-attachment":"scroll","background-type":"","background-media":"","overlay-type":"","overlay-color":"","overlay-opacity":"","overlay-gradient":""},"mobile":{"background-color":"","background-image":"","background-repeat":"repeat","background-position":"center center","background-size":"auto","background-attachment":"scroll","background-type":"","background-media":"","overlay-type":"","overlay-color":"","overlay-opacity":"","overlay-gradient":""}},"ast-content-background-meta":{"desktop":{"background-color":"var(--ast-global-color-5)","background-image":"","background-repeat":"repeat","background-position":"center center","background-size":"auto","background-attachment":"scroll","background-type":"","background-media":"","overlay-type":"","overlay-color":"","overlay-opacity":"","overlay-gradient":""},"tablet":{"background-color":"var(--ast-global-color-5)","background-image":"","background-repeat":"repeat","background-position":"center center","background-size":"auto","background-attachment":"scroll","background-type":"","background-media":"","overlay-type":"","overlay-color":"","overlay-opacity":"","overlay-gradient":""},"mobile":{"background-color":"var(--ast-global-color-5)","background-image":"","background-repeat":"repeat","background-position":"center center","background-size":"auto","background-attachment":"scroll","background-type":"","background-media":"","overlay-type":"","overlay-color":"","overlay-opacity":"","overlay-gradient":""}},"footnotes":""},"class_list":["post-16671","page","type-page","status-publish","hentry"],"_links":{"self":[{"href":"https:\/\/lsf-lst.ca\/fr\/wp-json\/wp\/v2\/pages\/16671","targetHints":{"allow":["GET"]}}],"collection":[{"href":"https:\/\/lsf-lst.ca\/fr\/wp-json\/wp\/v2\/pages"}],"about":[{"href":"https:\/\/lsf-lst.ca\/fr\/wp-json\/wp\/v2\/types\/page"}],"author":[{"embeddable":true,"href":"https:\/\/lsf-lst.ca\/fr\/wp-json\/wp\/v2\/users\/1"}],"replies":[{"embeddable":true,"href":"https:\/\/lsf-lst.ca\/fr\/wp-json\/wp\/v2\/comments?post=16671"}],"version-history":[{"count":32,"href":"https:\/\/lsf-lst.ca\/fr\/wp-json\/wp\/v2\/pages\/16671\/revisions"}],"predecessor-version":[{"id":16801,"href":"https:\/\/lsf-lst.ca\/fr\/wp-json\/wp\/v2\/pages\/16671\/revisions\/16801"}],"up":[{"embeddable":true,"href":"https:\/\/lsf-lst.ca\/fr\/wp-json\/wp\/v2\/pages\/457"}],"wp:attachment":[{"href":"https:\/\/lsf-lst.ca\/fr\/wp-json\/wp\/v2\/media?parent=16671"}],"curies":[{"name":"wp","href":"https:\/\/api.w.org\/{rel}","templated":true}]}}