{"id":16678,"date":"2026-04-01T10:54:05","date_gmt":"2026-04-01T15:54:05","guid":{"rendered":"https:\/\/lsf-lst.ca\/fr\/?page_id=16678"},"modified":"2026-04-01T14:07:02","modified_gmt":"2026-04-01T19:07:02","slug":"biodiversite-action-climatique","status":"publish","type":"page","link":"https:\/\/lsf-lst.ca\/fr\/ressources\/biodiversite-action-climatique\/","title":{"rendered":"Biodiversit\u00e9 et action climatique"},"content":{"rendered":"\t\t<div data-elementor-type=\"wp-page\" data-elementor-id=\"16678\" class=\"elementor elementor-16678\" data-elementor-post-type=\"page\">\n\t\t\t\t\t\t<section class=\"has_eae_slider elementor-section elementor-top-section elementor-element elementor-element-95594ea elementor-section-items-bottom elementor-section-height-min-height elementor-section-boxed elementor-section-height-default\" data-eae-slider=\"86298\" data-id=\"95594ea\" data-element_type=\"section\" data-e-type=\"section\" data-settings=\"{&quot;background_background&quot;:&quot;classic&quot;}\">\n\t\t\t\t\t\t\t<div class=\"elementor-background-overlay\"><\/div>\n\t\t\t\t\t\t\t<div class=\"elementor-container elementor-column-gap-default\">\n\t\t\t\t\t<div class=\"has_eae_slider elementor-column elementor-col-100 elementor-top-column elementor-element elementor-element-2b990a5\" data-eae-slider=\"65377\" data-id=\"2b990a5\" data-element_type=\"column\" data-e-type=\"column\">\n\t\t\t<div class=\"elementor-widget-wrap elementor-element-populated\">\n\t\t\t\t\t\t<div class=\"elementor-element elementor-element-5d50876 elementor-widget elementor-widget-spacer\" data-id=\"5d50876\" data-element_type=\"widget\" data-e-type=\"widget\" data-widget_type=\"spacer.default\">\n\t\t\t\t<div class=\"elementor-widget-container\">\n\t\t\t\t\t\t\t<div class=\"elementor-spacer\">\n\t\t\t<div class=\"elementor-spacer-inner\"><\/div>\n\t\t<\/div>\n\t\t\t\t\t\t<\/div>\n\t\t\t\t<\/div>\n\t\t\t\t\t<\/div>\n\t\t<\/div>\n\t\t\t\t\t<\/div>\n\t\t<\/section>\n\t\t\t\t<section class=\"has_eae_slider elementor-section elementor-top-section elementor-element elementor-element-5642687d elementor-hidden-phone elementor-section-boxed elementor-section-height-default elementor-section-height-default\" data-eae-slider=\"52620\" data-id=\"5642687d\" data-element_type=\"section\" data-e-type=\"section\">\n\t\t\t\t\t\t<div class=\"elementor-container elementor-column-gap-default\">\n\t\t\t\t\t<div class=\"has_eae_slider elementor-column elementor-col-100 elementor-top-column elementor-element elementor-element-43d1785c\" data-eae-slider=\"87444\" data-id=\"43d1785c\" data-element_type=\"column\" data-e-type=\"column\">\n\t\t\t<div class=\"elementor-widget-wrap elementor-element-populated\">\n\t\t\t\t\t\t<div class=\"elementor-element elementor-element-5eb8c86b elementor-widget elementor-widget-wp-widget-bcn_widget\" data-id=\"5eb8c86b\" data-element_type=\"widget\" data-e-type=\"widget\" data-widget_type=\"wp-widget-bcn_widget.default\">\n\t\t\t\t<div class=\"elementor-widget-container\">\n\t\t\t\t\t<div class=\"breadcrumbs\" vocab=\"https:\/\/schema.org\/\" typeof=\"BreadcrumbList\"><\/div>\t\t\t\t<\/div>\n\t\t\t\t<\/div>\n\t\t\t\t\t<\/div>\n\t\t<\/div>\n\t\t\t\t\t<\/div>\n\t\t<\/section>\n\t\t\t\t<section class=\"has_eae_slider elementor-section elementor-top-section elementor-element elementor-element-352af51 elementor-section-boxed elementor-section-height-default elementor-section-height-default\" data-eae-slider=\"4348\" data-id=\"352af51\" data-element_type=\"section\" data-e-type=\"section\">\n\t\t\t\t\t\t<div class=\"elementor-container elementor-column-gap-default\">\n\t\t\t\t\t<div class=\"has_eae_slider elementor-column elementor-col-50 elementor-top-column elementor-element elementor-element-45dd56e\" data-eae-slider=\"91548\" data-id=\"45dd56e\" data-element_type=\"column\" data-e-type=\"column\">\n\t\t\t<div class=\"elementor-widget-wrap elementor-element-populated\">\n\t\t\t\t\t\t<div class=\"elementor-element elementor-element-a63acef elementor-widget-divider--view-line elementor-widget elementor-widget-divider\" data-id=\"a63acef\" data-element_type=\"widget\" data-e-type=\"widget\" data-widget_type=\"divider.default\">\n\t\t\t\t<div class=\"elementor-widget-container\">\n\t\t\t\t\t\t\t<div class=\"elementor-divider\">\n\t\t\t<span class=\"elementor-divider-separator\">\n\t\t\t\t\t\t<\/span>\n\t\t<\/div>\n\t\t\t\t\t\t<\/div>\n\t\t\t\t<\/div>\n\t\t\t\t<div class=\"elementor-element elementor-element-81d2d35 elementor-widget elementor-widget-heading\" data-id=\"81d2d35\" data-element_type=\"widget\" data-e-type=\"widget\" data-widget_type=\"heading.default\">\n\t\t\t\t<div class=\"elementor-widget-container\">\n\t\t\t\t\t<h2 class=\"elementor-heading-title elementor-size-default\">Biodiversit\u00e9 et action climatique<\/h2>\t\t\t\t<\/div>\n\t\t\t\t<\/div>\n\t\t\t\t<div class=\"elementor-element elementor-element-f6c759f elementor-widget elementor-widget-spacer\" data-id=\"f6c759f\" data-element_type=\"widget\" data-e-type=\"widget\" data-widget_type=\"spacer.default\">\n\t\t\t\t<div class=\"elementor-widget-container\">\n\t\t\t\t\t\t\t<div class=\"elementor-spacer\">\n\t\t\t<div class=\"elementor-spacer-inner\"><\/div>\n\t\t<\/div>\n\t\t\t\t\t\t<\/div>\n\t\t\t\t<\/div>\n\t\t\t\t<section class=\"has_eae_slider elementor-section elementor-inner-section elementor-element elementor-element-6b6ce3f elementor-section-boxed elementor-section-height-default elementor-section-height-default\" data-eae-slider=\"61940\" data-id=\"6b6ce3f\" data-element_type=\"section\" data-e-type=\"section\">\n\t\t\t\t\t\t<div class=\"elementor-container elementor-column-gap-default\">\n\t\t\t\t\t<div class=\"has_eae_slider elementor-column elementor-col-50 elementor-inner-column elementor-element elementor-element-c47c696\" data-eae-slider=\"33636\" data-id=\"c47c696\" data-element_type=\"column\" data-e-type=\"column\">\n\t\t\t<div class=\"elementor-widget-wrap elementor-element-populated\">\n\t\t\t\t\t\t<div class=\"elementor-element elementor-element-d657b31 elementor-widget elementor-widget-text-editor\" data-id=\"d657b31\" data-element_type=\"widget\" data-e-type=\"widget\" data-widget_type=\"text-editor.default\">\n\t\t\t\t<div class=\"elementor-widget-container\">\n\t\t\t\t\t\t\t\t\t<p>Cette le\u00e7on aide les \u00e9l\u00e8ves \u00e0 d\u00e9couvrir la biodiversit\u00e9, les \u00e9cosyst\u00e8mes et la gestion responsable de l&#8217;environnement, tout en \u00e9tablissant un lien entre ces notions et les Objectifs de d\u00e9veloppement durable des Nations Unies, notamment :<\/p>\n<ul>\n<li aria-level=\"1\"><strong><a href=\"https:\/\/sdgs.un.org\/fr\/goals\/goal15\" target=\"_blank\" rel=\"noopener\">Objectif de d\u00e9veloppement durable n\u00b0 15<\/a><\/strong> : Vie terrestre<\/li>\n<li aria-level=\"1\"><strong><a href=\"https:\/\/sdgs.un.org\/fr\/goals\/goal13\" target=\"_blank\" rel=\"noopener\">Objectif de d\u00e9veloppement durable n\u00b0 13<\/a><\/strong> : Action pour le climat<\/li>\n<li aria-level=\"1\"><strong><a href=\"https:\/\/sdgs.un.org\/fr\/goals\" target=\"_blank\" rel=\"noopener\">Et plus encore : Les 17 objectifs | D\u00e9veloppement durable<\/a><\/strong> (Nations Unies)<\/li>\n<\/ul>\t\t\t\t\t\t\t\t<\/div>\n\t\t\t\t<\/div>\n\t\t\t\t\t<\/div>\n\t\t<\/div>\n\t\t\t\t<div class=\"has_eae_slider elementor-column elementor-col-50 elementor-inner-column elementor-element elementor-element-9ed9759\" data-eae-slider=\"41580\" data-id=\"9ed9759\" data-element_type=\"column\" data-e-type=\"column\">\n\t\t\t<div class=\"elementor-widget-wrap elementor-element-populated\">\n\t\t\t\t\t\t<div class=\"elementor-element elementor-element-81ee3b9 elementor-widget elementor-widget-image\" data-id=\"81ee3b9\" data-element_type=\"widget\" data-e-type=\"widget\" data-widget_type=\"image.default\">\n\t\t\t\t<div class=\"elementor-widget-container\">\n\t\t\t\t\t\t\t\t\t\t\t\t\t\t\t\t<a href=\"https:\/\/lsf-lst.ca\/fr\/wp-content\/uploads\/Plan-de-lecon-Biodiversite-action-climatique.pdf\" target=\"_blank\">\n\t\t\t\t\t\t\t<img fetchpriority=\"high\" decoding=\"async\" width=\"819\" height=\"1024\" src=\"https:\/\/lsf-lst.ca\/fr\/wp-content\/uploads\/Biodiversite-et-action-climatique-819x1024.png\" class=\"attachment-large size-large wp-image-16650\" alt=\"\" srcset=\"https:\/\/lsf-lst.ca\/fr\/wp-content\/uploads\/Biodiversite-et-action-climatique-819x1024.png 819w, https:\/\/lsf-lst.ca\/fr\/wp-content\/uploads\/Biodiversite-et-action-climatique-240x300.png 240w, https:\/\/lsf-lst.ca\/fr\/wp-content\/uploads\/Biodiversite-et-action-climatique-768x960.png 768w, https:\/\/lsf-lst.ca\/fr\/wp-content\/uploads\/Biodiversite-et-action-climatique.png 1080w\" sizes=\"(max-width: 819px) 100vw, 819px\" \/>\t\t\t\t\t\t\t\t<\/a>\n\t\t\t\t\t\t\t\t\t\t\t\t\t\t\t<\/div>\n\t\t\t\t<\/div>\n\t\t\t\t\t<\/div>\n\t\t<\/div>\n\t\t\t\t\t<\/div>\n\t\t<\/section>\n\t\t\t\t<div class=\"elementor-element elementor-element-492faac elementor-widget elementor-widget-text-editor\" data-id=\"492faac\" data-element_type=\"widget\" data-e-type=\"widget\" data-widget_type=\"text-editor.default\">\n\t\t\t\t<div class=\"elementor-widget-container\">\n\t\t\t\t\t\t\t\t\t<p>Cette le\u00e7on int\u00e8gre des ressources provenant d&#8217;Environnement et Changement climatique Canada et de L&#8217;\u00e9ducation au service de la Terre afin de soutenir l&#8217;\u00e9ducation \u00e0 l&#8217;environnement. Les perspectives autochtones sont int\u00e9gr\u00e9es \u00e0 cette ressource.<\/p>\n<p>Dans cette le\u00e7on, les \u00e9l\u00e8ves :<\/p>\n<ul>\n<li>comprendront ce que signifient les termes \u00ab habitat \u00bb, \u00ab \u00e9cosyst\u00e8mes \u00bb et \u00ab biodiversit\u00e9 \u00bb ;<\/li>\n<li>examineront comment les changements environnementaux, qu&#8217;ils soient positifs ou n\u00e9gatifs, affectent les esp\u00e8ces et les habitats ;<\/li>\n<li>identifieront les mesures que l&#8217;on peut prendre pour prot\u00e9ger la biodiversit\u00e9.<\/li>\n<\/ul>\t\t\t\t\t\t\t\t<\/div>\n\t\t\t\t<\/div>\n\t\t\t\t<section class=\"has_eae_slider elementor-section elementor-inner-section elementor-element elementor-element-c2d4fa0 elementor-section-boxed elementor-section-height-default elementor-section-height-default\" data-eae-slider=\"84240\" data-id=\"c2d4fa0\" data-element_type=\"section\" data-e-type=\"section\">\n\t\t\t\t\t\t<div class=\"elementor-container elementor-column-gap-default\">\n\t\t\t\t\t<div class=\"has_eae_slider elementor-column elementor-col-50 elementor-inner-column elementor-element elementor-element-c33d477\" data-eae-slider=\"68145\" data-id=\"c33d477\" data-element_type=\"column\" data-e-type=\"column\">\n\t\t\t<div class=\"elementor-widget-wrap elementor-element-populated\">\n\t\t\t\t\t\t<div class=\"elementor-element elementor-element-53c53b6 elementor-widget elementor-widget-text-editor\" data-id=\"53c53b6\" data-element_type=\"widget\" data-e-type=\"widget\" data-widget_type=\"text-editor.default\">\n\t\t\t\t<div class=\"elementor-widget-container\">\n\t\t\t\t\t\t\t\t\t<p style=\"text-align: center;\"><em>Cet atelier a \u00e9t\u00e9 \u00e9labor\u00e9 par \u00ab Learning for a Sustainable Future \u00bb, avec le soutien d&#8217;Environnement et Changement climatique Canada.<br \/>Les opinions exprim\u00e9es dans cette publication sont celles des auteurs et ne refl\u00e8tent pas n\u00e9cessairement celles du gouvernement du Canada. <br \/><\/em><\/p>\t\t\t\t\t\t\t\t<\/div>\n\t\t\t\t<\/div>\n\t\t\t\t\t<\/div>\n\t\t<\/div>\n\t\t\t\t<div class=\"has_eae_slider elementor-column elementor-col-50 elementor-inner-column elementor-element elementor-element-328d8b4\" data-eae-slider=\"27699\" data-id=\"328d8b4\" data-element_type=\"column\" data-e-type=\"column\">\n\t\t\t<div class=\"elementor-widget-wrap elementor-element-populated\">\n\t\t\t\t\t\t<div class=\"elementor-element elementor-element-cd9043e elementor-widget elementor-widget-image\" data-id=\"cd9043e\" data-element_type=\"widget\" data-e-type=\"widget\" data-widget_type=\"image.default\">\n\t\t\t\t<div class=\"elementor-widget-container\">\n\t\t\t\t\t\t\t\t\t\t\t\t\t\t\t<img decoding=\"async\" width=\"500\" height=\"350\" src=\"https:\/\/lsf-lst.ca\/fr\/wp-content\/uploads\/canada-wordmark.jpg\" class=\"attachment-large size-large wp-image-16674\" alt=\"\" srcset=\"https:\/\/lsf-lst.ca\/fr\/wp-content\/uploads\/canada-wordmark.jpg 500w, https:\/\/lsf-lst.ca\/fr\/wp-content\/uploads\/canada-wordmark-300x210.jpg 300w\" sizes=\"(max-width: 500px) 100vw, 500px\" \/>\t\t\t\t\t\t\t\t\t\t\t\t\t\t\t<\/div>\n\t\t\t\t<\/div>\n\t\t\t\t\t<\/div>\n\t\t<\/div>\n\t\t\t\t\t<\/div>\n\t\t<\/section>\n\t\t\t\t\t<\/div>\n\t\t<\/div>\n\t\t\t\t<div class=\"has_eae_slider elementor-column elementor-col-50 elementor-top-column elementor-element elementor-element-678a839\" data-eae-slider=\"22287\" data-id=\"678a839\" data-element_type=\"column\" data-e-type=\"column\">\n\t\t\t<div class=\"elementor-widget-wrap elementor-element-populated\">\n\t\t\t\t\t\t<div class=\"elementor-element elementor-element-b98d75b elementor-widget elementor-widget-heading\" data-id=\"b98d75b\" data-element_type=\"widget\" data-e-type=\"widget\" data-widget_type=\"heading.default\">\n\t\t\t\t<div class=\"elementor-widget-container\">\n\t\t\t\t\t<h2 class=\"elementor-heading-title elementor-size-default\">Pour commencer<\/h2>\t\t\t\t<\/div>\n\t\t\t\t<\/div>\n\t\t\t\t<div class=\"elementor-element elementor-element-d686ad0 elementor-widget elementor-widget-text-editor\" data-id=\"d686ad0\" data-element_type=\"widget\" data-e-type=\"widget\" data-widget_type=\"text-editor.default\">\n\t\t\t\t<div class=\"elementor-widget-container\">\n\t\t\t\t\t\t\t\t\t<p>T\u00e9l\u00e9chargez gratuitement le guide p\u00e9dagogique <strong><em><a href=\"https:\/\/lsf-lst.ca\/fr\/wp-content\/uploads\/Plan-de-lecon-Biodiversite-action-climatique.pdf\" target=\"_blank\" rel=\"noopener\">\u00ab Biodiversit\u00e9 et action climatique \u00bb<\/a> <\/em><\/strong>au format PDF.<\/p>\t\t\t\t\t\t\t\t<\/div>\n\t\t\t\t<\/div>\n\t\t\t\t<div class=\"elementor-element elementor-element-a5e6b9a elementor-widget elementor-widget-heading\" data-id=\"a5e6b9a\" data-element_type=\"widget\" data-e-type=\"widget\" data-widget_type=\"heading.default\">\n\t\t\t\t<div class=\"elementor-widget-container\">\n\t\t\t\t\t<h2 class=\"elementor-heading-title elementor-size-default\">Suppl\u00e9ments pour l'atelier<\/h2>\t\t\t\t<\/div>\n\t\t\t\t<\/div>\n\t\t\t\t<div class=\"elementor-element elementor-element-c271bdb elementor-widget elementor-widget-text-editor\" data-id=\"c271bdb\" data-element_type=\"widget\" data-e-type=\"widget\" data-widget_type=\"text-editor.default\">\n\t\t\t\t<div class=\"elementor-widget-container\">\n\t\t\t\t\t\t\t\t\t<p>Avant le cours, nous vous recommandons de pr\u00e9voir un espace o\u00f9 les \u00e9l\u00e8ves pourront se rassembler et se d\u00e9placer librement.<\/p>\n<p>L&#8217;atelier comprend deux activit\u00e9s pratiques qui n\u00e9cessitent du mat\u00e9riel imprim\u00e9 :<\/p>\t\t\t\t\t\t\t\t<\/div>\n\t\t\t\t<\/div>\n\t\t\t\t<div class=\"elementor-element elementor-element-43b1fed elementor-widget elementor-widget-text-editor\" data-id=\"43b1fed\" data-element_type=\"widget\" data-e-type=\"widget\" data-widget_type=\"text-editor.default\">\n\t\t\t\t<div class=\"elementor-widget-container\">\n\t\t\t\t\t\t\t\t\t<p><a href=\"https:\/\/lsf-lst.ca\/fr\/wp-content\/uploads\/Jeu-dhabitat-Defi-de-Survie-a-la-pige.pdf\" target=\"_blank\" rel=\"noopener\"><b> Jeu d\u2019habitat:\u00a0<\/b><\/a>Les \u00e9l\u00e8ves d\u00e9couvrent ce dont les esp\u00e8ces ont besoin pour survivre en collectant des ressources et en relevant des d\u00e9fis environnementaux dans le cadre d&#8217;une activit\u00e9 physique.<\/p><ul><li>Imprimez, d\u00e9coupez et m\u00e9langez<a href=\"https:\/\/lsf-lst.ca\/fr\/wp-content\/uploads\/Jeu-dhabitat-Defi-de-Survie-a-la-pige.pdf\" target=\"_blank\" rel=\"noopener\"><strong> les cartes \u00ab Obstacles \u00bb et \u00ab \u00c9v\u00e9nements positifs \u00bb<\/strong><\/a> <strong>(pages 3 \u00e0 5).<\/strong><\/li><\/ul><p><strong><a href=\"https:\/\/lsf-lst.ca\/fr\/wp-content\/uploads\/Activite-sur-les-ecosystemes-et-les-reseaux-alimentaires-canadiens.pdf\" target=\"_blank\" rel=\"noopener\">Activit\u00e9 sur les \u00e9cosyst\u00e8mes et les r\u00e9seaux alimentaires canadiens<\/a><\/strong> : les \u00e9l\u00e8ves d\u00e9couvrent diff\u00e9rentes esp\u00e8ces et le r\u00f4le important qu&#8217;elles jouent dans leurs \u00e9cosyst\u00e8mes respectifs.<\/p><ul><li>Imprimez et d\u00e9coupez <strong><a href=\"https:\/\/lsf-lst.ca\/fr\/wp-content\/uploads\/Ecosystemes-et-especes-du-Canada.pdf\" target=\"_blank\" rel=\"noopener\">les cartes \u00ab \u00c9cosyst\u00e8mes et esp\u00e8ces du Canada \u00bb<\/a><\/strong>, puis distribuez-en une \u00e0 chaque \u00e9l\u00e8ve.<\/li><\/ul>\t\t\t\t\t\t\t\t<\/div>\n\t\t\t\t<\/div>\n\t\t\t\t<div class=\"elementor-element elementor-element-31e0b5a elementor-widget elementor-widget-text-editor\" data-id=\"31e0b5a\" data-element_type=\"widget\" data-e-type=\"widget\" data-widget_type=\"text-editor.default\">\n\t\t\t\t<div class=\"elementor-widget-container\">\n\t\t\t\t\t\t\t\t\t<p><strong>Il y a aussi une activit\u00e9 d&#8217;\u00e9valuation facultative :<\/strong><\/p><ul><li><a href=\"https:\/\/lsf-lst.ca\/fr\/wp-content\/uploads\/Journal-de-terrain-sur-la-biodiversite.pdf\" target=\"_blank\" rel=\"noopener\"><strong>Journal de terrain sur la biodiversit\u00e9 <\/strong><\/a><\/li><\/ul>\t\t\t\t\t\t\t\t<\/div>\n\t\t\t\t<\/div>\n\t\t\t\t\t<\/div>\n\t\t<\/div>\n\t\t\t\t\t<\/div>\n\t\t<\/section>\n\t\t\t\t<\/div>\n\t\t","protected":false},"excerpt":{"rendered":"<p>Biodiversit\u00e9 et action climatique Cette le\u00e7on aide les \u00e9l\u00e8ves \u00e0 d\u00e9couvrir la biodiversit\u00e9, les \u00e9cosyst\u00e8mes et la gestion responsable de l&#8217;environnement, tout en \u00e9tablissant un lien entre ces notions et les Objectifs de d\u00e9veloppement durable des Nations Unies, notamment : Objectif de d\u00e9veloppement durable n\u00b0 15 : Vie terrestre Objectif de d\u00e9veloppement durable n\u00b0 13 [&hellip;]<\/p>\n","protected":false},"author":1,"featured_media":0,"parent":457,"menu_order":0,"comment_status":"closed","ping_status":"closed","template":"elementor_header_footer","meta":{"site-sidebar-layout":"no-sidebar","site-content-layout":"page-builder","ast-site-content-layout":"full-width-container","site-content-style":"unboxed","site-sidebar-style":"unboxed","ast-global-header-display":"","ast-banner-title-visibility":"","ast-main-header-display":"disabled","ast-hfb-above-header-display":"","ast-hfb-below-header-display":"","ast-hfb-mobile-header-display":"disabled","site-post-title":"disabled","ast-breadcrumbs-content":"disabled","ast-featured-img":"disabled","footer-sml-layout":"disabled","ast-disable-related-posts":"","theme-transparent-header-meta":"default","adv-header-id-meta":"","stick-header-meta":"","header-above-stick-meta":"","header-main-stick-meta":"","header-below-stick-meta":"","astra-migrate-meta-layouts":"set","ast-page-background-enabled":"default","ast-page-background-meta":{"desktop":{"background-color":"","background-image":"","background-repeat":"repeat","background-position":"center center","background-size":"auto","background-attachment":"scroll","background-type":"","background-media":"","overlay-type":"","overlay-color":"","overlay-opacity":"","overlay-gradient":""},"tablet":{"background-color":"","background-image":"","background-repeat":"repeat","background-position":"center center","background-size":"auto","background-attachment":"scroll","background-type":"","background-media":"","overlay-type":"","overlay-color":"","overlay-opacity":"","overlay-gradient":""},"mobile":{"background-color":"","background-image":"","background-repeat":"repeat","background-position":"center center","background-size":"auto","background-attachment":"scroll","background-type":"","background-media":"","overlay-type":"","overlay-color":"","overlay-opacity":"","overlay-gradient":""}},"ast-content-background-meta":{"desktop":{"background-color":"var(--ast-global-color-5)","background-image":"","background-repeat":"repeat","background-position":"center center","background-size":"auto","background-attachment":"scroll","background-type":"","background-media":"","overlay-type":"","overlay-color":"","overlay-opacity":"","overlay-gradient":""},"tablet":{"background-color":"var(--ast-global-color-5)","background-image":"","background-repeat":"repeat","background-position":"center center","background-size":"auto","background-attachment":"scroll","background-type":"","background-media":"","overlay-type":"","overlay-color":"","overlay-opacity":"","overlay-gradient":""},"mobile":{"background-color":"var(--ast-global-color-5)","background-image":"","background-repeat":"repeat","background-position":"center center","background-size":"auto","background-attachment":"scroll","background-type":"","background-media":"","overlay-type":"","overlay-color":"","overlay-opacity":"","overlay-gradient":""}},"footnotes":""},"class_list":["post-16678","page","type-page","status-publish","hentry"],"_links":{"self":[{"href":"https:\/\/lsf-lst.ca\/fr\/wp-json\/wp\/v2\/pages\/16678","targetHints":{"allow":["GET"]}}],"collection":[{"href":"https:\/\/lsf-lst.ca\/fr\/wp-json\/wp\/v2\/pages"}],"about":[{"href":"https:\/\/lsf-lst.ca\/fr\/wp-json\/wp\/v2\/types\/page"}],"author":[{"embeddable":true,"href":"https:\/\/lsf-lst.ca\/fr\/wp-json\/wp\/v2\/users\/1"}],"replies":[{"embeddable":true,"href":"https:\/\/lsf-lst.ca\/fr\/wp-json\/wp\/v2\/comments?post=16678"}],"version-history":[{"count":29,"href":"https:\/\/lsf-lst.ca\/fr\/wp-json\/wp\/v2\/pages\/16678\/revisions"}],"predecessor-version":[{"id":16792,"href":"https:\/\/lsf-lst.ca\/fr\/wp-json\/wp\/v2\/pages\/16678\/revisions\/16792"}],"up":[{"embeddable":true,"href":"https:\/\/lsf-lst.ca\/fr\/wp-json\/wp\/v2\/pages\/457"}],"wp:attachment":[{"href":"https:\/\/lsf-lst.ca\/fr\/wp-json\/wp\/v2\/media?parent=16678"}],"curies":[{"name":"wp","href":"https:\/\/api.w.org\/{rel}","templated":true}]}}