{"id":16679,"date":"2026-04-01T11:00:59","date_gmt":"2026-04-01T16:00:59","guid":{"rendered":"https:\/\/lsf-lst.ca\/fr\/?page_id=16679"},"modified":"2026-04-01T12:56:23","modified_gmt":"2026-04-01T17:56:23","slug":"citoyennete-numerique-desinformation-science","status":"publish","type":"page","link":"https:\/\/lsf-lst.ca\/fr\/ressources\/citoyennete-numerique-desinformation-science\/","title":{"rendered":"Enqu\u00eate sur la citoyennet\u00e9 num\u00e9rique, la d\u00e9sinformation et la science"},"content":{"rendered":"\t\t<div data-elementor-type=\"wp-page\" data-elementor-id=\"16679\" class=\"elementor elementor-16679\" data-elementor-post-type=\"page\">\n\t\t\t\t\t\t<section class=\"has_eae_slider elementor-section elementor-top-section elementor-element elementor-element-95594ea elementor-section-items-bottom elementor-section-height-min-height elementor-section-boxed elementor-section-height-default\" data-eae-slider=\"39120\" data-id=\"95594ea\" data-element_type=\"section\" data-e-type=\"section\" data-settings=\"{&quot;background_background&quot;:&quot;classic&quot;}\">\n\t\t\t\t\t\t\t<div class=\"elementor-background-overlay\"><\/div>\n\t\t\t\t\t\t\t<div class=\"elementor-container elementor-column-gap-default\">\n\t\t\t\t\t<div class=\"has_eae_slider elementor-column elementor-col-100 elementor-top-column elementor-element elementor-element-2b990a5\" data-eae-slider=\"67204\" data-id=\"2b990a5\" data-element_type=\"column\" data-e-type=\"column\">\n\t\t\t<div class=\"elementor-widget-wrap elementor-element-populated\">\n\t\t\t\t\t\t<div class=\"elementor-element elementor-element-5d50876 elementor-widget elementor-widget-spacer\" data-id=\"5d50876\" data-element_type=\"widget\" data-e-type=\"widget\" data-widget_type=\"spacer.default\">\n\t\t\t\t<div class=\"elementor-widget-container\">\n\t\t\t\t\t\t\t<div class=\"elementor-spacer\">\n\t\t\t<div class=\"elementor-spacer-inner\"><\/div>\n\t\t<\/div>\n\t\t\t\t\t\t<\/div>\n\t\t\t\t<\/div>\n\t\t\t\t\t<\/div>\n\t\t<\/div>\n\t\t\t\t\t<\/div>\n\t\t<\/section>\n\t\t\t\t<section class=\"has_eae_slider elementor-section elementor-top-section elementor-element elementor-element-5642687d elementor-hidden-phone elementor-section-boxed elementor-section-height-default elementor-section-height-default\" data-eae-slider=\"66614\" data-id=\"5642687d\" data-element_type=\"section\" data-e-type=\"section\">\n\t\t\t\t\t\t<div class=\"elementor-container elementor-column-gap-default\">\n\t\t\t\t\t<div class=\"has_eae_slider elementor-column elementor-col-100 elementor-top-column elementor-element elementor-element-43d1785c\" data-eae-slider=\"57486\" data-id=\"43d1785c\" data-element_type=\"column\" data-e-type=\"column\">\n\t\t\t<div class=\"elementor-widget-wrap elementor-element-populated\">\n\t\t\t\t\t\t<div class=\"elementor-element elementor-element-5eb8c86b elementor-widget elementor-widget-wp-widget-bcn_widget\" data-id=\"5eb8c86b\" data-element_type=\"widget\" data-e-type=\"widget\" data-widget_type=\"wp-widget-bcn_widget.default\">\n\t\t\t\t<div class=\"elementor-widget-container\">\n\t\t\t\t\t<div class=\"breadcrumbs\" vocab=\"https:\/\/schema.org\/\" typeof=\"BreadcrumbList\"><\/div>\t\t\t\t<\/div>\n\t\t\t\t<\/div>\n\t\t\t\t\t<\/div>\n\t\t<\/div>\n\t\t\t\t\t<\/div>\n\t\t<\/section>\n\t\t\t\t<section class=\"has_eae_slider elementor-section elementor-top-section elementor-element elementor-element-6a12c12 elementor-section-boxed elementor-section-height-default elementor-section-height-default\" data-eae-slider=\"32801\" data-id=\"6a12c12\" data-element_type=\"section\" data-e-type=\"section\">\n\t\t\t\t\t\t<div class=\"elementor-container elementor-column-gap-default\">\n\t\t\t\t\t<div class=\"has_eae_slider elementor-column elementor-col-50 elementor-top-column elementor-element elementor-element-370e54e\" data-eae-slider=\"57203\" data-id=\"370e54e\" data-element_type=\"column\" data-e-type=\"column\">\n\t\t\t<div class=\"elementor-widget-wrap elementor-element-populated\">\n\t\t\t\t\t\t<div class=\"elementor-element elementor-element-f5b234d elementor-widget-divider--view-line elementor-widget elementor-widget-divider\" data-id=\"f5b234d\" data-element_type=\"widget\" data-e-type=\"widget\" data-widget_type=\"divider.default\">\n\t\t\t\t<div class=\"elementor-widget-container\">\n\t\t\t\t\t\t\t<div class=\"elementor-divider\">\n\t\t\t<span class=\"elementor-divider-separator\">\n\t\t\t\t\t\t<\/span>\n\t\t<\/div>\n\t\t\t\t\t\t<\/div>\n\t\t\t\t<\/div>\n\t\t\t\t<div class=\"elementor-element elementor-element-6a4744c elementor-widget elementor-widget-heading\" data-id=\"6a4744c\" data-element_type=\"widget\" data-e-type=\"widget\" data-widget_type=\"heading.default\">\n\t\t\t\t<div class=\"elementor-widget-container\">\n\t\t\t\t\t<h2 class=\"elementor-heading-title elementor-size-default\">Enqu\u00eate sur la citoyennet\u00e9 num\u00e9rique, la d\u00e9sinformation et la science<\/h2>\t\t\t\t<\/div>\n\t\t\t\t<\/div>\n\t\t\t\t<div class=\"elementor-element elementor-element-a3bde99 elementor-widget elementor-widget-spacer\" data-id=\"a3bde99\" data-element_type=\"widget\" data-e-type=\"widget\" data-widget_type=\"spacer.default\">\n\t\t\t\t<div class=\"elementor-widget-container\">\n\t\t\t\t\t\t\t<div class=\"elementor-spacer\">\n\t\t\t<div class=\"elementor-spacer-inner\"><\/div>\n\t\t<\/div>\n\t\t\t\t\t\t<\/div>\n\t\t\t\t<\/div>\n\t\t\t\t<section class=\"has_eae_slider elementor-section elementor-inner-section elementor-element elementor-element-825dda6 elementor-section-boxed elementor-section-height-default elementor-section-height-default\" data-eae-slider=\"45602\" data-id=\"825dda6\" data-element_type=\"section\" data-e-type=\"section\">\n\t\t\t\t\t\t<div class=\"elementor-container elementor-column-gap-default\">\n\t\t\t\t\t<div class=\"has_eae_slider elementor-column elementor-col-50 elementor-inner-column elementor-element elementor-element-e0816bf\" data-eae-slider=\"18088\" data-id=\"e0816bf\" data-element_type=\"column\" data-e-type=\"column\">\n\t\t\t<div class=\"elementor-widget-wrap elementor-element-populated\">\n\t\t\t\t\t\t<div class=\"elementor-element elementor-element-91a8ec9 elementor-widget elementor-widget-text-editor\" data-id=\"91a8ec9\" data-element_type=\"widget\" data-e-type=\"widget\" data-widget_type=\"text-editor.default\">\n\t\t\t\t<div class=\"elementor-widget-container\">\n\t\t\t\t\t\t\t\t\t<p>Cette le\u00e7on initie les \u00e9l\u00e8ves de la 5e \u00e0 la terminale \u00e0 la citoyennet\u00e9 num\u00e9rique, \u00e0 la d\u00e9sinformation et \u00e0 la pens\u00e9e scientifique. Gr\u00e2ce \u00e0 des activit\u00e9s interactives, les \u00e9l\u00e8ves apprennent \u00e0 distinguer les faits des opinions, \u00e0 \u00e9valuer la cr\u00e9dibilit\u00e9 des m\u00e9dias et \u00e0 mettre en \u0153uvre leur esprit critique pour rep\u00e9rer la d\u00e9sinformation et le d\u00e9ni scientifique.<\/p>\t\t\t\t\t\t\t\t<\/div>\n\t\t\t\t<\/div>\n\t\t\t\t\t<\/div>\n\t\t<\/div>\n\t\t\t\t<div class=\"has_eae_slider elementor-column elementor-col-50 elementor-inner-column elementor-element elementor-element-f5c1216\" data-eae-slider=\"94996\" data-id=\"f5c1216\" data-element_type=\"column\" data-e-type=\"column\">\n\t\t\t<div class=\"elementor-widget-wrap elementor-element-populated\">\n\t\t\t\t\t\t<div class=\"elementor-element elementor-element-54be9bd elementor-widget elementor-widget-image\" data-id=\"54be9bd\" data-element_type=\"widget\" data-e-type=\"widget\" data-widget_type=\"image.default\">\n\t\t\t\t<div class=\"elementor-widget-container\">\n\t\t\t\t\t\t\t\t\t\t\t\t\t\t\t\t<a href=\"https:\/\/lsf-lst.ca\/fr\/wp-content\/uploads\/Plan-de-lecon-Enquete-sur-la-citoyennete-numerique-la-desinformation-et-la-science.pdf\" target=\"_blank\">\n\t\t\t\t\t\t\t<img fetchpriority=\"high\" decoding=\"async\" width=\"819\" height=\"1024\" src=\"https:\/\/lsf-lst.ca\/fr\/wp-content\/uploads\/Enquete-sur-la-citoyennete-numerique-la-desinformation-et-la-science-819x1024.png\" class=\"attachment-large size-large wp-image-16649\" alt=\"\" srcset=\"https:\/\/lsf-lst.ca\/fr\/wp-content\/uploads\/Enquete-sur-la-citoyennete-numerique-la-desinformation-et-la-science-819x1024.png 819w, https:\/\/lsf-lst.ca\/fr\/wp-content\/uploads\/Enquete-sur-la-citoyennete-numerique-la-desinformation-et-la-science-240x300.png 240w, https:\/\/lsf-lst.ca\/fr\/wp-content\/uploads\/Enquete-sur-la-citoyennete-numerique-la-desinformation-et-la-science-768x960.png 768w, https:\/\/lsf-lst.ca\/fr\/wp-content\/uploads\/Enquete-sur-la-citoyennete-numerique-la-desinformation-et-la-science.png 1080w\" sizes=\"(max-width: 819px) 100vw, 819px\" \/>\t\t\t\t\t\t\t\t<\/a>\n\t\t\t\t\t\t\t\t\t\t\t\t\t\t\t<\/div>\n\t\t\t\t<\/div>\n\t\t\t\t\t<\/div>\n\t\t<\/div>\n\t\t\t\t\t<\/div>\n\t\t<\/section>\n\t\t\t\t<div class=\"elementor-element elementor-element-9770897 elementor-widget elementor-widget-text-editor\" data-id=\"9770897\" data-element_type=\"widget\" data-e-type=\"widget\" data-widget_type=\"text-editor.default\">\n\t\t\t\t<div class=\"elementor-widget-container\">\n\t\t\t\t\t\t\t\t\t<table><tbody><tr><td><p>Dans cette le\u00e7on, les \u00e9l\u00e8ves :<\/p><ul><li>Comprendront la diff\u00e9rence entre les faits et les opinions;<\/li><li>Apprendront des strat\u00e9gies pour \u00e9valuer la fiabilit\u00e9 des supports visuels, des textes et des r\u00e9seaux sociaux, ainsi que la pr\u00e9sence d&#8217;informations erron\u00e9es et de d\u00e9sinformation;<\/li><li>Comprendront l&#8217;importance de leur responsabilit\u00e9 en tant que penseurs critiques et citoyens du num\u00e9rique;<\/li><li>Mettront en pratique leur compr\u00e9hension de la m\u00e9thode scientifique et des principales techniques utilis\u00e9es pour nier la science et diffuser de la d\u00e9sinformation dans les m\u00e9dias;<\/li><li>D\u00e9montreront leurs connaissances et leurs comp\u00e9tences \u00e0 travers des activit\u00e9s d&#8217;apprentissage actif et un travail de synth\u00e8se.<\/li><\/ul><\/td><\/tr><\/tbody><\/table>\t\t\t\t\t\t\t\t<\/div>\n\t\t\t\t<\/div>\n\t\t\t\t<section class=\"has_eae_slider elementor-section elementor-inner-section elementor-element elementor-element-7730fe6 elementor-section-boxed elementor-section-height-default elementor-section-height-default\" data-eae-slider=\"63606\" data-id=\"7730fe6\" data-element_type=\"section\" data-e-type=\"section\">\n\t\t\t\t\t\t<div class=\"elementor-container elementor-column-gap-default\">\n\t\t\t\t\t<div class=\"has_eae_slider elementor-column elementor-col-50 elementor-inner-column elementor-element elementor-element-67a9f11\" data-eae-slider=\"89546\" data-id=\"67a9f11\" data-element_type=\"column\" data-e-type=\"column\">\n\t\t\t<div class=\"elementor-widget-wrap elementor-element-populated\">\n\t\t\t\t\t\t<div class=\"elementor-element elementor-element-ade2e18 elementor-widget elementor-widget-text-editor\" data-id=\"ade2e18\" data-element_type=\"widget\" data-e-type=\"widget\" data-widget_type=\"text-editor.default\">\n\t\t\t\t<div class=\"elementor-widget-container\">\n\t\t\t\t\t\t\t\t\t<p style=\"text-align: center;\"><em>Cet atelier a \u00e9t\u00e9 \u00e9labor\u00e9 par \u00ab Learning for a Sustainable Future \u00bb, avec le soutien d&#8217;Environnement et Changement climatique Canada.<br \/>Les opinions exprim\u00e9es dans cette publication sont celles des auteurs et ne refl\u00e8tent pas n\u00e9cessairement celles du gouvernement du Canada. <br \/><\/em><\/p>\t\t\t\t\t\t\t\t<\/div>\n\t\t\t\t<\/div>\n\t\t\t\t\t<\/div>\n\t\t<\/div>\n\t\t\t\t<div class=\"has_eae_slider elementor-column elementor-col-50 elementor-inner-column elementor-element elementor-element-1213f6a\" data-eae-slider=\"24053\" data-id=\"1213f6a\" data-element_type=\"column\" data-e-type=\"column\">\n\t\t\t<div class=\"elementor-widget-wrap elementor-element-populated\">\n\t\t\t\t\t\t<div class=\"elementor-element elementor-element-228ace7 elementor-widget elementor-widget-image\" data-id=\"228ace7\" data-element_type=\"widget\" data-e-type=\"widget\" data-widget_type=\"image.default\">\n\t\t\t\t<div class=\"elementor-widget-container\">\n\t\t\t\t\t\t\t\t\t\t\t\t\t\t\t<img decoding=\"async\" width=\"500\" height=\"350\" src=\"https:\/\/lsf-lst.ca\/fr\/wp-content\/uploads\/canada-wordmark.jpg\" class=\"attachment-large size-large wp-image-16674\" alt=\"\" srcset=\"https:\/\/lsf-lst.ca\/fr\/wp-content\/uploads\/canada-wordmark.jpg 500w, https:\/\/lsf-lst.ca\/fr\/wp-content\/uploads\/canada-wordmark-300x210.jpg 300w\" sizes=\"(max-width: 500px) 100vw, 500px\" \/>\t\t\t\t\t\t\t\t\t\t\t\t\t\t\t<\/div>\n\t\t\t\t<\/div>\n\t\t\t\t\t<\/div>\n\t\t<\/div>\n\t\t\t\t\t<\/div>\n\t\t<\/section>\n\t\t\t\t\t<\/div>\n\t\t<\/div>\n\t\t\t\t<div class=\"has_eae_slider elementor-column elementor-col-50 elementor-top-column elementor-element elementor-element-74a8284\" data-eae-slider=\"80771\" data-id=\"74a8284\" data-element_type=\"column\" data-e-type=\"column\">\n\t\t\t<div class=\"elementor-widget-wrap elementor-element-populated\">\n\t\t\t\t\t\t<div class=\"elementor-element elementor-element-dda734d elementor-widget elementor-widget-heading\" data-id=\"dda734d\" data-element_type=\"widget\" data-e-type=\"widget\" data-widget_type=\"heading.default\">\n\t\t\t\t<div class=\"elementor-widget-container\">\n\t\t\t\t\t<h2 class=\"elementor-heading-title elementor-size-default\">Pour commencer<\/h2>\t\t\t\t<\/div>\n\t\t\t\t<\/div>\n\t\t\t\t<div class=\"elementor-element elementor-element-e6498cf elementor-widget elementor-widget-text-editor\" data-id=\"e6498cf\" data-element_type=\"widget\" data-e-type=\"widget\" data-widget_type=\"text-editor.default\">\n\t\t\t\t<div class=\"elementor-widget-container\">\n\t\t\t\t\t\t\t\t\t<p>T\u00e9l\u00e9chargez gratuitement le guide p\u00e9dagogique <strong><em><a href=\"https:\/\/lsf-lst.ca\/fr\/wp-content\/uploads\/Plan-de-lecon-Enquete-sur-la-citoyennete-numerique-la-desinformation-et-la-science.pdf\" target=\"_blank\" rel=\"noopener\">\u00ab Enqu\u00eate sur la citoyennet\u00e9 num\u00e9rique, la d\u00e9sinformation et la science \u00bb<\/a> <\/em><\/strong>au format PDF.<\/p>\t\t\t\t\t\t\t\t<\/div>\n\t\t\t\t<\/div>\n\t\t\t\t<div class=\"elementor-element elementor-element-8064e2f elementor-widget elementor-widget-heading\" data-id=\"8064e2f\" data-element_type=\"widget\" data-e-type=\"widget\" data-widget_type=\"heading.default\">\n\t\t\t\t<div class=\"elementor-widget-container\">\n\t\t\t\t\t<h2 class=\"elementor-heading-title elementor-size-default\">Suppl\u00e9ments pour l'atelier<\/h2>\t\t\t\t<\/div>\n\t\t\t\t<\/div>\n\t\t\t\t<div class=\"elementor-element elementor-element-27d50ce elementor-widget elementor-widget-text-editor\" data-id=\"27d50ce\" data-element_type=\"widget\" data-e-type=\"widget\" data-widget_type=\"text-editor.default\">\n\t\t\t\t<div class=\"elementor-widget-container\">\n\t\t\t\t\t\t\t\t\t<p>L&#8217;atelier comprend des activit\u00e9s pratiques qui n\u00e9cessitent du mat\u00e9riel suppl\u00e9mentaire :<\/p>\t\t\t\t\t\t\t\t<\/div>\n\t\t\t\t<\/div>\n\t\t\t\t<div class=\"elementor-element elementor-element-7415e1a elementor-widget elementor-widget-text-editor\" data-id=\"7415e1a\" data-element_type=\"widget\" data-e-type=\"widget\" data-widget_type=\"text-editor.default\">\n\t\t\t\t<div class=\"elementor-widget-container\">\n\t\t\t\t\t\t\t\t\t<ul><li>Une demi-feuille de papier grand format par groupe, avec des marqueurs<\/li><li>Du papier ou des notes autocollantes pour chaque membre du groupe<\/li><li>Un grand \u00e9cran ou des ordinateurs portables \u00e0 poser sur les tables pour afficher<strong><a href=\"https:\/\/docs.google.com\/presentation\/d\/1IZdHaa22pA8_sArNJEpT7HYSApeKQaH36N57FawFJeU\/edit?usp=sharing\" target=\"_blank\" rel=\"noopener\"> la pr\u00e9sentation<\/a><\/strong> accompagnant ces cours.<\/li><\/ul><p>Remarque : <strong><a href=\"https:\/\/docs.google.com\/presentation\/d\/1IZdHaa22pA8_sArNJEpT7HYSApeKQaH36N57FawFJeU\/edit?usp=sharing\" target=\"_blank\" rel=\"noopener\">la pr\u00e9sentation<\/a><\/strong> est au format Google. Pour acc\u00e9der \u00e0 la version PDF, <strong><a href=\"https:\/\/lsf-lst.ca\/wp-content\/uploads\/Diaporama-Mesinformation-desinformation-et-culture-scientifique.pdf\" target=\"_blank\" rel=\"noopener\">cliquez ici.<\/a><\/strong><\/p>\t\t\t\t\t\t\t\t<\/div>\n\t\t\t\t<\/div>\n\t\t\t\t\t<\/div>\n\t\t<\/div>\n\t\t\t\t\t<\/div>\n\t\t<\/section>\n\t\t\t\t<\/div>\n\t\t","protected":false},"excerpt":{"rendered":"<p>Enqu\u00eate sur la citoyennet\u00e9 num\u00e9rique, la d\u00e9sinformation et la science Cette le\u00e7on initie les \u00e9l\u00e8ves de la 5e \u00e0 la terminale \u00e0 la citoyennet\u00e9 num\u00e9rique, \u00e0 la d\u00e9sinformation et \u00e0 la pens\u00e9e scientifique. Gr\u00e2ce \u00e0 des activit\u00e9s interactives, les \u00e9l\u00e8ves apprennent \u00e0 distinguer les faits des opinions, \u00e0 \u00e9valuer la cr\u00e9dibilit\u00e9 des m\u00e9dias et \u00e0 [&hellip;]<\/p>\n","protected":false},"author":1,"featured_media":0,"parent":457,"menu_order":0,"comment_status":"closed","ping_status":"closed","template":"elementor_header_footer","meta":{"site-sidebar-layout":"no-sidebar","site-content-layout":"page-builder","ast-site-content-layout":"full-width-container","site-content-style":"unboxed","site-sidebar-style":"unboxed","ast-global-header-display":"","ast-banner-title-visibility":"","ast-main-header-display":"disabled","ast-hfb-above-header-display":"","ast-hfb-below-header-display":"","ast-hfb-mobile-header-display":"disabled","site-post-title":"disabled","ast-breadcrumbs-content":"disabled","ast-featured-img":"disabled","footer-sml-layout":"disabled","ast-disable-related-posts":"","theme-transparent-header-meta":"default","adv-header-id-meta":"","stick-header-meta":"","header-above-stick-meta":"","header-main-stick-meta":"","header-below-stick-meta":"","astra-migrate-meta-layouts":"set","ast-page-background-enabled":"default","ast-page-background-meta":{"desktop":{"background-color":"","background-image":"","background-repeat":"repeat","background-position":"center center","background-size":"auto","background-attachment":"scroll","background-type":"","background-media":"","overlay-type":"","overlay-color":"","overlay-opacity":"","overlay-gradient":""},"tablet":{"background-color":"","background-image":"","background-repeat":"repeat","background-position":"center center","background-size":"auto","background-attachment":"scroll","background-type":"","background-media":"","overlay-type":"","overlay-color":"","overlay-opacity":"","overlay-gradient":""},"mobile":{"background-color":"","background-image":"","background-repeat":"repeat","background-position":"center center","background-size":"auto","background-attachment":"scroll","background-type":"","background-media":"","overlay-type":"","overlay-color":"","overlay-opacity":"","overlay-gradient":""}},"ast-content-background-meta":{"desktop":{"background-color":"var(--ast-global-color-5)","background-image":"","background-repeat":"repeat","background-position":"center center","background-size":"auto","background-attachment":"scroll","background-type":"","background-media":"","overlay-type":"","overlay-color":"","overlay-opacity":"","overlay-gradient":""},"tablet":{"background-color":"var(--ast-global-color-5)","background-image":"","background-repeat":"repeat","background-position":"center center","background-size":"auto","background-attachment":"scroll","background-type":"","background-media":"","overlay-type":"","overlay-color":"","overlay-opacity":"","overlay-gradient":""},"mobile":{"background-color":"var(--ast-global-color-5)","background-image":"","background-repeat":"repeat","background-position":"center center","background-size":"auto","background-attachment":"scroll","background-type":"","background-media":"","overlay-type":"","overlay-color":"","overlay-opacity":"","overlay-gradient":""}},"footnotes":""},"class_list":["post-16679","page","type-page","status-publish","hentry"],"_links":{"self":[{"href":"https:\/\/lsf-lst.ca\/fr\/wp-json\/wp\/v2\/pages\/16679","targetHints":{"allow":["GET"]}}],"collection":[{"href":"https:\/\/lsf-lst.ca\/fr\/wp-json\/wp\/v2\/pages"}],"about":[{"href":"https:\/\/lsf-lst.ca\/fr\/wp-json\/wp\/v2\/types\/page"}],"author":[{"embeddable":true,"href":"https:\/\/lsf-lst.ca\/fr\/wp-json\/wp\/v2\/users\/1"}],"replies":[{"embeddable":true,"href":"https:\/\/lsf-lst.ca\/fr\/wp-json\/wp\/v2\/comments?post=16679"}],"version-history":[{"count":20,"href":"https:\/\/lsf-lst.ca\/fr\/wp-json\/wp\/v2\/pages\/16679\/revisions"}],"predecessor-version":[{"id":16770,"href":"https:\/\/lsf-lst.ca\/fr\/wp-json\/wp\/v2\/pages\/16679\/revisions\/16770"}],"up":[{"embeddable":true,"href":"https:\/\/lsf-lst.ca\/fr\/wp-json\/wp\/v2\/pages\/457"}],"wp:attachment":[{"href":"https:\/\/lsf-lst.ca\/fr\/wp-json\/wp\/v2\/media?parent=16679"}],"curies":[{"name":"wp","href":"https:\/\/api.w.org\/{rel}","templated":true}]}}