{"id":5172,"date":"2021-10-26T13:55:43","date_gmt":"2021-10-26T13:55:43","guid":{"rendered":"https:\/\/lsf-lst.ca\/fr\/?page_id=5172"},"modified":"2024-02-14T15:38:04","modified_gmt":"2024-02-14T15:38:04","slug":"trousses-aller-de-lavant","status":"publish","type":"page","link":"https:\/\/lsf-lst.ca\/fr\/ressources\/trousses-aller-de-lavant\/","title":{"rendered":"Trousses \u00e0 outils Aller de l&#8217;avant"},"content":{"rendered":"\t\t<div data-elementor-type=\"wp-page\" data-elementor-id=\"5172\" class=\"elementor elementor-5172\" data-elementor-post-type=\"page\">\n\t\t\t\t\t\t<section class=\"has_eae_slider elementor-section elementor-top-section elementor-element elementor-element-95594ea elementor-section-items-bottom elementor-section-height-min-height elementor-section-boxed elementor-section-height-default\" data-eae-slider=\"80811\" data-id=\"95594ea\" data-element_type=\"section\" data-e-type=\"section\" data-settings=\"{&quot;background_background&quot;:&quot;classic&quot;}\">\n\t\t\t\t\t\t\t<div class=\"elementor-background-overlay\"><\/div>\n\t\t\t\t\t\t\t<div class=\"elementor-container elementor-column-gap-default\">\n\t\t\t\t\t<div class=\"has_eae_slider elementor-column elementor-col-100 elementor-top-column elementor-element elementor-element-2b990a5\" data-eae-slider=\"25406\" data-id=\"2b990a5\" data-element_type=\"column\" data-e-type=\"column\">\n\t\t\t<div class=\"elementor-widget-wrap elementor-element-populated\">\n\t\t\t\t\t\t<div class=\"elementor-element elementor-element-5d50876 elementor-widget elementor-widget-spacer\" data-id=\"5d50876\" data-element_type=\"widget\" data-e-type=\"widget\" data-widget_type=\"spacer.default\">\n\t\t\t\t<div class=\"elementor-widget-container\">\n\t\t\t\t\t\t\t<div class=\"elementor-spacer\">\n\t\t\t<div class=\"elementor-spacer-inner\"><\/div>\n\t\t<\/div>\n\t\t\t\t\t\t<\/div>\n\t\t\t\t<\/div>\n\t\t\t\t\t<\/div>\n\t\t<\/div>\n\t\t\t\t\t<\/div>\n\t\t<\/section>\n\t\t\t\t<section class=\"has_eae_slider elementor-section elementor-top-section elementor-element elementor-element-5642687d elementor-hidden-phone elementor-section-boxed elementor-section-height-default elementor-section-height-default\" data-eae-slider=\"90826\" data-id=\"5642687d\" data-element_type=\"section\" data-e-type=\"section\">\n\t\t\t\t\t\t<div class=\"elementor-container elementor-column-gap-default\">\n\t\t\t\t\t<div class=\"has_eae_slider elementor-column elementor-col-100 elementor-top-column elementor-element elementor-element-43d1785c\" data-eae-slider=\"53068\" data-id=\"43d1785c\" data-element_type=\"column\" data-e-type=\"column\">\n\t\t\t<div class=\"elementor-widget-wrap elementor-element-populated\">\n\t\t\t\t\t\t<div class=\"elementor-element elementor-element-5eb8c86b elementor-widget elementor-widget-wp-widget-bcn_widget\" data-id=\"5eb8c86b\" data-element_type=\"widget\" data-e-type=\"widget\" data-widget_type=\"wp-widget-bcn_widget.default\">\n\t\t\t\t<div class=\"elementor-widget-container\">\n\t\t\t\t\t<div class=\"breadcrumbs\" vocab=\"https:\/\/schema.org\/\" typeof=\"BreadcrumbList\"><\/div>\t\t\t\t<\/div>\n\t\t\t\t<\/div>\n\t\t\t\t\t<\/div>\n\t\t<\/div>\n\t\t\t\t\t<\/div>\n\t\t<\/section>\n\t\t\t\t<section class=\"has_eae_slider elementor-section elementor-top-section elementor-element elementor-element-e358044 elementor-section-boxed elementor-section-height-default elementor-section-height-default\" data-eae-slider=\"39362\" data-id=\"e358044\" data-element_type=\"section\" data-e-type=\"section\">\n\t\t\t\t\t\t<div class=\"elementor-container elementor-column-gap-default\">\n\t\t\t\t\t<div class=\"has_eae_slider elementor-column elementor-col-50 elementor-top-column elementor-element elementor-element-1fc5ac8\" data-eae-slider=\"61339\" data-id=\"1fc5ac8\" data-element_type=\"column\" data-e-type=\"column\">\n\t\t\t<div class=\"elementor-widget-wrap elementor-element-populated\">\n\t\t\t\t\t\t<div class=\"elementor-element elementor-element-fa0ffea elementor-widget-divider--view-line elementor-widget elementor-widget-divider\" data-id=\"fa0ffea\" data-element_type=\"widget\" data-e-type=\"widget\" data-widget_type=\"divider.default\">\n\t\t\t\t<div class=\"elementor-widget-container\">\n\t\t\t\t\t\t\t<div class=\"elementor-divider\">\n\t\t\t<span class=\"elementor-divider-separator\">\n\t\t\t\t\t\t<\/span>\n\t\t<\/div>\n\t\t\t\t\t\t<\/div>\n\t\t\t\t<\/div>\n\t\t\t\t<div class=\"elementor-element elementor-element-987190f elementor-widget elementor-widget-heading\" data-id=\"987190f\" data-element_type=\"widget\" data-e-type=\"widget\" data-widget_type=\"heading.default\">\n\t\t\t\t<div class=\"elementor-widget-container\">\n\t\t\t\t\t<h2 class=\"elementor-heading-title elementor-size-default\">Trousses \u00e0 outils Aller de l'avant<\/h2>\t\t\t\t<\/div>\n\t\t\t\t<\/div>\n\t\t\t\t<div class=\"elementor-element elementor-element-adfc079 elementor-widget elementor-widget-spacer\" data-id=\"adfc079\" data-element_type=\"widget\" data-e-type=\"widget\" data-widget_type=\"spacer.default\">\n\t\t\t\t<div class=\"elementor-widget-container\">\n\t\t\t\t\t\t\t<div class=\"elementor-spacer\">\n\t\t\t<div class=\"elementor-spacer-inner\"><\/div>\n\t\t<\/div>\n\t\t\t\t\t\t<\/div>\n\t\t\t\t<\/div>\n\t\t\t\t<div class=\"elementor-element elementor-element-0419223 elementor-widget elementor-widget-text-editor\" data-id=\"0419223\" data-element_type=\"widget\" data-e-type=\"widget\" data-widget_type=\"text-editor.default\">\n\t\t\t\t<div class=\"elementor-widget-container\">\n\t\t\t\t\t\t\t\t\t<p><strong>Des Trousses \u00e0 outils pour cr\u00e9er un esprit de communaut\u00e9 au sein des salles de classe dans un monde en proie \u00e0 la pand\u00e9mie <\/strong><\/p>\t\t\t\t\t\t\t\t<\/div>\n\t\t\t\t<\/div>\n\t\t\t\t<div class=\"elementor-element elementor-element-2709008 elementor-widget elementor-widget-text-editor\" data-id=\"2709008\" data-element_type=\"widget\" data-e-type=\"widget\" data-widget_type=\"text-editor.default\">\n\t\t\t\t<div class=\"elementor-widget-container\">\n\t\t\t\t\t\t\t\t\t<p>Apr\u00e8s de nombreux mois difficiles et sans pr\u00e9c\u00e9dent, les enseignants accueillent de nouveaux groupes d\u2019\u00e9l\u00e8ves cette ann\u00e9e. Ils auront bien h\u00e2te de reprendre l\u2019apprentissage en groupe et d\u2019inculquer aux \u00e9l\u00e8ves les aptitudes, les connaissances et la compr\u00e9hension qui sont si importantes pour eux. Toutefois, il faut \u00e9viter de rel\u00e9guer aux oubliettes les nombreuses le\u00e7ons importantes \u00e0 tirer des derniers mois.\u00a0 En d\u00e9pit des restrictions rigoureuses, de l\u2019incertitude et des d\u00e9fis physiques et mentaux, cette p\u00e9riode regorge d\u2019exemples d\u2019adaptabilit\u00e9, de cr\u00e9ativit\u00e9 et de gestes transformateurs.<\/p><p>Ces trousses \u00e0 outils proposent aux \u00e9ducateurs, d\u2019une fa\u00e7on attentionn\u00e9e, proactive et engageante, des s\u00e9ances de r\u00e9flexion sur l\u2019exp\u00e9rience de la pand\u00e9mie. Ces s\u00e9ances ont \u00e9t\u00e9 con\u00e7ues \u00e0 l\u2019intention des \u00e9l\u00e8ves des niveaux primaires, moyens, interm\u00e9diaires et secondaires. La documentation et les activit\u00e9s sont adapt\u00e9es \u00e0 l\u2019\u00e2ge des \u00e9l\u00e8ves, sont applicables \u00e0 une population d\u2019apprenants diversifi\u00e9e et peuvent \u00eatre reli\u00e9es \u00e0 toutes les mati\u00e8res et \u00e0 tous les programmes scolaires.<\/p><p>Les s\u00e9ances se penchent sur d\u2019importants concepts qui aideront les \u00e9l\u00e8ves \u00e0 aller de l\u2019avant, arm\u00e9s d\u2019un renouveau de sensibilisation, de r\u00e9silience et d\u2019optimisme \u00e0 l\u2019\u00e9gard de l\u2019avenir. Elles cr\u00e9ent non seulement un lien avec l\u2019exp\u00e9rience des \u00e9l\u00e8ves, mais \u00e9galement avec les Objectifs de d\u00e9veloppement durable des Nations Unies, ce qui permet \u00e0 ces derniers de prendre conscience de l\u2019utilit\u00e9 de leur apprentissage et d\u2019y donner suite.<\/p>\t\t\t\t\t\t\t\t<\/div>\n\t\t\t\t<\/div>\n\t\t\t\t<section class=\"has_eae_slider elementor-section elementor-inner-section elementor-element elementor-element-b909ce4 elementor-section-boxed elementor-section-height-default elementor-section-height-default\" data-eae-slider=\"62580\" data-id=\"b909ce4\" data-element_type=\"section\" data-e-type=\"section\">\n\t\t\t\t\t\t<div class=\"elementor-container elementor-column-gap-default\">\n\t\t\t\t\t<div class=\"has_eae_slider elementor-column elementor-col-100 elementor-inner-column elementor-element elementor-element-43e548d\" data-eae-slider=\"75868\" data-id=\"43e548d\" data-element_type=\"column\" data-e-type=\"column\">\n\t\t\t<div class=\"elementor-widget-wrap elementor-element-populated\">\n\t\t\t\t\t\t<div class=\"elementor-element elementor-element-e678c34 elementor-widget elementor-widget-text-editor\" data-id=\"e678c34\" data-element_type=\"widget\" data-e-type=\"widget\" data-widget_type=\"text-editor.default\">\n\t\t\t\t<div class=\"elementor-widget-container\">\n\t\t\t\t\t\t\t\t\t<p style=\"text-align: center;\"><em>Un gros merci \u00e0 toutes les personnes qui ont collabor\u00e9 \u00e0 la cr\u00e9ation de ces trousses \u00e0 outils, dont : Susan Elliott, Janice Haines, Nathalie Lauriault, Catherine Everett, Ingrid Tamkin, Tina Jagdeo, Rehaab Rifdi et Sam Gawron\u00a0<\/em><\/p>\t\t\t\t\t\t\t\t<\/div>\n\t\t\t\t<\/div>\n\t\t\t\t\t<\/div>\n\t\t<\/div>\n\t\t\t\t\t<\/div>\n\t\t<\/section>\n\t\t\t\t\t<\/div>\n\t\t<\/div>\n\t\t\t\t<div class=\"has_eae_slider elementor-column elementor-col-50 elementor-top-column elementor-element elementor-element-6a01808\" data-eae-slider=\"40302\" data-id=\"6a01808\" data-element_type=\"column\" data-e-type=\"column\">\n\t\t\t<div class=\"elementor-widget-wrap elementor-element-populated\">\n\t\t\t\t\t\t<div class=\"elementor-element elementor-element-220c1aa elementor-widget elementor-widget-heading\" data-id=\"220c1aa\" data-element_type=\"widget\" data-e-type=\"widget\" data-widget_type=\"heading.default\">\n\t\t\t\t<div class=\"elementor-widget-container\">\n\t\t\t\t\t<h2 class=\"elementor-heading-title elementor-size-default\">Les trousses \u00e0 outils:<\/h2>\t\t\t\t<\/div>\n\t\t\t\t<\/div>\n\t\t\t\t<div class=\"elementor-element elementor-element-c957780 elementor-widget elementor-widget-spacer\" data-id=\"c957780\" data-element_type=\"widget\" data-e-type=\"widget\" data-widget_type=\"spacer.default\">\n\t\t\t\t<div class=\"elementor-widget-container\">\n\t\t\t\t\t\t\t<div class=\"elementor-spacer\">\n\t\t\t<div class=\"elementor-spacer-inner\"><\/div>\n\t\t<\/div>\n\t\t\t\t\t\t<\/div>\n\t\t\t\t<\/div>\n\t\t\t\t<div class=\"elementor-element elementor-element-9a0703e elementor-widget elementor-widget-spacer\" data-id=\"9a0703e\" data-element_type=\"widget\" data-e-type=\"widget\" data-widget_type=\"spacer.default\">\n\t\t\t\t<div class=\"elementor-widget-container\">\n\t\t\t\t\t\t\t<div class=\"elementor-spacer\">\n\t\t\t<div class=\"elementor-spacer-inner\"><\/div>\n\t\t<\/div>\n\t\t\t\t\t\t<\/div>\n\t\t\t\t<\/div>\n\t\t\t\t<div class=\"elementor-element elementor-element-9797bd6 elementor-widget elementor-widget-text-editor\" data-id=\"9797bd6\" data-element_type=\"widget\" data-e-type=\"widget\" data-widget_type=\"text-editor.default\">\n\t\t\t\t<div class=\"elementor-widget-container\">\n\t\t\t\t\t\t\t\t\t<ul><li><a href=\"https:\/\/lsf-lst.ca\/fr\/wp-content\/uploads\/2022\/08\/Trousse-a\u0300-outils-M-1_s.pdf\">Trousse pour les \u00e9l\u00e8ves de la Maternelle \u00e0 la 1er ann\u00e9e<\/a><\/li><li><a href=\"https:\/\/lsf-lst.ca\/fr\/wp-content\/uploads\/2022\/08\/Trousse-a\u0300-outils-2-5_s.pdf\">Trousse pour les \u00e9l\u00e8ves de la 2e \u00e0 la 5e ann\u00e9e<\/a><\/li><li><a href=\"https:\/\/lsf-lst.ca\/fr\/wp-content\/uploads\/2022\/08\/Trousse-a\u0300-outils-6-9_s.pdf\">Trousse pour les \u00e9l\u00e8ves de la 6e \u00e0 la 9e ann\u00e9e<\/a><\/li><li><a href=\"https:\/\/lsf-lst.ca\/fr\/wp-content\/uploads\/2022\/08\/Trousse-pour-les-e\u0301le\u0300ves-de-la-9e-a\u0300-la-12e-anne\u0301e.pdf\" target=\"_blank\" rel=\"noopener\">Trousse pour les e\u0301le\u0300ves de la 9e a\u0300 la 12e anne\u0301e<\/a><\/li><\/ul>\t\t\t\t\t\t\t\t<\/div>\n\t\t\t\t<\/div>\n\t\t\t\t<div class=\"elementor-element elementor-element-63bbf89 elementor-widget elementor-widget-image\" data-id=\"63bbf89\" data-element_type=\"widget\" data-e-type=\"widget\" data-widget_type=\"image.default\">\n\t\t\t\t<div class=\"elementor-widget-container\">\n\t\t\t\t\t\t\t\t\t\t\t\t\t\t\t<img decoding=\"async\" src=\"https:\/\/lsf-lst.ca\/fr\/wp-content\/uploads\/2021\/10\/245491979_3116175218602167_8447310219615549528_n.png\" title=\"\" alt=\"\" loading=\"lazy\" \/>\t\t\t\t\t\t\t\t\t\t\t\t\t\t\t<\/div>\n\t\t\t\t<\/div>\n\t\t\t\t<div class=\"elementor-element elementor-element-2490ff1 elementor-widget elementor-widget-spacer\" data-id=\"2490ff1\" data-element_type=\"widget\" data-e-type=\"widget\" data-widget_type=\"spacer.default\">\n\t\t\t\t<div class=\"elementor-widget-container\">\n\t\t\t\t\t\t\t<div class=\"elementor-spacer\">\n\t\t\t<div class=\"elementor-spacer-inner\"><\/div>\n\t\t<\/div>\n\t\t\t\t\t\t<\/div>\n\t\t\t\t<\/div>\n\t\t\t\t<div class=\"elementor-element elementor-element-8610acd elementor-widget elementor-widget-spacer\" data-id=\"8610acd\" data-element_type=\"widget\" data-e-type=\"widget\" data-widget_type=\"spacer.default\">\n\t\t\t\t<div class=\"elementor-widget-container\">\n\t\t\t\t\t\t\t<div class=\"elementor-spacer\">\n\t\t\t<div class=\"elementor-spacer-inner\"><\/div>\n\t\t<\/div>\n\t\t\t\t\t\t<\/div>\n\t\t\t\t<\/div>\n\t\t\t\t<div class=\"elementor-element elementor-element-33baa17 elementor-widget elementor-widget-spacer\" data-id=\"33baa17\" data-element_type=\"widget\" data-e-type=\"widget\" data-widget_type=\"spacer.default\">\n\t\t\t\t<div class=\"elementor-widget-container\">\n\t\t\t\t\t\t\t<div class=\"elementor-spacer\">\n\t\t\t<div class=\"elementor-spacer-inner\"><\/div>\n\t\t<\/div>\n\t\t\t\t\t\t<\/div>\n\t\t\t\t<\/div>\n\t\t\t\t\t<\/div>\n\t\t<\/div>\n\t\t\t\t\t<\/div>\n\t\t<\/section>\n\t\t\t\t<\/div>\n\t\t","protected":false},"excerpt":{"rendered":"<p>Trousses \u00e0 outils Aller de l&#8217;avant Des Trousses \u00e0 outils pour cr\u00e9er un esprit de communaut\u00e9 au sein des salles de classe dans un monde en proie \u00e0 la pand\u00e9mie Apr\u00e8s de nombreux mois difficiles et sans pr\u00e9c\u00e9dent, les enseignants accueillent de nouveaux groupes d\u2019\u00e9l\u00e8ves cette ann\u00e9e. Ils auront bien h\u00e2te de reprendre l\u2019apprentissage en [&hellip;]<\/p>\n","protected":false},"author":1,"featured_media":0,"parent":457,"menu_order":0,"comment_status":"closed","ping_status":"closed","template":"elementor_header_footer","meta":{"site-sidebar-layout":"no-sidebar","site-content-layout":"page-builder","ast-site-content-layout":"default","site-content-style":"default","site-sidebar-style":"default","ast-global-header-display":"","ast-banner-title-visibility":"","ast-main-header-display":"disabled","ast-hfb-above-header-display":"","ast-hfb-below-header-display":"","ast-hfb-mobile-header-display":"disabled","site-post-title":"disabled","ast-breadcrumbs-content":"disabled","ast-featured-img":"disabled","footer-sml-layout":"disabled","ast-disable-related-posts":"","theme-transparent-header-meta":"default","adv-header-id-meta":"","stick-header-meta":"","header-above-stick-meta":"","header-main-stick-meta":"","header-below-stick-meta":"","astra-migrate-meta-layouts":"default","ast-page-background-enabled":"default","ast-page-background-meta":{"desktop":{"background-color":"","background-image":"","background-repeat":"repeat","background-position":"center center","background-size":"auto","background-attachment":"scroll","background-type":"","background-media":"","overlay-type":"","overlay-color":"","overlay-opacity":"","overlay-gradient":""},"tablet":{"background-color":"","background-image":"","background-repeat":"repeat","background-position":"center center","background-size":"auto","background-attachment":"scroll","background-type":"","background-media":"","overlay-type":"","overlay-color":"","overlay-opacity":"","overlay-gradient":""},"mobile":{"background-color":"","background-image":"","background-repeat":"repeat","background-position":"center center","background-size":"auto","background-attachment":"scroll","background-type":"","background-media":"","overlay-type":"","overlay-color":"","overlay-opacity":"","overlay-gradient":""}},"ast-content-background-meta":{"desktop":{"background-color":"var(--ast-global-color-5)","background-image":"","background-repeat":"repeat","background-position":"center center","background-size":"auto","background-attachment":"scroll","background-type":"","background-media":"","overlay-type":"","overlay-color":"","overlay-opacity":"","overlay-gradient":""},"tablet":{"background-color":"var(--ast-global-color-5)","background-image":"","background-repeat":"repeat","background-position":"center center","background-size":"auto","background-attachment":"scroll","background-type":"","background-media":"","overlay-type":"","overlay-color":"","overlay-opacity":"","overlay-gradient":""},"mobile":{"background-color":"var(--ast-global-color-5)","background-image":"","background-repeat":"repeat","background-position":"center center","background-size":"auto","background-attachment":"scroll","background-type":"","background-media":"","overlay-type":"","overlay-color":"","overlay-opacity":"","overlay-gradient":""}},"footnotes":""},"class_list":["post-5172","page","type-page","status-publish","hentry"],"_links":{"self":[{"href":"https:\/\/lsf-lst.ca\/fr\/wp-json\/wp\/v2\/pages\/5172","targetHints":{"allow":["GET"]}}],"collection":[{"href":"https:\/\/lsf-lst.ca\/fr\/wp-json\/wp\/v2\/pages"}],"about":[{"href":"https:\/\/lsf-lst.ca\/fr\/wp-json\/wp\/v2\/types\/page"}],"author":[{"embeddable":true,"href":"https:\/\/lsf-lst.ca\/fr\/wp-json\/wp\/v2\/users\/1"}],"replies":[{"embeddable":true,"href":"https:\/\/lsf-lst.ca\/fr\/wp-json\/wp\/v2\/comments?post=5172"}],"version-history":[{"count":32,"href":"https:\/\/lsf-lst.ca\/fr\/wp-json\/wp\/v2\/pages\/5172\/revisions"}],"predecessor-version":[{"id":13691,"href":"https:\/\/lsf-lst.ca\/fr\/wp-json\/wp\/v2\/pages\/5172\/revisions\/13691"}],"up":[{"embeddable":true,"href":"https:\/\/lsf-lst.ca\/fr\/wp-json\/wp\/v2\/pages\/457"}],"wp:attachment":[{"href":"https:\/\/lsf-lst.ca\/fr\/wp-json\/wp\/v2\/media?parent=5172"}],"curies":[{"name":"wp","href":"https:\/\/api.w.org\/{rel}","templated":true}]}}