{"id":5582,"date":"2021-11-10T21:09:19","date_gmt":"2021-11-10T21:09:19","guid":{"rendered":"https:\/\/lsf-lst.ca\/fr\/?page_id=5582"},"modified":"2026-01-05T17:27:33","modified_gmt":"2026-01-05T17:27:33","slug":"demande-financement","status":"publish","type":"page","link":"https:\/\/lsf-lst.ca\/fr\/formulaires\/demande-financement\/","title":{"rendered":"Demande de financement de projets d\u2019action"},"content":{"rendered":"\t\t<div data-elementor-type=\"wp-page\" data-elementor-id=\"5582\" class=\"elementor elementor-5582\" data-elementor-post-type=\"page\">\n\t\t\t\t\t\t<section class=\"has_eae_slider elementor-section elementor-top-section elementor-element elementor-element-95594ea elementor-section-items-bottom elementor-section-height-min-height elementor-section-boxed elementor-section-height-default\" data-eae-slider=\"91062\" data-id=\"95594ea\" data-element_type=\"section\" data-e-type=\"section\" data-settings=\"{&quot;background_background&quot;:&quot;classic&quot;}\">\n\t\t\t\t\t\t\t<div class=\"elementor-background-overlay\"><\/div>\n\t\t\t\t\t\t\t<div class=\"elementor-container elementor-column-gap-default\">\n\t\t\t\t\t<div class=\"has_eae_slider elementor-column elementor-col-100 elementor-top-column elementor-element elementor-element-2b990a5\" data-eae-slider=\"87201\" data-id=\"2b990a5\" data-element_type=\"column\" data-e-type=\"column\">\n\t\t\t<div class=\"elementor-widget-wrap elementor-element-populated\">\n\t\t\t\t\t\t<div class=\"elementor-element elementor-element-5d50876 elementor-widget elementor-widget-spacer\" data-id=\"5d50876\" data-element_type=\"widget\" data-e-type=\"widget\" data-widget_type=\"spacer.default\">\n\t\t\t\t<div class=\"elementor-widget-container\">\n\t\t\t\t\t\t\t<div class=\"elementor-spacer\">\n\t\t\t<div class=\"elementor-spacer-inner\"><\/div>\n\t\t<\/div>\n\t\t\t\t\t\t<\/div>\n\t\t\t\t<\/div>\n\t\t\t\t\t<\/div>\n\t\t<\/div>\n\t\t\t\t\t<\/div>\n\t\t<\/section>\n\t\t\t\t<section class=\"has_eae_slider elementor-section elementor-top-section elementor-element elementor-element-c29c0b8 elementor-section-boxed elementor-section-height-default elementor-section-height-default\" data-eae-slider=\"44514\" data-id=\"c29c0b8\" data-element_type=\"section\" data-e-type=\"section\">\n\t\t\t\t\t\t<div class=\"elementor-container elementor-column-gap-default\">\n\t\t\t\t\t<div class=\"has_eae_slider elementor-column elementor-col-100 elementor-top-column elementor-element elementor-element-be676dd\" data-eae-slider=\"18556\" data-id=\"be676dd\" data-element_type=\"column\" data-e-type=\"column\">\n\t\t\t<div class=\"elementor-widget-wrap elementor-element-populated\">\n\t\t\t\t\t\t<div class=\"elementor-element elementor-element-7a0c228 elementor-widget elementor-widget-spacer\" data-id=\"7a0c228\" data-element_type=\"widget\" data-e-type=\"widget\" data-widget_type=\"spacer.default\">\n\t\t\t\t<div class=\"elementor-widget-container\">\n\t\t\t\t\t\t\t<div class=\"elementor-spacer\">\n\t\t\t<div class=\"elementor-spacer-inner\"><\/div>\n\t\t<\/div>\n\t\t\t\t\t\t<\/div>\n\t\t\t\t<\/div>\n\t\t\t\t<div class=\"elementor-element elementor-element-14e6171 elementor-widget elementor-widget-heading\" data-id=\"14e6171\" data-element_type=\"widget\" data-e-type=\"widget\" data-widget_type=\"heading.default\">\n\t\t\t\t<div class=\"elementor-widget-container\">\n\t\t\t\t\t<h2 class=\"elementor-heading-title elementor-size-default\">Demande de financement de Projets d'action de LST<\/h2>\t\t\t\t<\/div>\n\t\t\t\t<\/div>\n\t\t\t\t<div class=\"elementor-element elementor-element-9863f26 elementor-widget elementor-widget-spacer\" data-id=\"9863f26\" data-element_type=\"widget\" data-e-type=\"widget\" data-widget_type=\"spacer.default\">\n\t\t\t\t<div class=\"elementor-widget-container\">\n\t\t\t\t\t\t\t<div class=\"elementor-spacer\">\n\t\t\t<div class=\"elementor-spacer-inner\"><\/div>\n\t\t<\/div>\n\t\t\t\t\t\t<\/div>\n\t\t\t\t<\/div>\n\t\t\t\t<div class=\"elementor-element elementor-element-b11c047 elementor-widget elementor-widget-text-editor\" data-id=\"b11c047\" data-element_type=\"widget\" data-e-type=\"widget\" data-widget_type=\"text-editor.default\">\n\t\t\t\t<div class=\"elementor-widget-container\">\n\t\t\t\t\t\t\t\t\t<p style=\"text-align: center;\"><strong>Nous finan\u00e7ons des projets d&#8217;action sur le changement climatique et la durabilit\u00e9 men\u00e9s par des \u00e9l\u00e8ves jusqu&#8217;\u00e0 500 $ chacun.<\/strong><\/p>\t\t\t\t\t\t\t\t<\/div>\n\t\t\t\t<\/div>\n\t\t\t\t<div class=\"elementor-element elementor-element-98a4316 elementor-widget elementor-widget-text-editor\" data-id=\"98a4316\" data-element_type=\"widget\" data-e-type=\"widget\" data-widget_type=\"text-editor.default\">\n\t\t\t\t<div class=\"elementor-widget-container\">\n\t\t\t\t\t\t\t\t\t<p style=\"text-align: center;\"><span style=\"font-weight: 400;\">Si vous avez des questions, envoyez-nous un courriel \u00e0 <strong>funding@LSF-LST.ca<\/strong>.<\/span><\/p>\t\t\t\t\t\t\t\t<\/div>\n\t\t\t\t<\/div>\n\t\t\t\t<div class=\"elementor-element elementor-element-28deb33 elementor-hidden-desktop elementor-hidden-tablet elementor-hidden-mobile elementor-widget elementor-widget-text-editor\" data-id=\"28deb33\" data-element_type=\"widget\" data-e-type=\"widget\" data-widget_type=\"text-editor.default\">\n\t\t\t\t<div class=\"elementor-widget-container\">\n\t\t\t\t\t\t\t\t\t<p><span style=\"font-weight: 400;\">DATES IMPORTANTES :<\/span><\/p><p>Nous acceptons maintenant les candidatures sur une base continue <b>jusqu&#8217;au printemps 2025<\/b>\u00a0! Les candidats retenus seront inform\u00e9s dans un d\u00e9lai d&#8217;un mois apr\u00e8s leur soumission.<\/p><p><strong><span style=\"font-style: inherit; color: var(--ast-global-color-3); font-family: -apple-system, BlinkMacSystemFont, 'Segoe UI', Roboto, Oxygen-Sans, Ubuntu, Cantarell, 'Helvetica Neue', sans-serif; font-size: 16px;\">Les projets d\u2019action doivent \u00eatre compl\u00e9t\u00e9s d\u2019ici le 30 mai 2025,<\/span><\/strong><span style=\"font-style: inherit; font-weight: inherit; color: var(--ast-global-color-3); font-family: -apple-system, BlinkMacSystemFont, 'Segoe UI', Roboto, Oxygen-Sans, Ubuntu, Cantarell, 'Helvetica Neue', sans-serif; font-size: 16px;\">\u00a0ind\u00e9pendamment de leur date d&#8217;approbation.<\/span><\/p><p>Consultez notre <a href=\"https:\/\/lsf-lst.ca\/fr\/programmes\/financement-de-projets-daction\/\">page sur le financement<\/a> pour les items budg\u00e9taires \u00e9ligibles, la grille de financement, l&#8217;aper\u00e7u des candidatures, etc.<\/p>\t\t\t\t\t\t\t\t<\/div>\n\t\t\t\t<\/div>\n\t\t\t\t<div class=\"elementor-element elementor-element-9b4470e elementor-widget elementor-widget-wpforms\" data-id=\"9b4470e\" data-element_type=\"widget\" data-e-type=\"widget\" data-widget_type=\"wpforms.default\">\n\t\t\t\t<div class=\"elementor-widget-container\">\n\t\t\t\t\t<div class=\"wpforms-container wpforms-container-full wpforms-container-save-resume wpforms-render-modern\" id=\"wpforms-16491\"><div class=\"wpforms-password-locked\" id=\"wpforms-locked-16491\">\n\t\t\t\t\t\t\t<div class=\"form-locked-message\"><p style=\"border: 0px;font-size: 17px;margin: 0px 0px 1.75em;padding: 0px;vertical-align: baseline;background-image: none;background-position: initial;background-size: initial;background-repeat: initial;background-attachment: initial;border-radius: 0px;float: none;height: auto;position: static;width: auto;overflow: visible;box-shadow: none;font-family: Montserrat, sans-serif;color: #4b4f58\" data-start=\"0\" data-end=\"306\"><span style=\"font-weight: bold;background: none;border: 0px none;border-radius: 0px;height: auto;position: static;width: auto;overflow: visible;margin: 0px;padding: 0px;box-shadow: none\">Demandes \u2013 acc\u00e8s avanc\u00e9<\/span><br style=\"background: none;border: 0px none;border-radius: 0px;float: none;height: auto;position: static;width: auto;overflow: visible;margin: 0px;padding: 0px;box-shadow: none\" data-start=\"29\" data-end=\"32\" \/><span style=\"font-weight: bold;background: none;border: 0px none;border-radius: 0px;height: auto;position: static;width: auto;overflow: visible;margin: 0px;padding: 0px;box-shadow: none\">Si vous \u00eates une \u00e9cole du r\u00e9seau\u00a0<span style=\"background: none;border: 0px none;border-radius: 0px;float: none;height: auto;position: static;width: auto;overflow: visible;margin: 0px;padding: 0px;box-shadow: none\" data-start=\"65\" data-end=\"98\" data-is-only-node=\"\">\u00c9coles durables pour l\u2019avenir<\/span>\u00a0de LST, vous \u00eates admissible \u00e0 l\u2019acc\u00e8s anticip\u00e9 !<\/span> Veuillez entrer le mot de passe qui vous a \u00e9t\u00e9 envoy\u00e9 pour poursuivre votre demande, ou communiquer avec <span style=\"background: none;border: 0px none;border-radius: 0px;float: none;height: auto;position: static;width: auto;overflow: visible;margin: 0px;padding: 0px;box-shadow: none\" data-start=\"261\" data-end=\"271\">Soraya<\/span>\u00a0ou\u00a0<span style=\"background: none;border: 0px none;border-radius: 0px;float: none;height: auto;position: static;width: auto;overflow: visible;margin: 0px;padding: 0px;box-shadow: none\" data-start=\"275\" data-end=\"282\">Sam<\/span>\u00a0pour obtenir de l\u2019aide.<\/p>\n<p style=\"border: 0px;font-size: 17px;margin: 0px 0px 1.75em;padding: 0px;vertical-align: baseline;background-image: none;background-position: initial;background-size: initial;background-repeat: initial;background-attachment: initial;border-radius: 0px;float: none;height: auto;position: static;width: auto;overflow: visible;box-shadow: none;font-family: Montserrat, sans-serif;color: #4b4f58\" data-start=\"308\" data-end=\"458\"><span style=\"font-weight: bold;background: none;border: 0px none;border-radius: 0px;height: auto;position: static;width: auto;overflow: visible;margin: 0px;padding: 0px;box-shadow: none\">Demandes g\u00e9n\u00e9rales<\/span><br style=\"background: none;border: 0px none;border-radius: 0px;float: none;height: auto;position: static;width: auto;overflow: visible;margin: 0px;padding: 0px;box-shadow: none\" data-start=\"330\" data-end=\"333\" \/>Les demandes pour le programme de financement\u00a0<span style=\"background: none;border: 0px none;border-radius: 0px;float: none;height: auto;position: static;width: auto;overflow: visible;margin: 0px;padding: 0px;box-shadow: none\" data-start=\"379\" data-end=\"392\" data-is-only-node=\"\">2025-2026<\/span>\u00a0sont actuellement ferm\u00e9es.<span style=\"font-weight: bold;background: none;border: 0px none;border-radius: 0px;height: auto;position: static;width: auto;overflow: visible;margin: 0px;padding: 0px;box-shadow: none\">\u00a0Elles rouvriront au d\u00e9but de\u00a0<span style=\"background: none;border: 0px none;border-radius: 0px;float: none;height: auto;position: static;width: auto;overflow: visible;margin: 0px;padding: 0px;box-shadow: none\" data-start=\"449\" data-end=\"457\">2027<\/span>.<\/span><\/p>\n<p style=\"border: 0px;font-size: 17px;margin: 0px 0px 1.75em;padding: 0px;vertical-align: baseline;background-image: none;background-position: initial;background-size: initial;background-repeat: initial;background-attachment: initial;border-radius: 0px;float: none;height: auto;position: static;width: auto;overflow: visible;box-shadow: none;font-family: Montserrat, sans-serif;color: #4b4f58\" data-start=\"460\" data-end=\"651\" data-is-last-node=\"\" data-is-only-node=\"\">Suivez-nous sur\u00a0<span style=\"background: none;border: 0px none;border-radius: 0px;float: none;height: auto;position: static;width: auto;overflow: visible;margin: 0px;padding: 0px;box-shadow: none;font-weight: bold\" data-start=\"476\" data-end=\"513\"><a style=\"background: none transparent;color: #0170b9;box-shadow: none;border: 0px none;border-radius: 0px;float: none;height: auto;position: static;width: auto;overflow: visible;margin: 0px;padding: 0px\" href=\"https:\/\/bsky.app\/profile\/lsf-lst.bsky.social\">Bluesky<\/a>,\u00a0<a style=\"background: none transparent;color: #0170b9;box-shadow: none;border: 0px none;border-radius: 0px;float: none;height: auto;position: static;width: auto;overflow: visible;margin: 0px;padding: 0px\" href=\"https:\/\/x.com\/lsf_lst?lang=fr\">X<\/a>,\u00a0<a style=\"background: none transparent;color: #0170b9;box-shadow: none;border: 0px none;border-radius: 0px;float: none;height: auto;position: static;width: auto;overflow: visible;margin: 0px;padding: 0px\" href=\"https:\/\/www.facebook.com\/lsf.lst.ca\/\">Facebook<\/a>\u00a0ou\u00a0<a style=\"background: none transparent;color: #0170b9;box-shadow: none;border: 0px none;border-radius: 0px;float: none;height: auto;position: static;width: auto;overflow: visible;margin: 0px;padding: 0px\" href=\"https:\/\/www.instagram.com\/lsf_lst\/\">Instagram<\/a><\/span>, ou inscrivez-vous \u00e0 notre\u00a0<a style=\"background: none transparent;color: #0170b9;box-shadow: none;border: 0px none;border-radius: 0px;float: none;height: auto;position: static;width: auto;overflow: visible;margin: 0px;padding: 0px\" href=\"https:\/\/lsf-lst.ca\/forms\/sign-up\/\"><span style=\"background: none;border: 0px none;border-radius: 0px;float: none;height: auto;position: static;width: auto;overflow: visible;margin: 0px;padding: 0px;box-shadow: none;font-weight: bold\" data-start=\"541\" data-end=\"555\">infolettre<\/span><\/a> afin d\u2019\u00eatre parmi les premi\u00e8res personnes inform\u00e9es des nouvelles possibilit\u00e9s de financement !<\/p>\n<\/div>\n\t\t\t\n\t\t\t<form id=\"wpforms-form-locked-16491\"\n\t\t\t\tclass=\"wpforms-validate wpforms-form\"\n\t\t\t\tdata-formid=\"locked-16491\"\n\t\t\t\tmethod=\"post\"\n\t\t\t\tenctype=\"multipart\/form-data\"\n\t\t\t\taction=\"\/fr\/wp-json\/wp\/v2\/pages\/5582\"\n\t\t\t\taria-invalid=\"true\"\n\t\t\t\taria-errormessage=\"wpforms-form-locked-16491-error\">\n\n\t\t\t\t<div class=\"wpforms-field-container\">\n\t\t\t\t\t<div id=\"wpforms-locked-16491-field_form_locker_password-container\" class=\"wpforms-field wpforms-field-password\" data-field-id=\"form_locker_password\" data-field-type=\"form_locker_password\">\n\t\t\t\t\t\t<label class=\"wpforms-field-label\" for=\"wpforms-locked-16491-field_form_locker_password\">\n\t\t\t\t\t\t\tPassword\t\t\t\t\t\t\t<span class=\"wpforms-required-label\">*<\/span>\n\t\t\t\t\t\t<\/label>\n\t\t\t\t\t\t<input type=\"password\" id=\"wpforms-locked-16491-field_form_locker_password\" class=\"wpforms-field-medium wpforms-field-required \" name=\"wpforms[form_locker_password]\" required>\n\t\t\t\t\t\t\t\t\t\t\t<\/div>\n\t\t\t\t<\/div>\n\n\t\t\t\t<input type=\"hidden\" name=\"wpforms[form_locker_form_id]\" value=\"16491\">\n\n\t\t\t\t<div class=\"wpforms-submit-container\">\n\t\t\t\t\t<button type=\"submit\" name=\"wpforms[submit]\" class=\"wpforms-submit\" id=\"wpforms-submit-locked-16491\" value=\"wpforms-submit\" data-alt-text=\"Sending...\">\n\t\t\t\t\t\tSubmit\t\t\t\t\t<\/button>\n\t\t\t\t<\/div>\n\n\t\t\t<\/form>\n\t\t<\/div><\/div>  <!-- .wpforms-container -->\n<div class=\"wpforms-save-resume-confirmation\" id=\"wpforms-save-resume-confirmation-16491\" style=\"display: none\">\n\n\t\n\t<div class=\"message\">\n\t\t<p>Votre formulaire a \u00e9t\u00e9 enregistr\u00e9 et un lien unique a \u00e9t\u00e9 cr\u00e9\u00e9 auquel vous pouvez acc\u00e9der pour reprendre ce formulaire.<\/p>\n<p>Entrez votre adresse e-mail pour recevoir le lien par e-mail. Vous pouvez \u00e9galement copier et enregistrer le lien ci-dessous. Nous vous recommandons de faire les deux !<\/p>\n<p>Veuillez noter que ce lien ne doit pas \u00eatre partag\u00e9 et qu'il expirera dans 30 jours, apr\u00e8s quoi votre formulaire sera supprim\u00e9.<\/p>\n\t<\/div>\n\n\t<div class=\"wpforms-save-resume-actions\">\n\t\t\t\t\t<div class=\"wpforms-field\">\n\t\t\t\t<label class=\"wpforms-field-label wpforms-save-resume-label\">\n\t\t\t\t\tCopy Link\t\t\t\t<\/label>\n\t\t\t\t<div class=\"wpforms-save-resume-shortcode-container\">\n\t\t\t\t\t<input type=\"text\" class=\"wpforms-save-resume-shortcode\" value=\"\" disabled \/>\n\t\t\t\t\t<span class=\"wpforms-save-resume-shortcode-copy\" title=\"Copy resume link to clipboard\">\n\t\t\t\t\t\t\t<span class=\"copy-icon\"><\/span>\n\t\t\t\t\t\t<\/span>\n\t\t\t\t<\/div>\n\t\t\t<\/div>\n\t\t\n\t\t\t\t\t<form class=\"wpforms-validate wpforms-form wpforms-save-resume-email-notification\" method=\"post\" action=\"\/fr\/wp-json\/wp\/v2\/pages\/5582\" data-token=\"fd9ea9de687eaa64ecf8da364e8f6b75\">\n\t\t\t\t<div class=\"wpforms-field wpforms-field-email\">\n\t\t\t\t\t<label class=\"wpforms-field-label wpforms-save-resume-label\">\n\t\t\t\t\t\tEmail\t\t\t\t\t\t<span class=\"wpforms-required-label\">*<\/span>\n\t\t\t\t\t<\/label>\n\t\t\t\t\t<input type=\"email\" name=\"wpforms[save_resume_email]\" required>\n\t\t\t\t<\/div>\n\t\t\t\t<div class=\"wpforms-submit-container\">\n\t\t\t\t\t<input type=\"hidden\" id=\"_wpnonce\" name=\"_wpnonce\" value=\"9b70ec79b2\" \/><input type=\"hidden\" name=\"_wp_http_referer\" value=\"\/fr\/wp-json\/wp\/v2\/pages\/5582\" \/>\t\t\t\t\t<input type=\"hidden\" name=\"wpforms[form_id]\" value=\"16491\">\n\t\t\t\t\t<input type=\"hidden\" name=\"wpforms[entry_id]\" class=\"wpforms-save-resume-entry-id\" value=\"\">\n\t\t\t\t\t<button type=\"submit\" name=\"wpforms[save-resume]\" class=\"wpforms-submit\" value=\"wpforms-submit\" disabled>\n\t\t\t\t\t\tSend Link\t\t\t\t\t<\/button>\n\t\t\t\t<\/div>\n\t\t\t<\/form>\n\t\t\t<\/div>\n<\/div>\n\t\t\t\t<\/div>\n\t\t\t\t<\/div>\n\t\t\t\t\t<\/div>\n\t\t<\/div>\n\t\t\t\t\t<\/div>\n\t\t<\/section>\n\t\t\t\t<\/div>\n\t\t","protected":false},"excerpt":{"rendered":"<p>Demande de financement de Projets d&#8217;action de LST Nous finan\u00e7ons des projets d&#8217;action sur le changement climatique et la durabilit\u00e9 men\u00e9s par des \u00e9l\u00e8ves jusqu&#8217;\u00e0 500 $ chacun. Si vous avez des questions, envoyez-nous un courriel \u00e0 funding@LSF-LST.ca. DATES IMPORTANTES : Nous acceptons maintenant les candidatures sur une base continue jusqu&#8217;au printemps 2025\u00a0! Les candidats [&hellip;]<\/p>\n","protected":false},"author":1,"featured_media":0,"parent":5580,"menu_order":0,"comment_status":"closed","ping_status":"closed","template":"elementor_header_footer","meta":{"site-sidebar-layout":"no-sidebar","site-content-layout":"page-builder","ast-site-content-layout":"default","site-content-style":"default","site-sidebar-style":"default","ast-global-header-display":"","ast-banner-title-visibility":"","ast-main-header-display":"disabled","ast-hfb-above-header-display":"","ast-hfb-below-header-display":"","ast-hfb-mobile-header-display":"disabled","site-post-title":"disabled","ast-breadcrumbs-content":"disabled","ast-featured-img":"disabled","footer-sml-layout":"disabled","ast-disable-related-posts":"","theme-transparent-header-meta":"default","adv-header-id-meta":"","stick-header-meta":"","header-above-stick-meta":"","header-main-stick-meta":"","header-below-stick-meta":"","astra-migrate-meta-layouts":"default","ast-page-background-enabled":"default","ast-page-background-meta":{"desktop":{"background-color":"","background-image":"","background-repeat":"repeat","background-position":"center center","background-size":"auto","background-attachment":"scroll","background-type":"","background-media":"","overlay-type":"","overlay-color":"","overlay-opacity":"","overlay-gradient":""},"tablet":{"background-color":"","background-image":"","background-repeat":"repeat","background-position":"center center","background-size":"auto","background-attachment":"scroll","background-type":"","background-media":"","overlay-type":"","overlay-color":"","overlay-opacity":"","overlay-gradient":""},"mobile":{"background-color":"","background-image":"","background-repeat":"repeat","background-position":"center center","background-size":"auto","background-attachment":"scroll","background-type":"","background-media":"","overlay-type":"","overlay-color":"","overlay-opacity":"","overlay-gradient":""}},"ast-content-background-meta":{"desktop":{"background-color":"var(--ast-global-color-5)","background-image":"","background-repeat":"repeat","background-position":"center center","background-size":"auto","background-attachment":"scroll","background-type":"","background-media":"","overlay-type":"","overlay-color":"","overlay-opacity":"","overlay-gradient":""},"tablet":{"background-color":"var(--ast-global-color-5)","background-image":"","background-repeat":"repeat","background-position":"center center","background-size":"auto","background-attachment":"scroll","background-type":"","background-media":"","overlay-type":"","overlay-color":"","overlay-opacity":"","overlay-gradient":""},"mobile":{"background-color":"var(--ast-global-color-5)","background-image":"","background-repeat":"repeat","background-position":"center center","background-size":"auto","background-attachment":"scroll","background-type":"","background-media":"","overlay-type":"","overlay-color":"","overlay-opacity":"","overlay-gradient":""}},"footnotes":""},"class_list":["post-5582","page","type-page","status-publish","hentry"],"_links":{"self":[{"href":"https:\/\/lsf-lst.ca\/fr\/wp-json\/wp\/v2\/pages\/5582","targetHints":{"allow":["GET"]}}],"collection":[{"href":"https:\/\/lsf-lst.ca\/fr\/wp-json\/wp\/v2\/pages"}],"about":[{"href":"https:\/\/lsf-lst.ca\/fr\/wp-json\/wp\/v2\/types\/page"}],"author":[{"embeddable":true,"href":"https:\/\/lsf-lst.ca\/fr\/wp-json\/wp\/v2\/users\/1"}],"replies":[{"embeddable":true,"href":"https:\/\/lsf-lst.ca\/fr\/wp-json\/wp\/v2\/comments?post=5582"}],"version-history":[{"count":83,"href":"https:\/\/lsf-lst.ca\/fr\/wp-json\/wp\/v2\/pages\/5582\/revisions"}],"predecessor-version":[{"id":16504,"href":"https:\/\/lsf-lst.ca\/fr\/wp-json\/wp\/v2\/pages\/5582\/revisions\/16504"}],"up":[{"embeddable":true,"href":"https:\/\/lsf-lst.ca\/fr\/wp-json\/wp\/v2\/pages\/5580"}],"wp:attachment":[{"href":"https:\/\/lsf-lst.ca\/fr\/wp-json\/wp\/v2\/media?parent=5582"}],"curies":[{"name":"wp","href":"https:\/\/api.w.org\/{rel}","templated":true}]}}