{"id":5634,"date":"2021-11-11T17:32:57","date_gmt":"2021-11-11T17:32:57","guid":{"rendered":"https:\/\/lsf-lst.ca\/fr\/?page_id=5634"},"modified":"2025-06-18T18:33:07","modified_gmt":"2025-06-18T18:33:07","slug":"sondage-2019","status":"publish","type":"page","link":"https:\/\/lsf-lst.ca\/fr\/recherche-et-politique\/sondage-2022\/sondage-2019\/","title":{"rendered":"Le sondage 2019: Canada, changements climatiques et \u00e9ducation"},"content":{"rendered":"\t\t<div data-elementor-type=\"wp-page\" data-elementor-id=\"5634\" class=\"elementor elementor-5634\" data-elementor-post-type=\"page\">\n\t\t\t\t\t\t<section class=\"has_eae_slider elementor-section elementor-top-section elementor-element elementor-element-95594ea elementor-section-items-bottom elementor-section-height-min-height elementor-section-boxed elementor-section-height-default\" data-eae-slider=\"26993\" data-id=\"95594ea\" data-element_type=\"section\" data-e-type=\"section\" data-settings=\"{&quot;background_background&quot;:&quot;classic&quot;}\">\n\t\t\t\t\t\t\t<div class=\"elementor-background-overlay\"><\/div>\n\t\t\t\t\t\t\t<div class=\"elementor-container elementor-column-gap-default\">\n\t\t\t\t\t<div class=\"has_eae_slider elementor-column elementor-col-100 elementor-top-column elementor-element elementor-element-2b990a5\" data-eae-slider=\"36334\" data-id=\"2b990a5\" data-element_type=\"column\" data-e-type=\"column\">\n\t\t\t<div class=\"elementor-widget-wrap elementor-element-populated\">\n\t\t\t\t\t\t<div class=\"elementor-element elementor-element-5d50876 elementor-widget elementor-widget-spacer\" data-id=\"5d50876\" data-element_type=\"widget\" data-e-type=\"widget\" data-widget_type=\"spacer.default\">\n\t\t\t\t<div class=\"elementor-widget-container\">\n\t\t\t\t\t\t\t<div class=\"elementor-spacer\">\n\t\t\t<div class=\"elementor-spacer-inner\"><\/div>\n\t\t<\/div>\n\t\t\t\t\t\t<\/div>\n\t\t\t\t<\/div>\n\t\t\t\t\t<\/div>\n\t\t<\/div>\n\t\t\t\t\t<\/div>\n\t\t<\/section>\n\t\t\t\t<section class=\"has_eae_slider elementor-section elementor-top-section elementor-element elementor-element-31d9bf4c elementor-section-boxed elementor-section-height-default elementor-section-height-default\" data-eae-slider=\"52188\" data-id=\"31d9bf4c\" data-element_type=\"section\" data-e-type=\"section\" data-settings=\"{&quot;background_background&quot;:&quot;classic&quot;}\">\n\t\t\t\t\t\t\t<div class=\"elementor-background-overlay\"><\/div>\n\t\t\t\t\t\t\t<div class=\"elementor-container elementor-column-gap-default\">\n\t\t\t\t\t<div class=\"has_eae_slider elementor-column elementor-col-100 elementor-top-column elementor-element elementor-element-742c5e82\" data-eae-slider=\"50509\" data-id=\"742c5e82\" data-element_type=\"column\" data-e-type=\"column\">\n\t\t\t<div class=\"elementor-widget-wrap elementor-element-populated\">\n\t\t\t\t\t\t<div class=\"elementor-element elementor-element-3a2754dc elementor-widget elementor-widget-heading\" data-id=\"3a2754dc\" data-element_type=\"widget\" data-e-type=\"widget\" data-widget_type=\"heading.default\">\n\t\t\t\t<div class=\"elementor-widget-container\">\n\t\t\t\t\t<h2 class=\"elementor-heading-title elementor-size-default\">Le sondage Canada, changements climatiques et \u00e9ducation <\/h2>\t\t\t\t<\/div>\n\t\t\t\t<\/div>\n\t\t\t\t<div class=\"elementor-element elementor-element-2ede9e97 elementor-widget elementor-widget-text-editor\" data-id=\"2ede9e97\" data-element_type=\"widget\" data-e-type=\"widget\" data-widget_type=\"text-editor.default\">\n\t\t\t\t<div class=\"elementor-widget-container\">\n\t\t\t\t\t\t\t\t\tPossibilit\u00e9s en mati\u00e8re du syst\u00e8me d\u2019\u00e9ducation formel et de l\u2019\u00e9ducation du public\t\t\t\t\t\t\t\t<\/div>\n\t\t\t\t<\/div>\n\t\t\t\t<div class=\"elementor-element elementor-element-6709e025 elementor-widget elementor-widget-spacer\" data-id=\"6709e025\" data-element_type=\"widget\" data-e-type=\"widget\" data-widget_type=\"spacer.default\">\n\t\t\t\t<div class=\"elementor-widget-container\">\n\t\t\t\t\t\t\t<div class=\"elementor-spacer\">\n\t\t\t<div class=\"elementor-spacer-inner\"><\/div>\n\t\t<\/div>\n\t\t\t\t\t\t<\/div>\n\t\t\t\t<\/div>\n\t\t\t\t\t<\/div>\n\t\t<\/div>\n\t\t\t\t\t<\/div>\n\t\t<\/section>\n\t\t\t\t<section class=\"has_eae_slider elementor-section elementor-top-section elementor-element elementor-element-3abefb41 elementor-hidden-phone elementor-section-boxed elementor-section-height-default elementor-section-height-default\" data-eae-slider=\"67052\" data-id=\"3abefb41\" data-element_type=\"section\" data-e-type=\"section\">\n\t\t\t\t\t\t<div class=\"elementor-container elementor-column-gap-default\">\n\t\t\t\t\t<div class=\"has_eae_slider elementor-column elementor-col-100 elementor-top-column elementor-element elementor-element-58fc6ee7\" data-eae-slider=\"15632\" data-id=\"58fc6ee7\" data-element_type=\"column\" data-e-type=\"column\">\n\t\t\t<div class=\"elementor-widget-wrap elementor-element-populated\">\n\t\t\t\t\t\t<div class=\"elementor-element elementor-element-103987d5 elementor-widget elementor-widget-wp-widget-bcn_widget\" data-id=\"103987d5\" data-element_type=\"widget\" data-e-type=\"widget\" data-widget_type=\"wp-widget-bcn_widget.default\">\n\t\t\t\t<div class=\"elementor-widget-container\">\n\t\t\t\t\t<div class=\"breadcrumbs\" vocab=\"https:\/\/schema.org\/\" typeof=\"BreadcrumbList\"><\/div>\t\t\t\t<\/div>\n\t\t\t\t<\/div>\n\t\t\t\t\t<\/div>\n\t\t<\/div>\n\t\t\t\t\t<\/div>\n\t\t<\/section>\n\t\t\t\t<section class=\"has_eae_slider elementor-section elementor-top-section elementor-element elementor-element-635c7752 elementor-section-boxed elementor-section-height-default elementor-section-height-default\" data-eae-slider=\"49495\" data-id=\"635c7752\" data-element_type=\"section\" data-e-type=\"section\">\n\t\t\t\t\t\t<div class=\"elementor-container elementor-column-gap-default\">\n\t\t\t\t\t<div class=\"has_eae_slider elementor-column elementor-col-50 elementor-top-column elementor-element elementor-element-5a89ef77\" data-eae-slider=\"75372\" data-id=\"5a89ef77\" data-element_type=\"column\" data-e-type=\"column\">\n\t\t\t<div class=\"elementor-widget-wrap elementor-element-populated\">\n\t\t\t\t\t\t<div class=\"elementor-element elementor-element-153fc06a elementor-widget-divider--view-line elementor-widget elementor-widget-divider\" data-id=\"153fc06a\" data-element_type=\"widget\" data-e-type=\"widget\" data-widget_type=\"divider.default\">\n\t\t\t\t<div class=\"elementor-widget-container\">\n\t\t\t\t\t\t\t<div class=\"elementor-divider\">\n\t\t\t<span class=\"elementor-divider-separator\">\n\t\t\t\t\t\t<\/span>\n\t\t<\/div>\n\t\t\t\t\t\t<\/div>\n\t\t\t\t<\/div>\n\t\t\t\t<div class=\"elementor-element elementor-element-2a9ae1ae elementor-widget elementor-widget-heading\" data-id=\"2a9ae1ae\" data-element_type=\"widget\" data-e-type=\"widget\" data-widget_type=\"heading.default\">\n\t\t\t\t<div class=\"elementor-widget-container\">\n\t\t\t\t\t<h2 class=\"elementor-heading-title elementor-size-default\">\u00c0 propos du sondage de 2019<\/h2>\t\t\t\t<\/div>\n\t\t\t\t<\/div>\n\t\t\t\t<div class=\"elementor-element elementor-element-196d2d02 elementor-widget elementor-widget-spacer\" data-id=\"196d2d02\" data-element_type=\"widget\" data-e-type=\"widget\" data-widget_type=\"spacer.default\">\n\t\t\t\t<div class=\"elementor-widget-container\">\n\t\t\t\t\t\t\t<div class=\"elementor-spacer\">\n\t\t\t<div class=\"elementor-spacer-inner\"><\/div>\n\t\t<\/div>\n\t\t\t\t\t\t<\/div>\n\t\t\t\t<\/div>\n\t\t\t\t<div class=\"elementor-element elementor-element-5363292 elementor-widget elementor-widget-text-editor\" data-id=\"5363292\" data-element_type=\"widget\" data-e-type=\"widget\" data-widget_type=\"text-editor.default\">\n\t\t\t\t<div class=\"elementor-widget-container\">\n\t\t\t\t\t\t\t\t\t<p>Ce sondage a \u00e9t\u00e9 r\u00e9alis\u00e9 en 2019 par le Dr Ellen Field de l&#8217;Universit\u00e9 Lakehead, L&#8217;\u00e9ducation au service de la Terre et L\u00e9ger, avec le financement du Conseil de recherches en sciences humaines du Canada.<\/p><p>Cette \u00e9tude d\u2019envergure nationale, effectu\u00e9e aupr\u00e8s de 3 196 Canadiens et intitul\u00e9e \u00ab Canada, changements climatiques et \u00e9ducation : Possibilit\u00e9s en mati\u00e8re du syst\u00e8me d\u2019\u00e9ducation formel et de l\u2019\u00e9ducation du public \u00bb, \u00e9tablit des points de r\u00e9f\u00e9rence et fournit le premier aper\u00e7u d\u00e9taill\u00e9 des pratiques didactiques sur le changement climatique au Canada. Les r\u00e9sultats sont pr\u00e9sent\u00e9s tant pour l\u2019ensemble du pays que pour les comp\u00e9tences provinciales et r\u00e9gionales.<\/p><p>Ce sondage donne une id\u00e9e g\u00e9n\u00e9rale du niveau de compr\u00e9hension des Canadiens \u00e0 l\u2019\u00e9gard des changements climatiques. Il r\u00e9v\u00e8le que ceux-ci sont profond\u00e9ment inquiets de ces changements et qu\u2019ils d\u00e9sirent obtenir plus de renseignements \u00e0 ce sujet, tant dans les \u00e9coles qu\u2019ailleurs. Selon le sondage, les \u00e9coles et le curriculum ne r\u00e9pondent pas aux attentes des Canadiens au sujet de l\u2019\u00e9ducation au changement climatique.<\/p><ul><li><a href=\"\/wp-content\/uploads\/2021\/08\/French_Executive_Summary_2019.pdf\">Lire le sommaire ex\u00e9cutif<\/a><\/li><li><a style=\"font-size: 16px; background-color: #ffffff;\" href=\"http:\/\/lsf-lst.ca\/media\/National_Report\/National_Climate_Change_Education_FINAL.pdf\">Lire le rapport national <\/a><span style=\"font-size: 16px;\">(en anglais seulement)<\/span><\/li><li><a href=\"https:\/\/www.youtube.com\/watch?v=AbuaU6IYV2I&amp;ab_channel=LSFLST\">Voir l&#8217;enregistrement<\/a> (en anglais seulement)<\/li><\/ul>\t\t\t\t\t\t\t\t<\/div>\n\t\t\t\t<\/div>\n\t\t\t\t<div class=\"elementor-element elementor-element-f3af41a elementor-widget elementor-widget-spacer\" data-id=\"f3af41a\" data-element_type=\"widget\" data-e-type=\"widget\" data-widget_type=\"spacer.default\">\n\t\t\t\t<div class=\"elementor-widget-container\">\n\t\t\t\t\t\t\t<div class=\"elementor-spacer\">\n\t\t\t<div class=\"elementor-spacer-inner\"><\/div>\n\t\t<\/div>\n\t\t\t\t\t\t<\/div>\n\t\t\t\t<\/div>\n\t\t\t\t<div class=\"elementor-element elementor-element-6a0dc05 elementor-widget elementor-widget-heading\" data-id=\"6a0dc05\" data-element_type=\"widget\" data-e-type=\"widget\" data-widget_type=\"heading.default\">\n\t\t\t\t<div class=\"elementor-widget-container\">\n\t\t\t\t\t<h2 class=\"elementor-heading-title elementor-size-default\">Lire les rapports r\u00e9gionaux (en anglais seulement):<\/h2>\t\t\t\t<\/div>\n\t\t\t\t<\/div>\n\t\t\t\t<div class=\"elementor-element elementor-element-fd7a333 elementor-widget elementor-widget-text-editor\" data-id=\"fd7a333\" data-element_type=\"widget\" data-e-type=\"widget\" data-widget_type=\"text-editor.default\">\n\t\t\t\t<div class=\"elementor-widget-container\">\n\t\t\t\t\t\t\t\t\t<ul><li><a href=\"https:\/\/staging.lsf-lst.ca\/wp-content\/uploads\/2021\/08\/ATL_Executive_Summary_Slides_Climate_Change_Survey_2019.pdf\" target=\"_blank\" rel=\"noopener\">Provinces atlantiques<\/a><\/li><li><a href=\"https:\/\/staging.lsf-lst.ca\/wp-content\/uploads\/2021\/08\/ON_Executive_Summary_Slides.pdf\" target=\"_blank\" rel=\"noopener\">Ontario<\/a><\/li><li><a href=\"https:\/\/staging.lsf-lst.ca\/wp-content\/uploads\/2021\/08\/MB_Executive_Summary_Slides.pdf\" target=\"_blank\" rel=\"noopener\"> Manitoba<\/a><\/li><li><a href=\"https:\/\/staging.lsf-lst.ca\/wp-content\/uploads\/2021\/08\/Alberta_Executive-Summary.pdf\" target=\"_blank\" rel=\"noopener\">Alberta<\/a><\/li><li><a href=\"https:\/\/staging.lsf-lst.ca\/wp-content\/uploads\/2021\/08\/BC_Executive_Summary_Slides_s.pdf\" target=\"_blank\" rel=\"noopener\">Colombie-Britannique<\/a><\/li><\/ul>\t\t\t\t\t\t\t\t<\/div>\n\t\t\t\t<\/div>\n\t\t\t\t<div class=\"elementor-element elementor-element-5901981 elementor-widget elementor-widget-spacer\" data-id=\"5901981\" data-element_type=\"widget\" data-e-type=\"widget\" data-widget_type=\"spacer.default\">\n\t\t\t\t<div class=\"elementor-widget-container\">\n\t\t\t\t\t\t\t<div class=\"elementor-spacer\">\n\t\t\t<div class=\"elementor-spacer-inner\"><\/div>\n\t\t<\/div>\n\t\t\t\t\t\t<\/div>\n\t\t\t\t<\/div>\n\t\t\t\t<div class=\"elementor-element elementor-element-0ab8314 elementor-widget elementor-widget-spacer\" data-id=\"0ab8314\" data-element_type=\"widget\" data-e-type=\"widget\" data-widget_type=\"spacer.default\">\n\t\t\t\t<div class=\"elementor-widget-container\">\n\t\t\t\t\t\t\t<div class=\"elementor-spacer\">\n\t\t\t<div class=\"elementor-spacer-inner\"><\/div>\n\t\t<\/div>\n\t\t\t\t\t\t<\/div>\n\t\t\t\t<\/div>\n\t\t\t\t<div class=\"elementor-element elementor-element-c10ce65 elementor-widget elementor-widget-spacer\" data-id=\"c10ce65\" data-element_type=\"widget\" data-e-type=\"widget\" data-widget_type=\"spacer.default\">\n\t\t\t\t<div class=\"elementor-widget-container\">\n\t\t\t\t\t\t\t<div class=\"elementor-spacer\">\n\t\t\t<div class=\"elementor-spacer-inner\"><\/div>\n\t\t<\/div>\n\t\t\t\t\t\t<\/div>\n\t\t\t\t<\/div>\n\t\t\t\t\t<\/div>\n\t\t<\/div>\n\t\t\t\t<div class=\"has_eae_slider elementor-column elementor-col-50 elementor-top-column elementor-element elementor-element-2afc8644\" data-eae-slider=\"81383\" data-id=\"2afc8644\" data-element_type=\"column\" data-e-type=\"column\">\n\t\t\t<div class=\"elementor-widget-wrap elementor-element-populated\">\n\t\t\t\t\t\t<div class=\"elementor-element elementor-element-d711bd1 elementor-align-center elementor-widget elementor-widget-button\" data-id=\"d711bd1\" data-element_type=\"widget\" data-e-type=\"widget\" data-widget_type=\"button.default\">\n\t\t\t\t<div class=\"elementor-widget-container\">\n\t\t\t\t\t\t\t\t\t<div class=\"elementor-button-wrapper\">\n\t\t\t\t\t<a class=\"elementor-button elementor-button-link elementor-size-sm\" href=\"https:\/\/lsf-lst.ca\/fr\/recherche-et-politique\/sondage\/\">\n\t\t\t\t\t\t<span class=\"elementor-button-content-wrapper\">\n\t\t\t\t\t\t\t\t\t<span class=\"elementor-button-text\">CONSULTEZ LE SONDAGE DE 2022<\/span>\n\t\t\t\t\t<\/span>\n\t\t\t\t\t<\/a>\n\t\t\t\t<\/div>\n\t\t\t\t\t\t\t\t<\/div>\n\t\t\t\t<\/div>\n\t\t\t\t<div class=\"elementor-element elementor-element-d1362b8 elementor-widget elementor-widget-image\" data-id=\"d1362b8\" data-element_type=\"widget\" data-e-type=\"widget\" data-widget_type=\"image.default\">\n\t\t\t\t<div class=\"elementor-widget-container\">\n\t\t\t\t\t\t\t\t\t\t\t\t\t\t\t\t<a href=\"https:\/\/lsf-lst.ca\/fr\/wp-content\/uploads\/2021\/11\/French-Executive-Summary-Climate-Change-Survey-2019-WEB.pdf\" target=\"_blank\">\n\t\t\t\t\t\t\t<img fetchpriority=\"high\" decoding=\"async\" width=\"721\" height=\"406\" src=\"https:\/\/lsf-lst.ca\/fr\/wp-content\/uploads\/2021\/11\/fr-exec-summary.jpg\" class=\"attachment-large size-large wp-image-5627\" alt=\"\" srcset=\"https:\/\/lsf-lst.ca\/fr\/wp-content\/uploads\/2021\/11\/fr-exec-summary.jpg 721w, https:\/\/lsf-lst.ca\/fr\/wp-content\/uploads\/2021\/11\/fr-exec-summary-300x169.jpg 300w\" sizes=\"(max-width: 721px) 100vw, 721px\" \/>\t\t\t\t\t\t\t\t<\/a>\n\t\t\t\t\t\t\t\t\t\t\t\t\t\t\t<\/div>\n\t\t\t\t<\/div>\n\t\t\t\t<div class=\"elementor-element elementor-element-576bcc82 elementor-widget elementor-widget-heading\" data-id=\"576bcc82\" data-element_type=\"widget\" data-e-type=\"widget\" data-widget_type=\"heading.default\">\n\t\t\t\t<div class=\"elementor-widget-container\">\n\t\t\t\t\t<h2 class=\"elementor-heading-title elementor-size-default\">Plus d' Information<\/h2>\t\t\t\t<\/div>\n\t\t\t\t<\/div>\n\t\t\t\t<div class=\"elementor-element elementor-element-cb18960 elementor-widget elementor-widget-text-editor\" data-id=\"cb18960\" data-element_type=\"widget\" data-e-type=\"widget\" data-widget_type=\"text-editor.default\">\n\t\t\t\t<div class=\"elementor-widget-container\">\n\t\t\t\t\t\t\t\t\tM\u00e9dias\t\t\t\t\t\t\t\t<\/div>\n\t\t\t\t<\/div>\n\t\t\t\t<div class=\"elementor-element elementor-element-cd2085a elementor-widget elementor-widget-spacer\" data-id=\"cd2085a\" data-element_type=\"widget\" data-e-type=\"widget\" data-widget_type=\"spacer.default\">\n\t\t\t\t<div class=\"elementor-widget-container\">\n\t\t\t\t\t\t\t<div class=\"elementor-spacer\">\n\t\t\t<div class=\"elementor-spacer-inner\"><\/div>\n\t\t<\/div>\n\t\t\t\t\t\t<\/div>\n\t\t\t\t<\/div>\n\t\t\t\t<div class=\"elementor-element elementor-element-f3139a4 elementor-widget elementor-widget-text-editor\" data-id=\"f3139a4\" data-element_type=\"widget\" data-e-type=\"widget\" data-widget_type=\"text-editor.default\">\n\t\t\t\t<div class=\"elementor-widget-container\">\n\t\t\t\t\t\t\t\t\t<ul>\n \t<li dir=\"ltr\">Global News &#8211;\u00a0<a href=\"https:\/\/globalnews.ca\/news\/6160199\/canada-climate-change-education-study\/\">Majority of Canadians believe climate change education falling short of expectations: study<\/a><\/li>\n \t<li dir=\"ltr\">Education Canada &#8211;\u00a0<a href=\"https:\/\/www.edcan.ca\/articles\/climate-change-education-canada\/?utm_source=hootsuite&amp;utm_medium=&amp;utm_term=&amp;utm_content=&amp;utm_campaign=\">Climate Change Education in the Canadian Classroom: Perspectives, teaching practice, and possibilities\u00a0<\/a><\/li>\n<\/ul>\t\t\t\t\t\t\t\t<\/div>\n\t\t\t\t<\/div>\n\t\t\t\t<div class=\"elementor-element elementor-element-4ae198d elementor-widget elementor-widget-text-editor\" data-id=\"4ae198d\" data-element_type=\"widget\" data-e-type=\"widget\" data-widget_type=\"text-editor.default\">\n\t\t\t\t<div class=\"elementor-widget-container\">\n\t\t\t\t\t\t\t\t\tSi vous avez des questions sur l&#8217;enqu\u00eate, veuillez contacter:\t\t\t\t\t\t\t\t<\/div>\n\t\t\t\t<\/div>\n\t\t\t\t<div class=\"elementor-element elementor-element-558b5a8f elementor-widget elementor-widget-spacer\" data-id=\"558b5a8f\" data-element_type=\"widget\" data-e-type=\"widget\" data-widget_type=\"spacer.default\">\n\t\t\t\t<div class=\"elementor-widget-container\">\n\t\t\t\t\t\t\t<div class=\"elementor-spacer\">\n\t\t\t<div class=\"elementor-spacer-inner\"><\/div>\n\t\t<\/div>\n\t\t\t\t\t\t<\/div>\n\t\t\t\t<\/div>\n\t\t\t\t<div class=\"elementor-element elementor-element-1483f3c6 elementor-widget elementor-widget-text-editor\" data-id=\"1483f3c6\" data-element_type=\"widget\" data-e-type=\"widget\" data-widget_type=\"text-editor.default\">\n\t\t\t\t<div class=\"elementor-widget-container\">\n\t\t\t\t\t\t\t\t\t<p><strong>Pamela Schwartzberg<\/strong><br \/>Pr\u00e9sidente et chef de la direction<br \/>L\u2019\u00e9ducation au service de la Terre\u00a0<br \/><a href=\"mailto:efield@lakeheadu.ca\">cc-survey@LSF-LST.ca<br \/><\/a>1-877-250-8202\u00a0<\/p><p><strong>Ellen Field<\/strong><br \/>Boursi\u00e8re postdoctorale du CRSH et professeure contractuelle &amp; Contract Faculty<br \/>Facult\u00e9 d\u2019\u00e9ducation<br \/>Universit\u00e9 Lakehead<br \/><a href=\"mailto:efield@lakeheadu.ca\">efield@lakeheadu.ca<\/a><\/p><p><strong>Paul Berger<\/strong><br \/>Chaire, \u00c9tudes et recherches de deuxi\u00e8me cycle en \u00e9ducation<br \/>Facult\u00e9 d\u2019\u00e9ducation<br \/>Universit\u00e9 Lakehead<br \/><a href=\"mailto:paul.berger@lakeheadu.ca\">paul.berger@lakeheadu.ca<\/a><\/p>\t\t\t\t\t\t\t\t<\/div>\n\t\t\t\t<\/div>\n\t\t\t\t<div class=\"elementor-element elementor-element-54da80f6 elementor-widget elementor-widget-spacer\" data-id=\"54da80f6\" data-element_type=\"widget\" data-e-type=\"widget\" data-widget_type=\"spacer.default\">\n\t\t\t\t<div class=\"elementor-widget-container\">\n\t\t\t\t\t\t\t<div class=\"elementor-spacer\">\n\t\t\t<div class=\"elementor-spacer-inner\"><\/div>\n\t\t<\/div>\n\t\t\t\t\t\t<\/div>\n\t\t\t\t<\/div>\n\t\t\t\t\t<\/div>\n\t\t<\/div>\n\t\t\t\t\t<\/div>\n\t\t<\/section>\n\t\t\t\t<\/div>\n\t\t","protected":false},"excerpt":{"rendered":"<p>Le sondage Canada, changements climatiques et \u00e9ducation Possibilit\u00e9s en mati\u00e8re du syst\u00e8me d\u2019\u00e9ducation formel et de l\u2019\u00e9ducation du public \u00c0 propos du sondage de 2019 Ce sondage a \u00e9t\u00e9 r\u00e9alis\u00e9 en 2019 par le Dr Ellen Field de l&#8217;Universit\u00e9 Lakehead, L&#8217;\u00e9ducation au service de la Terre et L\u00e9ger, avec le financement du Conseil de recherches [&hellip;]<\/p>\n","protected":false},"author":1,"featured_media":0,"parent":1588,"menu_order":0,"comment_status":"closed","ping_status":"closed","template":"elementor_header_footer","meta":{"site-sidebar-layout":"no-sidebar","site-content-layout":"page-builder","ast-site-content-layout":"default","site-content-style":"default","site-sidebar-style":"default","ast-global-header-display":"","ast-banner-title-visibility":"","ast-main-header-display":"disabled","ast-hfb-above-header-display":"","ast-hfb-below-header-display":"","ast-hfb-mobile-header-display":"disabled","site-post-title":"disabled","ast-breadcrumbs-content":"disabled","ast-featured-img":"disabled","footer-sml-layout":"disabled","ast-disable-related-posts":"","theme-transparent-header-meta":"default","adv-header-id-meta":"","stick-header-meta":"","header-above-stick-meta":"","header-main-stick-meta":"","header-below-stick-meta":"","astra-migrate-meta-layouts":"default","ast-page-background-enabled":"default","ast-page-background-meta":{"desktop":{"background-color":"","background-image":"","background-repeat":"repeat","background-position":"center center","background-size":"auto","background-attachment":"scroll","background-type":"","background-media":"","overlay-type":"","overlay-color":"","overlay-opacity":"","overlay-gradient":""},"tablet":{"background-color":"","background-image":"","background-repeat":"repeat","background-position":"center center","background-size":"auto","background-attachment":"scroll","background-type":"","background-media":"","overlay-type":"","overlay-color":"","overlay-opacity":"","overlay-gradient":""},"mobile":{"background-color":"","background-image":"","background-repeat":"repeat","background-position":"center center","background-size":"auto","background-attachment":"scroll","background-type":"","background-media":"","overlay-type":"","overlay-color":"","overlay-opacity":"","overlay-gradient":""}},"ast-content-background-meta":{"desktop":{"background-color":"var(--ast-global-color-5)","background-image":"","background-repeat":"repeat","background-position":"center center","background-size":"auto","background-attachment":"scroll","background-type":"","background-media":"","overlay-type":"","overlay-color":"","overlay-opacity":"","overlay-gradient":""},"tablet":{"background-color":"var(--ast-global-color-5)","background-image":"","background-repeat":"repeat","background-position":"center center","background-size":"auto","background-attachment":"scroll","background-type":"","background-media":"","overlay-type":"","overlay-color":"","overlay-opacity":"","overlay-gradient":""},"mobile":{"background-color":"var(--ast-global-color-5)","background-image":"","background-repeat":"repeat","background-position":"center center","background-size":"auto","background-attachment":"scroll","background-type":"","background-media":"","overlay-type":"","overlay-color":"","overlay-opacity":"","overlay-gradient":""}},"footnotes":""},"class_list":["post-5634","page","type-page","status-publish","hentry"],"_links":{"self":[{"href":"https:\/\/lsf-lst.ca\/fr\/wp-json\/wp\/v2\/pages\/5634","targetHints":{"allow":["GET"]}}],"collection":[{"href":"https:\/\/lsf-lst.ca\/fr\/wp-json\/wp\/v2\/pages"}],"about":[{"href":"https:\/\/lsf-lst.ca\/fr\/wp-json\/wp\/v2\/types\/page"}],"author":[{"embeddable":true,"href":"https:\/\/lsf-lst.ca\/fr\/wp-json\/wp\/v2\/users\/1"}],"replies":[{"embeddable":true,"href":"https:\/\/lsf-lst.ca\/fr\/wp-json\/wp\/v2\/comments?post=5634"}],"version-history":[{"count":25,"href":"https:\/\/lsf-lst.ca\/fr\/wp-json\/wp\/v2\/pages\/5634\/revisions"}],"predecessor-version":[{"id":15919,"href":"https:\/\/lsf-lst.ca\/fr\/wp-json\/wp\/v2\/pages\/5634\/revisions\/15919"}],"up":[{"embeddable":true,"href":"https:\/\/lsf-lst.ca\/fr\/wp-json\/wp\/v2\/pages\/1588"}],"wp:attachment":[{"href":"https:\/\/lsf-lst.ca\/fr\/wp-json\/wp\/v2\/media?parent=5634"}],"curies":[{"name":"wp","href":"https:\/\/api.w.org\/{rel}","templated":true}]}}