{"id":968,"date":"2021-08-05T15:57:03","date_gmt":"2021-08-05T15:57:03","guid":{"rendered":"https:\/\/staging.lsf-lst.ca\/?page_id=968"},"modified":"2024-02-14T15:39:38","modified_gmt":"2024-02-14T15:39:38","slug":"un-million-de-bouteilles","status":"publish","type":"page","link":"https:\/\/lsf-lst.ca\/fr\/ressources\/un-million-de-bouteilles\/","title":{"rendered":"Un million de bouteilles"},"content":{"rendered":"\t\t<div data-elementor-type=\"wp-page\" data-elementor-id=\"968\" class=\"elementor elementor-968\" data-elementor-post-type=\"page\">\n\t\t\t\t\t\t<section class=\"has_eae_slider elementor-section elementor-top-section elementor-element elementor-element-95594ea elementor-section-items-bottom elementor-section-height-min-height elementor-section-boxed elementor-section-height-default\" data-eae-slider=\"65727\" data-id=\"95594ea\" data-element_type=\"section\" data-e-type=\"section\" data-settings=\"{&quot;background_background&quot;:&quot;classic&quot;}\">\n\t\t\t\t\t\t\t<div class=\"elementor-background-overlay\"><\/div>\n\t\t\t\t\t\t\t<div class=\"elementor-container elementor-column-gap-default\">\n\t\t\t\t\t<div class=\"has_eae_slider elementor-column elementor-col-100 elementor-top-column elementor-element elementor-element-2b990a5\" data-eae-slider=\"12041\" data-id=\"2b990a5\" data-element_type=\"column\" data-e-type=\"column\">\n\t\t\t<div class=\"elementor-widget-wrap elementor-element-populated\">\n\t\t\t\t\t\t<div class=\"elementor-element elementor-element-5d50876 elementor-widget elementor-widget-spacer\" data-id=\"5d50876\" data-element_type=\"widget\" data-e-type=\"widget\" data-widget_type=\"spacer.default\">\n\t\t\t\t<div class=\"elementor-widget-container\">\n\t\t\t\t\t\t\t<div class=\"elementor-spacer\">\n\t\t\t<div class=\"elementor-spacer-inner\"><\/div>\n\t\t<\/div>\n\t\t\t\t\t\t<\/div>\n\t\t\t\t<\/div>\n\t\t\t\t\t<\/div>\n\t\t<\/div>\n\t\t\t\t\t<\/div>\n\t\t<\/section>\n\t\t\t\t<section class=\"has_eae_slider elementor-section elementor-top-section elementor-element elementor-element-5642687d elementor-hidden-phone elementor-section-boxed elementor-section-height-default elementor-section-height-default\" data-eae-slider=\"15294\" data-id=\"5642687d\" data-element_type=\"section\" data-e-type=\"section\">\n\t\t\t\t\t\t<div class=\"elementor-container elementor-column-gap-default\">\n\t\t\t\t\t<div class=\"has_eae_slider elementor-column elementor-col-100 elementor-top-column elementor-element elementor-element-43d1785c\" data-eae-slider=\"17969\" data-id=\"43d1785c\" data-element_type=\"column\" data-e-type=\"column\">\n\t\t\t<div class=\"elementor-widget-wrap elementor-element-populated\">\n\t\t\t\t\t\t<div class=\"elementor-element elementor-element-5eb8c86b elementor-widget elementor-widget-wp-widget-bcn_widget\" data-id=\"5eb8c86b\" data-element_type=\"widget\" data-e-type=\"widget\" data-widget_type=\"wp-widget-bcn_widget.default\">\n\t\t\t\t<div class=\"elementor-widget-container\">\n\t\t\t\t\t<div class=\"breadcrumbs\" vocab=\"https:\/\/schema.org\/\" typeof=\"BreadcrumbList\"><\/div>\t\t\t\t<\/div>\n\t\t\t\t<\/div>\n\t\t\t\t\t<\/div>\n\t\t<\/div>\n\t\t\t\t\t<\/div>\n\t\t<\/section>\n\t\t\t\t<section class=\"has_eae_slider elementor-section elementor-top-section elementor-element elementor-element-e358044 elementor-section-boxed elementor-section-height-default elementor-section-height-default\" data-eae-slider=\"67535\" data-id=\"e358044\" data-element_type=\"section\" data-e-type=\"section\">\n\t\t\t\t\t\t<div class=\"elementor-container elementor-column-gap-default\">\n\t\t\t\t\t<div class=\"has_eae_slider elementor-column elementor-col-50 elementor-top-column elementor-element elementor-element-1fc5ac8\" data-eae-slider=\"15131\" data-id=\"1fc5ac8\" data-element_type=\"column\" data-e-type=\"column\">\n\t\t\t<div class=\"elementor-widget-wrap elementor-element-populated\">\n\t\t\t\t\t\t<div class=\"elementor-element elementor-element-fa0ffea elementor-widget-divider--view-line elementor-widget elementor-widget-divider\" data-id=\"fa0ffea\" data-element_type=\"widget\" data-e-type=\"widget\" data-widget_type=\"divider.default\">\n\t\t\t\t<div class=\"elementor-widget-container\">\n\t\t\t\t\t\t\t<div class=\"elementor-divider\">\n\t\t\t<span class=\"elementor-divider-separator\">\n\t\t\t\t\t\t<\/span>\n\t\t<\/div>\n\t\t\t\t\t\t<\/div>\n\t\t\t\t<\/div>\n\t\t\t\t<div class=\"elementor-element elementor-element-987190f elementor-widget elementor-widget-heading\" data-id=\"987190f\" data-element_type=\"widget\" data-e-type=\"widget\" data-widget_type=\"heading.default\">\n\t\t\t\t<div class=\"elementor-widget-container\">\n\t\t\t\t\t<h2 class=\"elementor-heading-title elementor-size-default\">Plastique \u00e0 usage unique - un million de bouteilles chaque minute<\/h2>\t\t\t\t<\/div>\n\t\t\t\t<\/div>\n\t\t\t\t<div class=\"elementor-element elementor-element-adfc079 elementor-widget elementor-widget-spacer\" data-id=\"adfc079\" data-element_type=\"widget\" data-e-type=\"widget\" data-widget_type=\"spacer.default\">\n\t\t\t\t<div class=\"elementor-widget-container\">\n\t\t\t\t\t\t\t<div class=\"elementor-spacer\">\n\t\t\t<div class=\"elementor-spacer-inner\"><\/div>\n\t\t<\/div>\n\t\t\t\t\t\t<\/div>\n\t\t\t\t<\/div>\n\t\t\t\t<div class=\"elementor-element elementor-element-2709008 elementor-widget elementor-widget-text-editor\" data-id=\"2709008\" data-element_type=\"widget\" data-e-type=\"widget\" data-widget_type=\"text-editor.default\">\n\t\t\t\t<div class=\"elementor-widget-container\">\n\t\t\t\t\t\t\t\t\t<p>De nos jours, on retrouve du plastique partout, des voitures aux brosses \u00e0 dents. C\u2019est un mat\u00e9riau \u00e0 la fois tr\u00e8s courant et tr\u00e8s utile. Mais celui-ci a aussi des r\u00e9percussions consid\u00e9rables sur l\u2019environnement. Certaines d\u2019entre elles sont positives : par exemple, les emballages de plastique peuvent prolonger la dur\u00e9e de conservation des aliments et permettre d\u2019\u00e9liminer le gaspillage de nourriture, et il peut contribuer \u00e0 la r\u00e9duction des \u00e9missions attribuables au transport de biens en raison de sa l\u00e9g\u00e8ret\u00e9. Toutefois, ses r\u00e9percussions n\u00e9gatives sur l\u2019environnement et sur la vie des \u00eatres humains et des animaux sont consid\u00e9rables et \u00e0 vaste port\u00e9e.\u00a0 \u00a0\u00a0<\/p><p><br \/>Le plastique est probl\u00e9matique \u00e0 chaque \u00e9tape de son existence, de sa production jusqu\u2019\u00e0 sa disposition. Comme il est fabriqu\u00e9 \u00e0 l\u2019aide de p\u00e9trole, sa production pourrait contribuer \u00e0 l\u2019\u00e9puisement de cette ressource non renouvelable. \u00c9tant donn\u00e9 qu\u2019il ne se d\u00e9compose pas et qu\u2019il n\u2019est souvent pas \u00e9limin\u00e9 correctement, le plastique aboutit souvent dans le sol et les cours d\u2019eau, o\u00f9 il peut nuire aux \u00e9cosyst\u00e8mes, aux animaux et aux \u00eatres humains. Il y a d\u00e9j\u00e0 trop de plastique dans le monde, et ses taux de production ne cessent de grimper. En fait, la quantit\u00e9 de plastique produite a augment\u00e9 de 200 fois depuis 1950 (Selon Our World in Data).\u00a0\u00a0<\/p><p><br \/>Donc, qu\u2019est-ce que les enfants et les parents peuvent faire pour rem\u00e9dier \u00e0 cette situation? Cet atelier est con\u00e7u pour pr\u00e9senter un aper\u00e7u des probl\u00e8mes caus\u00e9s par le plastique pour les enfants et proposer plusieurs activit\u00e9s pratiques et engageantes pour les aider \u00e0 se familiariser avec son impact, son existence r\u00e9pandue et les fa\u00e7ons de faire une diff\u00e9rence. Vous trouverez huit ressources diff\u00e9rentes pour vous aider mettre en \u0153uvre des activit\u00e9s d\u2019apprentissage sur le plastique avec vos enfants.<\/p>\t\t\t\t\t\t\t\t<\/div>\n\t\t\t\t<\/div>\n\t\t\t\t<section class=\"has_eae_slider elementor-section elementor-inner-section elementor-element elementor-element-b909ce4 elementor-section-boxed elementor-section-height-default elementor-section-height-default\" data-eae-slider=\"98164\" data-id=\"b909ce4\" data-element_type=\"section\" data-e-type=\"section\">\n\t\t\t\t\t\t<div class=\"elementor-container elementor-column-gap-default\">\n\t\t\t\t\t<div class=\"has_eae_slider elementor-column elementor-col-50 elementor-inner-column elementor-element elementor-element-43e548d\" data-eae-slider=\"53192\" data-id=\"43e548d\" data-element_type=\"column\" data-e-type=\"column\">\n\t\t\t<div class=\"elementor-widget-wrap elementor-element-populated\">\n\t\t\t\t\t\t<div class=\"elementor-element elementor-element-e678c34 elementor-widget elementor-widget-text-editor\" data-id=\"e678c34\" data-element_type=\"widget\" data-e-type=\"widget\" data-widget_type=\"text-editor.default\">\n\t\t\t\t<div class=\"elementor-widget-container\">\n\t\t\t\t\t\t\t\t\t<em>Cet atelier a \u00e9t\u00e9 con\u00e7u par L\u2019\u00e9ducation au service de la Terre avec le soutien de HP.<\/em>\t\t\t\t\t\t\t\t<\/div>\n\t\t\t\t<\/div>\n\t\t\t\t\t<\/div>\n\t\t<\/div>\n\t\t\t\t<div class=\"has_eae_slider elementor-column elementor-col-50 elementor-inner-column elementor-element elementor-element-0f3159a\" data-eae-slider=\"95353\" data-id=\"0f3159a\" data-element_type=\"column\" data-e-type=\"column\">\n\t\t\t<div class=\"elementor-widget-wrap elementor-element-populated\">\n\t\t\t\t\t\t<div class=\"elementor-element elementor-element-0c81794 elementor-widget elementor-widget-image\" data-id=\"0c81794\" data-element_type=\"widget\" data-e-type=\"widget\" data-widget_type=\"image.default\">\n\t\t\t\t<div class=\"elementor-widget-container\">\n\t\t\t\t\t\t\t\t\t\t\t\t\t\t\t<img fetchpriority=\"high\" decoding=\"async\" width=\"1024\" height=\"1024\" src=\"https:\/\/lsf-lst.ca\/fr\/wp-content\/uploads\/2021\/08\/1024px-HP_logo_2012.svg-1-1024x1024.png\" class=\"attachment-large size-large wp-image-995\" alt=\"\" srcset=\"https:\/\/lsf-lst.ca\/fr\/wp-content\/uploads\/2021\/08\/1024px-HP_logo_2012.svg-1.png 1024w, https:\/\/lsf-lst.ca\/fr\/wp-content\/uploads\/2021\/08\/1024px-HP_logo_2012.svg-1-300x300.png 300w, https:\/\/lsf-lst.ca\/fr\/wp-content\/uploads\/2021\/08\/1024px-HP_logo_2012.svg-1-150x150.png 150w, https:\/\/lsf-lst.ca\/fr\/wp-content\/uploads\/2021\/08\/1024px-HP_logo_2012.svg-1-768x768.png 768w\" sizes=\"(max-width: 1024px) 100vw, 1024px\" \/>\t\t\t\t\t\t\t\t\t\t\t\t\t\t\t<\/div>\n\t\t\t\t<\/div>\n\t\t\t\t\t<\/div>\n\t\t<\/div>\n\t\t\t\t\t<\/div>\n\t\t<\/section>\n\t\t\t\t\t<\/div>\n\t\t<\/div>\n\t\t\t\t<div class=\"has_eae_slider elementor-column elementor-col-50 elementor-top-column elementor-element elementor-element-6a01808\" data-eae-slider=\"50525\" data-id=\"6a01808\" data-element_type=\"column\" data-e-type=\"column\">\n\t\t\t<div class=\"elementor-widget-wrap elementor-element-populated\">\n\t\t\t\t\t\t<div class=\"elementor-element elementor-element-220c1aa elementor-widget elementor-widget-heading\" data-id=\"220c1aa\" data-element_type=\"widget\" data-e-type=\"widget\" data-widget_type=\"heading.default\">\n\t\t\t\t<div class=\"elementor-widget-container\">\n\t\t\t\t\t<h2 class=\"elementor-heading-title elementor-size-default\">Pour commencer<\/h2>\t\t\t\t<\/div>\n\t\t\t\t<\/div>\n\t\t\t\t<div class=\"elementor-element elementor-element-c957780 elementor-widget elementor-widget-spacer\" data-id=\"c957780\" data-element_type=\"widget\" data-e-type=\"widget\" data-widget_type=\"spacer.default\">\n\t\t\t\t<div class=\"elementor-widget-container\">\n\t\t\t\t\t\t\t<div class=\"elementor-spacer\">\n\t\t\t<div class=\"elementor-spacer-inner\"><\/div>\n\t\t<\/div>\n\t\t\t\t\t\t<\/div>\n\t\t\t\t<\/div>\n\t\t\t\t<div class=\"elementor-element elementor-element-dc7307d elementor-widget elementor-widget-text-editor\" data-id=\"dc7307d\" data-element_type=\"widget\" data-e-type=\"widget\" data-widget_type=\"text-editor.default\">\n\t\t\t\t<div class=\"elementor-widget-container\">\n\t\t\t\t\t\t\t\t\tVous avez 2 options:\t\t\t\t\t\t\t\t<\/div>\n\t\t\t\t<\/div>\n\t\t\t\t<div class=\"elementor-element elementor-element-9a0703e elementor-widget elementor-widget-spacer\" data-id=\"9a0703e\" data-element_type=\"widget\" data-e-type=\"widget\" data-widget_type=\"spacer.default\">\n\t\t\t\t<div class=\"elementor-widget-container\">\n\t\t\t\t\t\t\t<div class=\"elementor-spacer\">\n\t\t\t<div class=\"elementor-spacer-inner\"><\/div>\n\t\t<\/div>\n\t\t\t\t\t\t<\/div>\n\t\t\t\t<\/div>\n\t\t\t\t<div class=\"elementor-element elementor-element-9797bd6 elementor-widget elementor-widget-text-editor\" data-id=\"9797bd6\" data-element_type=\"widget\" data-e-type=\"widget\" data-widget_type=\"text-editor.default\">\n\t\t\t\t<div class=\"elementor-widget-container\">\n\t\t\t\t\t\t\t\t\t<ul><li><a href=\"https:\/\/lsf-lst.ca\/fr\/wp-content\/uploads\/2021\/09\/FR_No_Google_Copy_of_Single_Use_Plastics__A_Million_Bottles_a_Minute_PDF_for_Teachers_1.pdf\"><strong>PDF pour les enseignants avec tous les liens\u00a0n\u00e9cessaires<\/strong><\/a><\/li><li><strong><a href=\"https:\/\/docs.google.com\/presentation\/d\/1U6fk4TNgaZYYnYI2WweVONW6nOLcwQIyHEYY5zUTls4\/edit?usp=sharing\" target=\"_blank\" rel=\"noopener\">Diapositives de l&#8217;atelier et notes d&#8217;allocution<\/a><\/strong><\/li><\/ul>\t\t\t\t\t\t\t\t<\/div>\n\t\t\t\t<\/div>\n\t\t\t\t<div class=\"elementor-element elementor-element-2490ff1 elementor-widget elementor-widget-spacer\" data-id=\"2490ff1\" data-element_type=\"widget\" data-e-type=\"widget\" data-widget_type=\"spacer.default\">\n\t\t\t\t<div class=\"elementor-widget-container\">\n\t\t\t\t\t\t\t<div class=\"elementor-spacer\">\n\t\t\t<div class=\"elementor-spacer-inner\"><\/div>\n\t\t<\/div>\n\t\t\t\t\t\t<\/div>\n\t\t\t\t<\/div>\n\t\t\t\t<div class=\"elementor-element elementor-element-0066095 elementor-widget elementor-widget-heading\" data-id=\"0066095\" data-element_type=\"widget\" data-e-type=\"widget\" data-widget_type=\"heading.default\">\n\t\t\t\t<div class=\"elementor-widget-container\">\n\t\t\t\t\t<h2 class=\"elementor-heading-title elementor-size-default\">Mat\u00e9riel d'Activit\u00e9s<\/h2>\t\t\t\t<\/div>\n\t\t\t\t<\/div>\n\t\t\t\t<div class=\"elementor-element elementor-element-8610acd elementor-widget elementor-widget-spacer\" data-id=\"8610acd\" data-element_type=\"widget\" data-e-type=\"widget\" data-widget_type=\"spacer.default\">\n\t\t\t\t<div class=\"elementor-widget-container\">\n\t\t\t\t\t\t\t<div class=\"elementor-spacer\">\n\t\t\t<div class=\"elementor-spacer-inner\"><\/div>\n\t\t<\/div>\n\t\t\t\t\t\t<\/div>\n\t\t\t\t<\/div>\n\t\t\t\t<div class=\"elementor-element elementor-element-da7aa1d elementor-widget elementor-widget-text-editor\" data-id=\"da7aa1d\" data-element_type=\"widget\" data-e-type=\"widget\" data-widget_type=\"text-editor.default\">\n\t\t\t\t<div class=\"elementor-widget-container\">\n\t\t\t\t\t\t\t\t\tL&#8217;atelier comprend 3 activit\u00e9s pratiques qui n\u00e9cessitent des documents imprim\u00e9s:\n\t\t\t\t\t\t\t\t<\/div>\n\t\t\t\t<\/div>\n\t\t\t\t<div class=\"elementor-element elementor-element-33baa17 elementor-widget elementor-widget-spacer\" data-id=\"33baa17\" data-element_type=\"widget\" data-e-type=\"widget\" data-widget_type=\"spacer.default\">\n\t\t\t\t<div class=\"elementor-widget-container\">\n\t\t\t\t\t\t\t<div class=\"elementor-spacer\">\n\t\t\t<div class=\"elementor-spacer-inner\"><\/div>\n\t\t<\/div>\n\t\t\t\t\t\t<\/div>\n\t\t\t\t<\/div>\n\t\t\t\t<div class=\"elementor-element elementor-element-4fae382 elementor-widget elementor-widget-text-editor\" data-id=\"4fae382\" data-element_type=\"widget\" data-e-type=\"widget\" data-widget_type=\"text-editor.default\">\n\t\t\t\t<div class=\"elementor-widget-container\">\n\t\t\t\t\t\t\t\t\t<ul><li><a href=\"https:\/\/lsf-lst.ca\/fr\/wp-content\/uploads\/2021\/09\/Feuille_Le_plastique_dans_ma_journee.pdf\"><strong>Feuille La plastique dans ma journ\u00e9e<\/strong><\/a><\/li><li><a href=\"https:\/\/lsf-lst.ca\/fr\/wp-content\/uploads\/2021\/09\/Plastique_cache.pdf\"><strong>Feuille Plastique cach\u00e9<\/strong><\/a><\/li><li><a href=\"https:\/\/lsf-lst.ca\/fr\/wp-content\/uploads\/2021\/09\/Sengager_A_agir.pdf\"><strong>Feuille S&#8217;engager \u00e0 agir<\/strong><\/a><\/li><\/ul>\t\t\t\t\t\t\t\t<\/div>\n\t\t\t\t<\/div>\n\t\t\t\t\t<\/div>\n\t\t<\/div>\n\t\t\t\t\t<\/div>\n\t\t<\/section>\n\t\t\t\t<\/div>\n\t\t","protected":false},"excerpt":{"rendered":"<p>Plastique \u00e0 usage unique &#8211; un million de bouteilles chaque minute De nos jours, on retrouve du plastique partout, des voitures aux brosses \u00e0 dents. C\u2019est un mat\u00e9riau \u00e0 la fois tr\u00e8s courant et tr\u00e8s utile. Mais celui-ci a aussi des r\u00e9percussions consid\u00e9rables sur l\u2019environnement. Certaines d\u2019entre elles sont positives : par exemple, les emballages [&hellip;]<\/p>\n","protected":false},"author":1,"featured_media":0,"parent":457,"menu_order":0,"comment_status":"closed","ping_status":"closed","template":"elementor_header_footer","meta":{"site-sidebar-layout":"no-sidebar","site-content-layout":"page-builder","ast-site-content-layout":"default","site-content-style":"default","site-sidebar-style":"default","ast-global-header-display":"","ast-banner-title-visibility":"","ast-main-header-display":"disabled","ast-hfb-above-header-display":"","ast-hfb-below-header-display":"","ast-hfb-mobile-header-display":"disabled","site-post-title":"disabled","ast-breadcrumbs-content":"disabled","ast-featured-img":"disabled","footer-sml-layout":"disabled","ast-disable-related-posts":"","theme-transparent-header-meta":"default","adv-header-id-meta":"","stick-header-meta":"","header-above-stick-meta":"","header-main-stick-meta":"","header-below-stick-meta":"","astra-migrate-meta-layouts":"default","ast-page-background-enabled":"default","ast-page-background-meta":{"desktop":{"background-color":"","background-image":"","background-repeat":"repeat","background-position":"center center","background-size":"auto","background-attachment":"scroll","background-type":"","background-media":"","overlay-type":"","overlay-color":"","overlay-opacity":"","overlay-gradient":""},"tablet":{"background-color":"","background-image":"","background-repeat":"repeat","background-position":"center center","background-size":"auto","background-attachment":"scroll","background-type":"","background-media":"","overlay-type":"","overlay-color":"","overlay-opacity":"","overlay-gradient":""},"mobile":{"background-color":"","background-image":"","background-repeat":"repeat","background-position":"center center","background-size":"auto","background-attachment":"scroll","background-type":"","background-media":"","overlay-type":"","overlay-color":"","overlay-opacity":"","overlay-gradient":""}},"ast-content-background-meta":{"desktop":{"background-color":"var(--ast-global-color-5)","background-image":"","background-repeat":"repeat","background-position":"center center","background-size":"auto","background-attachment":"scroll","background-type":"","background-media":"","overlay-type":"","overlay-color":"","overlay-opacity":"","overlay-gradient":""},"tablet":{"background-color":"var(--ast-global-color-5)","background-image":"","background-repeat":"repeat","background-position":"center center","background-size":"auto","background-attachment":"scroll","background-type":"","background-media":"","overlay-type":"","overlay-color":"","overlay-opacity":"","overlay-gradient":""},"mobile":{"background-color":"var(--ast-global-color-5)","background-image":"","background-repeat":"repeat","background-position":"center center","background-size":"auto","background-attachment":"scroll","background-type":"","background-media":"","overlay-type":"","overlay-color":"","overlay-opacity":"","overlay-gradient":""}},"footnotes":""},"class_list":["post-968","page","type-page","status-publish","hentry"],"_links":{"self":[{"href":"https:\/\/lsf-lst.ca\/fr\/wp-json\/wp\/v2\/pages\/968","targetHints":{"allow":["GET"]}}],"collection":[{"href":"https:\/\/lsf-lst.ca\/fr\/wp-json\/wp\/v2\/pages"}],"about":[{"href":"https:\/\/lsf-lst.ca\/fr\/wp-json\/wp\/v2\/types\/page"}],"author":[{"embeddable":true,"href":"https:\/\/lsf-lst.ca\/fr\/wp-json\/wp\/v2\/users\/1"}],"replies":[{"embeddable":true,"href":"https:\/\/lsf-lst.ca\/fr\/wp-json\/wp\/v2\/comments?post=968"}],"version-history":[{"count":77,"href":"https:\/\/lsf-lst.ca\/fr\/wp-json\/wp\/v2\/pages\/968\/revisions"}],"predecessor-version":[{"id":13695,"href":"https:\/\/lsf-lst.ca\/fr\/wp-json\/wp\/v2\/pages\/968\/revisions\/13695"}],"up":[{"embeddable":true,"href":"https:\/\/lsf-lst.ca\/fr\/wp-json\/wp\/v2\/pages\/457"}],"wp:attachment":[{"href":"https:\/\/lsf-lst.ca\/fr\/wp-json\/wp\/v2\/media?parent=968"}],"curies":[{"name":"wp","href":"https:\/\/api.w.org\/{rel}","templated":true}]}}